{"id":1627,"date":"2020-08-26T09:28:37","date_gmt":"2020-08-26T09:28:37","guid":{"rendered":"http:\/\/wldstainless.com\/?page_id=1627"},"modified":"2020-12-11T05:35:29","modified_gmt":"2020-12-11T05:35:29","slug":"stainless-steel-capillary-tubes","status":"publish","type":"page","link":"https:\/\/wldstainless.com\/de\/products\/stainless-steel-capillary-tubes\/","title":{"rendered":"Kapillarr\u00f6hrchen aus Edelstahl"},"content":{"rendered":"<div class=\"flex_column av_one_fourth  flex_column_div av-zero-column-padding first\" style='border-radius:0px; '><p><div class='avia-builder-widget-area clearfix'><div id=\"nav_menu-7\" class=\"widget clearfix widget_nav_menu\"><h3 class=\"widgettitle\">Produkte<\/h3><div class=\"menu-accessories-container\"><ul id=\"menu-accessories\" class=\"menu\"><li id=\"menu-item-1924\" class=\"menu-item menu-item-type-post_type menu-item-object-page menu-item-1924\"><a href=\"https:\/\/wldstainless.com\/de\/products\/stainless-steel-angle\/\">Edelstahlwinkel<\/a><\/li>\n<li id=\"menu-item-1925\" class=\"menu-item menu-item-type-post_type menu-item-object-page menu-item-1925\"><a href=\"https:\/\/wldstainless.com\/de\/products\/stainless-steel-beam\/\">Edelstahltr\u00e4ger<\/a><\/li>\n<li id=\"menu-item-1926\" class=\"menu-item menu-item-type-post_type menu-item-object-page menu-item-1926\"><a href=\"https:\/\/wldstainless.com\/de\/products\/stainless-steel-capillary-tubes\/\">Kapillarr\u00f6hrchen aus Edelstahl<\/a><\/li>\n<li id=\"menu-item-1927\" class=\"menu-item menu-item-type-post_type menu-item-object-page menu-item-1927\"><a href=\"https:\/\/wldstainless.com\/de\/products\/stainless-steel-channel\/\">Edelstahlkanal<\/a><\/li>\n<li id=\"menu-item-1928\" class=\"menu-item menu-item-type-post_type menu-item-object-page menu-item-1928\"><a href=\"https:\/\/wldstainless.com\/de\/products\/stainless-steel-coiled-tube\/\">Spiralrohr aus Edelstahl<\/a><\/li>\n<li id=\"menu-item-1929\" class=\"menu-item menu-item-type-post_type menu-item-object-page menu-item-1929\"><a href=\"https:\/\/wldstainless.com\/de\/products\/stainless-steel-cold-rolled-plate-sheet-coil\/\">Kaltgewalzte Platte\/Blech\/Spule aus Edelstahl<\/a><\/li>\n<li id=\"menu-item-1930\" class=\"menu-item menu-item-type-post_type menu-item-object-page menu-item-1930\"><a href=\"https:\/\/wldstainless.com\/de\/products\/stainless-steel-flats\/\">Edelstahl-Flachst\u00fccke<\/a><\/li>\n<li id=\"menu-item-1931\" class=\"menu-item menu-item-type-post_type menu-item-object-page menu-item-1931\"><a href=\"https:\/\/wldstainless.com\/de\/products\/stainless-steel-hexagon-bars\/\">Sechskantstangen aus Edelstahl<\/a><\/li>\n<li id=\"menu-item-1932\" class=\"menu-item menu-item-type-post_type menu-item-object-page menu-item-1932\"><a href=\"https:\/\/wldstainless.com\/de\/products\/stainless-steel-hot-rolled-plate-sheet-coil\/\">Warmgewalzte Platte\/Blech\/Spule aus Edelstahl<\/a><\/li>\n<li id=\"menu-item-1933\" class=\"menu-item menu-item-type-post_type menu-item-object-page menu-item-1933\"><a href=\"https:\/\/wldstainless.com\/de\/products\/stainless-steel-large-diameter-pipe\/\">Edelstahlrohr mit gro\u00dfem Durchmesser<\/a><\/li>\n<li id=\"menu-item-1934\" class=\"menu-item menu-item-type-post_type menu-item-object-page menu-item-1934\"><a href=\"https:\/\/wldstainless.com\/de\/products\/stainless-steel-round-bars\/\">Rundst\u00e4be aus Edelstahl<\/a><\/li>\n<li id=\"menu-item-1935\" class=\"menu-item menu-item-type-post_type menu-item-object-page menu-item-1935\"><a href=\"https:\/\/wldstainless.com\/de\/products\/stainless-steel-square-tube\/\">Vierkantrohr aus Edelstahl<\/a><\/li>\n<li id=\"menu-item-1936\" class=\"menu-item menu-item-type-post_type menu-item-object-page menu-item-1936\"><a href=\"https:\/\/wldstainless.com\/de\/products\/stainless-steel-u-bend-tube\/\">U-Bogenrohr aus Edelstahl<\/a><\/li>\n<\/ul><\/div><\/div><\/div><br \/>\n<div  class='hr hr-default'><span class='hr-inner' ><span class='hr-inner-style'><\/span><\/span><\/div><br \/>\n<div class='avia-button-wrap avia-button-left'><a href='http:\/\/wldstainless.com\/contact\/#contact' class='avia-button   avia-icon_select-yes-left-icon avia-color-custom avia-size-large avia-position-left'  target=\"_blank\"  style='background-color:#e82221; border-color:#e82221; color:#ffffff; ' ><span class='avia_button_icon avia_button_icon_left' aria-hidden='true' data-av_icon='\ue84b' data-av_iconfont='entypo-fontello'><\/span><span class='avia_iconbox_title' >Angebot anfordern<\/span><\/a><\/div><\/p><\/div>\n<div class=\"flex_column av_three_fourth  flex_column_div\" style='padding:0px 0px 50px 0px ; border-radius:0px; '><p><div style='padding-bottom:10px;color:#d3311f;' class='av-special-heading av-special-heading-h3 custom-color-heading'><h3 class='av-special-heading-tag'  itemprop=\"headline\"  >Kapillarr\u00f6hrchen aus Edelstahl<\/h3><div class='special-heading-border'><div class='special-heading-inner-border' style='border-color:#d3311f'><\/div><\/div><\/div><br \/>\n<section class=\"av_textblock_section\"  itemscope=\"itemscope\" itemtype=\"https:\/\/schema.org\/CreativeWork\" ><div class='avia_textblock'   itemprop=\"text\" ><p>Edelstahlrohre mit einem Au\u00dfendurchmesser von 0,32 mm bis 8,0 mm werden als Kapillarrohre bezeichnet, deren Wandst\u00e4rke zwischen 0,08 mm und 2,0 mm liegt. Die Kapillarrohre zeichnen sich durch enge Toleranzen aus und die Rohrinnenseite ist frei von \u00d6l, Fett und anderen Partikeln. Bei WLDSTEEL produzieren und fertigen wir Kapillarstahlrohre grunds\u00e4tzlich gem\u00e4\u00df ASTM A\/ASME SA 213\/269\/632\/511. Wir k\u00f6nnen ma\u00dfgeschneiderte Dienstleistungen anbieten, wenn Kunden strengere Anforderungen an die Ma\u00dfgenauigkeit und Oberfl\u00e4chenbeschaffenheit der Kapillare haben, einschlie\u00dflich blankgegl\u00fchter Edelstahlrohre und elektrolytisch polierter Rohre. Dar\u00fcber hinaus bieten wir Abbl\u00e4ttern, Schlie\u00dfen, Stanzen, Schneiden, Biegen und andere Verarbeitungsdienste an.<\/p>\n<\/div><\/section><br \/>\n<div class='avia-gallery  avia-gallery-1 avia_lazyload avia_animate_when_visible'  itemprop=\"ImageObject\" itemscope=\"itemscope\" itemtype=\"https:\/\/schema.org\/ImageObject\" ><div class='avia-gallery-thumb'> <a href='https:\/\/wldstainless.com\/wp-content\/uploads\/2020\/09\/SS-Capillary-Tubes.jpg' data-rel='gallery-1' data-prev-img='https:\/\/wldstainless.com\/wp-content\/uploads\/2020\/09\/SS-Capillary-Tubes.jpg' class='first_thumb lightbox' data-onclick='1' title=''  itemprop=\"thumbnailUrl\" ><img  src='https:\/\/wldstainless.com\/wp-content\/uploads\/2020\/09\/SS-Capillary-Tubes.jpg' width='300' height='300'  title='SS-Kapillarr\u00f6hrchen' alt='' \/><\/a> <a href='https:\/\/wldstainless.com\/wp-content\/uploads\/2020\/09\/Capillary-Tubes-for-medical-1.jpg' data-rel='gallery-1' data-prev-img='https:\/\/wldstainless.com\/wp-content\/uploads\/2020\/09\/Capillary-Tubes-for-medical-1.jpg' class='lightbox' data-onclick='2' title=''  itemprop=\"thumbnailUrl\" ><img  src='https:\/\/wldstainless.com\/wp-content\/uploads\/2020\/09\/Capillary-Tubes-for-medical-1.jpg' width='300' height='300'  title='Kapillarr\u00f6hrchen f\u00fcr die Medizin' alt='' \/><\/a> <a href='https:\/\/wldstainless.com\/wp-content\/uploads\/2020\/09\/Coiled-capillary-tubes.jpg' data-rel='gallery-1' data-prev-img='https:\/\/wldstainless.com\/wp-content\/uploads\/2020\/09\/Coiled-capillary-tubes.jpg' class='lightbox' data-onclick='3' title=''  itemprop=\"thumbnailUrl\" ><img  src='https:\/\/wldstainless.com\/wp-content\/uploads\/2020\/09\/Coiled-capillary-tubes.jpg' width='300' height='300'  title='Gewickelte Kapillarr\u00f6hrchen' alt='' \/><\/a><\/div><\/div><br \/>\n<div  class='hr hr-default'><span class='hr-inner' ><span class='hr-inner-style'><\/span><\/span><\/div><br \/>\n<section class=\"av_textblock_section\"  itemscope=\"itemscope\" itemtype=\"https:\/\/schema.org\/CreativeWork\" ><div class='avia_textblock'   itemprop=\"text\" ><h4><strong>Die Spezifikationen f\u00fcr Edelstahl-Kapillarr\u00f6hrchen<\/strong><\/h4>\n<ul>\n<li>ASTM A\/ASME SA 213 Kapillarr\u00f6hrchen<\/li>\n<li>ASTM A\/ASME SA269 Kapillarr\u00f6hrchen<\/li>\n<li>ASTM A\/ASME SA511 Kapillarr\u00f6hrchen<\/li>\n<li>ASTM A\/ASME SA632 Kapillarr\u00f6hrchen<\/li>\n<li>&#8230;&#8230;<\/li>\n<\/ul>\n<hr \/>\n<h4><strong>Verf\u00fcgbare Qualit\u00e4ten von Edelstahl-Kapillarr\u00f6hrchen<\/strong><\/h4>\n<ul>\n<li><a href=\"https:\/\/wldstainless.com\/materials\/austenitic-stainless-steel\/304-304l-stainless-steel\/\">TP304\/304L<\/a> Kapillarr\u00f6hrchen<\/li>\n<li><a href=\"https:\/\/wldstainless.com\/materials\/austenitic-stainless-steel\/316-316l-stainless-steel\/\">TP316\/316L<\/a> Kapillarr\u00f6hrchen<\/li>\n<li><a href=\"https:\/\/wldstainless.com\/materials\/austenitic-stainless-steel\/321-321h-stainless-steel\/\">TP321<\/a> Kapillarr\u00f6hrchen<\/li>\n<li><a href=\"https:\/\/wldstainless.com\/materials\/austenitic-stainless-steel\/310s-stainless-steel\/\">TP310\/310S<\/a> Kapillarr\u00f6hrchen<\/li>\n<li><a href=\"https:\/\/wldstainless.com\/materials\/duplex-stainless-steel\/alloy-2205-stainless-steel\/\">2205<\/a> Duplex-Kapillarr\u00f6hrchen aus Edelstahl<\/li>\n<li>&#8230;&#8230;<\/li>\n<\/ul>\n<hr \/>\n<h4><strong>Die Eigenschaften von Kapillarr\u00f6hrchen aus Edelstahl<\/strong><\/h4>\n<ul>\n<li>Hohe Ma\u00dfgenauigkeit.<\/li>\n<\/ul>\n<p>Die Au\u00dfendurchmessertoleranz von Edelstahlkapillaren liegt im Allgemeinen innerhalb von \u00b10,10 mm und die Wandst\u00e4rke innerhalb von \u00b110%. Sie kann auch individuell angepasst werden, sodass die Au\u00dfendurchmessertoleranz innerhalb von \u00b10,05 mm und die Wandst\u00e4rke innerhalb von \u00b15% liegt, je nach Kundenwunsch.<\/p>\n<ul>\n<li>Hohe Oberfl\u00e4cheng\u00fcte.<\/li>\n<\/ul>\n<p>Im Allgemeinen kann die Oberfl\u00e4chenrauheit durch Blankgl\u00fchen oder Feinpolieren auf unter 0,2 \u00b5m gesenkt werden.<\/p>\n<ul>\n<li>Die Oberfl\u00e4chenh\u00e4rte des Stahlrohrs kann zwischen 70HRB und 80HRB geregelt werden.<\/li>\n<\/ul>\n<hr \/>\n<h4><strong>Die Anwendungen von Kapillarr\u00f6hrchen aus Edelstahl<\/strong><\/h4>\n<p>Edelstahlkapillaren werden h\u00e4ufig in der Petrochemie, Elektronik, Medizin, Luft- und Raumfahrt, Pharmazie, Lebensmittelindustrie, Stromerzeugung, Halbleiterindustrie, Schmuckindustrie und anderen Bereichen eingesetzt.<\/p>\n<ul>\n<li>Medizinische Ausr\u00fcstung. Injektionsnadelschlauch, Punktionsnadelschlauch, Temperatursensorschlauch, Thermometerschlauch, Temperaturreglerschlauch.<\/li>\n<li>Automatische Instrumente. Signalr\u00f6hre f\u00fcr automatische Instrumente, Schutzr\u00f6hre; Pr\u00e4zisionsschaltkreis f\u00fcr optische Lineale, Industriesensoren, Schutzr\u00f6hre f\u00fcr Schaltkreise elektronischer Ger\u00e4te, alle Arten elektronischer Mikror\u00f6hren, Glasfaserzubeh\u00f6r, optischer Mischer.<\/li>\n<li>Stiftherstellung. Kernrohr, Stiftrohr.<\/li>\n<li>Elektro- und Sportartikel. Alle Arten von Antennenrohren, Autoheckantennen, Handy-Verl\u00e4ngerungsantennen, Laptopantennen und Angelrohren, Angelruten usw.<\/li>\n<\/ul>\n<\/div><\/section><\/p><\/div>","protected":false},"excerpt":{"rendered":"","protected":false},"author":1,"featured_media":0,"parent":346,"menu_order":0,"comment_status":"closed","ping_status":"closed","template":"","meta":{"footnotes":""},"class_list":["post-1627","page","type-page","status-publish","hentry"],"aioseo_notices":[],"_links":{"self":[{"href":"https:\/\/wldstainless.com\/de\/wp-json\/wp\/v2\/pages\/1627","targetHints":{"allow":["GET"]}}],"collection":[{"href":"https:\/\/wldstainless.com\/de\/wp-json\/wp\/v2\/pages"}],"about":[{"href":"https:\/\/wldstainless.com\/de\/wp-json\/wp\/v2\/types\/page"}],"author":[{"embeddable":true,"href":"https:\/\/wldstainless.com\/de\/wp-json\/wp\/v2\/users\/1"}],"replies":[{"embeddable":true,"href":"https:\/\/wldstainless.com\/de\/wp-json\/wp\/v2\/comments?post=1627"}],"version-history":[{"count":12,"href":"https:\/\/wldstainless.com\/de\/wp-json\/wp\/v2\/pages\/1627\/revisions"}],"predecessor-version":[{"id":2051,"href":"https:\/\/wldstainless.com\/de\/wp-json\/wp\/v2\/pages\/1627\/revisions\/2051"}],"up":[{"embeddable":true,"href":"https:\/\/wldstainless.com\/de\/wp-json\/wp\/v2\/pages\/346"}],"wp:attachment":[{"href":"https:\/\/wldstainless.com\/de\/wp-json\/wp\/v2\/media?parent=1627"}],"curies":[{"name":"wp","href":"https:\/\/api.w.org\/{rel}","templated":true}]}}