{"id":1615,"date":"2020-08-26T09:23:23","date_gmt":"2020-08-26T09:23:23","guid":{"rendered":"http:\/\/wldstainless.com\/?page_id=1615"},"modified":"2020-12-11T05:39:15","modified_gmt":"2020-12-11T05:39:15","slug":"stainless-steel-channel","status":"publish","type":"page","link":"https:\/\/wldstainless.com\/de\/products\/stainless-steel-channel\/","title":{"rendered":"Edelstahlkanal"},"content":{"rendered":"<div class=\"flex_column av_one_fourth  flex_column_div av-zero-column-padding first\" style='border-radius:0px; '><p><div class='avia-builder-widget-area clearfix'><div id=\"nav_menu-7\" class=\"widget clearfix widget_nav_menu\"><h3 class=\"widgettitle\">Produkte<\/h3><div class=\"menu-accessories-container\"><ul id=\"menu-accessories\" class=\"menu\"><li id=\"menu-item-1924\" class=\"menu-item menu-item-type-post_type menu-item-object-page menu-item-1924\"><a href=\"https:\/\/wldstainless.com\/de\/products\/stainless-steel-angle\/\">Edelstahlwinkel<\/a><\/li>\n<li id=\"menu-item-1925\" class=\"menu-item menu-item-type-post_type menu-item-object-page menu-item-1925\"><a href=\"https:\/\/wldstainless.com\/de\/products\/stainless-steel-beam\/\">Edelstahltr\u00e4ger<\/a><\/li>\n<li id=\"menu-item-1926\" class=\"menu-item menu-item-type-post_type menu-item-object-page menu-item-1926\"><a href=\"https:\/\/wldstainless.com\/de\/products\/stainless-steel-capillary-tubes\/\">Kapillarr\u00f6hrchen aus Edelstahl<\/a><\/li>\n<li id=\"menu-item-1927\" class=\"menu-item menu-item-type-post_type menu-item-object-page menu-item-1927\"><a href=\"https:\/\/wldstainless.com\/de\/products\/stainless-steel-channel\/\">Edelstahlkanal<\/a><\/li>\n<li id=\"menu-item-1928\" class=\"menu-item menu-item-type-post_type menu-item-object-page menu-item-1928\"><a href=\"https:\/\/wldstainless.com\/de\/products\/stainless-steel-coiled-tube\/\">Spiralrohr aus Edelstahl<\/a><\/li>\n<li id=\"menu-item-1929\" class=\"menu-item menu-item-type-post_type menu-item-object-page menu-item-1929\"><a href=\"https:\/\/wldstainless.com\/de\/products\/stainless-steel-cold-rolled-plate-sheet-coil\/\">Kaltgewalzte Platte\/Blech\/Spule aus Edelstahl<\/a><\/li>\n<li id=\"menu-item-1930\" class=\"menu-item menu-item-type-post_type menu-item-object-page menu-item-1930\"><a href=\"https:\/\/wldstainless.com\/de\/products\/stainless-steel-flats\/\">Edelstahl-Flachst\u00fccke<\/a><\/li>\n<li id=\"menu-item-1931\" class=\"menu-item menu-item-type-post_type menu-item-object-page menu-item-1931\"><a href=\"https:\/\/wldstainless.com\/de\/products\/stainless-steel-hexagon-bars\/\">Sechskantstangen aus Edelstahl<\/a><\/li>\n<li id=\"menu-item-1932\" class=\"menu-item menu-item-type-post_type menu-item-object-page menu-item-1932\"><a href=\"https:\/\/wldstainless.com\/de\/products\/stainless-steel-hot-rolled-plate-sheet-coil\/\">Warmgewalzte Platte\/Blech\/Spule aus Edelstahl<\/a><\/li>\n<li id=\"menu-item-1933\" class=\"menu-item menu-item-type-post_type menu-item-object-page menu-item-1933\"><a href=\"https:\/\/wldstainless.com\/de\/products\/stainless-steel-large-diameter-pipe\/\">Edelstahlrohr mit gro\u00dfem Durchmesser<\/a><\/li>\n<li id=\"menu-item-1934\" class=\"menu-item menu-item-type-post_type menu-item-object-page menu-item-1934\"><a href=\"https:\/\/wldstainless.com\/de\/products\/stainless-steel-round-bars\/\">Rundst\u00e4be aus Edelstahl<\/a><\/li>\n<li id=\"menu-item-1935\" class=\"menu-item menu-item-type-post_type menu-item-object-page menu-item-1935\"><a href=\"https:\/\/wldstainless.com\/de\/products\/stainless-steel-square-tube\/\">Vierkantrohr aus Edelstahl<\/a><\/li>\n<li id=\"menu-item-1936\" class=\"menu-item menu-item-type-post_type menu-item-object-page menu-item-1936\"><a href=\"https:\/\/wldstainless.com\/de\/products\/stainless-steel-u-bend-tube\/\">U-Bogenrohr aus Edelstahl<\/a><\/li>\n<\/ul><\/div><\/div><\/div><br \/>\n<div  class='hr hr-default'><span class='hr-inner' ><span class='hr-inner-style'><\/span><\/span><\/div><br \/>\n<div class='avia-button-wrap avia-button-left'><a href='http:\/\/wldstainless.com\/contact\/#contact' class='avia-button   avia-icon_select-yes-left-icon avia-color-custom avia-size-large avia-position-left'  target=\"_blank\"  style='background-color:#e82221; border-color:#e82221; color:#ffffff; ' ><span class='avia_button_icon avia_button_icon_left' aria-hidden='true' data-av_icon='\ue84b' data-av_iconfont='entypo-fontello'><\/span><span class='avia_iconbox_title' >Angebot anfordern<\/span><\/a><\/div><\/p><\/div>\n<div class=\"flex_column av_three_fourth  flex_column_div\" style='padding:0px 0px 50px 0px ; border-radius:0px; '><p><div style='padding-bottom:10px;color:#d3311f;' class='av-special-heading av-special-heading-h3 custom-color-heading'><h3 class='av-special-heading-tag'  itemprop=\"headline\"  >Edelstahlkanal<\/h3><div class='special-heading-border'><div class='special-heading-inner-border' style='border-color:#d3311f'><\/div><\/div><\/div><br \/>\n<div  class='hr hr-default'><span class='hr-inner' ><span class='hr-inner-style'><\/span><\/span><\/div><br \/>\n<section class=\"av_textblock_section\"  itemscope=\"itemscope\" itemtype=\"https:\/\/schema.org\/CreativeWork\" ><div class='avia_textblock'   itemprop=\"text\" ><p>Edelstahlprofile sind geformte Stahlprofile mit einem Querschnitt, der durch Hei\u00dfschmelzen, Formen, Laserschmelzen, Kaltwalzen, Extrusion oder andere Verfahren an Edelstahlstangen oder -streifen erhalten wird. Die g\u00e4ngigen Typen umfassen Winkel-Edelstahl, Flachstahl, Kanal-Edelstahl (C-Kanal, U-Kanal), Balken (H-Tr\u00e4ger, I-Tr\u00e4ger) und vollst\u00e4ndig kundenspezifische nahezu fertige Formen in unseren Legierungen. Bei WLD Steel liefern und fertigen wir haupts\u00e4chlich C- und U-Kan\u00e4le aus Edelstahl gem\u00e4\u00df ASTM A276.<\/p>\n<p><img decoding=\"async\" class=\"size-full wp-image-1657 aligncenter\" src=\"http:\/\/wldstainless.com\/wp-content\/uploads\/2020\/09\/SS-channels.jpg\" alt=\"\" width=\"127\" height=\"120\" \/><\/p>\n<p>Edelstahl-Kanalstahl ist ein langer Stahl mit einem rillenf\u00f6rmigen Querschnitt, der im Allgemeinen die Ma\u00dfe H\u00f6he (A) x Breite (B) x Dicke (C) hat. Die \u00fcblichen Materialien sind 201, 202, 301, 304, 321, 316, 316L usw. Warmgewalzter Edelstahl-Kanalstahl wird haupts\u00e4chlich in Geb\u00e4udestrukturen, Br\u00fccken, Fahrzeugen und anderen Industriestrukturen verwendet und wird h\u00e4ufig mit I-Tr\u00e4gern verwendet. Warmgewalzter leichter Edelstahl-Kanalstahl ist eine Stahlsorte mit breitem Profil und d\u00fcnner Wand, die wirtschaftlicher ist als gew\u00f6hnlicher warmgewalzter Kanalstahl. Wir bieten praktisch jede Art von kundenspezifischen Edelstahlkan\u00e4len f\u00fcr Br\u00fccken, Geb\u00e4ude, Automobile, Textilien, Chemie, Maschinenbau und andere Bereiche.<\/p>\n<p><strong>Spezifikationen f\u00fcr Industriekan\u00e4le:<\/strong><\/p>\n<table>\n<tbody>\n<tr>\n<td width=\"426\">Formen:<\/td>\n<td width=\"426\">C-f\u00f6rmiger Kanal<\/p>\n<p>U-Kanal<\/td>\n<\/tr>\n<tr>\n<td width=\"426\">Material<\/td>\n<td width=\"426\">Edelstahl<\/p>\n<p>Duplex-Edelstahl<\/td>\n<\/tr>\n<tr>\n<td width=\"426\">Spezifikation<\/td>\n<td width=\"426\">ASTM A 276\/A 276M<\/p>\n<p>ASTM A 484\/A 484M<\/p>\n<p>ASTM A 564\/A 564M<\/p>\n<p>ASTM A 582\/A 582M<\/p>\n<p>ASTM A 638 \/A 638M<\/p>\n<p>ASTM A 705\/A 705M<\/td>\n<\/tr>\n<tr>\n<td width=\"426\">Gr\u00f6\u00dfe<\/td>\n<td width=\"426\">Kanal: 40 mm x 20 mm ~ 300 mm x 300 mm<\/p>\n<p>L\u00e4nge: 3\u00a0m, 4\u00a0m, 5\u00a0m, 6\u00a0m oder benutzerdefinierte Schnittgr\u00f6\u00dfen<\/td>\n<\/tr>\n<\/tbody>\n<\/table>\n<\/div><\/section><br \/>\n<div  class='hr hr-default'><span class='hr-inner' ><span class='hr-inner-style'><\/span><\/span><\/div><br \/>\n<section class=\"av_textblock_section\"  itemscope=\"itemscope\" itemtype=\"https:\/\/schema.org\/CreativeWork\" ><div class='avia_textblock'   itemprop=\"text\" ><h4>Verf\u00fcgbare SS Channel-Qualit\u00e4ten bei WID Steel<\/h4>\n<ul>\n<li>Edelstahl <a href=\"https:\/\/wldstainless.com\/materials\/austenitic-stainless-steel\/304-304l-stainless-steel\/\">304\/304L\/304H<\/a> Kanal<\/li>\n<li>Edelstahl <a href=\"https:\/\/wldstainless.com\/materials\/austenitic-stainless-steel\/316-316l-stainless-steel\/\">316\/316L\/316Ti<\/a> Kanal<\/li>\n<li>Edelstahl <a href=\"https:\/\/wldstainless.com\/materials\/austenitic-stainless-steel\/309s-stainless-steel\/\">309\/ 309S<\/a> Kanal<\/li>\n<li>Edelstahl <a href=\"https:\/\/wldstainless.com\/materials\/austenitic-stainless-steel\/310s-stainless-steel\/\">310\/310S<\/a> Kanal<\/li>\n<li>Kanal aus Edelstahl 317\/317L<\/li>\n<li>Edelstahl <a href=\"https:\/\/wldstainless.com\/materials\/austenitic-stainless-steel\/321-321h-stainless-steel\/\">321\/321H<\/a> Kanal<\/li>\n<li>Edelstahl <a href=\"https:\/\/wldstainless.com\/materials\/austenitic-stainless-steel\/347-347h-stainless-steel\/\">347\/347H<\/a> Kanal<\/li>\n<li>Edelstahl <a href=\"https:\/\/wldstainless.com\/materials\/austenitic-stainless-steel\/904l-stainless-steel\/\">904L<\/a> Kanal<\/li>\n<li>Duplex-Stahl <a href=\"https:\/\/wldstainless.com\/materials\/duplex-stainless-steel\/alloy-2304-stainless-steel\/\">31803<\/a> Kanal<\/li>\n<li>Duplex-Stahl <a href=\"https:\/\/wldstainless.com\/materials\/duplex-stainless-steel\/alloy-2205-stainless-steel\/\">32550<\/a> Kanal<\/li>\n<\/ul>\n<\/div><\/section><\/p><\/div>","protected":false},"excerpt":{"rendered":"","protected":false},"author":1,"featured_media":0,"parent":346,"menu_order":0,"comment_status":"closed","ping_status":"closed","template":"","meta":{"footnotes":""},"class_list":["post-1615","page","type-page","status-publish","hentry"],"aioseo_notices":[],"_links":{"self":[{"href":"https:\/\/wldstainless.com\/de\/wp-json\/wp\/v2\/pages\/1615","targetHints":{"allow":["GET"]}}],"collection":[{"href":"https:\/\/wldstainless.com\/de\/wp-json\/wp\/v2\/pages"}],"about":[{"href":"https:\/\/wldstainless.com\/de\/wp-json\/wp\/v2\/types\/page"}],"author":[{"embeddable":true,"href":"https:\/\/wldstainless.com\/de\/wp-json\/wp\/v2\/users\/1"}],"replies":[{"embeddable":true,"href":"https:\/\/wldstainless.com\/de\/wp-json\/wp\/v2\/comments?post=1615"}],"version-history":[{"count":6,"href":"https:\/\/wldstainless.com\/de\/wp-json\/wp\/v2\/pages\/1615\/revisions"}],"predecessor-version":[{"id":2052,"href":"https:\/\/wldstainless.com\/de\/wp-json\/wp\/v2\/pages\/1615\/revisions\/2052"}],"up":[{"embeddable":true,"href":"https:\/\/wldstainless.com\/de\/wp-json\/wp\/v2\/pages\/346"}],"wp:attachment":[{"href":"https:\/\/wldstainless.com\/de\/wp-json\/wp\/v2\/media?parent=1615"}],"curies":[{"name":"wp","href":"https:\/\/api.w.org\/{rel}","templated":true}]}}