{"id":1613,"date":"2020-08-26T09:22:28","date_gmt":"2020-08-26T09:22:28","guid":{"rendered":"http:\/\/wldstainless.com\/?page_id=1613"},"modified":"2020-12-11T05:16:12","modified_gmt":"2020-12-11T05:16:12","slug":"stainless-steel-angle","status":"publish","type":"page","link":"https:\/\/wldstainless.com\/de\/products\/stainless-steel-angle\/","title":{"rendered":"Edelstahlwinkel"},"content":{"rendered":"<div class=\"flex_column av_one_fourth  flex_column_div av-zero-column-padding first\" style='border-radius:0px; '><p><div class='avia-builder-widget-area clearfix'><div id=\"nav_menu-7\" class=\"widget clearfix widget_nav_menu\"><h3 class=\"widgettitle\">Produkte<\/h3><div class=\"menu-accessories-container\"><ul id=\"menu-accessories\" class=\"menu\"><li id=\"menu-item-1924\" class=\"menu-item menu-item-type-post_type menu-item-object-page menu-item-1924\"><a href=\"https:\/\/wldstainless.com\/de\/products\/stainless-steel-angle\/\">Edelstahlwinkel<\/a><\/li>\n<li id=\"menu-item-1925\" class=\"menu-item menu-item-type-post_type menu-item-object-page menu-item-1925\"><a href=\"https:\/\/wldstainless.com\/de\/products\/stainless-steel-beam\/\">Edelstahltr\u00e4ger<\/a><\/li>\n<li id=\"menu-item-1926\" class=\"menu-item menu-item-type-post_type menu-item-object-page menu-item-1926\"><a href=\"https:\/\/wldstainless.com\/de\/products\/stainless-steel-capillary-tubes\/\">Kapillarr\u00f6hrchen aus Edelstahl<\/a><\/li>\n<li id=\"menu-item-1927\" class=\"menu-item menu-item-type-post_type menu-item-object-page menu-item-1927\"><a href=\"https:\/\/wldstainless.com\/de\/products\/stainless-steel-channel\/\">Edelstahlkanal<\/a><\/li>\n<li id=\"menu-item-1928\" class=\"menu-item menu-item-type-post_type menu-item-object-page menu-item-1928\"><a href=\"https:\/\/wldstainless.com\/de\/products\/stainless-steel-coiled-tube\/\">Spiralrohr aus Edelstahl<\/a><\/li>\n<li id=\"menu-item-1929\" class=\"menu-item menu-item-type-post_type menu-item-object-page menu-item-1929\"><a href=\"https:\/\/wldstainless.com\/de\/products\/stainless-steel-cold-rolled-plate-sheet-coil\/\">Kaltgewalzte Platte\/Blech\/Spule aus Edelstahl<\/a><\/li>\n<li id=\"menu-item-1930\" class=\"menu-item menu-item-type-post_type menu-item-object-page menu-item-1930\"><a href=\"https:\/\/wldstainless.com\/de\/products\/stainless-steel-flats\/\">Edelstahl-Flachst\u00fccke<\/a><\/li>\n<li id=\"menu-item-1931\" class=\"menu-item menu-item-type-post_type menu-item-object-page menu-item-1931\"><a href=\"https:\/\/wldstainless.com\/de\/products\/stainless-steel-hexagon-bars\/\">Sechskantstangen aus Edelstahl<\/a><\/li>\n<li id=\"menu-item-1932\" class=\"menu-item menu-item-type-post_type menu-item-object-page menu-item-1932\"><a href=\"https:\/\/wldstainless.com\/de\/products\/stainless-steel-hot-rolled-plate-sheet-coil\/\">Warmgewalzte Platte\/Blech\/Spule aus Edelstahl<\/a><\/li>\n<li id=\"menu-item-1933\" class=\"menu-item menu-item-type-post_type menu-item-object-page menu-item-1933\"><a href=\"https:\/\/wldstainless.com\/de\/products\/stainless-steel-large-diameter-pipe\/\">Edelstahlrohr mit gro\u00dfem Durchmesser<\/a><\/li>\n<li id=\"menu-item-1934\" class=\"menu-item menu-item-type-post_type menu-item-object-page menu-item-1934\"><a href=\"https:\/\/wldstainless.com\/de\/products\/stainless-steel-round-bars\/\">Rundst\u00e4be aus Edelstahl<\/a><\/li>\n<li id=\"menu-item-1935\" class=\"menu-item menu-item-type-post_type menu-item-object-page menu-item-1935\"><a href=\"https:\/\/wldstainless.com\/de\/products\/stainless-steel-square-tube\/\">Vierkantrohr aus Edelstahl<\/a><\/li>\n<li id=\"menu-item-1936\" class=\"menu-item menu-item-type-post_type menu-item-object-page menu-item-1936\"><a href=\"https:\/\/wldstainless.com\/de\/products\/stainless-steel-u-bend-tube\/\">U-Bogenrohr aus Edelstahl<\/a><\/li>\n<\/ul><\/div><\/div><\/div><br \/>\n<div  class='hr hr-default'><span class='hr-inner' ><span class='hr-inner-style'><\/span><\/span><\/div><br \/>\n<div class='avia-button-wrap avia-button-left'><a href='http:\/\/wldstainless.com\/contact\/#contact' class='avia-button   avia-icon_select-yes-left-icon avia-color-custom avia-size-large avia-position-left'  target=\"_blank\"  style='background-color:#e82221; border-color:#e82221; color:#ffffff; ' ><span class='avia_button_icon avia_button_icon_left' aria-hidden='true' data-av_icon='\ue84b' data-av_iconfont='entypo-fontello'><\/span><span class='avia_iconbox_title' >Angebot anfordern<\/span><\/a><\/div><\/p><\/div>\n<div class=\"flex_column av_three_fourth  flex_column_div\" style='padding:0px 0px 50px 0px ; border-radius:0px; '><section class=\"av_textblock_section\"  itemscope=\"itemscope\" itemtype=\"https:\/\/schema.org\/CreativeWork\" ><div class='avia_textblock'   itemprop=\"text\" ><h3>Edelstahlwinkel<\/h3>\n<\/div><\/section><br \/>\n<div class='avia-gallery  avia-gallery-1 avia_lazyload avia_animate_when_visible'  itemprop=\"ImageObject\" itemscope=\"itemscope\" itemtype=\"https:\/\/schema.org\/ImageObject\" ><div class='avia-gallery-thumb'> <a href='https:\/\/wldstainless.com\/wp-content\/uploads\/2020\/09\/316-angle.jpg' data-rel='gallery-1' data-prev-img='https:\/\/wldstainless.com\/wp-content\/uploads\/2020\/09\/316-angle.jpg' class='first_thumb lightbox' data-onclick='1' title='Winkel aus Edelstahl 316'  itemprop=\"thumbnailUrl\" ><img data-avia-tooltip='316 Stainless Steel Angle' src='https:\/\/wldstainless.com\/wp-content\/uploads\/2020\/09\/316-angle.jpg' width='300' height='300'  title='316 Winkel' alt='' \/><\/a> <a href='https:\/\/wldstainless.com\/wp-content\/uploads\/2020\/09\/304-angle.jpg' data-rel='gallery-1' data-prev-img='https:\/\/wldstainless.com\/wp-content\/uploads\/2020\/09\/304-angle.jpg' class='lightbox' data-onclick='2' title='304 Winkel'  itemprop=\"thumbnailUrl\" ><img data-avia-tooltip='304 Angle' src='https:\/\/wldstainless.com\/wp-content\/uploads\/2020\/09\/304-angle.jpg' width='300' height='300'  title='304 Winkel' alt='' \/><\/a> <a href='https:\/\/wldstainless.com\/wp-content\/uploads\/2020\/09\/347-angle.jpg' data-rel='gallery-1' data-prev-img='https:\/\/wldstainless.com\/wp-content\/uploads\/2020\/09\/347-angle.jpg' class='lightbox' data-onclick='3' title='347 Winkel'  itemprop=\"thumbnailUrl\" ><img data-avia-tooltip='347 Angle' src='https:\/\/wldstainless.com\/wp-content\/uploads\/2020\/09\/347-angle.jpg' width='300' height='300'  title='347 Winkel' alt='' \/><\/a><\/div><\/div><br \/>\n<div  class='hr hr-default'><span class='hr-inner' ><span class='hr-inner-style'><\/span><\/span><\/div><br \/>\n<section class=\"av_textblock_section\"  itemscope=\"itemscope\" itemtype=\"https:\/\/schema.org\/CreativeWork\" ><div class='avia_textblock'   itemprop=\"text\" ><p>Edelstahlprofile sind geformte Stahlprofile mit einem Querschnitt, der durch Hei\u00dfschmelzen, Formen, Laserschmelzen, Kaltwalzen, Extrusion oder andere Verfahren an Edelstahlstangen oder -streifen erhalten wird. Die g\u00e4ngigen Typen umfassen Edelstahl-R-Winkel, flachen Edelstahl, Edelstahl-Kanal (C-Kanal, U-Kanal), Balken (H-Tr\u00e4ger, I-Tr\u00e4ger) und vollst\u00e4ndig kundenspezifische nahezu fertige Formen in unseren Legierungen. WLD Steel ist ein f\u00fchrender Hersteller, Lieferant und Exporteur von Edelstahlwinkeln in verschiedenen Gr\u00f6\u00dfen und Spezifikationen.<\/p>\n<p><img decoding=\"async\" class=\"aligncenter size-full wp-image-1663\" src=\"http:\/\/wldstainless.com\/wp-content\/uploads\/2020\/09\/SS-angles.jpg\" alt=\"\" width=\"127\" height=\"120\" \/><\/p>\n<p>Der Edelstahlwinkel ist auf beiden Seiten senkrecht zu einem bestimmten Winkel aus geformtem Stahl. Er weist eine ausgezeichnete Festigkeit, Korrosionsbest\u00e4ndigkeit und Schwei\u00dfbarkeit auf, angegeben als Breite mal Breite mal Kantendicke (mm). Beispielsweise stellt ein 25\u00d725\u00d73-Zoll-Winkel einen gleichseitigen Edelstahlwinkel mit einer Seitenbreite von 25 mm und einer Seitendicke von 3 mm dar. Er wird haupts\u00e4chlich in gleichseitige und ungleichseitige Edelstahlwinkel unterteilt und kann als Verbindung zwischen unterschiedlich beanspruchten Teilen und Komponenten verwendet werden. Er wird h\u00e4ufig in allen Arten von Baustrukturen und technischen Strukturen verwendet, wie z. B. Balken, Br\u00fccken, \u00dcbertragungst\u00fcrmen, Hebe- und Transportmaschinen, Schiffen, Industrie\u00f6fen, Reaktionst\u00fcrmen, Containergestellen und Lagerregalen.<\/p>\n<h4><strong>Spezifikationen f\u00fcr Industriewinkel<\/strong><\/h4>\n<table>\n<tbody>\n<tr>\n<td width=\"426\">Formen:<\/td>\n<td width=\"426\">\n<ul>\n<li>Gleichschenkliger Winkel<\/li>\n<li>Ungleichschenklige Winkel<\/li>\n<li>L-Strukturwinkel<\/li>\n<li>C-Strukturwinkel<\/li>\n<\/ul>\n<\/td>\n<\/tr>\n<tr>\n<td width=\"426\">Material<\/td>\n<td width=\"426\">Edelstahl<\/p>\n<p>Duplex-Edelstahl<\/td>\n<\/tr>\n<tr>\n<td width=\"426\">Spezifikation<\/td>\n<td width=\"426\">\n<ul>\n<li>ASTM A 276\/A 276M<\/li>\n<li>ASTM A 484\/A 484M<\/li>\n<li>ASTM A 564\/A 564M<\/li>\n<li>ASTM A 582\/A 582M<\/li>\n<li>ASTM A 638 \/A 638M<\/li>\n<li>ASTM A 705\/A 705M<\/li>\n<\/ul>\n<\/td>\n<\/tr>\n<tr>\n<td width=\"426\">Gr\u00f6\u00dfe<\/td>\n<td width=\"426\">Winkel: 3\u20139 m, 4\u201312 m, 4\u201319 m, 6\u201319 m oder kundenspezifische Zuschnittgr\u00f6\u00dfen<\/td>\n<\/tr>\n<\/tbody>\n<\/table>\n<\/div><\/section><br \/>\n<div  class='hr hr-default'><span class='hr-inner' ><span class='hr-inner-style'><\/span><\/span><\/div><br \/>\n<section class=\"av_textblock_section\"  itemscope=\"itemscope\" itemtype=\"https:\/\/schema.org\/CreativeWork\" ><div class='avia_textblock'   itemprop=\"text\" ><h4>Verf\u00fcgbare Winkelqualit\u00e4ten bei WID Steel<\/h4>\n<ul>\n<li>Edelstahl <a href=\"https:\/\/wldstainless.com\/materials\/austenitic-stainless-steel\/201-stainless-steel\/\">201<\/a> Winkel<\/li>\n<li>Edelstahl <a href=\"https:\/\/wldstainless.com\/materials\/austenitic-stainless-steel\/304-304l-stainless-steel\/\">304\/304L<\/a> Winkel<\/li>\n<li>Edelstahl <a href=\"https:\/\/wldstainless.com\/materials\/austenitic-stainless-steel\/310s-stainless-steel\/\">310\/310S<\/a> Winkel<\/li>\n<li>Edelstahl <a href=\"https:\/\/wldstainless.com\/materials\/austenitic-stainless-steel\/316-316l-stainless-steel\/\">316\/316L<\/a> Winkel<\/li>\n<li>Edelstahl <a href=\"https:\/\/wldstainless.com\/materials\/austenitic-stainless-steel\/321-321h-stainless-steel\/\">321<\/a> Winkel<\/li>\n<li>Edelstahl <a href=\"https:\/\/wldstainless.com\/materials\/austenitic-stainless-steel\/347-347h-stainless-steel\/\">347H<\/a> Winkel<\/li>\n<li>Edelstahl <a href=\"https:\/\/wldstainless.com\/materials\/austenitic-stainless-steel\/904l-stainless-steel\/\">904L<\/a> Strahl<\/li>\n<li>Edelstahl <a href=\"https:\/\/wldstainless.com\/materials\/ferritic-stainless-steel\/409-409l-stainless-steel\/\">409\/409L<\/a> Winkel<\/li>\n<li>Edelstahl <a href=\"https:\/\/wldstainless.com\/materials\/ferritic-stainless-steel\/410-410s-stainless-steel\/\">410\/410S<\/a> Winkel<\/li>\n<li>Edelstahl <a href=\"https:\/\/wldstainless.com\/materials\/martensitic-stainless-steel\/420-stainless-steel\/\">420<\/a> Winkel<\/li>\n<li>Duplex-Edelstahl <a href=\"https:\/\/wldstainless.com\/materials\/duplex-stainless-steel\/alloy-2205-stainless-steel\/\">2205<\/a> Winkel<\/li>\n<\/ul>\n<\/div><\/section><\/p><\/div>","protected":false},"excerpt":{"rendered":"","protected":false},"author":1,"featured_media":0,"parent":346,"menu_order":0,"comment_status":"closed","ping_status":"closed","template":"","meta":{"footnotes":""},"class_list":["post-1613","page","type-page","status-publish","hentry"],"aioseo_notices":[],"_links":{"self":[{"href":"https:\/\/wldstainless.com\/de\/wp-json\/wp\/v2\/pages\/1613","targetHints":{"allow":["GET"]}}],"collection":[{"href":"https:\/\/wldstainless.com\/de\/wp-json\/wp\/v2\/pages"}],"about":[{"href":"https:\/\/wldstainless.com\/de\/wp-json\/wp\/v2\/types\/page"}],"author":[{"embeddable":true,"href":"https:\/\/wldstainless.com\/de\/wp-json\/wp\/v2\/users\/1"}],"replies":[{"embeddable":true,"href":"https:\/\/wldstainless.com\/de\/wp-json\/wp\/v2\/comments?post=1613"}],"version-history":[{"count":11,"href":"https:\/\/wldstainless.com\/de\/wp-json\/wp\/v2\/pages\/1613\/revisions"}],"predecessor-version":[{"id":2049,"href":"https:\/\/wldstainless.com\/de\/wp-json\/wp\/v2\/pages\/1613\/revisions\/2049"}],"up":[{"embeddable":true,"href":"https:\/\/wldstainless.com\/de\/wp-json\/wp\/v2\/pages\/346"}],"wp:attachment":[{"href":"https:\/\/wldstainless.com\/de\/wp-json\/wp\/v2\/media?parent=1613"}],"curies":[{"name":"wp","href":"https:\/\/api.w.org\/{rel}","templated":true}]}}