{"id":1581,"date":"2020-08-25T06:23:16","date_gmt":"2020-08-25T06:23:16","guid":{"rendered":"http:\/\/wldstainless.com\/?page_id=1581"},"modified":"2020-09-18T09:34:41","modified_gmt":"2020-09-18T09:34:41","slug":"430-430f-stainless-steel","status":"publish","type":"page","link":"https:\/\/wldstainless.com\/de\/materials\/ferritic-stainless-steel\/430-430f-stainless-steel\/","title":{"rendered":"430\/430F Edelstahl"},"content":{"rendered":"<div class='flex_column_table av-equal-height-column-flextable -flextable' ><div class=\"flex_column av_one_fourth  flex_column_table_cell av-equal-height-column av-align-top av-zero-column-padding first\" style='border-radius:0px; '><p><div class='avia-builder-widget-area clearfix'><div id=\"nav_menu-5\" class=\"widget clearfix widget_nav_menu\"><h3 class=\"widgettitle\">Material<\/h3><div class=\"menu-products-sidebar-menu-container\"><ul id=\"menu-products-sidebar-menu\" class=\"menu\"><li id=\"menu-item-1329\" class=\"menu-item menu-item-type-post_type menu-item-object-page menu-item-1329\"><a href=\"https:\/\/wldstainless.com\/de\/materials\/ferritic-stainless-steel\/\">Ferritischer Edelstahl<\/a><\/li>\n<li id=\"menu-item-1328\" class=\"menu-item menu-item-type-post_type menu-item-object-page menu-item-1328\"><a href=\"https:\/\/wldstainless.com\/de\/materials\/martensitic-stainless-steel\/\">Martensitischer Edelstahl<\/a><\/li>\n<li id=\"menu-item-1327\" class=\"menu-item menu-item-type-post_type menu-item-object-page menu-item-1327\"><a href=\"https:\/\/wldstainless.com\/de\/materials\/austenitic-stainless-steel\/\">Austenitischem Edelstahl<\/a><\/li>\n<li id=\"menu-item-1889\" class=\"menu-item menu-item-type-post_type menu-item-object-page menu-item-1889\"><a href=\"https:\/\/wldstainless.com\/de\/materials\/duplex-stainless-steel\/\">Duplex-Edelstahl<\/a><\/li>\n<\/ul><\/div><\/div><\/div><br \/>\n<div  class='hr hr-default'><span class='hr-inner' ><span class='hr-inner-style'><\/span><\/span><\/div><br \/>\n<div class='avia-button-wrap avia-button-left'><a href='http:\/\/wldstainless.com\/contact\/#contact' class='avia-button   avia-icon_select-yes-left-icon avia-color-custom avia-size-large avia-position-left'  target=\"_blank\"  style='background-color:#e82221; border-color:#e82221; color:#ffffff; ' ><span class='avia_button_icon avia_button_icon_left' aria-hidden='true' data-av_icon='\ue84b' data-av_iconfont='entypo-fontello'><\/span><span class='avia_iconbox_title' >Angebot anfordern<\/span><\/a><\/div><\/p><\/div><\/div><!--close column table wrapper. Autoclose: 1 --><div class='flex_column_table av-equal-height-column-flextable -flextable' ><div class='av-flex-placeholder'><\/div><div class=\"flex_column av_three_fourth  flex_column_table_cell av-equal-height-column av-align-top av-zero-column-padding\" style='border-radius:0px; '><p><div style='padding-bottom:10px;color:#d3311f;font-size:26px;' class='av-special-heading av-special-heading-h3 custom-color-heading blockquote modern-quote   av-inherit-size'><h3 class='av-special-heading-tag'  itemprop=\"headline\"  >430\/430F Edelstahl<\/h3><div class='special-heading-border'><div class='special-heading-inner-border' style='border-color:#d3311f'><\/div><\/div><\/div><br \/>\n<section class=\"av_textblock_section\"  itemscope=\"itemscope\" itemtype=\"https:\/\/schema.org\/CreativeWork\" ><div class='avia_textblock'   itemprop=\"text\" ><p>WLD Steel ist ein f\u00fchrender Hersteller, Lieferant und Exporteur von Edelstahl 430\/430F, der in verschiedenen Gr\u00f6\u00dfen und Formen erh\u00e4ltlich ist, darunter Stangen, St\u00e4be, Rohre, Schl\u00e4uche, Bleche, Platten und Kn\u00fcppel.<\/p>\n<p>Typ 430 ist ein chromhaltiger Ferrit-Edelstahl mit m\u00e4\u00dfiger Korrosions- und Hitzebest\u00e4ndigkeit. Er vereint gute Korrosionsbest\u00e4ndigkeit und Duktilit\u00e4tseigenschaften und wird h\u00e4ufig in Fahrzeugverkleidungen und Ger\u00e4tekomponenten wie Autoteilen, Kochgeschirr, Ventilen, Teilen f\u00fcr die Lebensmittelverarbeitung, Fernsehkonussen und Tabakmaschinenteilen verwendet.<\/p>\n<p>G\u00fcte 430LX ist die Version, bei der Ti oder Nb hinzugef\u00fcgt wurde und der C-Gehalt auf Basis von 430er-Stahl reduziert wurde, was die Bearbeitbarkeit und Schwei\u00dfleistung verbessert und haupts\u00e4chlich in Heizwassersystemen, Sanit\u00e4ranlagen, Haushaltsger\u00e4ten, Schwungr\u00e4dern f\u00fcr Fahrr\u00e4der usw. verwendet wird. G\u00fcte 430F ist die frei bearbeitbare Version dieser G\u00fcte und weist eine h\u00f6here Bearbeitbarkeit als 430 auf, wobei eine geringere Korrosionsbest\u00e4ndigkeit akzeptabel ist. Erh\u00e4ltlich in Stangenform zur Verwendung in automatischen Schraubmaschinen.<\/p>\n<p><strong>Welche 430\/430F-Formen sind bei WLD Steel verf\u00fcgbar?<\/strong><\/p>\n<ul>\n<li>Blech\/Platte\/Spule: ASTM A240, ASTM A480<\/li>\n<li>Rundstab: ASTM A276, ASTM A479<\/li>\n<li>Rohr\/Schlauch: ASTM A335, A790, A268<\/li>\n<\/ul>\n<\/div><\/section><br \/>\n<div class=\"togglecontainer   toggle_close_all\" >\n<section class=\"av_toggle_section\"  itemscope=\"itemscope\" itemtype=\"https:\/\/schema.org\/CreativeWork\"  >    <div class=\"single_toggle\" data-tags=\"{Alle} \"  >        <p data-fake-id=\"#toggle-id-1\" class=\"toggler\"  itemprop=\"headline\"  >430\/430F-\u00c4quivalente<span class=\"toggle_icon\" >        <span class=\"vert_icon\"><\/span><span class=\"hor_icon\"><\/span><\/span><\/p>        <div id=\"toggle-id-1-container\" class=\"toggle_wrap\"  >            <div class=\"toggle_content invers-color\"  itemprop=\"text\"   ><table>\n<tbody>\n<tr>\n<td width=\"136\">STANDARD<\/td>\n<td width=\"136\">UNS<\/td>\n<td width=\"136\">EN\/DIN<\/td>\n<td width=\"136\">JIS<\/td>\n<td width=\"136\">BS<\/td>\n<td width=\"137\">Gro\u00dfbritannien<\/td>\n<\/tr>\n<tr>\n<td width=\"136\">430<\/td>\n<td width=\"136\">S43000<\/td>\n<td width=\"136\">X8Cr17<\/p>\n<p>1.4016<\/td>\n<td width=\"136\">SUS 430<\/td>\n<td width=\"136\">430S17<\/td>\n<td width=\"137\">1Cr17<\/td>\n<\/tr>\n<tr>\n<td width=\"136\">430F<\/td>\n<td width=\"136\">S43020<\/td>\n<td width=\"136\">X12CrMoS17<\/p>\n<p>1.4104<\/td>\n<td width=\"136\">SUS430F<\/td>\n<td width=\"136\">\/<\/td>\n<td width=\"137\">YCr17<\/td>\n<\/tr>\n<\/tbody>\n<\/table>\n            <\/div>        <\/div>    <\/div><\/section>\n<section class=\"av_toggle_section\"  itemscope=\"itemscope\" itemtype=\"https:\/\/schema.org\/CreativeWork\"  >    <div class=\"single_toggle\" data-tags=\"{Alle} \"  >        <p data-fake-id=\"#toggle-id-2\" class=\"toggler\"  itemprop=\"headline\"  >430\/430F Chemische Zusammensetzung<span class=\"toggle_icon\" >        <span class=\"vert_icon\"><\/span><span class=\"hor_icon\"><\/span><\/span><\/p>        <div id=\"toggle-id-2-container\" class=\"toggle_wrap\"  >            <div class=\"toggle_content invers-color\"  itemprop=\"text\"   ><table>\n<tbody>\n<tr>\n<td width=\"106\">Noten<\/td>\n<td width=\"106\">C<\/td>\n<td width=\"106\">Mn<\/td>\n<td width=\"106\">Si<\/td>\n<td width=\"106\">P<\/td>\n<td width=\"106\">S<\/td>\n<td width=\"106\">Cr<\/td>\n<td width=\"106\">Ni<\/td>\n<\/tr>\n<tr>\n<td width=\"106\">430<\/td>\n<td width=\"106\">\u2264<span style=\"font-family: inherit; font-size: inherit;\">0.12<\/span><\/td>\n<td width=\"106\">\u2264<span style=\"font-family: inherit; font-size: inherit;\">1<\/span><\/td>\n<td width=\"106\">1<\/td>\n<td width=\"106\">\u2264<span style=\"font-family: inherit; font-size: inherit;\">0.04<\/span><\/td>\n<td width=\"106\">\u2264<span style=\"font-family: inherit; font-size: inherit;\">0.03<\/span><\/td>\n<td width=\"106\">16.0-18.0<\/td>\n<td width=\"106\">\u2264<span style=\"font-family: inherit; font-size: inherit;\">0.75<\/span><\/td>\n<\/tr>\n<tr>\n<td width=\"106\">430F<\/td>\n<td width=\"106\">\u2264<span style=\"font-family: inherit; font-size: inherit;\">0.12<\/span><\/td>\n<td width=\"106\">\u2264<span style=\"font-family: inherit; font-size: inherit;\">1.25<\/span><\/td>\n<td width=\"106\">1<\/td>\n<td width=\"106\">\u2264<span style=\"font-family: inherit; font-size: inherit;\">0.06<\/span><\/td>\n<td width=\"106\">\u2264<span style=\"font-family: inherit; font-size: inherit;\">0.15<\/span><\/td>\n<td width=\"106\">16.0-18.0<\/td>\n<td width=\"106\">\/<\/td>\n<\/tr>\n<\/tbody>\n<\/table>\n            <\/div>        <\/div>    <\/div><\/section>\n<section class=\"av_toggle_section\"  itemscope=\"itemscope\" itemtype=\"https:\/\/schema.org\/CreativeWork\"  >    <div class=\"single_toggle\" data-tags=\"{Alle} \"  >        <p data-fake-id=\"#toggle-id-3\" class=\"toggler\"  itemprop=\"headline\"  >430\/430F Mechanische Eigenschaften<span class=\"toggle_icon\" >        <span class=\"vert_icon\"><\/span><span class=\"hor_icon\"><\/span><\/span><\/p>        <div id=\"toggle-id-3-container\" class=\"toggle_wrap\"  >            <div class=\"toggle_content invers-color\"  itemprop=\"text\"   ><table>\n<tbody>\n<tr>\n<td width=\"170\">Noten<\/td>\n<td width=\"170\">Zugfestigkeit (MPa) min<\/td>\n<td width=\"170\">Streckgrenze 0,2% Proof (MPa) min<\/td>\n<td width=\"170\">Dehnung (% in 50mm) min<\/td>\n<td width=\"170\">H\u00e4rte, Brinell (HB) max<\/td>\n<\/tr>\n<tr>\n<td width=\"170\">430<\/td>\n<td width=\"170\">450<\/td>\n<td width=\"170\">205<\/td>\n<td width=\"170\">22<\/td>\n<td width=\"170\">183<\/td>\n<\/tr>\n<tr>\n<td width=\"170\">430F<\/td>\n<td width=\"170\">552 typisch<\/td>\n<td width=\"170\">379 typisch<\/td>\n<td width=\"170\">25 typisch<\/td>\n<td width=\"170\">262<\/td>\n<\/tr>\n<\/tbody>\n<\/table>\n            <\/div>        <\/div>    <\/div><\/section>\n<\/div><\/p><\/div><\/div><!--close column table wrapper. Autoclose: 1 --><\/p>","protected":false},"excerpt":{"rendered":"","protected":false},"author":1,"featured_media":0,"parent":159,"menu_order":0,"comment_status":"closed","ping_status":"closed","template":"","meta":{"footnotes":""},"class_list":["post-1581","page","type-page","status-publish","hentry"],"aioseo_notices":[],"_links":{"self":[{"href":"https:\/\/wldstainless.com\/de\/wp-json\/wp\/v2\/pages\/1581","targetHints":{"allow":["GET"]}}],"collection":[{"href":"https:\/\/wldstainless.com\/de\/wp-json\/wp\/v2\/pages"}],"about":[{"href":"https:\/\/wldstainless.com\/de\/wp-json\/wp\/v2\/types\/page"}],"author":[{"embeddable":true,"href":"https:\/\/wldstainless.com\/de\/wp-json\/wp\/v2\/users\/1"}],"replies":[{"embeddable":true,"href":"https:\/\/wldstainless.com\/de\/wp-json\/wp\/v2\/comments?post=1581"}],"version-history":[{"count":6,"href":"https:\/\/wldstainless.com\/de\/wp-json\/wp\/v2\/pages\/1581\/revisions"}],"predecessor-version":[{"id":1914,"href":"https:\/\/wldstainless.com\/de\/wp-json\/wp\/v2\/pages\/1581\/revisions\/1914"}],"up":[{"embeddable":true,"href":"https:\/\/wldstainless.com\/de\/wp-json\/wp\/v2\/pages\/159"}],"wp:attachment":[{"href":"https:\/\/wldstainless.com\/de\/wp-json\/wp\/v2\/media?parent=1581"}],"curies":[{"name":"wp","href":"https:\/\/api.w.org\/{rel}","templated":true}]}}