{"id":1566,"date":"2020-08-24T06:23:17","date_gmt":"2020-08-24T06:23:17","guid":{"rendered":"http:\/\/wldstainless.com\/?page_id=1566"},"modified":"2020-09-18T09:33:38","modified_gmt":"2020-09-18T09:33:38","slug":"alloy-2507-stainless-steel","status":"publish","type":"page","link":"https:\/\/wldstainless.com\/de\/materials\/duplex-stainless-steel\/alloy-2507-stainless-steel\/","title":{"rendered":"Edelstahllegierung 2507"},"content":{"rendered":"<div class='flex_column_table av-equal-height-column-flextable -flextable' ><div class=\"flex_column av_one_fourth  flex_column_table_cell av-equal-height-column av-align-top av-zero-column-padding first\" style='border-radius:0px; '><p><div class='avia-builder-widget-area clearfix'><div id=\"nav_menu-5\" class=\"widget clearfix widget_nav_menu\"><h3 class=\"widgettitle\">Material<\/h3><div class=\"menu-products-sidebar-menu-container\"><ul id=\"menu-products-sidebar-menu\" class=\"menu\"><li id=\"menu-item-1329\" class=\"menu-item menu-item-type-post_type menu-item-object-page menu-item-1329\"><a href=\"https:\/\/wldstainless.com\/de\/materials\/ferritic-stainless-steel\/\">Ferritischer Edelstahl<\/a><\/li>\n<li id=\"menu-item-1328\" class=\"menu-item menu-item-type-post_type menu-item-object-page menu-item-1328\"><a href=\"https:\/\/wldstainless.com\/de\/materials\/martensitic-stainless-steel\/\">Martensitischer Edelstahl<\/a><\/li>\n<li id=\"menu-item-1327\" class=\"menu-item menu-item-type-post_type menu-item-object-page menu-item-1327\"><a href=\"https:\/\/wldstainless.com\/de\/materials\/austenitic-stainless-steel\/\">Austenitischem Edelstahl<\/a><\/li>\n<li id=\"menu-item-1889\" class=\"menu-item menu-item-type-post_type menu-item-object-page menu-item-1889\"><a href=\"https:\/\/wldstainless.com\/de\/materials\/duplex-stainless-steel\/\">Duplex-Edelstahl<\/a><\/li>\n<\/ul><\/div><\/div><\/div><br \/>\n<div  class='hr hr-default'><span class='hr-inner' ><span class='hr-inner-style'><\/span><\/span><\/div><br \/>\n<div class='avia-button-wrap avia-button-left'><a href='http:\/\/wldstainless.com\/contact\/#contact' class='avia-button   avia-icon_select-yes-left-icon avia-color-custom avia-size-large avia-position-left'  target=\"_blank\"  style='background-color:#e82221; border-color:#e82221; color:#ffffff; ' ><span class='avia_button_icon avia_button_icon_left' aria-hidden='true' data-av_icon='\ue84b' data-av_iconfont='entypo-fontello'><\/span><span class='avia_iconbox_title' >Angebot anfordern<\/span><\/a><\/div><\/p><\/div><\/div><!--close column table wrapper. Autoclose: 1 --><div class='flex_column_table av-equal-height-column-flextable -flextable' ><div class='av-flex-placeholder'><\/div><div class=\"flex_column av_three_fourth  flex_column_table_cell av-equal-height-column av-align-top av-zero-column-padding\" style='border-radius:0px; '><p><div style='padding-bottom:10px;color:#d3311f;' class='av-special-heading av-special-heading-h3 custom-color-heading'><h3 class='av-special-heading-tag'  itemprop=\"headline\"  >Edelstahllegierung 2507<\/h3><div class='special-heading-border'><div class='special-heading-inner-border' style='border-color:#d3311f'><\/div><\/div><\/div><br \/>\n<section class=\"av_textblock_section\"  itemscope=\"itemscope\" itemtype=\"https:\/\/schema.org\/CreativeWork\" ><div class='avia_textblock'   itemprop=\"text\" ><p>WLD Steel ist ein f\u00fchrender Hersteller, Lieferant und Exporteur von Duplex-Edelstahl 2507, der in verschiedenen Gr\u00f6\u00dfen und Formen erh\u00e4ltlich ist, darunter Rohre, Schl\u00e4uche, Bleche, Platten, Stangen, St\u00e4be und andere Formen wie Engel, Kan\u00e4le, Kreise, Schnittst\u00fccke und so weiter.<\/p>\n<p>Da sie 25% Chrom und 7% Nickel enthalten, werden UNS S32750 und UNS S32550 oft als Legierung 2507 bezeichnet. Superduplex-Edelstahl 2507 enth\u00e4lt 25% Chrom und 7% Nickel sowie einen kleinen Anteil Kupfer, um seine allgemeine Korrosionsbest\u00e4ndigkeit zu verbessern. Legierung 2507 eignet sich aufgrund ihrer hervorragenden Best\u00e4ndigkeit gegen Lochfra\u00df, Spaltkorrosion und Spannungsrisskorrosion durch Chlorid f\u00fcr verschiedene Anwendungen in rauen Umgebungen, die Chlor enthalten, wie z. B. in der Schifffahrt, der \u00d6l- und Gasindustrie sowie in der petrochemischen\/chemischen Verarbeitung.<\/p>\n<p><strong>Welche Formen und Spezifikationen des Stahls 2507 sind bei WLD Steel verf\u00fcgbar?<\/strong><\/p>\n<table>\n<tbody>\n<tr>\n<td width=\"170\">Blech\/Platte\/Spule<\/td>\n<td width=\"170\">Nahtlose Rohre\/R\u00f6hren<\/td>\n<td width=\"170\">Geschwei\u00dftes Rohr<\/td>\n<td width=\"170\">Rundstab<\/td>\n<td width=\"170\">Geformter Stahl (geformt)<\/td>\n<\/tr>\n<tr>\n<td width=\"170\">JIS G4304 \/ 4305, ASTM A240<\/td>\n<td width=\"170\">ASTMA789,<\/p>\n<p>ASTM A790<\/td>\n<td width=\"170\">ASTM A928<\/td>\n<td width=\"170\">ASTM A479, ASTM A276<\/td>\n<td width=\"170\">ASTM A276<\/td>\n<\/tr>\n<\/tbody>\n<\/table>\n<\/div><\/section><br \/>\n<div class=\"togglecontainer   toggle_close_all\" >\n<section class=\"av_toggle_section\"  itemscope=\"itemscope\" itemtype=\"https:\/\/schema.org\/CreativeWork\"  >    <div class=\"single_toggle\" data-tags=\"{Alle} \"  >        <p data-fake-id=\"#toggle-id-1\" class=\"toggler\"  itemprop=\"headline\"  >Legierung 2507 \u00c4quivalente Materialien<span class=\"toggle_icon\" >        <span class=\"vert_icon\"><\/span><span class=\"hor_icon\"><\/span><\/span><\/p>        <div id=\"toggle-id-1-container\" class=\"toggle_wrap\"  >            <div class=\"toggle_content invers-color\"  itemprop=\"text\"   ><table>\n<tbody>\n<tr>\n<td width=\"121\">UNS<\/td>\n<td width=\"121\">Schweden<\/td>\n<td width=\"121\">JIS<\/td>\n<td width=\"121\">L\u00c4RM<\/td>\n<td width=\"121\">BS<\/td>\n<td width=\"244\">Gro\u00dfbritannien<\/td>\n<\/tr>\n<tr>\n<td width=\"121\">S32750<\/p>\n<p>S32550<\/td>\n<td width=\"121\">SS2328 (SAF2507)<\/td>\n<td width=\"121\">UR47N<\/p>\n<p>UR52N<\/td>\n<td width=\"121\">1.4410<\/p>\n<p>1.4507<\/td>\n<td width=\"121\">\/<\/td>\n<td width=\"244\">00Cr25Ni7Mo4N<\/p>\n<p>00Cr25Ni6Mo3CuN<\/td>\n<\/tr>\n<\/tbody>\n<\/table>\n            <\/div>        <\/div>    <\/div><\/section>\n<section class=\"av_toggle_section\"  itemscope=\"itemscope\" itemtype=\"https:\/\/schema.org\/CreativeWork\"  >    <div class=\"single_toggle\" data-tags=\"{Alle} \"  >        <p data-fake-id=\"#toggle-id-2\" class=\"toggler\"  itemprop=\"headline\"  >Chemische Zusammensetzung der Legierung 2507 <span class=\"toggle_icon\" >        <span class=\"vert_icon\"><\/span><span class=\"hor_icon\"><\/span><\/span><\/p>        <div id=\"toggle-id-2-container\" class=\"toggle_wrap\"  >            <div class=\"toggle_content invers-color\"  itemprop=\"text\"   ><table>\n<tbody>\n<tr>\n<td width=\"82\">Noten<\/td>\n<td width=\"99\">Cr<\/td>\n<td width=\"79\">Ni<\/td>\n<td width=\"79\">Mo<\/td>\n<td width=\"89\">N<\/td>\n<td width=\"79\">Mn<\/td>\n<td width=\"57\">Si<\/td>\n<td width=\"68\">C<\/td>\n<td width=\"79\">Cu<\/td>\n<td width=\"68\">S<\/td>\n<td width=\"68\">P<\/td>\n<\/tr>\n<tr>\n<td width=\"82\">S32750<\/td>\n<td width=\"99\">24.5-26.0<\/td>\n<td width=\"79\">6.0-8.0<\/td>\n<td width=\"79\">3.0-5.0<\/td>\n<td width=\"89\">0.24-0.32<\/td>\n<td width=\"79\">0.5-1.2<\/td>\n<td width=\"57\">0.1-0.8<\/td>\n<td width=\"68\">0.03<\/p>\n<p>max<\/td>\n<td width=\"79\">0.5<\/p>\n<p>max<\/td>\n<td width=\"68\">0.02<\/td>\n<td width=\"68\">0.035<\/td>\n<\/tr>\n<tr>\n<td width=\"82\">S32550<\/td>\n<td width=\"99\">24.5-26.5<\/td>\n<td width=\"79\">5.5-6.5<\/td>\n<td width=\"79\">3.1-3.8<\/td>\n<td width=\"89\">0.2-0.35<\/td>\n<td width=\"79\">0.8-1.2<\/td>\n<td width=\"57\">0.7<\/p>\n<p>max<\/td>\n<td width=\"68\">0.025<\/p>\n<p>max<\/td>\n<td width=\"79\">1.5-2.0<\/td>\n<td width=\"68\">0.005<\/td>\n<td width=\"68\">0.025<\/td>\n<\/tr>\n<\/tbody>\n<\/table>\n            <\/div>        <\/div>    <\/div><\/section>\n<section class=\"av_toggle_section\"  itemscope=\"itemscope\" itemtype=\"https:\/\/schema.org\/CreativeWork\"  >    <div class=\"single_toggle\" data-tags=\"{Alle} \"  >        <p data-fake-id=\"#toggle-id-3\" class=\"toggler\"  itemprop=\"headline\"  >Mechanische Eigenschaften der Legierung 2507<span class=\"toggle_icon\" >        <span class=\"vert_icon\"><\/span><span class=\"hor_icon\"><\/span><\/span><\/p>        <div id=\"toggle-id-3-container\" class=\"toggle_wrap\"  >            <div class=\"toggle_content invers-color\"  itemprop=\"text\"   ><table>\n<tbody>\n<tr>\n<td width=\"213\">Noten<\/td>\n<td width=\"213\">Zugfestigkeit<\/p>\n<p>min, Mpa<\/td>\n<td width=\"213\">Streckgrenze<\/p>\n<p>0,2%-Offset, min., MPa<\/td>\n<td width=\"213\">Dehnung, A5%<\/td>\n<\/tr>\n<tr>\n<td width=\"213\">S32750<\/td>\n<td width=\"213\">800<\/td>\n<td width=\"213\">550<\/td>\n<td width=\"213\">15<\/td>\n<\/tr>\n<tr>\n<td width=\"213\">S32550<\/td>\n<td width=\"213\">760<\/td>\n<td width=\"213\">550<\/td>\n<td width=\"213\">15<\/td>\n<\/tr>\n<\/tbody>\n<\/table>\n            <\/div>        <\/div>    <\/div><\/section>\n<\/div><\/p><\/div><\/div><!--close column table wrapper. Autoclose: 1 --><\/p>","protected":false},"excerpt":{"rendered":"","protected":false},"author":1,"featured_media":0,"parent":1432,"menu_order":0,"comment_status":"closed","ping_status":"closed","template":"","meta":{"footnotes":""},"class_list":["post-1566","page","type-page","status-publish","hentry"],"aioseo_notices":[],"_links":{"self":[{"href":"https:\/\/wldstainless.com\/de\/wp-json\/wp\/v2\/pages\/1566","targetHints":{"allow":["GET"]}}],"collection":[{"href":"https:\/\/wldstainless.com\/de\/wp-json\/wp\/v2\/pages"}],"about":[{"href":"https:\/\/wldstainless.com\/de\/wp-json\/wp\/v2\/types\/page"}],"author":[{"embeddable":true,"href":"https:\/\/wldstainless.com\/de\/wp-json\/wp\/v2\/users\/1"}],"replies":[{"embeddable":true,"href":"https:\/\/wldstainless.com\/de\/wp-json\/wp\/v2\/comments?post=1566"}],"version-history":[{"count":6,"href":"https:\/\/wldstainless.com\/de\/wp-json\/wp\/v2\/pages\/1566\/revisions"}],"predecessor-version":[{"id":1909,"href":"https:\/\/wldstainless.com\/de\/wp-json\/wp\/v2\/pages\/1566\/revisions\/1909"}],"up":[{"embeddable":true,"href":"https:\/\/wldstainless.com\/de\/wp-json\/wp\/v2\/pages\/1432"}],"wp:attachment":[{"href":"https:\/\/wldstainless.com\/de\/wp-json\/wp\/v2\/media?parent=1566"}],"curies":[{"name":"wp","href":"https:\/\/api.w.org\/{rel}","templated":true}]}}