{"id":1563,"date":"2020-08-24T05:10:33","date_gmt":"2020-08-24T05:10:33","guid":{"rendered":"http:\/\/wldstainless.com\/?page_id=1563"},"modified":"2020-09-18T09:31:21","modified_gmt":"2020-09-18T09:31:21","slug":"alloy-2205-stainless-steel","status":"publish","type":"page","link":"https:\/\/wldstainless.com\/de\/materials\/duplex-stainless-steel\/alloy-2205-stainless-steel\/","title":{"rendered":"Edelstahllegierung 2205"},"content":{"rendered":"<div class='flex_column_table av-equal-height-column-flextable -flextable' ><div class=\"flex_column av_one_fourth  flex_column_table_cell av-equal-height-column av-align-top av-zero-column-padding first\" style='border-radius:0px; '><p><div class='avia-builder-widget-area clearfix'><div id=\"nav_menu-5\" class=\"widget clearfix widget_nav_menu\"><h3 class=\"widgettitle\">Material<\/h3><div class=\"menu-products-sidebar-menu-container\"><ul id=\"menu-products-sidebar-menu\" class=\"menu\"><li id=\"menu-item-1329\" class=\"menu-item menu-item-type-post_type menu-item-object-page menu-item-1329\"><a href=\"https:\/\/wldstainless.com\/de\/materials\/ferritic-stainless-steel\/\">Ferritischer Edelstahl<\/a><\/li>\n<li id=\"menu-item-1328\" class=\"menu-item menu-item-type-post_type menu-item-object-page menu-item-1328\"><a href=\"https:\/\/wldstainless.com\/de\/materials\/martensitic-stainless-steel\/\">Martensitischer Edelstahl<\/a><\/li>\n<li id=\"menu-item-1327\" class=\"menu-item menu-item-type-post_type menu-item-object-page menu-item-1327\"><a href=\"https:\/\/wldstainless.com\/de\/materials\/austenitic-stainless-steel\/\">Austenitischem Edelstahl<\/a><\/li>\n<li id=\"menu-item-1889\" class=\"menu-item menu-item-type-post_type menu-item-object-page menu-item-1889\"><a href=\"https:\/\/wldstainless.com\/de\/materials\/duplex-stainless-steel\/\">Duplex-Edelstahl<\/a><\/li>\n<\/ul><\/div><\/div><\/div><br \/>\n<div  class='hr hr-default'><span class='hr-inner' ><span class='hr-inner-style'><\/span><\/span><\/div><br \/>\n<div class='avia-button-wrap avia-button-left'><a href='http:\/\/wldstainless.com\/contact\/#contact' class='avia-button   avia-icon_select-yes-left-icon avia-color-custom avia-size-large avia-position-left'  target=\"_blank\"  style='background-color:#e82221; border-color:#e82221; color:#ffffff; ' ><span class='avia_button_icon avia_button_icon_left' aria-hidden='true' data-av_icon='\ue84b' data-av_iconfont='entypo-fontello'><\/span><span class='avia_iconbox_title' >Angebot anfordern<\/span><\/a><\/div><\/p><\/div><\/div><!--close column table wrapper. Autoclose: 1 --><div class='flex_column_table av-equal-height-column-flextable -flextable' ><div class='av-flex-placeholder'><\/div><div class=\"flex_column av_three_fourth  flex_column_table_cell av-equal-height-column av-align-top av-zero-column-padding\" style='border-radius:0px; '><p><div style='padding-bottom:10px;color:#d3311f;' class='av-special-heading av-special-heading-h3 custom-color-heading'><h3 class='av-special-heading-tag'  itemprop=\"headline\"  >Edelstahllegierung 2205<\/h3><div class='special-heading-border'><div class='special-heading-inner-border' style='border-color:#d3311f'><\/div><\/div><\/div><br \/>\n<section class=\"av_textblock_section\"  itemscope=\"itemscope\" itemtype=\"https:\/\/schema.org\/CreativeWork\" ><div class='avia_textblock'   itemprop=\"text\" ><p>WLD Steel ist ein f\u00fchrender Hersteller, Lieferant und Exporteur von Duplex-Edelstahl 2205, der in verschiedenen Gr\u00f6\u00dfen und Formen erh\u00e4ltlich ist, darunter Rohre, Schl\u00e4uche, Bleche, Platten, Stangen, St\u00e4be und andere Formen wie Winkel, Kan\u00e4le, Balken, Kreise und so weiter.<\/p>\n<p>Da sie 22% Chrom und 5% Nickel enthalten, werden UNS S31803 und UNS S32205 oft als Legierung 2205 bezeichnet. S31803 ist eine Art niedrig legierter Duplex-Edelstahl und S32205 ist die verbesserte Version von S31803 durch Hinzuf\u00fcgung des niedrigeren Grenzwertgehalts der Elemente Cr, Mo und N, was den kleinen Unterschied in den mechanischen Eigenschaften ausmacht. Die G\u00fcte 2205 bietet eine ausgezeichnete Best\u00e4ndigkeit gegen interkristalline Korrosion, Lochfra\u00df und Spaltkorrosion in Kombination mit ihrer Best\u00e4ndigkeit gegen Spannungsrisskorrosion durch Chlorid bei Temperaturen von 50 \u2013 300\u00baC und wird h\u00e4ufig in der chemischen Industrie, der Papierherstellung, Entsalzungsanlagen, Brandschutzw\u00e4nden, Druckbeh\u00e4ltern, W\u00e4rmetauschern, Turbinenschaufeln und Antriebswellen von Offshore-Feldern verwendet.<\/p>\n<p><strong>Welche Formen und Spezifikationen des Stahls 2205 sind bei WLD Steel verf\u00fcgbar?<\/strong><\/p>\n<table>\n<tbody>\n<tr>\n<td width=\"170\">Blech\/Platte\/Spule<\/td>\n<td width=\"170\">Nahtlose Rohre\/R\u00f6hren<\/td>\n<td width=\"170\">Geschwei\u00dftes Rohr<\/td>\n<td width=\"170\">Rundstab<\/td>\n<td width=\"170\">Geformter Stahl (geformt)<\/td>\n<\/tr>\n<tr>\n<td width=\"170\">JIS G4304 \/ 4305, ASTM A240<\/td>\n<td width=\"170\">ASTMA789,<\/p>\n<p>ASTM A790<\/td>\n<td width=\"170\">ASTM A928<\/td>\n<td width=\"170\">ASTM A479, ASTM A276<\/td>\n<td width=\"170\">ASTM A276<\/td>\n<\/tr>\n<\/tbody>\n<\/table>\n<\/div><\/section><br \/>\n<div class=\"togglecontainer   toggle_close_all\" >\n<section class=\"av_toggle_section\"  itemscope=\"itemscope\" itemtype=\"https:\/\/schema.org\/CreativeWork\"  >    <div class=\"single_toggle\" data-tags=\"{Alle} \"  >        <p data-fake-id=\"#toggle-id-1\" class=\"toggler\"  itemprop=\"headline\"  >2205 Stahl\u00e4quivalente Werkstoffe<span class=\"toggle_icon\" >        <span class=\"vert_icon\"><\/span><span class=\"hor_icon\"><\/span><\/span><\/p>        <div id=\"toggle-id-1-container\" class=\"toggle_wrap\"  >            <div class=\"toggle_content invers-color\"  itemprop=\"text\"   ><table>\n<tbody>\n<tr>\n<td width=\"121\">UNS<\/td>\n<td width=\"121\">Schweden<\/td>\n<td width=\"121\">JIS<\/td>\n<td width=\"121\">L\u00c4RM<\/td>\n<td width=\"121\">BS<\/td>\n<td width=\"121\">NF<\/td>\n<td width=\"122\">Gro\u00dfbritannien<\/td>\n<\/tr>\n<tr>\n<td width=\"121\">S31803<\/td>\n<td width=\"121\">SS2377(<\/p>\n<p>SAF2205)<\/td>\n<td width=\"121\">329J2L<\/td>\n<td width=\"121\">1.4462<\/p>\n<p>X2Cr-NiMoN2253<\/td>\n<td width=\"121\">318S13<\/td>\n<td width=\"121\">UR45N<\/td>\n<td width=\"122\">00Cr22Ni5Mo3N<\/td>\n<\/tr>\n<\/tbody>\n<\/table>\n            <\/div>        <\/div>    <\/div><\/section>\n<section class=\"av_toggle_section\"  itemscope=\"itemscope\" itemtype=\"https:\/\/schema.org\/CreativeWork\"  >    <div class=\"single_toggle\" data-tags=\"{Alle} \"  >        <p data-fake-id=\"#toggle-id-2\" class=\"toggler\"  itemprop=\"headline\"  >2205 Chemische Zusammensetzung <span class=\"toggle_icon\" >        <span class=\"vert_icon\"><\/span><span class=\"hor_icon\"><\/span><\/span><\/p>        <div id=\"toggle-id-2-container\" class=\"toggle_wrap\"  >            <div class=\"toggle_content invers-color\"  itemprop=\"text\"   ><table>\n<tbody>\n<tr>\n<td width=\"85\">Noten<\/td>\n<td width=\"85\">C, max<\/td>\n<td width=\"85\">P<\/td>\n<td width=\"85\">S<\/td>\n<td width=\"85\">Si, max<\/td>\n<td width=\"85\">Mn, max<\/td>\n<td width=\"85\">N<\/td>\n<td width=\"85\">Mo<\/td>\n<td width=\"85\">Ni<\/td>\n<td width=\"85\">Cr<\/td>\n<\/tr>\n<tr>\n<td width=\"85\">S31803<\/td>\n<td width=\"85\">0.03<\/td>\n<td width=\"85\">0.03<\/td>\n<td width=\"85\">0.02<\/td>\n<td width=\"85\">1.00<\/td>\n<td width=\"85\">2.00<\/td>\n<td width=\"85\">0.08-0.2<\/td>\n<td width=\"85\">2.5-3.5<\/td>\n<td width=\"85\">4.5-6.5<\/td>\n<td width=\"85\">21.0-23.0<\/td>\n<\/tr>\n<tr>\n<td width=\"85\">S32205<\/td>\n<td width=\"85\">0.03<\/p>\n<p>max<\/td>\n<td width=\"85\">0.03<\/td>\n<td width=\"85\">0.02<\/td>\n<td width=\"85\">1.00<\/p>\n<p>max<\/td>\n<td width=\"85\">2,00 max<\/td>\n<td width=\"85\">0.14-0.2<\/td>\n<td width=\"85\">3.0-3.5<\/td>\n<td width=\"85\">4.5-6.5<\/td>\n<td width=\"85\">22.0-23.0<\/td>\n<\/tr>\n<\/tbody>\n<\/table>\n            <\/div>        <\/div>    <\/div><\/section>\n<section class=\"av_toggle_section\"  itemscope=\"itemscope\" itemtype=\"https:\/\/schema.org\/CreativeWork\"  >    <div class=\"single_toggle\" data-tags=\"{Alle} \"  >        <p data-fake-id=\"#toggle-id-3\" class=\"toggler\"  itemprop=\"headline\"  >2205 Mechanische Eigenschaften<span class=\"toggle_icon\" >        <span class=\"vert_icon\"><\/span><span class=\"hor_icon\"><\/span><\/span><\/p>        <div id=\"toggle-id-3-container\" class=\"toggle_wrap\"  >            <div class=\"toggle_content invers-color\"  itemprop=\"text\"   ><table>\n<tbody>\n<tr>\n<td width=\"213\">Noten<\/td>\n<td width=\"213\">Zugfestigkeit<\/p>\n<p>min, Mpa<\/td>\n<td width=\"213\">Streckgrenze<\/p>\n<p>0,2%-Offset, min., MPa<\/td>\n<td width=\"213\">Dehnung, A5%<\/td>\n<\/tr>\n<tr>\n<td width=\"213\">S31803<\/td>\n<td width=\"213\">620<\/td>\n<td width=\"213\">450<\/td>\n<td width=\"213\">25<\/td>\n<\/tr>\n<tr>\n<td width=\"213\">S32205<\/td>\n<td width=\"213\">655<\/td>\n<td width=\"213\">450<\/td>\n<td width=\"213\">25<\/td>\n<\/tr>\n<\/tbody>\n<\/table>\n            <\/div>        <\/div>    <\/div><\/section>\n<\/div><\/p><\/div><\/div><!--close column table wrapper. Autoclose: 1 --><\/p>","protected":false},"excerpt":{"rendered":"","protected":false},"author":1,"featured_media":0,"parent":1432,"menu_order":0,"comment_status":"closed","ping_status":"closed","template":"","meta":{"footnotes":""},"class_list":["post-1563","page","type-page","status-publish","hentry"],"aioseo_notices":[],"_links":{"self":[{"href":"https:\/\/wldstainless.com\/de\/wp-json\/wp\/v2\/pages\/1563","targetHints":{"allow":["GET"]}}],"collection":[{"href":"https:\/\/wldstainless.com\/de\/wp-json\/wp\/v2\/pages"}],"about":[{"href":"https:\/\/wldstainless.com\/de\/wp-json\/wp\/v2\/types\/page"}],"author":[{"embeddable":true,"href":"https:\/\/wldstainless.com\/de\/wp-json\/wp\/v2\/users\/1"}],"replies":[{"embeddable":true,"href":"https:\/\/wldstainless.com\/de\/wp-json\/wp\/v2\/comments?post=1563"}],"version-history":[{"count":5,"href":"https:\/\/wldstainless.com\/de\/wp-json\/wp\/v2\/pages\/1563\/revisions"}],"predecessor-version":[{"id":1907,"href":"https:\/\/wldstainless.com\/de\/wp-json\/wp\/v2\/pages\/1563\/revisions\/1907"}],"up":[{"embeddable":true,"href":"https:\/\/wldstainless.com\/de\/wp-json\/wp\/v2\/pages\/1432"}],"wp:attachment":[{"href":"https:\/\/wldstainless.com\/de\/wp-json\/wp\/v2\/media?parent=1563"}],"curies":[{"name":"wp","href":"https:\/\/api.w.org\/{rel}","templated":true}]}}