{"id":1541,"date":"2020-08-21T01:38:04","date_gmt":"2020-08-21T01:38:04","guid":{"rendered":"http:\/\/wldstainless.com\/?page_id=1541"},"modified":"2020-09-18T09:35:51","modified_gmt":"2020-09-18T09:35:51","slug":"17-4-ph-stainless-steel","status":"publish","type":"page","link":"https:\/\/wldstainless.com\/de\/materials\/martensitic-stainless-steel\/17-4-ph-stainless-steel\/","title":{"rendered":"17-4 PH Edelstahl"},"content":{"rendered":"<div class='flex_column_table av-equal-height-column-flextable -flextable' ><div class=\"flex_column av_one_fourth  flex_column_table_cell av-equal-height-column av-align-top av-zero-column-padding first\" style='border-radius:0px; '><p><div class='avia-builder-widget-area clearfix'><div id=\"nav_menu-5\" class=\"widget clearfix widget_nav_menu\"><h3 class=\"widgettitle\">Material<\/h3><div class=\"menu-products-sidebar-menu-container\"><ul id=\"menu-products-sidebar-menu\" class=\"menu\"><li id=\"menu-item-1329\" class=\"menu-item menu-item-type-post_type menu-item-object-page menu-item-1329\"><a href=\"https:\/\/wldstainless.com\/de\/materials\/ferritic-stainless-steel\/\">Ferritischer Edelstahl<\/a><\/li>\n<li id=\"menu-item-1328\" class=\"menu-item menu-item-type-post_type menu-item-object-page menu-item-1328\"><a href=\"https:\/\/wldstainless.com\/de\/materials\/martensitic-stainless-steel\/\">Martensitischer Edelstahl<\/a><\/li>\n<li id=\"menu-item-1327\" class=\"menu-item menu-item-type-post_type menu-item-object-page menu-item-1327\"><a href=\"https:\/\/wldstainless.com\/de\/materials\/austenitic-stainless-steel\/\">Austenitischem Edelstahl<\/a><\/li>\n<li id=\"menu-item-1889\" class=\"menu-item menu-item-type-post_type menu-item-object-page menu-item-1889\"><a href=\"https:\/\/wldstainless.com\/de\/materials\/duplex-stainless-steel\/\">Duplex-Edelstahl<\/a><\/li>\n<\/ul><\/div><\/div><\/div><br \/>\n<div  class='hr hr-default'><span class='hr-inner' ><span class='hr-inner-style'><\/span><\/span><\/div><br \/>\n<div class='avia-button-wrap avia-button-left'><a href='http:\/\/wldstainless.com\/contact\/#contact' class='avia-button   avia-icon_select-yes-left-icon avia-color-custom avia-size-large avia-position-left'  target=\"_blank\"  style='background-color:#e82221; border-color:#e82221; color:#ffffff; ' ><span class='avia_button_icon avia_button_icon_left' aria-hidden='true' data-av_icon='\ue84b' data-av_iconfont='entypo-fontello'><\/span><span class='avia_iconbox_title' >Angebot anfordern<\/span><\/a><\/div><\/p><\/div><\/div><!--close column table wrapper. Autoclose: 1 --><div class='flex_column_table av-equal-height-column-flextable -flextable' ><div class='av-flex-placeholder'><\/div><div class=\"flex_column av_three_fourth  flex_column_table_cell av-equal-height-column av-align-top av-zero-column-padding\" style='border-radius:0px; '><p><div style='padding-bottom:10px;color:#d3311f;font-size:26px;' class='av-special-heading av-special-heading-h3 custom-color-heading blockquote modern-quote   av-inherit-size'><h3 class='av-special-heading-tag'  itemprop=\"headline\"  >17-4 PH(630) Edelstahl <\/h3><div class='special-heading-border'><div class='special-heading-inner-border' style='border-color:#d3311f'><\/div><\/div><\/div><br \/>\n<section class=\"av_textblock_section\"  itemscope=\"itemscope\" itemtype=\"https:\/\/schema.org\/CreativeWork\" ><div class='avia_textblock'   itemprop=\"text\" ><p>WLD Steel ist ein f\u00fchrender Hersteller, Lieferant und Exporteur von ausscheidungsgeh\u00e4rtetem rostfreiem Stahl 17-4, der in einer Reihe verschiedener Gr\u00f6\u00dfen und Formen erh\u00e4ltlich ist, darunter Stangen, St\u00e4be, Platten und Bleche. Wir f\u00fchren 17-4 haupts\u00e4chlich im gegl\u00fchten Zustand. 17-4 PH ist eine eingetragene Marke von AK Steel Holding, das ist 630 ausscheidungsgeh\u00e4rteter martensitischer rostfreier Stahl mit Kupferzusatz. Er zeichnet sich durch hohe Festigkeit, gute Korrosionsbest\u00e4ndigkeit und Schneidleistung aus, eine h\u00f6here H\u00e4rte wird durch unterschiedliche H\u00e4rtungsbehandlungen erreicht. Seine Zugfestigkeit kann bis zu 1100\u20131300 MPa erreichen und kann durch eine Alterungsbehandlung weiter verst\u00e4rkt werden, geeignet f\u00fcr die Herstellung von Teilen mit hoher S\u00e4urekorrosionsbest\u00e4ndigkeit wie Flugzeug- und Gasturbinen, Kernreaktoren, Papierfabriken, \u00d6lfelder und chemische Prozessteile. Eine Verwendung bei Temperaturen \u00fcber 300 \u00b0C wird nicht empfohlen.<\/p>\n<p><strong>Welche Formen und Spezifikationen des Edelstahls 17-4 PH sind bei WLD Steel verf\u00fcgbar?<\/strong><\/p>\n<ul>\n<li>Blech\/Platte: ASTM A240, ASTM A480, ASTM A 693 \/ ASME SA 693<\/li>\n<li>Rundstab: ASTM A276, ASTM A479, ASTM A 564\/ASME SA 564<\/li>\n<\/ul>\n<\/div><\/section><br \/>\n<div class=\"togglecontainer   toggle_close_all\" >\n<section class=\"av_toggle_section\"  itemscope=\"itemscope\" itemtype=\"https:\/\/schema.org\/CreativeWork\"  >    <div class=\"single_toggle\" data-tags=\"{Alle} \"  >        <p data-fake-id=\"#toggle-id-1\" class=\"toggler\"  itemprop=\"headline\"  >17-4PH-Stahl\u00e4quivalente<span class=\"toggle_icon\" >        <span class=\"vert_icon\"><\/span><span class=\"hor_icon\"><\/span><\/span><\/p>        <div id=\"toggle-id-1-container\" class=\"toggle_wrap\"  >            <div class=\"toggle_content invers-color\"  itemprop=\"text\"   ><table>\n<tbody>\n<tr>\n<td width=\"142\">Standard<\/td>\n<td width=\"142\">UNS<\/td>\n<td width=\"142\">JIS<\/td>\n<td width=\"142\">L\u00c4RM<\/td>\n<td width=\"142\">DE<\/td>\n<td width=\"142\">Gro\u00dfbritannien<\/td>\n<\/tr>\n<tr>\n<td width=\"142\">SS 630<\/td>\n<td width=\"142\">S17400<\/td>\n<td width=\"142\">SUS630<\/td>\n<td width=\"142\">1.4548<\/td>\n<td width=\"142\">X5CrNiCuNb16-4<\/td>\n<td width=\"142\">0Cr17Ni4Cu4Nb<\/td>\n<\/tr>\n<\/tbody>\n<\/table>\n            <\/div>        <\/div>    <\/div><\/section>\n<section class=\"av_toggle_section\"  itemscope=\"itemscope\" itemtype=\"https:\/\/schema.org\/CreativeWork\"  >    <div class=\"single_toggle\" data-tags=\"{Alle} \"  >        <p data-fake-id=\"#toggle-id-2\" class=\"toggler\"  itemprop=\"headline\"  >Chemische Zusammensetzung von 17-4PH-Stahl<span class=\"toggle_icon\" >        <span class=\"vert_icon\"><\/span><span class=\"hor_icon\"><\/span><\/span><\/p>        <div id=\"toggle-id-2-container\" class=\"toggle_wrap\"  >            <div class=\"toggle_content invers-color\"  itemprop=\"text\"   ><table>\n<tbody>\n<tr>\n<td width=\"94\">C<\/td>\n<td width=\"94\">Si<\/td>\n<td width=\"94\">Mn<\/td>\n<td width=\"94\">P<\/td>\n<td width=\"94\">S<\/td>\n<td width=\"94\">Cr<\/td>\n<td width=\"94\">Ni<\/td>\n<td width=\"94\">Cu<\/td>\n<td width=\"94\">Nr.<\/td>\n<\/tr>\n<tr>\n<td width=\"94\">\u22640,07<\/td>\n<td width=\"94\">\u22641,00<\/td>\n<td width=\"94\">\u22641,00<\/td>\n<td width=\"94\">\u22640,040<\/td>\n<td width=\"94\">\u22640,030<\/td>\n<td width=\"94\">15.00-17.00<\/td>\n<td width=\"94\">3.0-5.0<\/td>\n<td width=\"94\">3.0-5.0<\/td>\n<td width=\"94\">0.15-0.45<\/td>\n<\/tr>\n<\/tbody>\n<\/table>\n            <\/div>        <\/div>    <\/div><\/section>\n<section class=\"av_toggle_section\"  itemscope=\"itemscope\" itemtype=\"https:\/\/schema.org\/CreativeWork\"  >    <div class=\"single_toggle\" data-tags=\"{Alle} \"  >        <p data-fake-id=\"#toggle-id-3\" class=\"toggler\"  itemprop=\"headline\"  >Mechanische Eigenschaften von 17-4PH-Stahl<span class=\"toggle_icon\" >        <span class=\"vert_icon\"><\/span><span class=\"hor_icon\"><\/span><\/span><\/p>        <div id=\"toggle-id-3-container\" class=\"toggle_wrap\"  >            <div class=\"toggle_content invers-color\"  itemprop=\"text\"   ><table>\n<tbody>\n<tr>\n<td width=\"170\">W\u00e4rmebehandlung<\/td>\n<td width=\"170\">Zugfestigkeit (MPa)<\/td>\n<td width=\"170\">Streckgrenze (MPa)<\/td>\n<td width=\"170\">Dehnung,(%)<\/td>\n<td width=\"170\">H\u00e4rte, HBW<\/td>\n<\/tr>\n<tr>\n<td width=\"170\">H\u00e4rten 480 \u00baC<\/td>\n<td width=\"170\">1180<\/td>\n<td width=\"170\">1310<\/td>\n<td width=\"170\">10<\/td>\n<td width=\"170\">\u2264363<\/td>\n<\/tr>\n<tr>\n<td width=\"170\">H\u00e4rten 550 \u00baC<\/td>\n<td width=\"170\">1000<\/td>\n<td width=\"170\">1070<\/td>\n<td width=\"170\">12<\/td>\n<td width=\"170\">\u2265331<\/td>\n<\/tr>\n<tr>\n<td width=\"170\">H\u00e4rten 580 \u00baC<\/td>\n<td width=\"170\">865<\/td>\n<td width=\"170\">1000<\/td>\n<td width=\"170\">13<\/td>\n<td width=\"170\">\u2265302<\/td>\n<\/tr>\n<tr>\n<td width=\"170\">H\u00e4rten 620 \u00baC<\/td>\n<td width=\"170\">725<\/td>\n<td width=\"170\">930<\/td>\n<td width=\"170\">16<\/td>\n<td width=\"170\">\u2265277<\/td>\n<\/tr>\n<\/tbody>\n<\/table>\n            <\/div>        <\/div>    <\/div><\/section>\n<\/div><\/p><\/div><\/div><!--close column table wrapper. Autoclose: 1 --><\/p>","protected":false},"excerpt":{"rendered":"","protected":false},"author":1,"featured_media":0,"parent":1321,"menu_order":0,"comment_status":"closed","ping_status":"closed","template":"","meta":{"footnotes":""},"class_list":["post-1541","page","type-page","status-publish","hentry"],"aioseo_notices":[],"_links":{"self":[{"href":"https:\/\/wldstainless.com\/de\/wp-json\/wp\/v2\/pages\/1541","targetHints":{"allow":["GET"]}}],"collection":[{"href":"https:\/\/wldstainless.com\/de\/wp-json\/wp\/v2\/pages"}],"about":[{"href":"https:\/\/wldstainless.com\/de\/wp-json\/wp\/v2\/types\/page"}],"author":[{"embeddable":true,"href":"https:\/\/wldstainless.com\/de\/wp-json\/wp\/v2\/users\/1"}],"replies":[{"embeddable":true,"href":"https:\/\/wldstainless.com\/de\/wp-json\/wp\/v2\/comments?post=1541"}],"version-history":[{"count":5,"href":"https:\/\/wldstainless.com\/de\/wp-json\/wp\/v2\/pages\/1541\/revisions"}],"predecessor-version":[{"id":1919,"href":"https:\/\/wldstainless.com\/de\/wp-json\/wp\/v2\/pages\/1541\/revisions\/1919"}],"up":[{"embeddable":true,"href":"https:\/\/wldstainless.com\/de\/wp-json\/wp\/v2\/pages\/1321"}],"wp:attachment":[{"href":"https:\/\/wldstainless.com\/de\/wp-json\/wp\/v2\/media?parent=1541"}],"curies":[{"name":"wp","href":"https:\/\/api.w.org\/{rel}","templated":true}]}}