{"id":1535,"date":"2020-08-20T06:39:12","date_gmt":"2020-08-20T06:39:12","guid":{"rendered":"http:\/\/wldstainless.com\/?page_id=1535"},"modified":"2020-09-18T09:48:31","modified_gmt":"2020-09-18T09:48:31","slug":"440c-stainless-steel","status":"publish","type":"page","link":"https:\/\/wldstainless.com\/de\/materials\/martensitic-stainless-steel\/440c-stainless-steel\/","title":{"rendered":"440C Edelstahl"},"content":{"rendered":"<div class='flex_column_table av-equal-height-column-flextable -flextable' ><div class=\"flex_column av_one_fourth  flex_column_table_cell av-equal-height-column av-align-top av-zero-column-padding first\" style='border-radius:0px; '><p><div class='avia-builder-widget-area clearfix'><div id=\"nav_menu-5\" class=\"widget clearfix widget_nav_menu\"><h3 class=\"widgettitle\">Material<\/h3><div class=\"menu-products-sidebar-menu-container\"><ul id=\"menu-products-sidebar-menu\" class=\"menu\"><li id=\"menu-item-1329\" class=\"menu-item menu-item-type-post_type menu-item-object-page menu-item-1329\"><a href=\"https:\/\/wldstainless.com\/de\/materials\/ferritic-stainless-steel\/\">Ferritischer Edelstahl<\/a><\/li>\n<li id=\"menu-item-1328\" class=\"menu-item menu-item-type-post_type menu-item-object-page menu-item-1328\"><a href=\"https:\/\/wldstainless.com\/de\/materials\/martensitic-stainless-steel\/\">Martensitischer Edelstahl<\/a><\/li>\n<li id=\"menu-item-1327\" class=\"menu-item menu-item-type-post_type menu-item-object-page menu-item-1327\"><a href=\"https:\/\/wldstainless.com\/de\/materials\/austenitic-stainless-steel\/\">Austenitischem Edelstahl<\/a><\/li>\n<li id=\"menu-item-1889\" class=\"menu-item menu-item-type-post_type menu-item-object-page menu-item-1889\"><a href=\"https:\/\/wldstainless.com\/de\/materials\/duplex-stainless-steel\/\">Duplex-Edelstahl<\/a><\/li>\n<\/ul><\/div><\/div><\/div><br \/>\n<div  class='hr hr-default'><span class='hr-inner' ><span class='hr-inner-style'><\/span><\/span><\/div><br \/>\n<div class='avia-button-wrap avia-button-left'><a href='http:\/\/wldstainless.com\/contact\/#contact' class='avia-button   avia-icon_select-yes-left-icon avia-color-custom avia-size-large avia-position-left'  target=\"_blank\"  style='background-color:#e82221; border-color:#e82221; color:#ffffff; ' ><span class='avia_button_icon avia_button_icon_left' aria-hidden='true' data-av_icon='\ue84b' data-av_iconfont='entypo-fontello'><\/span><span class='avia_iconbox_title' >Angebot anfordern<\/span><\/a><\/div><\/p><\/div><\/div><!--close column table wrapper. Autoclose: 1 --><div class='flex_column_table av-equal-height-column-flextable -flextable' ><div class='av-flex-placeholder'><\/div><div class=\"flex_column av_three_fourth  flex_column_table_cell av-equal-height-column av-align-top av-zero-column-padding\" style='border-radius:0px; '><p><div style='padding-bottom:10px;color:#d3311f;font-size:26px;' class='av-special-heading av-special-heading-h3 custom-color-heading blockquote modern-quote   av-inherit-size'><h3 class='av-special-heading-tag'  itemprop=\"headline\"  >440C Edelstahl <\/h3><div class='special-heading-border'><div class='special-heading-inner-border' style='border-color:#d3311f'><\/div><\/div><\/div><br \/>\n<section class=\"av_textblock_section\"  itemscope=\"itemscope\" itemtype=\"https:\/\/schema.org\/CreativeWork\" ><div class='avia_textblock'   itemprop=\"text\" ><p>WLD Steel ist ein f\u00fchrender Hersteller, Lieferant und Exporteur von Edelstahl 440C, der in verschiedenen Gr\u00f6\u00dfen und Formen erh\u00e4ltlich ist, darunter Stangen, St\u00e4be und Bleche. Edelstahl 440 ist ein martensitischer Edelstahl mit hohem Kohlenstoff- und Chromgehalt. Er zeichnet sich durch gute Korrosionsbest\u00e4ndigkeit in milden h\u00e4uslichen Umgebungen und starker Oxidation ohne Schmierung aus. Es gibt drei Typen: 440A, 440B und 440C, bei denen der Kohlenstoffgehalt und die H\u00e4rte sukzessive zunehmen (A-0,75%, B-0,9%, C-1,2%). 440C ist die am h\u00e4ufigsten verwendete Stahlsorte und 440F ist der auf 440C basierende freischneidende Typ. 440C bietet im geh\u00e4rteten und angelassenen Zustand extrem hohe Festigkeit, H\u00e4rte und Verschlei\u00dffestigkeit und seine H\u00e4rte kann bis zu 58 HRC betragen. Zu den typischen Anwendungsgebieten von 440C-Stahl z\u00e4hlen Kugellager und Laufringe, Buchsen, Besteck, Messerklingen, Pumpenteile, chirurgische Instrumente, Ventilsitze usw.<\/p>\n<p><strong>Welche Formen und Spezifikationen von 440C sind bei WLD Steel verf\u00fcgbar?<\/strong><\/p>\n<ul>\n<li>Blech\/Platte\/Spule: ASTM A240, ASTM A480<\/li>\n<li>Rundstab: ASTM A276, ASTM A479<\/li>\n<\/ul>\n<\/div><\/section><br \/>\n<div class=\"togglecontainer   toggle_close_all\" >\n<section class=\"av_toggle_section\"  itemscope=\"itemscope\" itemtype=\"https:\/\/schema.org\/CreativeWork\"  >    <div class=\"single_toggle\" data-tags=\"{Alle} \"  >        <p data-fake-id=\"#toggle-id-1\" class=\"toggler\"  itemprop=\"headline\"  >440C-\u00c4quivalente G\u00fcteklassen<span class=\"toggle_icon\" >        <span class=\"vert_icon\"><\/span><span class=\"hor_icon\"><\/span><\/span><\/p>        <div id=\"toggle-id-1-container\" class=\"toggle_wrap\"  >            <div class=\"toggle_content invers-color\"  itemprop=\"text\"   ><table>\n<tbody>\n<tr>\n<td width=\"120\">Standard<\/td>\n<td width=\"119\">SAE<\/td>\n<td width=\"119\">UNS<\/td>\n<td width=\"120\">JIS<\/td>\n<td width=\"133\">L\u00c4RM<\/td>\n<td width=\"120\">NF<\/td>\n<td width=\"119\">Gro\u00dfbritannien<\/td>\n<\/tr>\n<tr>\n<td width=\"120\">440C<\/td>\n<td width=\"119\">51440C<\/td>\n<td width=\"119\">S44004<\/td>\n<td width=\"120\">SUS440C<\/td>\n<td width=\"133\">X105CrMo17<\/td>\n<td width=\"120\">Z100CD17<\/td>\n<td width=\"119\">11Cr17<\/td>\n<\/tr>\n<\/tbody>\n<\/table>\n            <\/div>        <\/div>    <\/div><\/section>\n<section class=\"av_toggle_section\"  itemscope=\"itemscope\" itemtype=\"https:\/\/schema.org\/CreativeWork\"  >    <div class=\"single_toggle\" data-tags=\"{Alle} \"  >        <p data-fake-id=\"#toggle-id-2\" class=\"toggler\"  itemprop=\"headline\"  >440C Chemische Zusammensetzung<span class=\"toggle_icon\" >        <span class=\"vert_icon\"><\/span><span class=\"hor_icon\"><\/span><\/span><\/p>        <div id=\"toggle-id-2-container\" class=\"toggle_wrap\"  >            <div class=\"toggle_content invers-color\"  itemprop=\"text\"   ><table>\n<tbody>\n<tr>\n<td width=\"121\">C<\/td>\n<td width=\"121\">Si<\/td>\n<td width=\"121\">Mn<\/td>\n<td width=\"121\">Ni<\/td>\n<td width=\"123\">Cr<\/td>\n<td width=\"121\">P<\/td>\n<td width=\"121\">S<\/td>\n<\/tr>\n<tr>\n<td width=\"121\">0.95-1.20<\/td>\n<td width=\"121\">1.00<\/td>\n<td width=\"121\">1.00<\/td>\n<td width=\"121\">1.00<\/td>\n<td width=\"123\">16.00-18.00<\/td>\n<td width=\"121\">0.04<\/td>\n<td width=\"121\">0.03<\/td>\n<\/tr>\n<\/tbody>\n<\/table>\n            <\/div>        <\/div>    <\/div><\/section>\n<section class=\"av_toggle_section\"  itemscope=\"itemscope\" itemtype=\"https:\/\/schema.org\/CreativeWork\"  >    <div class=\"single_toggle\" data-tags=\"{Alle} \"  >        <p data-fake-id=\"#toggle-id-3\" class=\"toggler\"  itemprop=\"headline\"  >440C Mechanische Eigenschaften<span class=\"toggle_icon\" >        <span class=\"vert_icon\"><\/span><span class=\"hor_icon\"><\/span><\/span><\/p>        <div id=\"toggle-id-3-container\" class=\"toggle_wrap\"  >            <div class=\"toggle_content invers-color\"  itemprop=\"text\"   ><table>\n<tbody>\n<tr>\n<td width=\"116\">Noten<\/td>\n<td width=\"162\">Zugfestigkeit (Mpa)<\/td>\n<td width=\"190\">0,2% Streckgrenze (Mpa)<\/td>\n<td width=\"214\">Verl\u00e4ngerung, % in 2\u2033 (51 mm)<\/td>\n<td width=\"160\">H\u00e4rte, HB<\/td>\n<\/tr>\n<tr>\n<td width=\"116\">440C<\/td>\n<td width=\"162\">785<\/td>\n<td width=\"190\">420<\/td>\n<td width=\"214\">15<\/td>\n<td width=\"160\">240<\/td>\n<\/tr>\n<\/tbody>\n<\/table>\n            <\/div>        <\/div>    <\/div><\/section>\n<\/div><\/p><\/div><\/div><!--close column table wrapper. Autoclose: 1 --><\/p>","protected":false},"excerpt":{"rendered":"","protected":false},"author":1,"featured_media":0,"parent":1321,"menu_order":0,"comment_status":"closed","ping_status":"closed","template":"","meta":{"footnotes":""},"class_list":["post-1535","page","type-page","status-publish","hentry"],"aioseo_notices":[],"_links":{"self":[{"href":"https:\/\/wldstainless.com\/de\/wp-json\/wp\/v2\/pages\/1535","targetHints":{"allow":["GET"]}}],"collection":[{"href":"https:\/\/wldstainless.com\/de\/wp-json\/wp\/v2\/pages"}],"about":[{"href":"https:\/\/wldstainless.com\/de\/wp-json\/wp\/v2\/types\/page"}],"author":[{"embeddable":true,"href":"https:\/\/wldstainless.com\/de\/wp-json\/wp\/v2\/users\/1"}],"replies":[{"embeddable":true,"href":"https:\/\/wldstainless.com\/de\/wp-json\/wp\/v2\/comments?post=1535"}],"version-history":[{"count":5,"href":"https:\/\/wldstainless.com\/de\/wp-json\/wp\/v2\/pages\/1535\/revisions"}],"predecessor-version":[{"id":1923,"href":"https:\/\/wldstainless.com\/de\/wp-json\/wp\/v2\/pages\/1535\/revisions\/1923"}],"up":[{"embeddable":true,"href":"https:\/\/wldstainless.com\/de\/wp-json\/wp\/v2\/pages\/1321"}],"wp:attachment":[{"href":"https:\/\/wldstainless.com\/de\/wp-json\/wp\/v2\/media?parent=1535"}],"curies":[{"name":"wp","href":"https:\/\/api.w.org\/{rel}","templated":true}]}}