{"id":1529,"date":"2020-08-19T09:37:03","date_gmt":"2020-08-19T09:37:03","guid":{"rendered":"http:\/\/wldstainless.com\/?page_id=1529"},"modified":"2020-09-18T09:44:05","modified_gmt":"2020-09-18T09:44:05","slug":"420-stainless-steel","status":"publish","type":"page","link":"https:\/\/wldstainless.com\/de\/materials\/martensitic-stainless-steel\/420-stainless-steel\/","title":{"rendered":"420 Edelstahl"},"content":{"rendered":"<div class='flex_column_table av-equal-height-column-flextable -flextable' ><div class=\"flex_column av_one_fourth  flex_column_table_cell av-equal-height-column av-align-top av-zero-column-padding first\" style='border-radius:0px; '><p><div class='avia-builder-widget-area clearfix'><div id=\"nav_menu-5\" class=\"widget clearfix widget_nav_menu\"><h3 class=\"widgettitle\">Material<\/h3><div class=\"menu-products-sidebar-menu-container\"><ul id=\"menu-products-sidebar-menu\" class=\"menu\"><li id=\"menu-item-1329\" class=\"menu-item menu-item-type-post_type menu-item-object-page menu-item-1329\"><a href=\"https:\/\/wldstainless.com\/de\/materials\/ferritic-stainless-steel\/\">Ferritischer Edelstahl<\/a><\/li>\n<li id=\"menu-item-1328\" class=\"menu-item menu-item-type-post_type menu-item-object-page menu-item-1328\"><a href=\"https:\/\/wldstainless.com\/de\/materials\/martensitic-stainless-steel\/\">Martensitischer Edelstahl<\/a><\/li>\n<li id=\"menu-item-1327\" class=\"menu-item menu-item-type-post_type menu-item-object-page menu-item-1327\"><a href=\"https:\/\/wldstainless.com\/de\/materials\/austenitic-stainless-steel\/\">Austenitischem Edelstahl<\/a><\/li>\n<li id=\"menu-item-1889\" class=\"menu-item menu-item-type-post_type menu-item-object-page menu-item-1889\"><a href=\"https:\/\/wldstainless.com\/de\/materials\/duplex-stainless-steel\/\">Duplex-Edelstahl<\/a><\/li>\n<\/ul><\/div><\/div><\/div><br \/>\n<div  class='hr hr-default'><span class='hr-inner' ><span class='hr-inner-style'><\/span><\/span><\/div><br \/>\n<div class='avia-button-wrap avia-button-left'><a href='http:\/\/wldstainless.com\/contact\/#contact' class='avia-button   avia-icon_select-yes-left-icon avia-color-custom avia-size-large avia-position-left'  target=\"_blank\"  style='background-color:#e82221; border-color:#e82221; color:#ffffff; ' ><span class='avia_button_icon avia_button_icon_left' aria-hidden='true' data-av_icon='\ue84b' data-av_iconfont='entypo-fontello'><\/span><span class='avia_iconbox_title' >Angebot anfordern<\/span><\/a><\/div><\/p><\/div><\/div><!--close column table wrapper. Autoclose: 1 --><div class='flex_column_table av-equal-height-column-flextable -flextable' ><div class='av-flex-placeholder'><\/div><div class=\"flex_column av_three_fourth  flex_column_table_cell av-equal-height-column av-align-top av-zero-column-padding\" style='border-radius:0px; '><p><div style='padding-bottom:10px;color:#d3311f;font-size:26px;' class='av-special-heading av-special-heading-h3 custom-color-heading blockquote modern-quote   av-inherit-size'><h3 class='av-special-heading-tag'  itemprop=\"headline\"  >420 Edelstahl<\/h3><div class='special-heading-border'><div class='special-heading-inner-border' style='border-color:#d3311f'><\/div><\/div><\/div><br \/>\n<section class=\"av_textblock_section\"  itemscope=\"itemscope\" itemtype=\"https:\/\/schema.org\/CreativeWork\" ><div class='avia_textblock'   itemprop=\"text\" ><p>WLD Steel ist ein f\u00fchrender Hersteller, Lieferant und Exporteur von Edelstahl 420, der in einer Reihe verschiedener Gr\u00f6\u00dfen und Formen erh\u00e4ltlich ist, darunter Rohre, Schl\u00e4uche, Bleche, Platten, Stangen, St\u00e4be und andere Formen wie Winkel, Kan\u00e4le, Balken, Schnittst\u00fccke und so weiter. Kohlenstoffreicher martensitischer Edelstahl 420, auch bekannt als \u201eBesteckstahl\u201c oder \u201echirurgischer Stahl\u201c. Er kann durch W\u00e4rmebehandlung geh\u00e4rtet werden, was Metallverarbeitern eine gute Duktilit\u00e4t sowie eine ausgezeichnete Polierbarkeit verleiht. Edelstahl Typ 420 wird h\u00e4ufig dort verwendet, wo gute Korrosionsbest\u00e4ndigkeit und H\u00e4rte erforderlich sind. Typische Anwendungen sind Besteck, chirurgische und zahn\u00e4rztliche Instrumente, Scheren, Ma\u00dfb\u00e4nder und gerade Kanten, Messger\u00e4te, Nadelventile, Kugelr\u00fcckschlagventile, Zahnradwellen, Nocken, Drehzapfen, Kugellager und Handwerkzeuge.<\/p>\n<p><strong>Welche 420 Formen und Spezifikationen sind bei WLD Steel verf\u00fcgbar?<\/strong><\/p>\n<table>\n<tbody>\n<tr>\n<td width=\"170\">Blech\/Platte\/Spule<\/td>\n<td width=\"170\">Nahtlose Rohre\/R\u00f6hren<\/td>\n<td width=\"170\">Geschwei\u00dftes Rohr<\/td>\n<td width=\"170\">Rundstab<\/td>\n<td width=\"170\">Geformter Stahl (geformt)<\/td>\n<\/tr>\n<tr>\n<td width=\"170\">ASTM A240<\/p>\n<p>ASTM A480<\/td>\n<td width=\"170\">ASTM A312<\/p>\n<p>ASTM A213<\/td>\n<td width=\"170\">ASTM A554<\/td>\n<td width=\"170\">ASTM A276<\/p>\n<p>ASTM A479<\/td>\n<td width=\"170\">ASTM A276<\/td>\n<\/tr>\n<\/tbody>\n<\/table>\n<\/div><\/section><br \/>\n<div class=\"togglecontainer   toggle_close_all\" >\n<section class=\"av_toggle_section\"  itemscope=\"itemscope\" itemtype=\"https:\/\/schema.org\/CreativeWork\"  >    <div class=\"single_toggle\" data-tags=\"{Alle} \"  >        <p data-fake-id=\"#toggle-id-1\" class=\"toggler\"  itemprop=\"headline\"  >420 \u00c4quivalente Noten<span class=\"toggle_icon\" >        <span class=\"vert_icon\"><\/span><span class=\"hor_icon\"><\/span><\/span><\/p>        <div id=\"toggle-id-1-container\" class=\"toggle_wrap\"  >            <div class=\"toggle_content invers-color\"  itemprop=\"text\"   ><table>\n<tbody>\n<tr>\n<td width=\"121\">STANDARD<\/td>\n<td width=\"121\">UNS<\/td>\n<td width=\"121\">DE<\/td>\n<td width=\"121\">BS<\/td>\n<td width=\"121\">JIS<\/td>\n<td width=\"121\">L\u00c4RM<\/td>\n<td width=\"121\">Gro\u00dfbritannien<\/td>\n<\/tr>\n<tr>\n<td width=\"121\">SS 420<\/td>\n<td width=\"121\">S42010<\/td>\n<td width=\"121\">X20Cr13<\/td>\n<td width=\"121\">420S29 \/ 420S37<\/td>\n<td width=\"121\">SUS420 J1<\/p>\n<p>SUS 420 J2<\/td>\n<td width=\"121\">1.4021<\/td>\n<td width=\"121\">2cr13<\/td>\n<\/tr>\n<\/tbody>\n<\/table>\n            <\/div>        <\/div>    <\/div><\/section>\n<section class=\"av_toggle_section\"  itemscope=\"itemscope\" itemtype=\"https:\/\/schema.org\/CreativeWork\"  >    <div class=\"single_toggle\" data-tags=\"{Alle} \"  >        <p data-fake-id=\"#toggle-id-2\" class=\"toggler\"  itemprop=\"headline\"  >420 Chemische Zusammensetzung<span class=\"toggle_icon\" >        <span class=\"vert_icon\"><\/span><span class=\"hor_icon\"><\/span><\/span><\/p>        <div id=\"toggle-id-2-container\" class=\"toggle_wrap\"  >            <div class=\"toggle_content invers-color\"  itemprop=\"text\"   ><table>\n<tbody>\n<tr>\n<td width=\"86\">Grad<\/td>\n<td width=\"108\">C<\/td>\n<td width=\"108\">Si<\/td>\n<td width=\"108\">Mn<\/td>\n<td width=\"108\">P<\/td>\n<td width=\"108\">S<\/td>\n<td width=\"108\">Ni<\/td>\n<td width=\"108\">Cr<\/td>\n<\/tr>\n<tr>\n<td width=\"86\">SS 420<\/td>\n<td width=\"108\">0.15\u00a0-0.36<\/td>\n<td width=\"108\">\u22641,00<\/td>\n<td width=\"108\">\u22641,5<\/td>\n<td width=\"108\">max 0,04<\/td>\n<td width=\"108\">max 0,015<\/td>\n<td width=\"108\">\u22641,00<\/td>\n<td width=\"108\">12.00-\u00a014.00<\/td>\n<\/tr>\n<\/tbody>\n<\/table>\n            <\/div>        <\/div>    <\/div><\/section>\n<section class=\"av_toggle_section\"  itemscope=\"itemscope\" itemtype=\"https:\/\/schema.org\/CreativeWork\"  >    <div class=\"single_toggle\" data-tags=\"{Alle} \"  >        <p data-fake-id=\"#toggle-id-3\" class=\"toggler\"  itemprop=\"headline\"  >420 Mechanische Eigenschaften<span class=\"toggle_icon\" >        <span class=\"vert_icon\"><\/span><span class=\"hor_icon\"><\/span><\/span><\/p>        <div id=\"toggle-id-3-container\" class=\"toggle_wrap\"  >            <div class=\"toggle_content invers-color\"  itemprop=\"text\"   ><table>\n<tbody>\n<tr>\n<td width=\"116\">Noten<\/td>\n<td width=\"162\">Zugfestigkeit (Mpa)<\/td>\n<td width=\"190\">0,2% Streckgrenze (Mpa)<\/td>\n<td width=\"214\">Verl\u00e4ngerung, % in 2\u2033 (51 mm)<\/td>\n<td width=\"160\">H\u00e4rte, HB<\/td>\n<\/tr>\n<tr>\n<td width=\"116\">420<\/td>\n<td width=\"162\">650<\/td>\n<td width=\"190\">350<\/td>\n<td width=\"214\">25<\/td>\n<td width=\"160\">196<\/td>\n<\/tr>\n<\/tbody>\n<\/table>\n            <\/div>        <\/div>    <\/div><\/section>\n<\/div><\/p><\/div><\/div><!--close column table wrapper. Autoclose: 1 --><\/p>","protected":false},"excerpt":{"rendered":"","protected":false},"author":1,"featured_media":0,"parent":1321,"menu_order":0,"comment_status":"closed","ping_status":"closed","template":"","meta":{"footnotes":""},"class_list":["post-1529","page","type-page","status-publish","hentry"],"aioseo_notices":[],"_links":{"self":[{"href":"https:\/\/wldstainless.com\/de\/wp-json\/wp\/v2\/pages\/1529","targetHints":{"allow":["GET"]}}],"collection":[{"href":"https:\/\/wldstainless.com\/de\/wp-json\/wp\/v2\/pages"}],"about":[{"href":"https:\/\/wldstainless.com\/de\/wp-json\/wp\/v2\/types\/page"}],"author":[{"embeddable":true,"href":"https:\/\/wldstainless.com\/de\/wp-json\/wp\/v2\/users\/1"}],"replies":[{"embeddable":true,"href":"https:\/\/wldstainless.com\/de\/wp-json\/wp\/v2\/comments?post=1529"}],"version-history":[{"count":5,"href":"https:\/\/wldstainless.com\/de\/wp-json\/wp\/v2\/pages\/1529\/revisions"}],"predecessor-version":[{"id":1920,"href":"https:\/\/wldstainless.com\/de\/wp-json\/wp\/v2\/pages\/1529\/revisions\/1920"}],"up":[{"embeddable":true,"href":"https:\/\/wldstainless.com\/de\/wp-json\/wp\/v2\/pages\/1321"}],"wp:attachment":[{"href":"https:\/\/wldstainless.com\/de\/wp-json\/wp\/v2\/media?parent=1529"}],"curies":[{"name":"wp","href":"https:\/\/api.w.org\/{rel}","templated":true}]}}