{"id":1522,"date":"2020-08-19T06:49:25","date_gmt":"2020-08-19T06:49:25","guid":{"rendered":"http:\/\/wldstainless.com\/?page_id=1522"},"modified":"2020-09-18T09:34:26","modified_gmt":"2020-09-18T09:34:26","slug":"410-410s-stainless-steel","status":"publish","type":"page","link":"https:\/\/wldstainless.com\/de\/materials\/ferritic-stainless-steel\/410-410s-stainless-steel\/","title":{"rendered":"410\/410S Edelstahl"},"content":{"rendered":"<div class='flex_column_table av-equal-height-column-flextable -flextable' ><div class=\"flex_column av_one_fourth  flex_column_table_cell av-equal-height-column av-align-top av-zero-column-padding first\" style='border-radius:0px; '><p><div class='avia-builder-widget-area clearfix'><div id=\"nav_menu-5\" class=\"widget clearfix widget_nav_menu\"><h3 class=\"widgettitle\">Material<\/h3><div class=\"menu-products-sidebar-menu-container\"><ul id=\"menu-products-sidebar-menu\" class=\"menu\"><li id=\"menu-item-1329\" class=\"menu-item menu-item-type-post_type menu-item-object-page menu-item-1329\"><a href=\"https:\/\/wldstainless.com\/de\/materials\/ferritic-stainless-steel\/\">Ferritischer Edelstahl<\/a><\/li>\n<li id=\"menu-item-1328\" class=\"menu-item menu-item-type-post_type menu-item-object-page menu-item-1328\"><a href=\"https:\/\/wldstainless.com\/de\/materials\/martensitic-stainless-steel\/\">Martensitischer Edelstahl<\/a><\/li>\n<li id=\"menu-item-1327\" class=\"menu-item menu-item-type-post_type menu-item-object-page menu-item-1327\"><a href=\"https:\/\/wldstainless.com\/de\/materials\/austenitic-stainless-steel\/\">Austenitischem Edelstahl<\/a><\/li>\n<li id=\"menu-item-1889\" class=\"menu-item menu-item-type-post_type menu-item-object-page menu-item-1889\"><a href=\"https:\/\/wldstainless.com\/de\/materials\/duplex-stainless-steel\/\">Duplex-Edelstahl<\/a><\/li>\n<\/ul><\/div><\/div><\/div><br \/>\n<div  class='hr hr-default'><span class='hr-inner' ><span class='hr-inner-style'><\/span><\/span><\/div><br \/>\n<div class='avia-button-wrap avia-button-left'><a href='http:\/\/wldstainless.com\/contact\/#contact' class='avia-button   avia-icon_select-yes-left-icon avia-color-custom avia-size-large avia-position-left'  target=\"_blank\"  style='background-color:#e82221; border-color:#e82221; color:#ffffff; ' ><span class='avia_button_icon avia_button_icon_left' aria-hidden='true' data-av_icon='\ue84b' data-av_iconfont='entypo-fontello'><\/span><span class='avia_iconbox_title' >Angebot anfordern<\/span><\/a><\/div><\/p><\/div><\/div><!--close column table wrapper. Autoclose: 1 --><div class='flex_column_table av-equal-height-column-flextable -flextable' ><div class='av-flex-placeholder'><\/div><div class=\"flex_column av_three_fourth  flex_column_table_cell av-equal-height-column av-align-top av-zero-column-padding\" style='border-radius:0px; '><p><div style='padding-bottom:10px;color:#d3311f;' class='av-special-heading av-special-heading-h3 custom-color-heading'><h3 class='av-special-heading-tag'  itemprop=\"headline\"  >410\/410S Edelstahl <\/h3><div class='special-heading-border'><div class='special-heading-inner-border' style='border-color:#d3311f'><\/div><\/div><\/div><br \/>\n<section class=\"av_textblock_section\"  itemscope=\"itemscope\" itemtype=\"https:\/\/schema.org\/CreativeWork\" ><div class='avia_textblock'   itemprop=\"text\" ><p>WLD Steel ist ein f\u00fchrender Hersteller, Lieferant und Exporteur von Edelstahl 410\/410S, der in verschiedenen Gr\u00f6\u00dfen und Formen erh\u00e4ltlich ist, darunter Rohre, Schl\u00e4uche, Bleche, Platten, Stangen, St\u00e4be und andere Formen wie Engel, Kan\u00e4le, Kreise, Schnittst\u00fccke und so weiter.<\/p>\n<p>Edelstahl 410 ist ein kosteng\u00fcnstiger, w\u00e4rmebehandelbarer Edelstahl f\u00fcr allgemeine Zwecke, der h\u00e4ufig dort verwendet wird, wo Korrosion nicht stark auftritt (Luft, Wasser, einige Chemikalien und Lebensmittels\u00e4uren oder stark beanspruchte Teile, bei denen Festigkeit und Korrosionsbest\u00e4ndigkeit kombiniert werden m\u00fcssen, wie z. B. Befestigungselemente und Ventilteile). 410S ist die kohlenstoff\u00e4rmere Version von Typ 410. Er bietet eine bessere Schwei\u00dfbarkeit, aber eine geringere H\u00e4rtbarkeit und wird f\u00fcr korrosionsbest\u00e4ndige Anwendungen empfohlen, wie z. B. in Abgasbehandlungsanlagen von Kraftfahrzeugen, Brennkammern von Heizkesseln oder D\u00fcsen.<\/p>\n<p><strong>Welche 410\/410S-Formen sind bei WLD Steel verf\u00fcgbar?<\/strong><\/p>\n<table>\n<tbody>\n<tr>\n<td width=\"170\">Blech\/Platte\/Spule<\/td>\n<td width=\"170\">Nahtlose Rohre\/R\u00f6hren<\/td>\n<td width=\"170\">Geschwei\u00dftes Rohr<\/td>\n<td width=\"170\">Rundstab<\/td>\n<td width=\"170\">Geformter Stahl (geformt)<\/td>\n<\/tr>\n<tr>\n<td width=\"170\">ASTM A240<\/p>\n<p>ASTM A480<\/td>\n<td width=\"170\">ASTM A312<\/p>\n<p>ASTM A213<\/td>\n<td width=\"170\">ASTM A554<\/td>\n<td width=\"170\">ASTM A276<\/p>\n<p>ASTM A479<\/td>\n<td width=\"170\">ASTM A276<\/td>\n<\/tr>\n<\/tbody>\n<\/table>\n<\/div><\/section><br \/>\n<div class=\"togglecontainer\" >\n<section class=\"av_toggle_section\"  itemscope=\"itemscope\" itemtype=\"https:\/\/schema.org\/CreativeWork\"  >    <div class=\"single_toggle\" data-tags=\"{Alle} \"  >        <p data-fake-id=\"#toggle-id-1\" class=\"toggler\"  itemprop=\"headline\"  >410\/410S Stahl\u00e4quivalente Materialien<span class=\"toggle_icon\" >        <span class=\"vert_icon\"><\/span><span class=\"hor_icon\"><\/span><\/span><\/p>        <div id=\"toggle-id-1-container\" class=\"toggle_wrap\"  >            <div class=\"toggle_content invers-color\"  itemprop=\"text\"   ><table>\n<tbody>\n<tr>\n<td width=\"106\">Grad<\/td>\n<td width=\"106\">UNS<\/td>\n<td width=\"106\">AISI<\/td>\n<td width=\"106\">BS<\/td>\n<td width=\"106\">L\u00c4RM<\/td>\n<td width=\"106\">DE<\/td>\n<td width=\"106\">JIS<\/td>\n<td width=\"106\">Gro\u00dfbritannien<\/td>\n<\/tr>\n<tr>\n<td width=\"106\">SS 410<\/td>\n<td width=\"106\">S41000<\/td>\n<td width=\"106\">410<\/td>\n<td width=\"106\">410S21<\/td>\n<td width=\"106\">1.4006<\/td>\n<td width=\"106\">X12Cr13<\/td>\n<td width=\"106\">SUS410<\/td>\n<td width=\"106\">1Cr13<\/td>\n<\/tr>\n<tr>\n<td width=\"106\">SS 410S<\/td>\n<td width=\"106\">S41008<\/td>\n<td width=\"106\">410S<\/td>\n<td width=\"106\"><\/td>\n<td width=\"106\">1.4000<\/td>\n<td width=\"106\"><\/td>\n<td width=\"106\"><\/td>\n<td width=\"106\">00Cr12<\/td>\n<\/tr>\n<\/tbody>\n<\/table>\n            <\/div>        <\/div>    <\/div><\/section>\n<section class=\"av_toggle_section\"  itemscope=\"itemscope\" itemtype=\"https:\/\/schema.org\/CreativeWork\"  >    <div class=\"single_toggle\" data-tags=\"{Alle} \"  >        <p data-fake-id=\"#toggle-id-2\" class=\"toggler\"  itemprop=\"headline\"  >410\/410S Chemische Zusammensetzung <span class=\"toggle_icon\" >        <span class=\"vert_icon\"><\/span><span class=\"hor_icon\"><\/span><\/span><\/p>        <div id=\"toggle-id-2-container\" class=\"toggle_wrap\"  >            <div class=\"toggle_content invers-color\"  itemprop=\"text\"   ><table>\n<tbody>\n<tr>\n<td width=\"73\">Grad<\/td>\n<td width=\"126\">Cr<\/td>\n<td width=\"76\">Mn<\/td>\n<td width=\"76\">Si<\/td>\n<td width=\"97\">Ni<\/td>\n<td width=\"81\">C<\/td>\n<td width=\"87\">P<\/td>\n<td width=\"87\">S<\/td>\n<td width=\"81\">Fe<\/td>\n<\/tr>\n<tr>\n<td width=\"73\">SS 410<\/td>\n<td width=\"126\">11.50 \u2013 13.50<\/td>\n<td width=\"76\">\u22641,50<\/td>\n<td width=\"76\">\u22641,00<\/td>\n<td width=\"97\">\u2264 0,75<\/td>\n<td width=\"81\">0,08 \u2013 0,15<\/td>\n<td width=\"87\">0.04<\/td>\n<td width=\"87\">0.02<\/td>\n<td width=\"81\">Gleichgewicht<\/td>\n<\/tr>\n<tr>\n<td width=\"73\">SS 410S<\/td>\n<td width=\"126\">11.50\u201313.50<\/td>\n<td width=\"76\">1,00 max<\/td>\n<td width=\"76\">1.00<\/td>\n<td width=\"97\">0.20-0.55<\/td>\n<td width=\"81\">0.08<\/td>\n<td width=\"87\">0.040<\/td>\n<td width=\"87\">0.030<\/td>\n<td width=\"81\">Gleichgewicht<\/td>\n<\/tr>\n<\/tbody>\n<\/table>\n            <\/div>        <\/div>    <\/div><\/section>\n<section class=\"av_toggle_section\"  itemscope=\"itemscope\" itemtype=\"https:\/\/schema.org\/CreativeWork\"  >    <div class=\"single_toggle\" data-tags=\"{Alle} \"  >        <p data-fake-id=\"#toggle-id-3\" class=\"toggler\"  itemprop=\"headline\"  >410\/410S Mechanische Eigenschaften<span class=\"toggle_icon\" >        <span class=\"vert_icon\"><\/span><span class=\"hor_icon\"><\/span><\/span><\/p>        <div id=\"toggle-id-3-container\" class=\"toggle_wrap\"  >            <div class=\"toggle_content invers-color\"  itemprop=\"text\"   ><table>\n<tbody>\n<tr>\n<td width=\"116\">Noten<\/td>\n<td width=\"162\">Zugfestigkeit (Mpa)<\/td>\n<td width=\"190\">0,2% Streckgrenze (Mpa)<\/td>\n<td width=\"214\">Verl\u00e4ngerung, % in 2\u2033 (51 mm)<\/td>\n<td width=\"160\">H\u00e4rtungsverhalten HRC<\/td>\n<\/tr>\n<tr>\n<td width=\"116\">SS 410 \/ 410S<\/td>\n<td width=\"162\">450\u2013 510<\/td>\n<td width=\"190\">205 \u2013 290<\/td>\n<td width=\"214\">20 \u2013 34<\/td>\n<td width=\"160\">38-45<\/td>\n<\/tr>\n<\/tbody>\n<\/table>\n            <\/div>        <\/div>    <\/div><\/section>\n<\/div><\/p><\/div><\/div><!--close column table wrapper. Autoclose: 1 --><\/p>","protected":false},"excerpt":{"rendered":"","protected":false},"author":1,"featured_media":0,"parent":159,"menu_order":0,"comment_status":"closed","ping_status":"closed","template":"","meta":{"footnotes":""},"class_list":["post-1522","page","type-page","status-publish","hentry"],"aioseo_notices":[],"_links":{"self":[{"href":"https:\/\/wldstainless.com\/de\/wp-json\/wp\/v2\/pages\/1522","targetHints":{"allow":["GET"]}}],"collection":[{"href":"https:\/\/wldstainless.com\/de\/wp-json\/wp\/v2\/pages"}],"about":[{"href":"https:\/\/wldstainless.com\/de\/wp-json\/wp\/v2\/types\/page"}],"author":[{"embeddable":true,"href":"https:\/\/wldstainless.com\/de\/wp-json\/wp\/v2\/users\/1"}],"replies":[{"embeddable":true,"href":"https:\/\/wldstainless.com\/de\/wp-json\/wp\/v2\/comments?post=1522"}],"version-history":[{"count":6,"href":"https:\/\/wldstainless.com\/de\/wp-json\/wp\/v2\/pages\/1522\/revisions"}],"predecessor-version":[{"id":1913,"href":"https:\/\/wldstainless.com\/de\/wp-json\/wp\/v2\/pages\/1522\/revisions\/1913"}],"up":[{"embeddable":true,"href":"https:\/\/wldstainless.com\/de\/wp-json\/wp\/v2\/pages\/159"}],"wp:attachment":[{"href":"https:\/\/wldstainless.com\/de\/wp-json\/wp\/v2\/media?parent=1522"}],"curies":[{"name":"wp","href":"https:\/\/api.w.org\/{rel}","templated":true}]}}