{"id":1502,"date":"2020-08-17T05:48:30","date_gmt":"2020-08-17T05:48:30","guid":{"rendered":"http:\/\/wldstainless.com\/?page_id=1502"},"modified":"2020-09-18T09:28:55","modified_gmt":"2020-09-18T09:28:55","slug":"316-316l-stainless-steel","status":"publish","type":"page","link":"https:\/\/wldstainless.com\/de\/materials\/austenitic-stainless-steel\/316-316l-stainless-steel\/","title":{"rendered":"316\/316L Edelstahl"},"content":{"rendered":"<div class='flex_column_table av-equal-height-column-flextable -flextable' ><div class=\"flex_column av_one_fourth  flex_column_table_cell av-equal-height-column av-align-top av-zero-column-padding first\" style='border-radius:0px; '><p><div class='avia-builder-widget-area clearfix'><div id=\"nav_menu-5\" class=\"widget clearfix widget_nav_menu\"><h3 class=\"widgettitle\">Material<\/h3><div class=\"menu-products-sidebar-menu-container\"><ul id=\"menu-products-sidebar-menu\" class=\"menu\"><li id=\"menu-item-1329\" class=\"menu-item menu-item-type-post_type menu-item-object-page menu-item-1329\"><a href=\"https:\/\/wldstainless.com\/de\/materials\/ferritic-stainless-steel\/\">Ferritischer Edelstahl<\/a><\/li>\n<li id=\"menu-item-1328\" class=\"menu-item menu-item-type-post_type menu-item-object-page menu-item-1328\"><a href=\"https:\/\/wldstainless.com\/de\/materials\/martensitic-stainless-steel\/\">Martensitischer Edelstahl<\/a><\/li>\n<li id=\"menu-item-1327\" class=\"menu-item menu-item-type-post_type menu-item-object-page menu-item-1327\"><a href=\"https:\/\/wldstainless.com\/de\/materials\/austenitic-stainless-steel\/\">Austenitischem Edelstahl<\/a><\/li>\n<li id=\"menu-item-1889\" class=\"menu-item menu-item-type-post_type menu-item-object-page menu-item-1889\"><a href=\"https:\/\/wldstainless.com\/de\/materials\/duplex-stainless-steel\/\">Duplex-Edelstahl<\/a><\/li>\n<\/ul><\/div><\/div><\/div><br \/>\n<div  class='hr hr-default'><span class='hr-inner' ><span class='hr-inner-style'><\/span><\/span><\/div><br \/>\n<div class='avia-button-wrap avia-button-left'><a href='http:\/\/wldstainless.com\/contact\/#contact' class='avia-button   avia-icon_select-yes-left-icon avia-color-custom avia-size-large avia-position-left'  target=\"_blank\"  style='background-color:#e82221; border-color:#e82221; color:#ffffff; ' ><span class='avia_button_icon avia_button_icon_left' aria-hidden='true' data-av_icon='\ue84b' data-av_iconfont='entypo-fontello'><\/span><span class='avia_iconbox_title' >Angebot anfordern<\/span><\/a><\/div><\/p><\/div><\/div><!--close column table wrapper. Autoclose: 1 --><div class='flex_column_table av-equal-height-column-flextable -flextable' ><div class='av-flex-placeholder'><\/div><div class=\"flex_column av_three_fourth  flex_column_table_cell av-equal-height-column av-align-top av-zero-column-padding\" style='border-radius:0px; '><p><div style='padding-bottom:10px;color:#d3311f;font-size:26px;' class='av-special-heading av-special-heading-h3 custom-color-heading blockquote modern-quote   av-inherit-size'><h3 class='av-special-heading-tag'  itemprop=\"headline\"  >316\/316L Edelstahl<\/h3><div class='special-heading-border'><div class='special-heading-inner-border' style='border-color:#d3311f'><\/div><\/div><\/div><br \/>\n<section class=\"av_textblock_section\"  itemscope=\"itemscope\" itemtype=\"https:\/\/schema.org\/CreativeWork\" ><div class='avia_textblock'   itemprop=\"text\" ><p>WLD Steel ist ein f\u00fchrender Hersteller, Lieferant und Exporteur von Edelstahl 316\/316L in Form von Rohren, Schl\u00e4uchen, Blechen, Platten, Stangen, St\u00e4ben und anderen Formen wie Engeln, Kan\u00e4len, Kreisen, Schnittst\u00fccken usw. \u00c4hnlich wie 304 und 304L, jedoch mit h\u00f6herem Mo-Gehalt, bieten austenitische Edelstahlsorten 316 und 316L gute Festigkeit, Plastizit\u00e4t, Z\u00e4higkeit und Kaltformungseigenschaften. 316L ist eine kohlenstoffarme Version von 316 mit etwas geringerer Festigkeit.<\/p>\n<p>Beide sind korrosionsbest\u00e4ndig und zeigen bei niedrigen Temperaturen gute Ergebnisse, insbesondere bei verschiedenen organischen S\u00e4uren, anorganischen S\u00e4uren, Basen und Salzen (wie schweflige S\u00e4ure, Schwefels\u00e4ure, Phosphors\u00e4ure, Essigs\u00e4ure, Ameisens\u00e4ure usw.) und Meerwasser. Es ist erw\u00e4hnenswert, dass ihre Korrosionsbest\u00e4ndigkeit in reduzierenden S\u00e4uremedien der von Edelstahl 304 und 304L weit \u00fcberlegen ist.<\/p>\n<p>Welche Formen und Spezifikationen von 316\/316L sind bei WLD Steel verf\u00fcgbar?<\/p>\n<table>\n<tbody>\n<tr>\n<td width=\"170\">Blech\/Platte\/Spule<\/td>\n<td width=\"170\">Nahtlose Rohre\/R\u00f6hren<\/td>\n<td width=\"170\">Geschwei\u00dftes Rohr<\/td>\n<td width=\"170\">Rundstab<\/td>\n<td width=\"170\">Geformter Stahl (geformt)<\/td>\n<\/tr>\n<tr>\n<td width=\"170\">ASTM A240<\/td>\n<td width=\"170\">ASTM A789;<\/p>\n<p>ASTM A790<\/td>\n<td width=\"170\">ASTM A928<\/td>\n<td width=\"170\">ASTM A276;<\/p>\n<p>ASTM A479<\/td>\n<td width=\"170\">ASTM A276<\/td>\n<\/tr>\n<\/tbody>\n<\/table>\n<h2><\/h2>\n<\/div><\/section><br \/>\n<div class=\"togglecontainer   toggle_close_all\" >\n<section class=\"av_toggle_section\"  itemscope=\"itemscope\" itemtype=\"https:\/\/schema.org\/CreativeWork\"  >    <div class=\"single_toggle\" data-tags=\"{Alle} \"  >        <p data-fake-id=\"#toggle-id-1\" class=\"toggler\"  itemprop=\"headline\"  >316\/316L-\u00c4quivalente<span class=\"toggle_icon\" >        <span class=\"vert_icon\"><\/span><span class=\"hor_icon\"><\/span><\/span><\/p>        <div id=\"toggle-id-1-container\" class=\"toggle_wrap\"  >            <div class=\"toggle_content invers-color\"  itemprop=\"text\"   ><table>\n<tbody>\n<tr>\n<td width=\"123\">STANDARD<\/td>\n<td width=\"123\">WERKSTOFF NR.<\/td>\n<td width=\"123\">UNS<\/td>\n<td width=\"123\">JIS<\/td>\n<td width=\"123\">BS<\/td>\n<td width=\"123\">DE<\/td>\n<td width=\"124\">Gro\u00dfbritannien<\/td>\n<\/tr>\n<tr>\n<td width=\"123\">SS 316<\/td>\n<td width=\"123\">1.4401\/\u00a01.4436<\/td>\n<td width=\"123\">S31600<\/td>\n<td width=\"123\">SUS 316<\/td>\n<td width=\"123\">316S31 \/ 316S33<\/td>\n<td width=\"123\">X5CrNiMo17-12-2 \/ X3CrNiMo17-13-3<\/td>\n<td width=\"124\">06Cr17Ni12Mo2<\/td>\n<\/tr>\n<tr>\n<td width=\"123\">Edelstahl 316L<\/td>\n<td width=\"123\">1.4404\/\u00a01.4435<\/td>\n<td width=\"123\">S31603<\/td>\n<td width=\"123\">SUS 316L<\/td>\n<td width=\"123\">316S11 \/ 316S13<\/td>\n<td width=\"123\">X2CrNiMo17-12-2 \/ X2CrNiMo18-14-3<\/td>\n<td width=\"124\">022Cr17Ni12Mo2<\/td>\n<\/tr>\n<\/tbody>\n<\/table>\n            <\/div>        <\/div>    <\/div><\/section>\n<section class=\"av_toggle_section\"  itemscope=\"itemscope\" itemtype=\"https:\/\/schema.org\/CreativeWork\"  >    <div class=\"single_toggle\" data-tags=\"{Alle} \"  >        <p data-fake-id=\"#toggle-id-2\" class=\"toggler\"  itemprop=\"headline\"  >316\/316L Chemische Zusammensetzung<span class=\"toggle_icon\" >        <span class=\"vert_icon\"><\/span><span class=\"hor_icon\"><\/span><\/span><\/p>        <div id=\"toggle-id-2-container\" class=\"toggle_wrap\"  >            <div class=\"toggle_content invers-color\"  itemprop=\"text\"   ><table>\n<tbody>\n<tr>\n<td width=\"123\">STANDARD<\/td>\n<td width=\"123\">WERKSTOFF NR.<\/td>\n<td width=\"102\">UNS<\/td>\n<td width=\"95\">JIS<\/td>\n<td width=\"123\">BS<\/td>\n<td width=\"183\">DE<\/td>\n<td width=\"113\">Gro\u00dfbritannien<\/td>\n<\/tr>\n<tr>\n<td width=\"123\">SS 316<\/td>\n<td width=\"123\">1.4401\/\u00a01.4436<\/td>\n<td width=\"102\">S31600<\/td>\n<td width=\"95\">SUS 316<\/td>\n<td width=\"123\">316S31 \/ 316S33<\/td>\n<td width=\"183\">X5CrNiMo17-12-2 \/X3CrNiMo17-13-3<\/td>\n<td width=\"113\">06Cr17Ni12Mo2<\/td>\n<\/tr>\n<tr>\n<td width=\"123\">Edelstahl 316L<\/td>\n<td width=\"123\">1.4404\/\u00a01.4435<\/td>\n<td width=\"102\">S31603<\/td>\n<td width=\"95\">SUS 316L<\/td>\n<td width=\"123\">316S11 \/ 316S13<\/td>\n<td width=\"183\">X2CrNiMo17-12-2 \/X2CrNiMo18-14-3<\/td>\n<td width=\"113\">022Cr17Ni12Mo2<\/td>\n<\/tr>\n<\/tbody>\n<\/table>\n            <\/div>        <\/div>    <\/div><\/section>\n<section class=\"av_toggle_section\"  itemscope=\"itemscope\" itemtype=\"https:\/\/schema.org\/CreativeWork\"  >    <div class=\"single_toggle\" data-tags=\"{Alle} \"  >        <p data-fake-id=\"#toggle-id-3\" class=\"toggler\"  itemprop=\"headline\"  > 316\/316L Mechanische Eigenschaften<span class=\"toggle_icon\" >        <span class=\"vert_icon\"><\/span><span class=\"hor_icon\"><\/span><\/span><\/p>        <div id=\"toggle-id-3-container\" class=\"toggle_wrap\"  >            <div class=\"toggle_content invers-color\"  itemprop=\"text\"   ><table>\n<tbody>\n<tr>\n<td width=\"88\">Noten<\/td>\n<td width=\"88\">C<\/td>\n<td width=\"88\">Mn<\/td>\n<td width=\"88\">Si<\/td>\n<td width=\"88\">P<\/td>\n<td width=\"88\">S<\/td>\n<td width=\"88\">Cr<\/td>\n<td width=\"88\">Ni<\/td>\n<td width=\"88\">Mo<\/td>\n<td width=\"88\">N<\/td>\n<\/tr>\n<tr>\n<td width=\"88\">316<br \/>\n(S31600)<\/td>\n<td width=\"88\">\u22640,08<\/td>\n<td width=\"88\">\u22642,0<\/td>\n<td width=\"88\">\u22640,75<\/td>\n<td width=\"88\">\u22640,045<\/td>\n<td width=\"88\">\u22640,03<\/td>\n<td width=\"88\">16.0-18.0<\/td>\n<td width=\"88\">10.0-14.0<\/td>\n<td width=\"88\">2.0-3.0<\/td>\n<td width=\"88\">0.10<\/td>\n<\/tr>\n<tr>\n<td width=\"88\">316L<br \/>\n(S31603)<\/td>\n<td width=\"88\">\u22640,03<\/td>\n<td width=\"88\">\u22642,0<\/td>\n<td width=\"88\">\u22640,75<\/td>\n<td width=\"88\">\u22640,045<\/td>\n<td width=\"88\">\u22640,03<\/td>\n<td width=\"88\">16.0-18.0<\/td>\n<td width=\"88\">10.0-14.0<\/td>\n<td width=\"88\">2.0-3.0<\/td>\n<td width=\"88\">0.10<\/td>\n<\/tr>\n<\/tbody>\n<\/table>\n            <\/div>        <\/div>    <\/div><\/section>\n<\/div><\/p><\/div><\/div><!--close column table wrapper. Autoclose: 1 --><\/p>","protected":false},"excerpt":{"rendered":"","protected":false},"author":1,"featured_media":0,"parent":1323,"menu_order":0,"comment_status":"closed","ping_status":"closed","template":"","meta":{"footnotes":""},"class_list":["post-1502","page","type-page","status-publish","hentry"],"aioseo_notices":[],"_links":{"self":[{"href":"https:\/\/wldstainless.com\/de\/wp-json\/wp\/v2\/pages\/1502","targetHints":{"allow":["GET"]}}],"collection":[{"href":"https:\/\/wldstainless.com\/de\/wp-json\/wp\/v2\/pages"}],"about":[{"href":"https:\/\/wldstainless.com\/de\/wp-json\/wp\/v2\/types\/page"}],"author":[{"embeddable":true,"href":"https:\/\/wldstainless.com\/de\/wp-json\/wp\/v2\/users\/1"}],"replies":[{"embeddable":true,"href":"https:\/\/wldstainless.com\/de\/wp-json\/wp\/v2\/comments?post=1502"}],"version-history":[{"count":6,"href":"https:\/\/wldstainless.com\/de\/wp-json\/wp\/v2\/pages\/1502\/revisions"}],"predecessor-version":[{"id":1901,"href":"https:\/\/wldstainless.com\/de\/wp-json\/wp\/v2\/pages\/1502\/revisions\/1901"}],"up":[{"embeddable":true,"href":"https:\/\/wldstainless.com\/de\/wp-json\/wp\/v2\/pages\/1323"}],"wp:attachment":[{"href":"https:\/\/wldstainless.com\/de\/wp-json\/wp\/v2\/media?parent=1502"}],"curies":[{"name":"wp","href":"https:\/\/api.w.org\/{rel}","templated":true}]}}