{"id":1454,"date":"2020-08-11T09:17:01","date_gmt":"2020-08-11T09:17:01","guid":{"rendered":"http:\/\/wldstainless.com\/?page_id=1454"},"modified":"2020-09-18T09:27:56","modified_gmt":"2020-09-18T09:27:56","slug":"304-304l-stainless-steel","status":"publish","type":"page","link":"https:\/\/wldstainless.com\/de\/materials\/austenitic-stainless-steel\/304-304l-stainless-steel\/","title":{"rendered":"Edelstahl 304\/304L"},"content":{"rendered":"<div class='flex_column_table av-equal-height-column-flextable -flextable' ><div class=\"flex_column av_one_fourth  flex_column_table_cell av-equal-height-column av-align-top av-zero-column-padding first\" style='border-radius:0px; '><p><div class='avia-builder-widget-area clearfix'><div id=\"nav_menu-5\" class=\"widget clearfix widget_nav_menu\"><h3 class=\"widgettitle\">Material<\/h3><div class=\"menu-products-sidebar-menu-container\"><ul id=\"menu-products-sidebar-menu\" class=\"menu\"><li id=\"menu-item-1329\" class=\"menu-item menu-item-type-post_type menu-item-object-page menu-item-1329\"><a href=\"https:\/\/wldstainless.com\/de\/materials\/ferritic-stainless-steel\/\">Ferritischer Edelstahl<\/a><\/li>\n<li id=\"menu-item-1328\" class=\"menu-item menu-item-type-post_type menu-item-object-page menu-item-1328\"><a href=\"https:\/\/wldstainless.com\/de\/materials\/martensitic-stainless-steel\/\">Martensitischer Edelstahl<\/a><\/li>\n<li id=\"menu-item-1327\" class=\"menu-item menu-item-type-post_type menu-item-object-page menu-item-1327\"><a href=\"https:\/\/wldstainless.com\/de\/materials\/austenitic-stainless-steel\/\">Austenitischem Edelstahl<\/a><\/li>\n<li id=\"menu-item-1889\" class=\"menu-item menu-item-type-post_type menu-item-object-page menu-item-1889\"><a href=\"https:\/\/wldstainless.com\/de\/materials\/duplex-stainless-steel\/\">Duplex-Edelstahl<\/a><\/li>\n<\/ul><\/div><\/div><\/div><br \/>\n<div  class='hr hr-default'><span class='hr-inner' ><span class='hr-inner-style'><\/span><\/span><\/div><br \/>\n<div class='avia-button-wrap avia-button-left'><a href='http:\/\/wldstainless.com\/contact\/#contact' class='avia-button   avia-icon_select-yes-left-icon avia-color-custom avia-size-large avia-position-left'  target=\"_blank\"  style='background-color:#e82221; border-color:#e82221; color:#ffffff; ' ><span class='avia_button_icon avia_button_icon_left' aria-hidden='true' data-av_icon='\ue84b' data-av_iconfont='entypo-fontello'><\/span><span class='avia_iconbox_title' >Angebot anfordern<\/span><\/a><\/div><\/p><\/div><\/div><!--close column table wrapper. Autoclose: 1 -->\n<div class='flex_column_table av-equal-height-column-flextable -flextable' ><div class='av-flex-placeholder'><\/div><div class=\"flex_column av_three_fourth  flex_column_table_cell av-equal-height-column av-align-top av-zero-column-padding\" style='border-radius:0px; '><p><div style='padding-bottom:10px;color:#d3311f;font-size:26px;' class='av-special-heading av-special-heading-h3 custom-color-heading blockquote modern-quote   av-inherit-size'><h3 class='av-special-heading-tag'  itemprop=\"headline\"  >Edelstahl 304\/304L<\/h3><div class='special-heading-border'><div class='special-heading-inner-border' style='border-color:#d3311f'><\/div><\/div><\/div><br \/>\n<section class=\"av_textblock_section\"  itemscope=\"itemscope\" itemtype=\"https:\/\/schema.org\/CreativeWork\" ><div class='avia_textblock'   itemprop=\"text\" ><p>WLD Stainless ist ein f\u00fchrender Hersteller, Lieferant und Exporteur von Edelstahl 304\/304L in Form von Rohren, Schl\u00e4uchen, Blechen, Platten, Stangen, St\u00e4ben und anderen Formen wie Engeln, Rillen, Kreisen und Schnittst\u00fccken. Edelstahl 304 wird am h\u00e4ufigsten verwendet, der gr\u00f6\u00dfte Verbrauch von austenitischem Edelstahl erfolgt in einer G\u00fcteklasse auf Basis von Edelstahl 18-8. Durch die Austenitstruktur hat er gute Kalt- und Warmverarbeitungseigenschaften, ist nicht magnetisch und hat gute Tieftemperatureigenschaften. Edelstahl 304 bietet eine ausgezeichnete Best\u00e4ndigkeit gegen interkristalline Korrosion sowie gute Korrosionsbest\u00e4ndigkeit in alkalischen L\u00f6sungen und den meisten organischen und anorganischen S\u00e4uren sowie in der Atmosph\u00e4re und in Wasserdampf. 304L ist eine kohlenstoffarme Version von 304 mit etwas geringerer Festigkeit, aber erheblich besserer Best\u00e4ndigkeit gegen interkristalline Korrosion als Edelstahl 304 und kann manchmal ein alternatives Material zu Edelstahl 321 sein.<\/p>\n<p><strong>Welche Formen und Spezifikationen von 304\/304L sind bei WLD Steel verf\u00fcgbar?<\/strong><\/p>\n<table>\n<tbody>\n<tr>\n<td width=\"170\">Blech\/Platte\/Spule<\/td>\n<td width=\"170\">Nahtlose Rohre\/R\u00f6hren<\/td>\n<td width=\"170\">Geschwei\u00dftes Rohr<\/td>\n<td width=\"170\">Rundstab<\/td>\n<td width=\"170\">Geformter Stahl (geformt)<\/td>\n<\/tr>\n<tr>\n<td width=\"170\">ASTM A240<\/td>\n<td width=\"170\">ASTM A789;<\/p>\n<p>ASTM A790<\/td>\n<td width=\"170\">ASTM A928<\/td>\n<td width=\"170\">ASTM A276;<\/p>\n<p>ASTM A479<\/td>\n<td width=\"170\">ASTM A276<\/td>\n<\/tr>\n<\/tbody>\n<\/table>\n<h2><\/h2>\n<\/div><\/section><br \/>\n<div class=\"togglecontainer   toggle_close_all\" >\n<section class=\"av_toggle_section\"  itemscope=\"itemscope\" itemtype=\"https:\/\/schema.org\/CreativeWork\"  >    <div class=\"single_toggle\" data-tags=\"{Alle} \"  >        <p data-fake-id=\"#toggle-id-1\" class=\"toggler\"  itemprop=\"headline\"  >304\/304L-\u00c4quivalente<span class=\"toggle_icon\" >        <span class=\"vert_icon\"><\/span><span class=\"hor_icon\"><\/span><\/span><\/p>        <div id=\"toggle-id-1-container\" class=\"toggle_wrap\"  >            <div class=\"toggle_content invers-color\"  itemprop=\"text\"   ><table>\n<tbody>\n<tr>\n<td>STANDARD<\/td>\n<td>WERKSTOFF NR.<\/td>\n<td>UNS<\/td>\n<td>JIS<\/td>\n<td>BS<\/td>\n<td>GOST<\/td>\n<td>AFNOR<\/td>\n<td>DE<\/td>\n<\/tr>\n<tr>\n<td>Edelstahl 304<\/td>\n<td>1.4301<\/td>\n<td>S30400<\/td>\n<td>SUS 304<\/td>\n<td>304S31<\/td>\n<td>08\u042518\u041d10<\/td>\n<td>Z7CN18\u201009<\/td>\n<td>X5CrNi18-10<\/td>\n<\/tr>\n<\/tbody>\n<\/table>\n            <\/div>        <\/div>    <\/div><\/section>\n<section class=\"av_toggle_section\"  itemscope=\"itemscope\" itemtype=\"https:\/\/schema.org\/CreativeWork\"  >    <div class=\"single_toggle\" data-tags=\"{Alle} \"  >        <p data-fake-id=\"#toggle-id-2\" class=\"toggler\"  itemprop=\"headline\"  >304\/304L Chemische Zusammensetzung<span class=\"toggle_icon\" >        <span class=\"vert_icon\"><\/span><span class=\"hor_icon\"><\/span><\/span><\/p>        <div id=\"toggle-id-2-container\" class=\"toggle_wrap\"  >            <div class=\"toggle_content invers-color\"  itemprop=\"text\"   ><table>\n<tbody>\n<tr>\n<td>Noten<\/td>\n<td>C,max<\/td>\n<td width=\"100\">Mn,max<\/td>\n<td width=\"102\">Si, max<\/td>\n<td>P, max<\/td>\n<td>S, max<\/td>\n<td>Cr\uff0cmin<\/td>\n<td>Ni, min<\/td>\n<td>N<\/td>\n<\/tr>\n<tr>\n<td>304<\/td>\n<td>0.07<\/td>\n<td width=\"100\">2.0<\/td>\n<td width=\"102\">\u22640,75<\/td>\n<td>0.045<\/td>\n<td>0.03<\/td>\n<td>18.0-20.0<\/td>\n<td>8.0-\u00a010.5<\/td>\n<td>\/<\/td>\n<\/tr>\n<tr>\n<td>304L<\/td>\n<td>0.03<\/td>\n<td width=\"100\">2.0<\/td>\n<td width=\"102\">0.75<\/td>\n<td>0.045<\/td>\n<td>0.03<\/td>\n<td>18.0-20.0<\/td>\n<td>8.0-\u00a012.0<\/td>\n<td>0.10<\/td>\n<\/tr>\n<\/tbody>\n<\/table>\n            <\/div>        <\/div>    <\/div><\/section>\n<section class=\"av_toggle_section\"  itemscope=\"itemscope\" itemtype=\"https:\/\/schema.org\/CreativeWork\"  >    <div class=\"single_toggle\" data-tags=\"{Alle} \"  >        <p data-fake-id=\"#toggle-id-3\" class=\"toggler\"  itemprop=\"headline\"  > 304\/304L Mechanische Eigenschaften<span class=\"toggle_icon\" >        <span class=\"vert_icon\"><\/span><span class=\"hor_icon\"><\/span><\/span><\/p>        <div id=\"toggle-id-3-container\" class=\"toggle_wrap\"  >            <div class=\"toggle_content invers-color\"  itemprop=\"text\"   ><table>\n<tbody>\n<tr>\n<td>Grad<\/td>\n<td>Zugfestigkeit ksi (min)<\/td>\n<td>Streckgrenze 0,2% ksi (min)<\/td>\n<td>Dehnung %<\/td>\n<td>H\u00e4rte (Brinell) MAX<\/td>\n<td>H\u00e4rte (Rockwell B) MAX<\/td>\n<\/tr>\n<tr>\n<td>304<\/td>\n<td>75<\/td>\n<td>30<\/td>\n<td>40<\/td>\n<td>201<\/td>\n<td>92<\/td>\n<\/tr>\n<tr>\n<td>304L<\/td>\n<td>70<\/td>\n<td>25<\/td>\n<td>40<\/td>\n<td>201<\/td>\n<td>92<\/td>\n<\/tr>\n<\/tbody>\n<\/table>\n            <\/div>        <\/div>    <\/div><\/section>\n<\/div><\/p><\/div><\/div><!--close column table wrapper. Autoclose: 1 -->","protected":false},"excerpt":{"rendered":"","protected":false},"author":1,"featured_media":0,"parent":1323,"menu_order":0,"comment_status":"closed","ping_status":"closed","template":"","meta":{"footnotes":""},"class_list":["post-1454","page","type-page","status-publish","hentry"],"aioseo_notices":[],"_links":{"self":[{"href":"https:\/\/wldstainless.com\/de\/wp-json\/wp\/v2\/pages\/1454","targetHints":{"allow":["GET"]}}],"collection":[{"href":"https:\/\/wldstainless.com\/de\/wp-json\/wp\/v2\/pages"}],"about":[{"href":"https:\/\/wldstainless.com\/de\/wp-json\/wp\/v2\/types\/page"}],"author":[{"embeddable":true,"href":"https:\/\/wldstainless.com\/de\/wp-json\/wp\/v2\/users\/1"}],"replies":[{"embeddable":true,"href":"https:\/\/wldstainless.com\/de\/wp-json\/wp\/v2\/comments?post=1454"}],"version-history":[{"count":8,"href":"https:\/\/wldstainless.com\/de\/wp-json\/wp\/v2\/pages\/1454\/revisions"}],"predecessor-version":[{"id":1897,"href":"https:\/\/wldstainless.com\/de\/wp-json\/wp\/v2\/pages\/1454\/revisions\/1897"}],"up":[{"embeddable":true,"href":"https:\/\/wldstainless.com\/de\/wp-json\/wp\/v2\/pages\/1323"}],"wp:attachment":[{"href":"https:\/\/wldstainless.com\/de\/wp-json\/wp\/v2\/media?parent=1454"}],"curies":[{"name":"wp","href":"https:\/\/api.w.org\/{rel}","templated":true}]}}