{"id":1448,"date":"2020-08-11T03:36:57","date_gmt":"2020-08-11T03:36:57","guid":{"rendered":"http:\/\/wldstainless.com\/?page_id=1448"},"modified":"2020-09-18T09:29:21","modified_gmt":"2020-09-18T09:29:21","slug":"347-347h-stainless-steel","status":"publish","type":"page","link":"https:\/\/wldstainless.com\/de\/materials\/austenitic-stainless-steel\/347-347h-stainless-steel\/","title":{"rendered":"347\/347H Edelstahl"},"content":{"rendered":"<div class='flex_column_table av-equal-height-column-flextable -flextable' ><div class=\"flex_column av_one_fourth  flex_column_table_cell av-equal-height-column av-align-top av-zero-column-padding first\" style='border-radius:0px; '><p><div class='avia-builder-widget-area clearfix'><div id=\"nav_menu-5\" class=\"widget clearfix widget_nav_menu\"><h3 class=\"widgettitle\">Material<\/h3><div class=\"menu-products-sidebar-menu-container\"><ul id=\"menu-products-sidebar-menu\" class=\"menu\"><li id=\"menu-item-1329\" class=\"menu-item menu-item-type-post_type menu-item-object-page menu-item-1329\"><a href=\"https:\/\/wldstainless.com\/de\/materials\/ferritic-stainless-steel\/\">Ferritischer Edelstahl<\/a><\/li>\n<li id=\"menu-item-1328\" class=\"menu-item menu-item-type-post_type menu-item-object-page menu-item-1328\"><a href=\"https:\/\/wldstainless.com\/de\/materials\/martensitic-stainless-steel\/\">Martensitischer Edelstahl<\/a><\/li>\n<li id=\"menu-item-1327\" class=\"menu-item menu-item-type-post_type menu-item-object-page menu-item-1327\"><a href=\"https:\/\/wldstainless.com\/de\/materials\/austenitic-stainless-steel\/\">Austenitischem Edelstahl<\/a><\/li>\n<li id=\"menu-item-1889\" class=\"menu-item menu-item-type-post_type menu-item-object-page menu-item-1889\"><a href=\"https:\/\/wldstainless.com\/de\/materials\/duplex-stainless-steel\/\">Duplex-Edelstahl<\/a><\/li>\n<\/ul><\/div><\/div><\/div><br \/>\n<div  class='hr hr-default'><span class='hr-inner' ><span class='hr-inner-style'><\/span><\/span><\/div><br \/>\n<div class='avia-button-wrap avia-button-left'><a href='http:\/\/wldstainless.com\/contact\/#contact' class='avia-button   avia-icon_select-yes-left-icon avia-color-custom avia-size-large avia-position-left'  target=\"_blank\"  style='background-color:#e82221; border-color:#e82221; color:#ffffff; ' ><span class='avia_button_icon avia_button_icon_left' aria-hidden='true' data-av_icon='\ue84b' data-av_iconfont='entypo-fontello'><\/span><span class='avia_iconbox_title' >Angebot anfordern<\/span><\/a><\/div><\/p><\/div><\/div><!--close column table wrapper. Autoclose: 1 -->\n<div class='flex_column_table av-equal-height-column-flextable -flextable' ><div class='av-flex-placeholder'><\/div><div class=\"flex_column av_three_fourth  flex_column_table_cell av-equal-height-column av-align-top av-zero-column-padding\" style='border-radius:0px; '><p><div style='padding-bottom:10px;color:#d3311f;' class='av-special-heading av-special-heading-h3 custom-color-heading'><h3 class='av-special-heading-tag'  itemprop=\"headline\"  >347\/347H Edelstahl <\/h3><div class='special-heading-border'><div class='special-heading-inner-border' style='border-color:#d3311f'><\/div><\/div><\/div><br \/>\n<section class=\"av_textblock_section\"  itemscope=\"itemscope\" itemtype=\"https:\/\/schema.org\/CreativeWork\" ><div class='avia_textblock'   itemprop=\"text\" ><p>WLD Steel ist ein f\u00fchrender Hersteller, Lieferant und Exporteur von Edelstahl 347\/347H, der in einer Reihe verschiedener Gr\u00f6\u00dfen und Formen erh\u00e4ltlich ist, darunter Rohre, Schl\u00e4uche, Bleche, Platten, Stangen, St\u00e4be und geformte Formen wie Engel, Rillen, Balken und so weiter. Austenitischer Edelstahl 347 ist eine Art kohlenstoffreiche Legierung mit Zusatz von Niob. Edelstahl 347H ist eine kohlenstoffreichere Version von Stahl 347 und der h\u00f6here Kohlenstoffgehalt erm\u00f6glicht bessere Kriecheigenschaften bei hohen Temperaturen. Durch die Zugabe von Nb weist er eine gute interkristalline Korrosionsbest\u00e4ndigkeit auf, insbesondere gegen\u00fcber korrosiven Medien wie S\u00e4uren, Laugen und Salzen. Seine Korrosionsbest\u00e4ndigkeit ist \u00e4hnlich der von austenitischem Edelstahl 321 mit Titanzusatz und er wird h\u00e4ufig in W\u00e4rmetauschern, \u00dcberhitzerrohren, Nacherhitzerrohren und Dampfrohren in Kesseln zur Stromerzeugung, in der Erd\u00f6l- und Chemieindustrie, in der Kunstfaser-, Lebensmittel- und Papierindustrie eingesetzt.<\/p>\n<p>Welche Formen und Spezifikationen von 347\/347H sind bei WLD Steel verf\u00fcgbar?<\/p>\n<table>\n<tbody>\n<tr>\n<td width=\"170\">Blech\/Platte\/Spule<\/td>\n<td width=\"170\">Nahtlose Rohre\/R\u00f6hren<\/td>\n<td width=\"170\">Geschwei\u00dftes Rohr<\/td>\n<td width=\"170\">Rundstab<\/td>\n<td width=\"170\">Geformter Stahl (geformt)<\/td>\n<\/tr>\n<tr>\n<td width=\"170\">ASTM A240<\/p>\n<p>ASTM A480<\/td>\n<td width=\"170\">ASTM A789<\/p>\n<p>ASTM A790<\/td>\n<td width=\"170\">ASTM A928<\/td>\n<td width=\"170\">ASTM A276<\/p>\n<p>ASTM A479<\/td>\n<td width=\"170\">ASTM A276<\/td>\n<\/tr>\n<\/tbody>\n<\/table>\n<h2><\/h2>\n<\/div><\/section><br \/>\n<div class=\"togglecontainer   toggle_close_all\" >\n<section class=\"av_toggle_section\"  itemscope=\"itemscope\" itemtype=\"https:\/\/schema.org\/CreativeWork\"  >    <div class=\"single_toggle\" data-tags=\"{Alle} \"  >        <p data-fake-id=\"#toggle-id-1\" class=\"toggler\"  itemprop=\"headline\"  >Werkstoffe, die Stahl 347\/347H entsprechen<span class=\"toggle_icon\" >        <span class=\"vert_icon\"><\/span><span class=\"hor_icon\"><\/span><\/span><\/p>        <div id=\"toggle-id-1-container\" class=\"toggle_wrap\"  >            <div class=\"toggle_content invers-color\"  itemprop=\"text\"   ><table>\n<tbody>\n<tr>\n<td>Noten<\/td>\n<td>C<\/td>\n<td>Cr<\/td>\n<td>Mn<\/td>\n<td>Ni<\/td>\n<td>P<\/td>\n<td>S<\/td>\n<td>Si<\/td>\n<td>Cb\/Ta<\/td>\n<\/tr>\n<tr>\n<td>347<\/td>\n<td>0,08 max<\/td>\n<td>17.0-20.0<\/td>\n<td>2,0 max<\/td>\n<td>9.0-13.0<\/td>\n<td>0.04<\/td>\n<td>0.30<\/td>\n<td>0.75<\/td>\n<td>0x C-1.0<\/td>\n<\/tr>\n<tr>\n<td>347H<\/td>\n<td>0.04-\u00a00.10<\/td>\n<td>17.0-20.0<\/td>\n<td>2,0 max<\/td>\n<td>9.0-13.0<\/td>\n<td>0.03<\/td>\n<td>0.30<\/td>\n<td>0.75<\/td>\n<td>10x C-1,0<\/td>\n<\/tr>\n<\/tbody>\n<\/table>\n            <\/div>        <\/div>    <\/div><\/section>\n<section class=\"av_toggle_section\"  itemscope=\"itemscope\" itemtype=\"https:\/\/schema.org\/CreativeWork\"  >    <div class=\"single_toggle\" data-tags=\"{Alle} \"  >        <p data-fake-id=\"#toggle-id-2\" class=\"toggler\"  itemprop=\"headline\"  >347\/347H Chemische Zusammensetzung<span class=\"toggle_icon\" >        <span class=\"vert_icon\"><\/span><span class=\"hor_icon\"><\/span><\/span><\/p>        <div id=\"toggle-id-2-container\" class=\"toggle_wrap\"  >            <div class=\"toggle_content invers-color\"  itemprop=\"text\"   ><table>\n<tbody>\n<tr>\n<td>Noten<\/td>\n<td>C<\/td>\n<td>Cr<\/td>\n<td>Mn<\/td>\n<td>Ni<\/td>\n<td>P<\/td>\n<td>S<\/td>\n<td>Si<\/td>\n<td>Cb\/Ta<\/td>\n<\/tr>\n<tr>\n<td>347<\/td>\n<td>0,08 max<\/td>\n<td>17.0-20.0<\/td>\n<td>2,0 max<\/td>\n<td>9.0-13.0<\/td>\n<td>0.04<\/td>\n<td>0.30<\/td>\n<td>0.75<\/td>\n<td>0x C-1.0<\/td>\n<\/tr>\n<tr>\n<td>347H<\/td>\n<td>0.04-\u00a00.10<\/td>\n<td>17.0-20.0<\/td>\n<td>2,0 max<\/td>\n<td>9.0-13.0<\/td>\n<td>0.03<\/td>\n<td>0.30<\/td>\n<td>0.75<\/td>\n<td>10x C-1,0<\/td>\n<\/tr>\n<\/tbody>\n<\/table>\n            <\/div>        <\/div>    <\/div><\/section>\n<section class=\"av_toggle_section\"  itemscope=\"itemscope\" itemtype=\"https:\/\/schema.org\/CreativeWork\"  >    <div class=\"single_toggle\" data-tags=\"{Alle} \"  >        <p data-fake-id=\"#toggle-id-3\" class=\"toggler\"  itemprop=\"headline\"  >347\/347H Mechanische Eigenschaften<span class=\"toggle_icon\" >        <span class=\"vert_icon\"><\/span><span class=\"hor_icon\"><\/span><\/span><\/p>        <div id=\"toggle-id-3-container\" class=\"toggle_wrap\"  >            <div class=\"toggle_content invers-color\"  itemprop=\"text\"   ><table>\n<tbody>\n<tr>\n<td>Grad<\/td>\n<td>Zugfestigkeit (MPa)<\/td>\n<td>Streckgrenze (MPa)<\/td>\n<td>Dehnung %<\/td>\n<td width=\"268\">H\u00e4rte (Brinell) MAX<\/td>\n<\/tr>\n<tr>\n<td>347\/347H<\/td>\n<td>515<\/td>\n<td>205<\/td>\n<td>40<\/td>\n<td width=\"268\">201<\/td>\n<\/tr>\n<\/tbody>\n<\/table>\n            <\/div>        <\/div>    <\/div><\/section>\n<\/div><\/p><\/div><\/div><!--close column table wrapper. Autoclose: 1 -->","protected":false},"excerpt":{"rendered":"","protected":false},"author":1,"featured_media":0,"parent":1323,"menu_order":0,"comment_status":"closed","ping_status":"closed","template":"","meta":{"footnotes":""},"class_list":["post-1448","page","type-page","status-publish","hentry"],"aioseo_notices":[],"_links":{"self":[{"href":"https:\/\/wldstainless.com\/de\/wp-json\/wp\/v2\/pages\/1448","targetHints":{"allow":["GET"]}}],"collection":[{"href":"https:\/\/wldstainless.com\/de\/wp-json\/wp\/v2\/pages"}],"about":[{"href":"https:\/\/wldstainless.com\/de\/wp-json\/wp\/v2\/types\/page"}],"author":[{"embeddable":true,"href":"https:\/\/wldstainless.com\/de\/wp-json\/wp\/v2\/users\/1"}],"replies":[{"embeddable":true,"href":"https:\/\/wldstainless.com\/de\/wp-json\/wp\/v2\/comments?post=1448"}],"version-history":[{"count":7,"href":"https:\/\/wldstainless.com\/de\/wp-json\/wp\/v2\/pages\/1448\/revisions"}],"predecessor-version":[{"id":1904,"href":"https:\/\/wldstainless.com\/de\/wp-json\/wp\/v2\/pages\/1448\/revisions\/1904"}],"up":[{"embeddable":true,"href":"https:\/\/wldstainless.com\/de\/wp-json\/wp\/v2\/pages\/1323"}],"wp:attachment":[{"href":"https:\/\/wldstainless.com\/de\/wp-json\/wp\/v2\/media?parent=1448"}],"curies":[{"name":"wp","href":"https:\/\/api.w.org\/{rel}","templated":true}]}}