{"id":1427,"date":"2020-08-11T01:31:50","date_gmt":"2020-08-11T01:31:50","guid":{"rendered":"http:\/\/wldstainless.com\/?page_id=1427"},"modified":"2020-09-18T09:28:29","modified_gmt":"2020-09-18T09:28:29","slug":"309s-stainless-steel","status":"publish","type":"page","link":"https:\/\/wldstainless.com\/de\/materials\/austenitic-stainless-steel\/309s-stainless-steel\/","title":{"rendered":"309S Edelstahl"},"content":{"rendered":"<div class='flex_column_table av-equal-height-column-flextable -flextable' ><div class=\"flex_column av_one_fourth  flex_column_table_cell av-equal-height-column av-align-top av-zero-column-padding first\" style='border-radius:0px; '><p><div class='avia-builder-widget-area clearfix'><div id=\"nav_menu-5\" class=\"widget clearfix widget_nav_menu\"><h3 class=\"widgettitle\">Material<\/h3><div class=\"menu-products-sidebar-menu-container\"><ul id=\"menu-products-sidebar-menu\" class=\"menu\"><li id=\"menu-item-1329\" class=\"menu-item menu-item-type-post_type menu-item-object-page menu-item-1329\"><a href=\"https:\/\/wldstainless.com\/de\/materials\/ferritic-stainless-steel\/\">Ferritischer Edelstahl<\/a><\/li>\n<li id=\"menu-item-1328\" class=\"menu-item menu-item-type-post_type menu-item-object-page menu-item-1328\"><a href=\"https:\/\/wldstainless.com\/de\/materials\/martensitic-stainless-steel\/\">Martensitischer Edelstahl<\/a><\/li>\n<li id=\"menu-item-1327\" class=\"menu-item menu-item-type-post_type menu-item-object-page menu-item-1327\"><a href=\"https:\/\/wldstainless.com\/de\/materials\/austenitic-stainless-steel\/\">Austenitischem Edelstahl<\/a><\/li>\n<li id=\"menu-item-1889\" class=\"menu-item menu-item-type-post_type menu-item-object-page menu-item-1889\"><a href=\"https:\/\/wldstainless.com\/de\/materials\/duplex-stainless-steel\/\">Duplex-Edelstahl<\/a><\/li>\n<\/ul><\/div><\/div><\/div><br \/>\n<div  class='hr hr-default'><span class='hr-inner' ><span class='hr-inner-style'><\/span><\/span><\/div><br \/>\n<div class='avia-button-wrap avia-button-left'><a href='http:\/\/wldstainless.com\/contact\/#contact' class='avia-button   avia-icon_select-yes-left-icon avia-color-custom avia-size-large avia-position-left'  target=\"_blank\"  style='background-color:#e82221; border-color:#e82221; color:#ffffff; ' ><span class='avia_button_icon avia_button_icon_left' aria-hidden='true' data-av_icon='\ue84b' data-av_iconfont='entypo-fontello'><\/span><span class='avia_iconbox_title' >Angebot anfordern<\/span><\/a><\/div><\/p><\/div><\/div><!--close column table wrapper. Autoclose: 1 --><div class='flex_column_table av-equal-height-column-flextable -flextable' ><div class='av-flex-placeholder'><\/div><div class=\"flex_column av_three_fourth  flex_column_table_cell av-equal-height-column av-align-top av-zero-column-padding\" style='border-radius:0px; '><p><div style='padding-bottom:10px;color:#d3311f;' class='av-special-heading av-special-heading-h3 custom-color-heading'><h3 class='av-special-heading-tag'  itemprop=\"headline\"  >309S Edelstahl <\/h3><div class='special-heading-border'><div class='special-heading-inner-border' style='border-color:#d3311f'><\/div><\/div><\/div><br \/>\n<section class=\"av_textblock_section\"  itemscope=\"itemscope\" itemtype=\"https:\/\/schema.org\/CreativeWork\" ><div class='avia_textblock'   itemprop=\"text\" ><p>WLD Steel ist ein f\u00fchrender Hersteller, Lieferant und Exporteur von Edelstahl 309\/309S, der in verschiedenen Gr\u00f6\u00dfen und Formen erh\u00e4ltlich ist, darunter Rohre, Bleche, Platten, Stangen, St\u00e4be und andere Formen wie Engel, Kan\u00e4le, Kreise usw. 309S ist eine Art Automatenstahl mit Schwefelanteil und niedrigem Kohlenstoffgehalt von 309 Edelstahl. Der niedrige Kohlenstoffgehalt minimiert die Karbidausf\u00e4llung und verbessert die Schwei\u00dfbarkeit. Es h\u00e4lt wiederholtem Erhitzen unter 980 \u00b0C stand, ist hochtemperaturfest und oxidationsbest\u00e4ndig. Die Aufkohlungsbest\u00e4ndigkeit wird h\u00e4ufig in Kesseln, Energie (Kernkraft, W\u00e4rmekraft, Brennstoffzellen), Industrie\u00f6fen, Verbrennungsanlagen, Heiz\u00f6fen, der Chemie, Petrochemie und anderen Bereichen eingesetzt.<\/p>\n<p>Welche Formen und Spezifikationen von 309S sind bei WLD Steel verf\u00fcgbar?<\/p>\n<table>\n<tbody>\n<tr>\n<td width=\"170\">Blech\/Platte\/Spule<\/td>\n<td width=\"170\">Nahtlose Rohre\/R\u00f6hren<\/td>\n<td width=\"170\">Geschwei\u00dftes Rohr<\/td>\n<td width=\"170\">Rundstab<\/td>\n<td width=\"170\">Geformter Stahl (geformt)<\/td>\n<\/tr>\n<tr>\n<td width=\"170\">ASTM A240<\/td>\n<td width=\"170\">ASTM A789;<\/p>\n<p>ASTM A790<\/td>\n<td width=\"170\">ASTM A928<\/td>\n<td width=\"170\">ASTM A276;<\/p>\n<p>ASTM A479<\/td>\n<td width=\"170\">ASTM A276<\/td>\n<\/tr>\n<\/tbody>\n<\/table>\n<\/div><\/section><br \/>\n<div class=\"togglecontainer   toggle_close_all\" >\n<section class=\"av_toggle_section\"  itemscope=\"itemscope\" itemtype=\"https:\/\/schema.org\/CreativeWork\"  >    <div class=\"single_toggle\" data-tags=\"{Alle} \"  >        <p data-fake-id=\"#toggle-id-1\" class=\"toggler\"  itemprop=\"headline\"  >309S Stahl\u00e4quivalente Materialien<span class=\"toggle_icon\" >        <span class=\"vert_icon\"><\/span><span class=\"hor_icon\"><\/span><\/span><\/p>        <div id=\"toggle-id-1-container\" class=\"toggle_wrap\"  >            <div class=\"toggle_content invers-color\"  itemprop=\"text\"   ><table>\n<tbody>\n<tr>\n<td width=\"170\">Blech\/Platte\/Spule<\/td>\n<td width=\"170\">Nahtlose Rohre\/R\u00f6hren<\/td>\n<td width=\"170\">Geschwei\u00dftes Rohr<\/td>\n<td width=\"170\">Rundstab<\/td>\n<td width=\"170\">Geformter Stahl (geformt)<\/td>\n<\/tr>\n<tr>\n<td width=\"170\">ASTM A240<\/td>\n<td width=\"170\">ASTM A789;<\/p>\n<p>ASTM A790<\/td>\n<td width=\"170\">ASTM A928<\/td>\n<td width=\"170\">ASTM A276;<\/p>\n<p>ASTM A479<\/td>\n<td width=\"170\">ASTM A276<\/td>\n<\/tr>\n<\/tbody>\n<\/table>\n            <\/div>        <\/div>    <\/div><\/section>\n<section class=\"av_toggle_section\"  itemscope=\"itemscope\" itemtype=\"https:\/\/schema.org\/CreativeWork\"  >    <div class=\"single_toggle\" data-tags=\"{Alle} \"  >        <p data-fake-id=\"#toggle-id-2\" class=\"toggler\"  itemprop=\"headline\"  >309S Chemische Zusammensetzung<span class=\"toggle_icon\" >        <span class=\"vert_icon\"><\/span><span class=\"hor_icon\"><\/span><\/span><\/p>        <div id=\"toggle-id-2-container\" class=\"toggle_wrap\"  >            <div class=\"toggle_content invers-color\"  itemprop=\"text\"   ><table>\n<tbody>\n<tr>\n<td width=\"141\">ASTM\/AISI<\/td>\n<td width=\"141\">UNS<\/td>\n<td width=\"141\">SAE<\/td>\n<td width=\"141\">JIS<\/td>\n<td width=\"141\">L\u00c4RM<\/td>\n<td width=\"142\">Gro\u00dfbritannien<\/td>\n<\/tr>\n<tr>\n<td width=\"141\">309S<\/td>\n<td width=\"141\">S30908<\/td>\n<td width=\"141\">30309S<\/td>\n<td width=\"141\">SUS 309<\/td>\n<td width=\"141\">X7CrNi23.14<\/td>\n<td width=\"142\">0Cr23Ni13<\/td>\n<\/tr>\n<\/tbody>\n<\/table>\n            <\/div>        <\/div>    <\/div><\/section>\n<section class=\"av_toggle_section\"  itemscope=\"itemscope\" itemtype=\"https:\/\/schema.org\/CreativeWork\"  >    <div class=\"single_toggle\" data-tags=\"{Alle} \"  >        <p data-fake-id=\"#toggle-id-3\" class=\"toggler\"  itemprop=\"headline\"  >309S Mechanische Eigenschaften<span class=\"toggle_icon\" >        <span class=\"vert_icon\"><\/span><span class=\"hor_icon\"><\/span><\/span><\/p>        <div id=\"toggle-id-3-container\" class=\"toggle_wrap\"  >            <div class=\"toggle_content invers-color\"  itemprop=\"text\"   ><table>\n<tbody>\n<tr>\n<td width=\"94\">Grad<\/td>\n<td width=\"94\">Ni<\/td>\n<td width=\"94\">Cr<\/td>\n<td width=\"94\">C<\/td>\n<td width=\"94\">Mn<\/td>\n<td width=\"94\">Si<\/td>\n<td width=\"94\">S<\/td>\n<td width=\"94\">P<\/td>\n<td width=\"94\">Fe<\/td>\n<\/tr>\n<tr>\n<td width=\"94\">309S<\/td>\n<td width=\"94\">12.0-15.0<\/td>\n<td width=\"94\">22.0-24.0<\/td>\n<td width=\"94\">0.08<\/td>\n<td width=\"94\">2.0<\/td>\n<td width=\"94\">0.75<\/td>\n<td width=\"94\">0.03<\/td>\n<td width=\"94\">0.045<\/td>\n<td width=\"94\">Gleichgewicht<\/td>\n<\/tr>\n<\/tbody>\n<\/table>\n            <\/div>        <\/div>    <\/div><\/section>\n<\/div><\/p><\/div><\/div><!--close column table wrapper. Autoclose: 1 --><\/p>","protected":false},"excerpt":{"rendered":"","protected":false},"author":1,"featured_media":0,"parent":1323,"menu_order":0,"comment_status":"closed","ping_status":"closed","template":"","meta":{"footnotes":""},"class_list":["post-1427","page","type-page","status-publish","hentry"],"aioseo_notices":[],"_links":{"self":[{"href":"https:\/\/wldstainless.com\/de\/wp-json\/wp\/v2\/pages\/1427","targetHints":{"allow":["GET"]}}],"collection":[{"href":"https:\/\/wldstainless.com\/de\/wp-json\/wp\/v2\/pages"}],"about":[{"href":"https:\/\/wldstainless.com\/de\/wp-json\/wp\/v2\/types\/page"}],"author":[{"embeddable":true,"href":"https:\/\/wldstainless.com\/de\/wp-json\/wp\/v2\/users\/1"}],"replies":[{"embeddable":true,"href":"https:\/\/wldstainless.com\/de\/wp-json\/wp\/v2\/comments?post=1427"}],"version-history":[{"count":8,"href":"https:\/\/wldstainless.com\/de\/wp-json\/wp\/v2\/pages\/1427\/revisions"}],"predecessor-version":[{"id":1899,"href":"https:\/\/wldstainless.com\/de\/wp-json\/wp\/v2\/pages\/1427\/revisions\/1899"}],"up":[{"embeddable":true,"href":"https:\/\/wldstainless.com\/de\/wp-json\/wp\/v2\/pages\/1323"}],"wp:attachment":[{"href":"https:\/\/wldstainless.com\/de\/wp-json\/wp\/v2\/media?parent=1427"}],"curies":[{"name":"wp","href":"https:\/\/api.w.org\/{rel}","templated":true}]}}