{"id":1425,"date":"2020-08-11T01:30:52","date_gmt":"2020-08-11T01:30:52","guid":{"rendered":"http:\/\/wldstainless.com\/?page_id=1425"},"modified":"2020-09-18T09:28:39","modified_gmt":"2020-09-18T09:28:39","slug":"310s-stainless-steel","status":"publish","type":"page","link":"https:\/\/wldstainless.com\/de\/materials\/austenitic-stainless-steel\/310s-stainless-steel\/","title":{"rendered":"310S Edelstahl"},"content":{"rendered":"<div class='flex_column_table av-equal-height-column-flextable -flextable' ><div class=\"flex_column av_one_fourth  flex_column_table_cell av-equal-height-column av-align-top av-zero-column-padding first\" style='border-radius:0px; '><p><div class='avia-builder-widget-area clearfix'><div id=\"nav_menu-5\" class=\"widget clearfix widget_nav_menu\"><h3 class=\"widgettitle\">Material<\/h3><div class=\"menu-products-sidebar-menu-container\"><ul id=\"menu-products-sidebar-menu\" class=\"menu\"><li id=\"menu-item-1329\" class=\"menu-item menu-item-type-post_type menu-item-object-page menu-item-1329\"><a href=\"https:\/\/wldstainless.com\/de\/materials\/ferritic-stainless-steel\/\">Ferritischer Edelstahl<\/a><\/li>\n<li id=\"menu-item-1328\" class=\"menu-item menu-item-type-post_type menu-item-object-page menu-item-1328\"><a href=\"https:\/\/wldstainless.com\/de\/materials\/martensitic-stainless-steel\/\">Martensitischer Edelstahl<\/a><\/li>\n<li id=\"menu-item-1327\" class=\"menu-item menu-item-type-post_type menu-item-object-page menu-item-1327\"><a href=\"https:\/\/wldstainless.com\/de\/materials\/austenitic-stainless-steel\/\">Austenitischem Edelstahl<\/a><\/li>\n<li id=\"menu-item-1889\" class=\"menu-item menu-item-type-post_type menu-item-object-page menu-item-1889\"><a href=\"https:\/\/wldstainless.com\/de\/materials\/duplex-stainless-steel\/\">Duplex-Edelstahl<\/a><\/li>\n<\/ul><\/div><\/div><\/div><br \/>\n<div  class='hr hr-default'><span class='hr-inner' ><span class='hr-inner-style'><\/span><\/span><\/div><br \/>\n<div class='avia-button-wrap avia-button-left'><a href='http:\/\/wldstainless.com\/contact\/#contact' class='avia-button   avia-icon_select-yes-left-icon avia-color-custom avia-size-large avia-position-left'  target=\"_blank\"  style='background-color:#e82221; border-color:#e82221; color:#ffffff; ' ><span class='avia_button_icon avia_button_icon_left' aria-hidden='true' data-av_icon='\ue84b' data-av_iconfont='entypo-fontello'><\/span><span class='avia_iconbox_title' >Angebot anfordern<\/span><\/a><\/div><\/p><\/div><\/div><!--close column table wrapper. Autoclose: 1 --><div class='flex_column_table av-equal-height-column-flextable -flextable' ><div class='av-flex-placeholder'><\/div><div class=\"flex_column av_three_fourth  flex_column_table_cell av-equal-height-column av-align-top av-zero-column-padding\" style='border-radius:0px; '><p><div style='padding-bottom:10px;color:#d3311f;' class='av-special-heading av-special-heading-h3 custom-color-heading'><h3 class='av-special-heading-tag'  itemprop=\"headline\"  >310S Edelstahl<\/h3><div class='special-heading-border'><div class='special-heading-inner-border' style='border-color:#d3311f'><\/div><\/div><\/div><br \/>\n<section class=\"av_textblock_section\"  itemscope=\"itemscope\" itemtype=\"https:\/\/schema.org\/CreativeWork\" ><div class='avia_textblock'   itemprop=\"text\" ><p>WLD Steel ist ein f\u00fchrender Hersteller, Lieferant und Exporteur von Edelstahl 310\/310S, der in verschiedenen Gr\u00f6\u00dfen und Formen erh\u00e4ltlich ist, darunter Rohre, Schl\u00e4uche, Bleche, Platten, Stangen, St\u00e4be und andere Formen wie Engel, Kan\u00e4le, Kreise, Schnittst\u00fccke und so weiter. Legierung 310 (UNS S31000) ist ein hoch Cr-Ni austenitischer Edelstahl, der f\u00fcr den Einsatz in Hochtemperatur- und korrosionsbest\u00e4ndigen Anwendungen bekannt ist. 310S (UNS S31008) ist die kohlenstoffarme Version der Legierung. Es hat eine ausgezeichnete Korrosionsbest\u00e4ndigkeit in oxidierenden Medien sowie gute mechanische Eigenschaften bei hohen Temperaturen und kann f\u00fcr Erd\u00f6lraffinerien und Dampfkessel, \u00d6lbrennerteile, W\u00e4rmetauscher, Ofenteile, Gl\u00fchabdeckungen und Lebensmittelverarbeitungsger\u00e4te verwendet werden.<\/p>\n<p>Welche Formen und Spezifikationen des 310S sind bei WLD Steel verf\u00fcgbar?<\/p>\n<table>\n<tbody>\n<tr>\n<td width=\"170\">Blech\/Platte\/Spule<\/td>\n<td width=\"170\">Nahtlose Rohre\/R\u00f6hren<\/td>\n<td width=\"170\">Geschwei\u00dftes Rohr<\/td>\n<td width=\"170\">Rundstab<\/td>\n<td width=\"170\">Geformter Stahl (geformt)<\/td>\n<\/tr>\n<tr>\n<td width=\"170\">ASTM A240<\/td>\n<td width=\"170\">ASTM A789;<\/p>\n<p>ASTM A790<\/td>\n<td width=\"170\">ASTM A928<\/td>\n<td width=\"170\">ASTM A276;<\/p>\n<p>ASTM A479<\/td>\n<td width=\"170\">ASTM A276<\/td>\n<\/tr>\n<\/tbody>\n<\/table>\n<h2><\/h2>\n<\/div><\/section><br \/>\n<div class=\"togglecontainer\" >\n<section class=\"av_toggle_section\"  itemscope=\"itemscope\" itemtype=\"https:\/\/schema.org\/CreativeWork\"  >    <div class=\"single_toggle\" data-tags=\"{Alle} \"  >        <p data-fake-id=\"#toggle-id-1\" class=\"toggler\"  itemprop=\"headline\"  >310S Stahl\u00e4quivalente Materialien<span class=\"toggle_icon\" >        <span class=\"vert_icon\"><\/span><span class=\"hor_icon\"><\/span><\/span><\/p>        <div id=\"toggle-id-1-container\" class=\"toggle_wrap\"  >            <div class=\"toggle_content invers-color\"  itemprop=\"text\"   ><table>\n<tbody>\n<tr>\n<td width=\"120\">Normen<\/td>\n<td width=\"120\">L\u00c4RM<\/td>\n<td width=\"120\">UNS<\/td>\n<td width=\"120\">JIS<\/td>\n<td width=\"120\">BS<\/td>\n<td width=\"120\">GOST<\/td>\n<td width=\"120\">DE<\/td>\n<td width=\"120\">Gro\u00dfbritannien<\/td>\n<\/tr>\n<tr>\n<td width=\"120\">SS 310S<\/td>\n<td width=\"120\">1.4845<\/td>\n<td width=\"120\">S31008<\/td>\n<td width=\"120\">SUS 310S<\/td>\n<td width=\"120\">310S16<\/td>\n<td width=\"120\">20Ch23N18<\/td>\n<td width=\"120\">X8CrNi25-21<\/td>\n<td width=\"120\">0Cr25Ni20<\/td>\n<\/tr>\n<\/tbody>\n<\/table>\n            <\/div>        <\/div>    <\/div><\/section>\n<section class=\"av_toggle_section\"  itemscope=\"itemscope\" itemtype=\"https:\/\/schema.org\/CreativeWork\"  >    <div class=\"single_toggle\" data-tags=\"{Alle} \"  >        <p data-fake-id=\"#toggle-id-2\" class=\"toggler\"  itemprop=\"headline\"  >310S Chemische Zusammensetzung <span class=\"toggle_icon\" >        <span class=\"vert_icon\"><\/span><span class=\"hor_icon\"><\/span><\/span><\/p>        <div id=\"toggle-id-2-container\" class=\"toggle_wrap\"  >            <div class=\"toggle_content invers-color\"  itemprop=\"text\"   ><table>\n<tbody>\n<tr>\n<td width=\"94\">Noten<\/td>\n<td width=\"94\">Ni<\/td>\n<td width=\"94\">Cr<\/td>\n<td width=\"94\">C<\/td>\n<td width=\"94\">Mn<\/td>\n<td width=\"94\">Si<\/td>\n<td width=\"94\">S<\/td>\n<td width=\"94\">P<\/td>\n<td width=\"94\">Fe<\/td>\n<\/tr>\n<tr>\n<td width=\"94\">SS 310S<\/td>\n<td width=\"94\">19 \u2013 22<\/td>\n<td width=\"94\">24 \u2013 26<\/td>\n<td width=\"94\">0.08<\/td>\n<td width=\"94\">2<\/td>\n<td width=\"94\">1<\/td>\n<td width=\"94\">0.03<\/td>\n<td width=\"94\">0.045<\/td>\n<td width=\"94\">Bal<\/td>\n<\/tr>\n<\/tbody>\n<\/table>\n            <\/div>        <\/div>    <\/div><\/section>\n<section class=\"av_toggle_section\"  itemscope=\"itemscope\" itemtype=\"https:\/\/schema.org\/CreativeWork\"  >    <div class=\"single_toggle\" data-tags=\"{Alle} \"  >        <p data-fake-id=\"#toggle-id-3\" class=\"toggler\"  itemprop=\"headline\"  >310S Mechanische Eigenschaften<span class=\"toggle_icon\" >        <span class=\"vert_icon\"><\/span><span class=\"hor_icon\"><\/span><\/span><\/p>        <div id=\"toggle-id-3-container\" class=\"toggle_wrap\"  >            <div class=\"toggle_content invers-color\"  itemprop=\"text\"   ><table>\n<tbody>\n<tr>\n<td>Noten<\/td>\n<td width=\"179\">Zugfestigkeit<\/td>\n<td width=\"179\">Streckgrenze (0,2%Offset)<\/td>\n<td width=\"179\">Dehnung,%<\/td>\n<td width=\"179\">H\u00e4rte<\/td>\n<\/tr>\n<tr>\n<td>310S<\/td>\n<td width=\"179\">550, Mpa<\/td>\n<td width=\"179\">245, Mpa<\/td>\n<td width=\"179\">45<\/td>\n<td width=\"179\">217Brinell<\/td>\n<\/tr>\n<\/tbody>\n<\/table>\n            <\/div>        <\/div>    <\/div><\/section>\n<\/div><\/p><\/div><\/div><!--close column table wrapper. Autoclose: 1 --><\/p>","protected":false},"excerpt":{"rendered":"","protected":false},"author":1,"featured_media":0,"parent":1323,"menu_order":0,"comment_status":"closed","ping_status":"closed","template":"","meta":{"footnotes":""},"class_list":["post-1425","page","type-page","status-publish","hentry"],"aioseo_notices":[],"_links":{"self":[{"href":"https:\/\/wldstainless.com\/de\/wp-json\/wp\/v2\/pages\/1425","targetHints":{"allow":["GET"]}}],"collection":[{"href":"https:\/\/wldstainless.com\/de\/wp-json\/wp\/v2\/pages"}],"about":[{"href":"https:\/\/wldstainless.com\/de\/wp-json\/wp\/v2\/types\/page"}],"author":[{"embeddable":true,"href":"https:\/\/wldstainless.com\/de\/wp-json\/wp\/v2\/users\/1"}],"replies":[{"embeddable":true,"href":"https:\/\/wldstainless.com\/de\/wp-json\/wp\/v2\/comments?post=1425"}],"version-history":[{"count":12,"href":"https:\/\/wldstainless.com\/de\/wp-json\/wp\/v2\/pages\/1425\/revisions"}],"predecessor-version":[{"id":1900,"href":"https:\/\/wldstainless.com\/de\/wp-json\/wp\/v2\/pages\/1425\/revisions\/1900"}],"up":[{"embeddable":true,"href":"https:\/\/wldstainless.com\/de\/wp-json\/wp\/v2\/pages\/1323"}],"wp:attachment":[{"href":"https:\/\/wldstainless.com\/de\/wp-json\/wp\/v2\/media?parent=1425"}],"curies":[{"name":"wp","href":"https:\/\/api.w.org\/{rel}","templated":true}]}}