{"id":1377,"date":"2020-08-10T05:15:05","date_gmt":"2020-08-10T05:15:05","guid":{"rendered":"http:\/\/wldstainless.com\/?page_id=1377"},"modified":"2020-12-11T05:41:57","modified_gmt":"2020-12-11T05:41:57","slug":"stainless-steel-coiled-tube","status":"publish","type":"page","link":"https:\/\/wldstainless.com\/de\/products\/stainless-steel-coiled-tube\/","title":{"rendered":"Spiralrohr aus Edelstahl"},"content":{"rendered":"<div class=\"flex_column av_one_fourth  flex_column_div av-zero-column-padding first\" style='border-radius:0px; '><p><div class='avia-builder-widget-area clearfix'><div id=\"nav_menu-7\" class=\"widget clearfix widget_nav_menu\"><h3 class=\"widgettitle\">Produkte<\/h3><div class=\"menu-accessories-container\"><ul id=\"menu-accessories\" class=\"menu\"><li id=\"menu-item-1924\" class=\"menu-item menu-item-type-post_type menu-item-object-page menu-item-1924\"><a href=\"https:\/\/wldstainless.com\/de\/products\/stainless-steel-angle\/\">Edelstahlwinkel<\/a><\/li>\n<li id=\"menu-item-1925\" class=\"menu-item menu-item-type-post_type menu-item-object-page menu-item-1925\"><a href=\"https:\/\/wldstainless.com\/de\/products\/stainless-steel-beam\/\">Edelstahltr\u00e4ger<\/a><\/li>\n<li id=\"menu-item-1926\" class=\"menu-item menu-item-type-post_type menu-item-object-page menu-item-1926\"><a href=\"https:\/\/wldstainless.com\/de\/products\/stainless-steel-capillary-tubes\/\">Kapillarr\u00f6hrchen aus Edelstahl<\/a><\/li>\n<li id=\"menu-item-1927\" class=\"menu-item menu-item-type-post_type menu-item-object-page menu-item-1927\"><a href=\"https:\/\/wldstainless.com\/de\/products\/stainless-steel-channel\/\">Edelstahlkanal<\/a><\/li>\n<li id=\"menu-item-1928\" class=\"menu-item menu-item-type-post_type menu-item-object-page menu-item-1928\"><a href=\"https:\/\/wldstainless.com\/de\/products\/stainless-steel-coiled-tube\/\">Spiralrohr aus Edelstahl<\/a><\/li>\n<li id=\"menu-item-1929\" class=\"menu-item menu-item-type-post_type menu-item-object-page menu-item-1929\"><a href=\"https:\/\/wldstainless.com\/de\/products\/stainless-steel-cold-rolled-plate-sheet-coil\/\">Kaltgewalzte Platte\/Blech\/Spule aus Edelstahl<\/a><\/li>\n<li id=\"menu-item-1930\" class=\"menu-item menu-item-type-post_type menu-item-object-page menu-item-1930\"><a href=\"https:\/\/wldstainless.com\/de\/products\/stainless-steel-flats\/\">Edelstahl-Flachst\u00fccke<\/a><\/li>\n<li id=\"menu-item-1931\" class=\"menu-item menu-item-type-post_type menu-item-object-page menu-item-1931\"><a href=\"https:\/\/wldstainless.com\/de\/products\/stainless-steel-hexagon-bars\/\">Sechskantstangen aus Edelstahl<\/a><\/li>\n<li id=\"menu-item-1932\" class=\"menu-item menu-item-type-post_type menu-item-object-page menu-item-1932\"><a href=\"https:\/\/wldstainless.com\/de\/products\/stainless-steel-hot-rolled-plate-sheet-coil\/\">Warmgewalzte Platte\/Blech\/Spule aus Edelstahl<\/a><\/li>\n<li id=\"menu-item-1933\" class=\"menu-item menu-item-type-post_type menu-item-object-page menu-item-1933\"><a href=\"https:\/\/wldstainless.com\/de\/products\/stainless-steel-large-diameter-pipe\/\">Edelstahlrohr mit gro\u00dfem Durchmesser<\/a><\/li>\n<li id=\"menu-item-1934\" class=\"menu-item menu-item-type-post_type menu-item-object-page menu-item-1934\"><a href=\"https:\/\/wldstainless.com\/de\/products\/stainless-steel-round-bars\/\">Rundst\u00e4be aus Edelstahl<\/a><\/li>\n<li id=\"menu-item-1935\" class=\"menu-item menu-item-type-post_type menu-item-object-page menu-item-1935\"><a href=\"https:\/\/wldstainless.com\/de\/products\/stainless-steel-square-tube\/\">Vierkantrohr aus Edelstahl<\/a><\/li>\n<li id=\"menu-item-1936\" class=\"menu-item menu-item-type-post_type menu-item-object-page menu-item-1936\"><a href=\"https:\/\/wldstainless.com\/de\/products\/stainless-steel-u-bend-tube\/\">U-Bogenrohr aus Edelstahl<\/a><\/li>\n<\/ul><\/div><\/div><\/div><br \/>\n<div  class='hr hr-default'><span class='hr-inner' ><span class='hr-inner-style'><\/span><\/span><\/div><br \/>\n<div class='avia-button-wrap avia-button-left'><a href='http:\/\/wldstainless.com\/contact\/#contact' class='avia-button   avia-icon_select-yes-left-icon avia-color-custom avia-size-large avia-position-left'  target=\"_blank\"  style='background-color:#e82221; border-color:#e82221; color:#ffffff; ' ><span class='avia_button_icon avia_button_icon_left' aria-hidden='true' data-av_icon='\ue84b' data-av_iconfont='entypo-fontello'><\/span><span class='avia_iconbox_title' >Angebot anfordern<\/span><\/a><\/div><\/p><\/div>\n<div class=\"flex_column av_three_fourth  flex_column_div\" style='padding:0px 0px 50px 0px ; border-radius:0px; '><p><div style='padding-bottom:10px;color:#d3311f;' class='av-special-heading av-special-heading-h3 custom-color-heading'><h3 class='av-special-heading-tag'  itemprop=\"headline\"  >Spiralrohr aus Edelstahl<\/h3><div class='special-heading-border'><div class='special-heading-inner-border' style='border-color:#d3311f'><\/div><\/div><\/div><br \/>\n<section class=\"av_textblock_section\"  itemscope=\"itemscope\" itemtype=\"https:\/\/schema.org\/CreativeWork\" ><div class='avia_textblock'   itemprop=\"text\" ><p>Das gewickelte Rohr ist im Allgemeinen eine gebogene Spirale mit einem Durchmesser von 0,5 bis 25 mm und einer Dicke von 0,1 bis 2,5 mm. Es bietet die hervorragenden Eigenschaften von Edelstahl, n\u00e4mlich Best\u00e4ndigkeit gegen hohe Temperaturen und Korrosion sowie eine lange Lebensdauer. Die gewickelte Form spart zudem Lager- und Transportkosten. Das gewickelte Rohr aus gl\u00e4nzendem Edelstahl besteht aus Edelstahlrohren, deren Wandst\u00e4rke durch Glanzgl\u00fchen reduziert wurde. Im Allgemeinen kann durch Glanzgl\u00fchen oder Feinpolieren die Oberfl\u00e4chenrauheit auf weniger als 0,2 \u00b5m reduziert werden, wodurch pr\u00e4zisere und glattere Innen- und Au\u00dfenw\u00e4nde entstehen und keine schwarze Oxidschicht entsteht. Die Toleranz des Au\u00dfendurchmessers kann auf \u00b10,05 mm und der Au\u00dfendurchmesser auf \u00b10,02 mm eingestellt werden, was besser ist als bei gew\u00f6hnlichen Edelstahlrohren. Edelstahl-gewickelte Rohre werden h\u00e4ufig in der Erd\u00f6lf\u00f6rderung, bei kompletten Anlagen (Pipelines und Kabel), in der chemischen Industrie, der pharmazeutischen Industrie, der Lebensmittelindustrie, der Maschinenbauindustrie, der Kesselindustrie, der Schiffbauindustrie usw. verwendet.<\/p>\n<p>Bei WLD Steel liefern und fertigen wir Edelstahl-Spiralrohre mit einem Au\u00dfendurchmesser von 1,6 mm bis 25 mm und einer Wandst\u00e4rke von 0,4 mm bis 2,1 mm. Hier produzieren und kontrollieren wir die Qualit\u00e4t von Spiralrohren im Allgemeinen gem\u00e4\u00df ASTM A\/ASME SA 213\/269\/511\/632. Wir k\u00f6nnen einen individuellen Service anbieten, wenn Kunden strengere Anforderungen an die kapillare Ma\u00dfgenauigkeit und Oberfl\u00e4chenbeschaffenheit haben, einschlie\u00dflich blankgegl\u00fchter Edelstahlrohre und elektrolytisch polierter Rohre. Dar\u00fcber hinaus bieten wir Abbl\u00e4ttern, Schlie\u00dfen, Stanzen, Schneiden, Biegen und andere Verarbeitungsdienste an.<\/p>\n<\/div><\/section><br \/>\n<div class='avia-gallery  avia-gallery-1 avia_lazyload avia_animate_when_visible'  itemprop=\"ImageObject\" itemscope=\"itemscope\" itemtype=\"https:\/\/schema.org\/ImageObject\" ><div class='avia-gallery-thumb'> <a href='https:\/\/wldstainless.com\/wp-content\/uploads\/2020\/09\/316-coild-boiler-tube.jpg' data-rel='gallery-1' data-prev-img='https:\/\/wldstainless.com\/wp-content\/uploads\/2020\/09\/316-coild-boiler-tube.jpg' class='first_thumb lightbox' data-onclick='1' title=''  itemprop=\"thumbnailUrl\" ><img  src='https:\/\/wldstainless.com\/wp-content\/uploads\/2020\/09\/316-coild-boiler-tube.jpg' width='300' height='300'  title='316 Spulenkesselrohr' alt='' \/><\/a> <a href='https:\/\/wldstainless.com\/wp-content\/uploads\/2020\/09\/304-coild-tube.jpg' data-rel='gallery-1' data-prev-img='https:\/\/wldstainless.com\/wp-content\/uploads\/2020\/09\/304-coild-tube.jpg' class='lightbox' data-onclick='2' title=''  itemprop=\"thumbnailUrl\" ><img  src='https:\/\/wldstainless.com\/wp-content\/uploads\/2020\/09\/304-coild-tube.jpg' width='300' height='300'  title='304 Spiralrohr' alt='' \/><\/a> <a href='https:\/\/wldstainless.com\/wp-content\/uploads\/2020\/09\/SS-BA-tube-1.jpg' data-rel='gallery-1' data-prev-img='https:\/\/wldstainless.com\/wp-content\/uploads\/2020\/09\/SS-BA-tube-1.jpg' class='lightbox' data-onclick='3' title=''  itemprop=\"thumbnailUrl\" ><img  src='https:\/\/wldstainless.com\/wp-content\/uploads\/2020\/09\/SS-BA-tube-1.jpg' width='300' height='300'  title='SS BA-Rohr' alt='' \/><\/a><\/div><\/div><br \/>\n<section class=\"av_textblock_section\"  itemscope=\"itemscope\" itemtype=\"https:\/\/schema.org\/CreativeWork\" ><div class='avia_textblock'   itemprop=\"text\" ><h4><strong>Spezifikationen f\u00fcr industrielle SS-Spiralrohre<\/strong><\/h4>\n<table>\n<tbody>\n<tr>\n<td width=\"191\">Material<\/td>\n<td width=\"661\">Edelstahl<\/p>\n<p>Duplex-Edelstahl<\/td>\n<\/tr>\n<tr>\n<td width=\"191\">Spezifikation<\/td>\n<td width=\"661\">ASTM A269\/A312\/A213\/A511<\/td>\n<\/tr>\n<tr>\n<td width=\"191\">Gr\u00f6\u00dfe<\/td>\n<td width=\"661\">Au\u00dfendurchmesser: 3,18\u201319,05 mm, Breite: 0,5\u20132,1 mm<\/td>\n<\/tr>\n<tr>\n<td width=\"191\">Verwendet<\/td>\n<td width=\"661\">SS-Spiralrohr f\u00fcr Instrumente, Verdampfer, Kessel, W\u00e4rmetauscher, Kondensator<\/td>\n<\/tr>\n<\/tbody>\n<\/table>\n<\/div><\/section><br \/>\n<section class=\"av_textblock_section\"  itemscope=\"itemscope\" itemtype=\"https:\/\/schema.org\/CreativeWork\" ><div class='avia_textblock'   itemprop=\"text\" ><h4><strong>Verf\u00fcgbare G\u00fcten von SS Coiled Tube bei WID Steel<\/strong><\/h4>\n<ul>\n<li>Edelstahl <a href=\"https:\/\/wldstainless.com\/materials\/austenitic-stainless-steel\/304-304l-stainless-steel\/\">304\/304L<\/a> Gewickelte Rohre<\/li>\n<li>Edelstahl <a href=\"https:\/\/wldstainless.com\/materials\/austenitic-stainless-steel\/316-316l-stainless-steel\/\">316\/316L<\/a>\u00a0Gewickelte Rohre<\/li>\n<li>Edelstahl <a href=\"https:\/\/wldstainless.com\/materials\/austenitic-stainless-steel\/309s-stainless-steel\/\">309\/309S<\/a>\u00a0Gewickelte Rohre<\/li>\n<li>Edelstahl <a href=\"https:\/\/wldstainless.com\/materials\/austenitic-stainless-steel\/310s-stainless-steel\/\">310\/310S<\/a> Gewickelte Rohre<\/li>\n<li>Edelstahl <a href=\"https:\/\/wldstainless.com\/materials\/austenitic-stainless-steel\/321-321h-stainless-steel\/\">321\/321H<\/a> Gewickelte Rohre<\/li>\n<li>Edelstahl <a href=\"https:\/\/wldstainless.com\/materials\/austenitic-stainless-steel\/347-347h-stainless-steel\/\">347\/347H<\/a> Gewickelte Rohre<\/li>\n<li>Duplex-Stahl <a href=\"https:\/\/wldstainless.com\/materials\/duplex-stainless-steel\/alloy-2304-stainless-steel\/\">31803<\/a> Gewickelte Rohre<\/li>\n<li>Duplex-Stahl <a href=\"https:\/\/wldstainless.com\/materials\/duplex-stainless-steel\/alloy-2205-stainless-steel\/\">32550<\/a> Gewickelte Rohre<\/li>\n<\/ul>\n<p><!--more--><\/p>\n<\/div><\/section><\/p><\/div>","protected":false},"excerpt":{"rendered":"<p>Verf\u00fcgbare Edelstahl-Spiralrohrqualit\u00e4ten bei WID Steel: Spiralrohre aus Edelstahl 304\/304L Spiralrohre aus Edelstahl 316\/316L Spiralrohre aus Edelstahl 309\/309S Spiralrohre aus Edelstahl 310\/310S Spiralrohre aus Edelstahl 321\/321H Spiralrohre aus Edelstahl 347\/347H Spiralrohre aus Duplexstahl 31803 Spiralrohre aus Duplexstahl 32550<\/p>","protected":false},"author":1,"featured_media":0,"parent":346,"menu_order":0,"comment_status":"closed","ping_status":"closed","template":"","meta":{"footnotes":""},"class_list":["post-1377","page","type-page","status-publish","hentry"],"aioseo_notices":[],"_links":{"self":[{"href":"https:\/\/wldstainless.com\/de\/wp-json\/wp\/v2\/pages\/1377","targetHints":{"allow":["GET"]}}],"collection":[{"href":"https:\/\/wldstainless.com\/de\/wp-json\/wp\/v2\/pages"}],"about":[{"href":"https:\/\/wldstainless.com\/de\/wp-json\/wp\/v2\/types\/page"}],"author":[{"embeddable":true,"href":"https:\/\/wldstainless.com\/de\/wp-json\/wp\/v2\/users\/1"}],"replies":[{"embeddable":true,"href":"https:\/\/wldstainless.com\/de\/wp-json\/wp\/v2\/comments?post=1377"}],"version-history":[{"count":15,"href":"https:\/\/wldstainless.com\/de\/wp-json\/wp\/v2\/pages\/1377\/revisions"}],"predecessor-version":[{"id":2053,"href":"https:\/\/wldstainless.com\/de\/wp-json\/wp\/v2\/pages\/1377\/revisions\/2053"}],"up":[{"embeddable":true,"href":"https:\/\/wldstainless.com\/de\/wp-json\/wp\/v2\/pages\/346"}],"wp:attachment":[{"href":"https:\/\/wldstainless.com\/de\/wp-json\/wp\/v2\/media?parent=1377"}],"curies":[{"name":"wp","href":"https:\/\/api.w.org\/{rel}","templated":true}]}}