{"id":1375,"date":"2020-08-10T05:14:35","date_gmt":"2020-08-10T05:14:35","guid":{"rendered":"http:\/\/wldstainless.com\/?page_id=1375"},"modified":"2020-12-11T05:51:52","modified_gmt":"2020-12-11T05:51:52","slug":"stainless-steel-hot-rolled-plate-sheet-coil","status":"publish","type":"page","link":"https:\/\/wldstainless.com\/de\/products\/stainless-steel-hot-rolled-plate-sheet-coil\/","title":{"rendered":"Warmgewalzte Platte\/Blech\/Spule aus Edelstahl"},"content":{"rendered":"<div class=\"flex_column av_one_fourth  flex_column_div av-zero-column-padding first\" style='border-radius:0px; '><p><div class='avia-builder-widget-area clearfix'><div id=\"nav_menu-7\" class=\"widget clearfix widget_nav_menu\"><h3 class=\"widgettitle\">Produkte<\/h3><div class=\"menu-accessories-container\"><ul id=\"menu-accessories\" class=\"menu\"><li id=\"menu-item-1924\" class=\"menu-item menu-item-type-post_type menu-item-object-page menu-item-1924\"><a href=\"https:\/\/wldstainless.com\/de\/products\/stainless-steel-angle\/\">Edelstahlwinkel<\/a><\/li>\n<li id=\"menu-item-1925\" class=\"menu-item menu-item-type-post_type menu-item-object-page menu-item-1925\"><a href=\"https:\/\/wldstainless.com\/de\/products\/stainless-steel-beam\/\">Edelstahltr\u00e4ger<\/a><\/li>\n<li id=\"menu-item-1926\" class=\"menu-item menu-item-type-post_type menu-item-object-page menu-item-1926\"><a href=\"https:\/\/wldstainless.com\/de\/products\/stainless-steel-capillary-tubes\/\">Kapillarr\u00f6hrchen aus Edelstahl<\/a><\/li>\n<li id=\"menu-item-1927\" class=\"menu-item menu-item-type-post_type menu-item-object-page menu-item-1927\"><a href=\"https:\/\/wldstainless.com\/de\/products\/stainless-steel-channel\/\">Edelstahlkanal<\/a><\/li>\n<li id=\"menu-item-1928\" class=\"menu-item menu-item-type-post_type menu-item-object-page menu-item-1928\"><a href=\"https:\/\/wldstainless.com\/de\/products\/stainless-steel-coiled-tube\/\">Spiralrohr aus Edelstahl<\/a><\/li>\n<li id=\"menu-item-1929\" class=\"menu-item menu-item-type-post_type menu-item-object-page menu-item-1929\"><a href=\"https:\/\/wldstainless.com\/de\/products\/stainless-steel-cold-rolled-plate-sheet-coil\/\">Kaltgewalzte Platte\/Blech\/Spule aus Edelstahl<\/a><\/li>\n<li id=\"menu-item-1930\" class=\"menu-item menu-item-type-post_type menu-item-object-page menu-item-1930\"><a href=\"https:\/\/wldstainless.com\/de\/products\/stainless-steel-flats\/\">Edelstahl-Flachst\u00fccke<\/a><\/li>\n<li id=\"menu-item-1931\" class=\"menu-item menu-item-type-post_type menu-item-object-page menu-item-1931\"><a href=\"https:\/\/wldstainless.com\/de\/products\/stainless-steel-hexagon-bars\/\">Sechskantstangen aus Edelstahl<\/a><\/li>\n<li id=\"menu-item-1932\" class=\"menu-item menu-item-type-post_type menu-item-object-page menu-item-1932\"><a href=\"https:\/\/wldstainless.com\/de\/products\/stainless-steel-hot-rolled-plate-sheet-coil\/\">Warmgewalzte Platte\/Blech\/Spule aus Edelstahl<\/a><\/li>\n<li id=\"menu-item-1933\" class=\"menu-item menu-item-type-post_type menu-item-object-page menu-item-1933\"><a href=\"https:\/\/wldstainless.com\/de\/products\/stainless-steel-large-diameter-pipe\/\">Edelstahlrohr mit gro\u00dfem Durchmesser<\/a><\/li>\n<li id=\"menu-item-1934\" class=\"menu-item menu-item-type-post_type menu-item-object-page menu-item-1934\"><a href=\"https:\/\/wldstainless.com\/de\/products\/stainless-steel-round-bars\/\">Rundst\u00e4be aus Edelstahl<\/a><\/li>\n<li id=\"menu-item-1935\" class=\"menu-item menu-item-type-post_type menu-item-object-page menu-item-1935\"><a href=\"https:\/\/wldstainless.com\/de\/products\/stainless-steel-square-tube\/\">Vierkantrohr aus Edelstahl<\/a><\/li>\n<li id=\"menu-item-1936\" class=\"menu-item menu-item-type-post_type menu-item-object-page menu-item-1936\"><a href=\"https:\/\/wldstainless.com\/de\/products\/stainless-steel-u-bend-tube\/\">U-Bogenrohr aus Edelstahl<\/a><\/li>\n<\/ul><\/div><\/div><\/div><br \/>\n<div  class='hr hr-default'><span class='hr-inner' ><span class='hr-inner-style'><\/span><\/span><\/div><br \/>\n<div class='avia-button-wrap avia-button-left'><a href='http:\/\/wldstainless.com\/contact\/#contact' class='avia-button   avia-icon_select-yes-left-icon avia-color-custom avia-size-large avia-position-left'  target=\"_blank\"  style='background-color:#e82221; border-color:#e82221; color:#ffffff; ' ><span class='avia_button_icon avia_button_icon_left' aria-hidden='true' data-av_icon='\ue84b' data-av_iconfont='entypo-fontello'><\/span><span class='avia_iconbox_title' >Angebot anfordern<\/span><\/a><\/div><\/p><\/div>\n<div class=\"flex_column av_three_fourth  flex_column_div\" style='padding:0px 0px 50px 0px ; border-radius:0px; '><p><div style='padding-bottom:10px;color:#d3311f;' class='av-special-heading av-special-heading-h3 custom-color-heading'><h3 class='av-special-heading-tag'  itemprop=\"headline\"  >Warmgewalztes Edelstahlblech\/-platte\/-spule<\/h3><div class='special-heading-border'><div class='special-heading-inner-border' style='border-color:#d3311f'><\/div><\/div><\/div><br \/>\n<div  class='hr hr-default'><span class='hr-inner' ><span class='hr-inner-style'><\/span><\/span><\/div><br \/>\n<section class=\"av_textblock_section\"  itemscope=\"itemscope\" itemtype=\"https:\/\/schema.org\/CreativeWork\" ><div class='avia_textblock'   itemprop=\"text\" ><p>Warmgewalzte Edelstahlplatten werden aus Brammen (haupts\u00e4chlich Stranggussbrammen) hergestellt, nachdem sie in einem Vorwalzwerk und einem Fertigwalzwerk erhitzt wurden. Warmgewalzte Edelstahlplatten haben eine gute Z\u00e4higkeit und Duktilit\u00e4t, sind leicht zu verarbeiten, gut duktil und g\u00fcnstig, aber die mechanischen Eigenschaften und die Oberfl\u00e4chenqualit\u00e4t sind denen einer kaltverarbeiteten Edelstahlplatte unterlegen und werden nur von geschmiedeten Stahlplatten \u00fcbertroffen. Im Vergleich zu kaltgewalzten Blechen haben warmgewalzte Edelstahlplatten eine Oxidschicht und eine graue Oberfl\u00e4che. Sie werden haupts\u00e4chlich in der Schifffahrt, Erd\u00f6l- und Erdgasindustrie, der chemischen Industrie, der Lebensmittelindustrie, K\u00fcchengeschirr, allgemeinen Haushaltsger\u00e4ten usw. verwendet.<\/p>\n<p>Als Lieferant und Hersteller von Edelstahlblechen und -platten gem\u00e4\u00df den Normen ASTM, ASME und EN. WLD Steel liefert warmgewalzte Edelstahlprodukte (Bleche, Platten, Spulen, Streifen) in den Sorten 201, 304\/304L, 316\/316L, 430, 410S, 409\/409L und Duplex-Qualit\u00e4t 2205. Alle unsere Produkte k\u00f6nnen zum Biegen, Trimmen, Beizen, W\u00e4rmebehandeln, Beschichten oder f\u00fcr andere Zwecke weiterverarbeitet werden.<\/p>\n<\/div><\/section><br \/>\n<div  class='hr hr-default'><span class='hr-inner' ><span class='hr-inner-style'><\/span><\/span><\/div><br \/>\n<section class=\"av_textblock_section\"  itemscope=\"itemscope\" itemtype=\"https:\/\/schema.org\/CreativeWork\" ><div class='avia_textblock'   itemprop=\"text\" ><p>Spezifikationen: ASTM A240, ASTM A480<\/p>\n<p>Oberfl\u00e4chenbeschaffenheit: Nr. 1<\/p>\n<p>Gr\u00f6\u00dfe: 800\u20132000 x 3\u201310,0 mm (Platte)<\/p>\n<p>Verf\u00fcgbare Qualit\u00e4ten: 201, <a href=\"https:\/\/wldstainless.com\/materials\/austenitic-stainless-steel\/304-304l-stainless-steel\/\">304\/304L<\/a>, <a href=\"https:\/\/wldstainless.com\/materials\/austenitic-stainless-steel\/316-316l-stainless-steel\/\">316\/316L<\/a>, 317, 309S, 321H, 347, 409L, <a href=\"https:\/\/wldstainless.com\/materials\/austenitic-stainless-steel\/904l-stainless-steel\/\">904L<\/a>, <a href=\"https:\/\/wldstainless.com\/materials\/duplex-stainless-steel\/alloy-2205-stainless-steel\/\">2205<\/a><\/p>\n<h4>Die Gr\u00f6\u00dfe von warmgewalztem Edelstahlblech\/-platte\/-spule<\/h4>\n<table>\n<tbody>\n<tr>\n<td>Oberfl\u00e4chenarten<\/td>\n<td colspan=\"2\">Produkttyp<\/td>\n<td>Nenndicke<br \/>\nmm<\/td>\n<td>Nennweite<br \/>\nmm<\/td>\n<td>Nennl\u00e4nge der Platte bzw. Innendurchmesser der Spulen, mm<\/td>\n<\/tr>\n<tr>\n<td>Nr.1U<br \/>\nNr.1C<\/td>\n<td>Stahlspule<\/td>\n<td>Nicht kantenschneidend<\/td>\n<td>2,0\uff5e10,0<\/td>\n<td>750\uff5e1600<\/td>\n<td>760 (Spule)<\/td>\n<\/tr>\n<tr>\n<td rowspan=\"4\">Nr.1<\/td>\n<td rowspan=\"2\">Stahlplatte<\/td>\n<td>Kantenschneiden<\/td>\n<td rowspan=\"2\">2,0\uff5e10,0<\/td>\n<td>730\uff5e1570<\/td>\n<td rowspan=\"2\">1000\uff5e12000 (Platte)<\/td>\n<\/tr>\n<tr>\n<td>Nicht kantenschneidend<\/td>\n<td>750\uff5e1600<\/td>\n<\/tr>\n<tr>\n<td rowspan=\"2\">Stahlspule<\/td>\n<td>Kantenschneiden<\/td>\n<td rowspan=\"2\">2,0\uff5e10,0<\/td>\n<td>730\uff5e1570<\/td>\n<td rowspan=\"2\">610 (Spule)<\/td>\n<\/tr>\n<tr>\n<td>Nicht kantenschneidend<\/td>\n<td>750\uff5e1600<\/td>\n<\/tr>\n<\/tbody>\n<\/table>\n<\/div><\/section><\/p><\/div>","protected":false},"excerpt":{"rendered":"","protected":false},"author":1,"featured_media":0,"parent":346,"menu_order":0,"comment_status":"closed","ping_status":"closed","template":"","meta":{"footnotes":""},"class_list":["post-1375","page","type-page","status-publish","hentry"],"aioseo_notices":[],"_links":{"self":[{"href":"https:\/\/wldstainless.com\/de\/wp-json\/wp\/v2\/pages\/1375","targetHints":{"allow":["GET"]}}],"collection":[{"href":"https:\/\/wldstainless.com\/de\/wp-json\/wp\/v2\/pages"}],"about":[{"href":"https:\/\/wldstainless.com\/de\/wp-json\/wp\/v2\/types\/page"}],"author":[{"embeddable":true,"href":"https:\/\/wldstainless.com\/de\/wp-json\/wp\/v2\/users\/1"}],"replies":[{"embeddable":true,"href":"https:\/\/wldstainless.com\/de\/wp-json\/wp\/v2\/comments?post=1375"}],"version-history":[{"count":12,"href":"https:\/\/wldstainless.com\/de\/wp-json\/wp\/v2\/pages\/1375\/revisions"}],"predecessor-version":[{"id":2057,"href":"https:\/\/wldstainless.com\/de\/wp-json\/wp\/v2\/pages\/1375\/revisions\/2057"}],"up":[{"embeddable":true,"href":"https:\/\/wldstainless.com\/de\/wp-json\/wp\/v2\/pages\/346"}],"wp:attachment":[{"href":"https:\/\/wldstainless.com\/de\/wp-json\/wp\/v2\/media?parent=1375"}],"curies":[{"name":"wp","href":"https:\/\/api.w.org\/{rel}","templated":true}]}}