{"id":1323,"date":"2020-08-09T14:14:51","date_gmt":"2020-08-09T14:14:51","guid":{"rendered":"http:\/\/wldstainless.com\/?page_id=1323"},"modified":"2020-09-18T09:26:17","modified_gmt":"2020-09-18T09:26:17","slug":"austenitic-stainless-steel","status":"publish","type":"page","link":"https:\/\/wldstainless.com\/de\/materials\/austenitic-stainless-steel\/","title":{"rendered":"Austenitischem Edelstahl"},"content":{"rendered":"<div class='flex_column_table av-equal-height-column-flextable -flextable' ><div class=\"flex_column av_one_fourth  flex_column_table_cell av-equal-height-column av-align-top av-zero-column-padding first\" style='border-radius:0px; '><p><div class='avia-builder-widget-area clearfix'><div id=\"nav_menu-5\" class=\"widget clearfix widget_nav_menu\"><h3 class=\"widgettitle\">Material<\/h3><div class=\"menu-products-sidebar-menu-container\"><ul id=\"menu-products-sidebar-menu\" class=\"menu\"><li id=\"menu-item-1329\" class=\"menu-item menu-item-type-post_type menu-item-object-page menu-item-1329\"><a href=\"https:\/\/wldstainless.com\/de\/materials\/ferritic-stainless-steel\/\">Ferritischer Edelstahl<\/a><\/li>\n<li id=\"menu-item-1328\" class=\"menu-item menu-item-type-post_type menu-item-object-page menu-item-1328\"><a href=\"https:\/\/wldstainless.com\/de\/materials\/martensitic-stainless-steel\/\">Martensitischer Edelstahl<\/a><\/li>\n<li id=\"menu-item-1327\" class=\"menu-item menu-item-type-post_type menu-item-object-page menu-item-1327\"><a href=\"https:\/\/wldstainless.com\/de\/materials\/austenitic-stainless-steel\/\">Austenitischem Edelstahl<\/a><\/li>\n<li id=\"menu-item-1889\" class=\"menu-item menu-item-type-post_type menu-item-object-page menu-item-1889\"><a href=\"https:\/\/wldstainless.com\/de\/materials\/duplex-stainless-steel\/\">Duplex-Edelstahl<\/a><\/li>\n<\/ul><\/div><\/div><\/div><br \/>\n<div  class='hr hr-default'><span class='hr-inner' ><span class='hr-inner-style'><\/span><\/span><\/div><br \/>\n<div class='avia-button-wrap avia-button-left'><a href='http:\/\/wldstainless.com\/contact\/#contact' class='avia-button   avia-icon_select-yes-left-icon avia-color-custom avia-size-large avia-position-left'  target=\"_blank\"  style='background-color:#e82221; border-color:#e82221; color:#ffffff; ' ><span class='avia_button_icon avia_button_icon_left' aria-hidden='true' data-av_icon='\ue84b' data-av_iconfont='entypo-fontello'><\/span><span class='avia_iconbox_title' >Angebot anfordern<\/span><\/a><\/div><\/p><\/div><\/div><!--close column table wrapper. Autoclose: 1 --><div class='flex_column_table av-equal-height-column-flextable -flextable' ><div class='av-flex-placeholder'><\/div><div class=\"flex_column av_three_fourth  flex_column_table_cell av-equal-height-column av-align-top av-zero-column-padding\" style='border-radius:0px; '><p><div style='padding-bottom:10px;color:#d3311f;' class='av-special-heading av-special-heading-h3 custom-color-heading'><h3 class='av-special-heading-tag'  itemprop=\"headline\"  >Austenitischem Edelstahl<\/h3><div class='special-heading-border'><div class='special-heading-inner-border' style='border-color:#d3311f'><\/div><\/div><\/div><br \/>\n<section class=\"av_textblock_section\"  itemscope=\"itemscope\" itemtype=\"https:\/\/schema.org\/CreativeWork\" ><div class='avia_textblock'   itemprop=\"text\" ><p>Edelstahl ist ein legierter Stahl, der mindestens 10,51 TP3T Chrom und 61 TP3T Nickel, Molybd\u00e4n und Niob enth\u00e4lt. Im Vergleich zu normalem Stahl korrodiert und rostet Edelstahl nicht so leicht. Austenitischer Edelstahl ist eine Art Chrom-Nickel-Eisen-Legierung mit 16-261 TP3T Chrom, 6-221 TP3T Nickel und geringem Kohlenstoffgehalt. Der Nickelgehalt erh\u00f6ht die Korrosionsbest\u00e4ndigkeit. Er ist magnetfrei und kann durch Kaltverformung sowie Anlassen geh\u00e4rtet werden. Typ 304 (18\/8-Stahl) ist die am h\u00e4ufigsten verwendete G\u00fcte. Bei WLD Steel sind austenitische Edelstahlprodukte in einer umfangreichen Palette von Formen, G\u00fcten, Oberfl\u00e4chen, St\u00e4rken, Breiten und L\u00e4ngen erh\u00e4ltlich.<\/p>\n<h2><\/h2>\n<\/div><\/section><br \/>\n<\/p><\/div><\/div><!--close column table wrapper. Autoclose: 1 --><\/p>","protected":false},"excerpt":{"rendered":"","protected":false},"author":1,"featured_media":0,"parent":106,"menu_order":0,"comment_status":"closed","ping_status":"closed","template":"","meta":{"footnotes":""},"class_list":["post-1323","page","type-page","status-publish","hentry"],"aioseo_notices":[],"_links":{"self":[{"href":"https:\/\/wldstainless.com\/de\/wp-json\/wp\/v2\/pages\/1323","targetHints":{"allow":["GET"]}}],"collection":[{"href":"https:\/\/wldstainless.com\/de\/wp-json\/wp\/v2\/pages"}],"about":[{"href":"https:\/\/wldstainless.com\/de\/wp-json\/wp\/v2\/types\/page"}],"author":[{"embeddable":true,"href":"https:\/\/wldstainless.com\/de\/wp-json\/wp\/v2\/users\/1"}],"replies":[{"embeddable":true,"href":"https:\/\/wldstainless.com\/de\/wp-json\/wp\/v2\/comments?post=1323"}],"version-history":[{"count":11,"href":"https:\/\/wldstainless.com\/de\/wp-json\/wp\/v2\/pages\/1323\/revisions"}],"predecessor-version":[{"id":1893,"href":"https:\/\/wldstainless.com\/de\/wp-json\/wp\/v2\/pages\/1323\/revisions\/1893"}],"up":[{"embeddable":true,"href":"https:\/\/wldstainless.com\/de\/wp-json\/wp\/v2\/pages\/106"}],"wp:attachment":[{"href":"https:\/\/wldstainless.com\/de\/wp-json\/wp\/v2\/media?parent=1323"}],"curies":[{"name":"wp","href":"https:\/\/api.w.org\/{rel}","templated":true}]}}