{"id":114,"date":"2019-04-25T09:02:31","date_gmt":"2019-04-25T09:02:31","guid":{"rendered":"http:\/\/wldstainless.com\/?page_id=114"},"modified":"2020-12-11T06:24:33","modified_gmt":"2020-12-11T06:24:33","slug":"markets","status":"publish","type":"page","link":"https:\/\/wldstainless.com\/de\/markets\/","title":{"rendered":"M\u00c4RKTE"},"content":{"rendered":"<div id='fullscreen_slider_1' class='avia-fullscreen-slider main_color   container_wrap sidebar_left'   ><div  data-size='no scaling'  data-lightbox_size='large'  data-animation='slide'  data-ids='2034'  data-video_counter='0'  data-autoplay='false'  data-bg_slider='true'  data-slide_height='100'  data-handle='av_fullscreen'  data-interval='5'  data-class=' '  data-css_id='fullscreen_slider_1'  data-scroll_down=''  data-control_layout='av-control-default'  data-custom_markup=''  data-perma_caption=''  data-autoplay_stopper=''  data-image_attachment=''  data-min_height='0px'  data-stretch=''  class='avia-slideshow avia-slideshow-1  av-control-default av-default-height-applied avia-slideshow-no scaling av_fullscreen   avia-slide-slider'  itemprop=\"ImageObject\" itemscope=\"itemscope\" itemtype=\"https:\/\/schema.org\/ImageObject\" ><ul class='avia-slideshow-inner' style='padding-bottom: 43.9453125%;'><li style='background-position:center center;' data-img-url='https:\/\/wldstainless.com\/wp-content\/uploads\/2020\/10\/WLDSS.jpg' class='av-single-slide slide-1' ><div data-rel='slideshow-1' class='avia-slide-wrap'  ><\/div><\/li><\/ul><\/div><\/div>\n<div class=\"flex_column av_one_full  flex_column_div av-zero-column-padding first\" style='border-radius:0px; '><section class=\"av_textblock_section\"  itemscope=\"itemscope\" itemtype=\"https:\/\/schema.org\/CreativeWork\" ><div class='avia_textblock'   itemprop=\"text\" ><p>WLD Steel ist aufgrund seiner langj\u00e4hrigen Erfahrung ein f\u00fchrender Lieferant von Edelstahlprodukten f\u00fcr \u00e4u\u00dferst anspruchsvolle Prozesse in der Lebensmittelverarbeitung, Petrochemie, Automobil- und D\u00fcngemittelindustrie, Medizin, Wasserentsalzung, Nuklearindustrie und anderen Sektoren.<\/p>\n<p>Ausgezeichnete metallurgische Leistungen, stabile Qualit\u00e4tssicherungsstandards und ein reaktionsschneller Service haben WLD Steel zu einem echten Partner gemacht, der seinen Kunden hilft, die schwer zu findenden Spezifikationen und Materialien zu finden. WLD Steel beliefert eine breite Palette von Branchen, die die besten verf\u00fcgbaren Metalllegierungen ben\u00f6tigen.<\/p>\n<\/div><\/section><\/div>\n<div class=\"flex_column av_one_fourth  flex_column_div av-zero-column-padding first\" style='border-radius:0px; '><div class='avia-image-container  av-styling-    avia-align-center'  itemprop=\"ImageObject\" itemscope=\"itemscope\" itemtype=\"https:\/\/schema.org\/ImageObject\"  ><div class='avia-image-container-inner'><img class='avia_image' src='https:\/\/wldstainless.com\/wp-content\/uploads\/2020\/09\/Food-processing.png' alt='' title='Lebensmittelverarbeitung'   itemprop=\"thumbnailUrl\"  \/><\/div><\/div><\/div>\n<div class=\"flex_column av_three_fourth  flex_column_div av-zero-column-padding\" style='border-radius:0px; '><section class=\"av_textblock_section\"  itemscope=\"itemscope\" itemtype=\"https:\/\/schema.org\/CreativeWork\" ><div class='avia_textblock'   itemprop=\"text\" ><h3>Nahrungsmittel und Getr\u00e4nke<\/h3>\n<p>Edelstahl wird in der Lebensmittel- und Getr\u00e4nkeindustrie h\u00e4ufig verwendet.<br \/>\nDie Oberfl\u00e4chenbeschaffenheit scheint wichtiger zu sein als in anderen Bereichen wie der \u00d6l- und Gasf\u00f6rderung. Sie ist nicht nur korrosionsbest\u00e4ndig, sondern ihre hygienischen und haftungsfreien Eigenschaften bestimmen auch die optimale Oberfl\u00e4chenbeschaffenheit. Die wichtigsten Industrie- und Segmente sind:<\/p>\n<ul>\n<li>Bier brauen<\/li>\n<li>Molkerei Industrie<\/li>\n<li>Pharmazeutische<\/li>\n<li>Kosmetik oder andere allgemeine Industrien mit <span class=\"tran\" data-group=\"20_16\">physisch<\/span> <span class=\"tran\" data-group=\"21_17\">Kontakt<\/span>.<\/li>\n<\/ul>\n<\/div><\/section><\/div>\n<div class=\"flex_column av_one_fourth  flex_column_div av-zero-column-padding first\" style='border-radius:0px; '><div class='avia-image-container  av-styling-    avia-align-center'  itemprop=\"ImageObject\" itemscope=\"itemscope\" itemtype=\"https:\/\/schema.org\/ImageObject\"  ><div class='avia-image-container-inner'><img class='avia_image' src='https:\/\/wldstainless.com\/wp-content\/uploads\/2020\/09\/Chemical.png' alt='' title='Chemisch'   itemprop=\"thumbnailUrl\"  \/><\/div><\/div><\/div>\n<div class=\"flex_column av_three_fourth  flex_column_div av-zero-column-padding\" style='border-radius:0px; '><section class=\"av_textblock_section\"  itemscope=\"itemscope\" itemtype=\"https:\/\/schema.org\/CreativeWork\" ><div class='avia_textblock'   itemprop=\"text\" ><h3>Chemisch<\/h3>\n<p>Die Nachfrage nach Chemikalien erfordert gute Festigkeit und Korrosionsbest\u00e4ndigkeit und unsere Produkte in Prim\u00e4rqualit\u00e4t erf\u00fcllen die Anforderungen unserer Kunden in diesen M\u00e4rkten. WLD-St\u00e4hle verf\u00fcgen \u00fcber die erforderlichen Eigenschaften f\u00fcr die stark korrosiven oder schwankenden S\u00e4ure- und Chlorumgebungen, die bei \u00d6lbohrungen und in chemischen Prozessanlagen vorkommen.<\/p>\n<p>Duplex-Edelstahl <a href=\"https:\/\/wldstainless.com\/materials\/duplex-stainless-steel\/alloy-2205-stainless-steel\/\">2205 R\u00f6hre<\/a> enth\u00e4lt relativ viel Chrom, Molybd\u00e4n, Wolfram und Stickstoff, wodurch es eine hohe Korrosionsbest\u00e4ndigkeit und Festigkeit aufweist und gegen\u00fcber einer Vielzahl korrosiver Chemikalien best\u00e4ndig ist, weshalb es sich besonders f\u00fcr verschiedene chemische und petrochemische Anwendungen eignet.<\/p>\n<\/div><\/section><\/div><div class=\"flex_column av_one_fourth  flex_column_div av-zero-column-padding first\" style='border-radius:0px; '><div class='avia-image-container  av-styling-    avia-align-center'  itemprop=\"ImageObject\" itemscope=\"itemscope\" itemtype=\"https:\/\/schema.org\/ImageObject\"  ><div class='avia-image-container-inner'><img class='avia_image' src='https:\/\/wldstainless.com\/wp-content\/uploads\/2020\/09\/medical.jpg' alt='' title='medizinisch'   itemprop=\"thumbnailUrl\"  \/><\/div><\/div><\/div><\/p>\n<div class=\"flex_column av_three_fourth  flex_column_div av-zero-column-padding\" style='border-radius:0px; '><section class=\"av_textblock_section\"  itemscope=\"itemscope\" itemtype=\"https:\/\/schema.org\/CreativeWork\" ><div class='avia_textblock'   itemprop=\"text\" ><h3>Biologisch<\/h3>\n<p>Das Material, das bei der Herstellung von Beh\u00e4ltern und Rohrleitungssystemen f\u00fcr die Biotechnologieindustrie verwendet wird, muss eine ausgezeichnete Korrosionsbest\u00e4ndigkeit aufweisen, um die Reinheit und Qualit\u00e4t des Produkts sicherzustellen. Das Stahlmaterial muss au\u00dferdem eine gute Best\u00e4ndigkeit gegen hohe Temperaturen und Druck im Herstellungs-, Desinfektions- und Reinigungsprozess aufweisen sowie gut schwei\u00dfbar sein und eine gute Oberfl\u00e4chenbeschaffenheit aufweisen.<\/p>\n<p>Der austenitische Edelstahl 316L ist das Hauptmaterial und aufgrund seiner guten Korrosionsbest\u00e4ndigkeit, Schwei\u00dfbarkeit und elektrolytischen Poliereigenschaften ein ideales Alternativmaterial f\u00fcr die Biotechnologiebranche. Kunden haben auch die Leistung von <a href=\"https:\/\/wldstainless.com\/materials\/austenitic-stainless-steel\/316-316l-stainless-steel\/\">316L<\/a> Edelstahl durch sorgf\u00e4ltige Auswahl spezifischer chemischer Zusammensetzungen von <a href=\"https:\/\/wldstainless.com\/materials\/austenitic-stainless-steel\/316-316l-stainless-steel\/\">316L<\/a> Edelstahl und durch verbesserte ESU-Produktionsprozesse. Duplex-Edelstahl 2205 erfreut sich in den letzten Jahren auf diesen M\u00e4rkten immer gr\u00f6\u00dferer Beliebtheit.<\/p>\n<\/div><\/section><\/div><div class=\"flex_column av_one_fourth  flex_column_div av-zero-column-padding first\" style='border-radius:0px; '><div class='avia-image-container  av-styling-    avia-align-center'  itemprop=\"ImageObject\" itemscope=\"itemscope\" itemtype=\"https:\/\/schema.org\/ImageObject\"  ><div class='avia-image-container-inner'><img class='avia_image' src='https:\/\/wldstainless.com\/wp-content\/uploads\/2020\/09\/Power.png' alt='' title='Leistung'   itemprop=\"thumbnailUrl\"  \/><\/div><\/div><\/div><\/p>\n<div class=\"flex_column av_three_fourth  flex_column_div av-zero-column-padding\" style='border-radius:0px; '><section class=\"av_textblock_section\"  itemscope=\"itemscope\" itemtype=\"https:\/\/schema.org\/CreativeWork\" ><div class='avia_textblock'   itemprop=\"text\" ><h3>Leistung<\/h3>\n<p>Bei der W\u00e4rmekrafterzeugung wird die bei der Kohleverbrennung entstehende W\u00e4rme genutzt, um Wasser in Hochdruckdampf umzuwandeln und einen Generator anzutreiben, der Strom erzeugt. Kohlekraftwerke bestehen haupts\u00e4chlich aus einem Kessel, einer Dampfturbine und einem Generator zur Stromerzeugung im Kesseldampf- und Wasserrohr, einschlie\u00dflich Nacherhitzerrohr, Wasserwand, \u00dcberhitzer, Economizer-Rohr, Luftvorw\u00e4rmrohr, W\u00e4rmerohr, Fallrohr und allen Arten von Ger\u00e4testeuerungen, die bei hohen Temperaturen und hohem Druck in Gas und Dampf arbeiten und in rauer Umgebung Oxidation und Korrosion verursachen, daher werden in W\u00e4rmekraftkesseln h\u00e4ufig Edelstahlrohre verwendet. Unsere <a href=\"https:\/\/wldstainless.com\/materials\/austenitic-stainless-steel\/309s-stainless-steel\/\">309H<\/a>, <a href=\"https:\/\/wldstainless.com\/materials\/austenitic-stainless-steel\/321-321h-stainless-steel\/\">321H<\/a> Und <a href=\"https:\/\/wldstainless.com\/materials\/austenitic-stainless-steel\/347-347h-stainless-steel\/\">347H<\/a> Edelstahlrohre, Flachstangen und Plattenprodukte werden haupts\u00e4chlich zur Herstellung von Kesseln sowie Schaufelbl\u00e4ttern f\u00fcr Dampf- und Gasturbinen verwendet.<\/p>\n<\/div><\/section><\/div>","protected":false},"excerpt":{"rendered":"","protected":false},"author":1,"featured_media":0,"parent":0,"menu_order":0,"comment_status":"closed","ping_status":"closed","template":"","meta":{"footnotes":""},"class_list":["post-114","page","type-page","status-publish","hentry"],"aioseo_notices":[],"_links":{"self":[{"href":"https:\/\/wldstainless.com\/de\/wp-json\/wp\/v2\/pages\/114","targetHints":{"allow":["GET"]}}],"collection":[{"href":"https:\/\/wldstainless.com\/de\/wp-json\/wp\/v2\/pages"}],"about":[{"href":"https:\/\/wldstainless.com\/de\/wp-json\/wp\/v2\/types\/page"}],"author":[{"embeddable":true,"href":"https:\/\/wldstainless.com\/de\/wp-json\/wp\/v2\/users\/1"}],"replies":[{"embeddable":true,"href":"https:\/\/wldstainless.com\/de\/wp-json\/wp\/v2\/comments?post=114"}],"version-history":[{"count":13,"href":"https:\/\/wldstainless.com\/de\/wp-json\/wp\/v2\/pages\/114\/revisions"}],"predecessor-version":[{"id":2062,"href":"https:\/\/wldstainless.com\/de\/wp-json\/wp\/v2\/pages\/114\/revisions\/2062"}],"wp:attachment":[{"href":"https:\/\/wldstainless.com\/de\/wp-json\/wp\/v2\/media?parent=114"}],"curies":[{"name":"wp","href":"https:\/\/api.w.org\/{rel}","templated":true}]}}