{"id":76,"date":"2019-04-24T18:14:45","date_gmt":"2019-04-24T18:14:45","guid":{"rendered":"http:\/\/wldstainless.com\/?page_id=76"},"modified":"2020-12-11T03:34:19","modified_gmt":"2020-12-11T03:34:19","slug":"about","status":"publish","type":"page","link":"https:\/\/wldstainless.com\/cs\/about\/","title":{"rendered":"O"},"content":{"rendered":"<div id='fullscreen_slider_1' class='avia-fullscreen-slider main_color   container_wrap sidebar_left'   ><div  data-size='no scaling'  data-lightbox_size='large'  data-animation='slide'  data-ids='2030'  data-video_counter='0'  data-autoplay='false'  data-bg_slider='true'  data-slide_height='100'  data-handle='av_fullscreen'  data-interval='5'  data-class=' '  data-css_id='fullscreen_slider_1'  data-scroll_down=''  data-control_layout='av-control-default'  data-custom_markup=''  data-perma_caption=''  data-autoplay_stopper=''  data-image_attachment=''  data-min_height='0px'  data-stretch=''  class='avia-slideshow avia-slideshow-1  av-control-default av-default-height-applied avia-slideshow-no scaling av_fullscreen   avia-slide-slider'  itemprop=\"ImageObject\" itemscope=\"itemscope\" itemtype=\"https:\/\/schema.org\/ImageObject\" ><ul class='avia-slideshow-inner' style='padding-bottom: 43.9453125%;'><li style='background-position:center center;' data-img-url='https:\/\/wldstainless.com\/wp-content\/uploads\/2020\/10\/About-SS.jpg' class='av-single-slide slide-1' ><div data-rel='slideshow-1' class='avia-slide-wrap'  ><\/div><\/li><\/ul><\/div><\/div>\n<div class=\"flex_column av_one_full  flex_column_div av-zero-column-padding first\" style='border-radius:0px; '><p><section class=\"av_textblock_section\"  itemscope=\"itemscope\" itemtype=\"https:\/\/schema.org\/CreativeWork\" ><div class='avia_textblock'   itemprop=\"text\" ><p>WLD Stainless je jedn\u00edm z profesion\u00e1ln\u00edch dodavatel\u016f, v\u00fdrobc\u016f a distributor\u016f polotovar\u016f a hotov\u00fdch v\u00fdrobk\u016f z nerezov\u00e9 oceli, v\u010detn\u011b nerezov\u00e9 oceli \u0159ady 200, nerezov\u00e9 oceli \u0159ady 300, nerezov\u00e9 oceli \u0159ady 400, precipita\u010dn\u011b kalen\u00e9 nerezov\u00e9 oceli a duplexn\u00ed nerezov\u00e9 oceli v \u0161irok\u00e9 \u0161k\u00e1le jakost\u00ed. a formy. Na\u0161e produkty prod\u00e1van\u00e9 do servisn\u00edch st\u0159edisek, kov\u00e1ren, v\u00e1lc\u016f a v\u00fdrobc\u016fm origin\u00e1ln\u00edho vybaven\u00ed jsou na\u0161imi z\u00e1kazn\u00edky d\u00e1le zpracov\u00e1v\u00e1ny pro pou\u017eit\u00ed v r\u016fzn\u00fdch pr\u016fmyslov\u00fdch odv\u011btv\u00edch, v\u010detn\u011b offshore, leteck\u00e9ho pr\u016fmyslu, v\u00fdroby energie, ropy a zemn\u00edho plynu, petrochemie a v\u00fdroby t\u011b\u017ek\u00fdch za\u0159\u00edzen\u00ed.<\/p>\n<p>Dod\u00e1v\u00e1me p\u0159edev\u0161\u00edm nerezov\u00e9 trubky, <a href=\"https:\/\/wldstainless.com\/products\/stainless-steel-square-tube\/\">trubky<\/a>, <a href=\"https:\/\/wldstainless.com\/products\/stainless-steel-cold-rolled-plate-sheet-coil\/\">povle\u010den\u00ed na postel<\/a>, desky, c\u00edvky, p\u00e1sy, <a href=\"https:\/\/wldstainless.com\/products\/stainless-steel-round-bars\/\">kulat\u00e1 li\u0161ta<\/a>, \u0161estihrann\u00e1 ty\u010d, ploch\u00e1 a tvarovan\u00e1 ocel jako nap\u0159 <a href=\"https:\/\/wldstainless.com\/products\/stainless-steel-angle\/\">\u00fahly<\/a>, <a href=\"https:\/\/wldstainless.com\/products\/stainless-steel-beam\/\">tr\u00e1my<\/a> a <a href=\"https:\/\/wldstainless.com\/products\/stainless-steel-channel\/\">kan\u00e1ly<\/a>. To, co nab\u00edz\u00edme, je vyrobeno z kvalifikovan\u00fdch surovin a nejmodern\u011bj\u0161\u00edch technik. V z\u00e1vislosti na va\u0161ich po\u017eadavc\u00edch zajist\u00edme, aby na\u0161e produkty spl\u0148ovaly podm\u00ednky se specifikacemi a standardy dob\u0159e definovan\u00fdmi v oboru.<\/p>\n<h3><\/h3>\n<\/div><\/section><br \/>\n<div style='padding-bottom:10px;color:#d3311f;' class='av-special-heading av-special-heading-h3 custom-color-heading'><h3 class='av-special-heading-tag'  itemprop=\"headline\"  >Pro\u010d n\u00e1s vybrat?<\/h3><div class='special-heading-border'><div class='special-heading-inner-border' style='border-color:#d3311f'><\/div><\/div><\/div><\/p><\/div><div class=\"flex_column av_one_full  flex_column_div av-zero-column-padding first\" style='border-radius:0px; '><section class=\"av_textblock_section\"  itemscope=\"itemscope\" itemtype=\"https:\/\/schema.org\/CreativeWork\" ><div class='avia_textblock'   itemprop=\"text\" ><h3><\/h3>\n<h4>Kvalita na prvn\u00edm m\u00edst\u011b<\/h4>\n<p>&quot;D\u011bl\u00e1me, co m\u016f\u017eeme, a ned\u011bl\u00e1me, co nem\u016f\u017eeme.&quot; B\u011bhem desetilet\u00ed pokroku jsme si uv\u011bdomili, \u017ee pouze kvalifikovan\u00e9 produkty jsou na\u0161\u00edm z\u00e1kladn\u00edm principem, a to je p\u0159esn\u011b to, na co jsme hrd\u00ed. Ocel WLD spolupracovala se zpracovatelsk\u00fdm z\u00e1vodem vybaven\u00fdm tv\u00e1\u0159en\u00edm, brou\u0161en\u00edm, sva\u0159ov\u00e1n\u00edm, honov\u00e1n\u00edm, obr\u00e1b\u011bn\u00edm, tepeln\u00fdm zpracov\u00e1n\u00edm a za\u0159\u00edzen\u00edmi pro fyzik\u00e1ln\u00ed a chemick\u00e9 zkou\u0161ky, co\u017e n\u00e1m umo\u017e\u0148uje splnit p\u0159\u00edsn\u00e9 po\u017eadavky z\u00e1kazn\u00edk\u016f.<\/p>\n<h4>Zku\u0161en\u00fd person\u00e1l<\/h4>\n<p>WLD steel p\u0159edstavuje t\u00fdm, kter\u00fd m\u00e1 siln\u00e9 v\u00edcejazy\u010dn\u00e9 dovednosti pro z\u00e1kazn\u00edky z cel\u00e9ho sv\u011bta, co\u017e je z\u00e1kladem vysoce v\u00fdkonn\u00e9ho podnik\u00e1n\u00ed. K na\u0161im zam\u011bstnanc\u016fm pat\u0159\u00ed tak\u00e9 hutn\u00ed in\u017een\u00fdr, specialista logistiky, kter\u00fd m\u00e1 \u0161irok\u00e9 technick\u00e9 know-how, a dok\u00e1\u017ee dodat va\u0161e pot\u0159eby v\u00fdrobk\u016f ve velmi kr\u00e1tk\u00e9m \u010dase.<\/p>\n<h4>Dopl\u0148kov\u00e1 slu\u017eba<\/h4>\n<p>S modern\u00edm vybaven\u00edm a p\u0159\u00edsn\u00fdm v\u00fdrobn\u00edm pl\u00e1nem vyr\u00e1b\u00edme vedle na\u0161ich standardn\u00edch produkt\u016f speci\u00e1ln\u00ed produkty na m\u00edru podle specifick\u00fdch pot\u0159eb a v\u00fdkres\u016f z\u00e1kazn\u00edka. N\u00e1\u0161 zku\u0161en\u00fd in\u017een\u00fdr a pracovn\u00edk se spoj\u00ed, aby nab\u00eddli \u0159adu dopl\u0148kov\u00fdch slu\u017eeb, kter\u00e9 v\u00e1m pomohou u\u0161et\u0159it pen\u00edze a \u010das.<\/p>\n<h4>\u0160irok\u00e9 materi\u00e1ly<\/h4>\n<p>Ocel WLD m\u00e1 na sklad\u011b \u0161irokou \u0161k\u00e1lu certifikovan\u00fdch materi\u00e1l\u016f ASME\/EN\/JIS a tak\u00e9 okam\u017eit\u011b k dispozici celou \u0159adu potravin\u00e1\u0159sk\u00fdch, l\u00e9ka\u0159sk\u00fdch, mo\u010dovinov\u00fdch a dusi\u010dn\u00fdch jakost\u00ed. Velk\u00fd invent\u00e1\u0159 trubek, plech\u016f, tvarovek, p\u0159\u00edrub, ty\u010d\u00ed, desek a kovan\u00fdch tvarovek obecn\u011b, pr\u016fmyslov\u00fdch a speci\u00e1ln\u00edch jakost\u00ed.<\/p>\n<\/div><\/section><\/div><\/p>","protected":false},"excerpt":{"rendered":"","protected":false},"author":1,"featured_media":0,"parent":0,"menu_order":0,"comment_status":"closed","ping_status":"closed","template":"","meta":{"footnotes":""},"class_list":["post-76","page","type-page","status-publish","hentry"],"aioseo_notices":[],"_links":{"self":[{"href":"https:\/\/wldstainless.com\/cs\/wp-json\/wp\/v2\/pages\/76","targetHints":{"allow":["GET"]}}],"collection":[{"href":"https:\/\/wldstainless.com\/cs\/wp-json\/wp\/v2\/pages"}],"about":[{"href":"https:\/\/wldstainless.com\/cs\/wp-json\/wp\/v2\/types\/page"}],"author":[{"embeddable":true,"href":"https:\/\/wldstainless.com\/cs\/wp-json\/wp\/v2\/users\/1"}],"replies":[{"embeddable":true,"href":"https:\/\/wldstainless.com\/cs\/wp-json\/wp\/v2\/comments?post=76"}],"version-history":[{"count":29,"href":"https:\/\/wldstainless.com\/cs\/wp-json\/wp\/v2\/pages\/76\/revisions"}],"predecessor-version":[{"id":2047,"href":"https:\/\/wldstainless.com\/cs\/wp-json\/wp\/v2\/pages\/76\/revisions\/2047"}],"wp:attachment":[{"href":"https:\/\/wldstainless.com\/cs\/wp-json\/wp\/v2\/media?parent=76"}],"curies":[{"name":"wp","href":"https:\/\/api.w.org\/{rel}","templated":true}]}}