{"id":558,"date":"2019-06-26T00:45:37","date_gmt":"2019-06-26T00:45:37","guid":{"rendered":"http:\/\/wldstainless.com\/?page_id=558"},"modified":"2020-12-11T05:43:53","modified_gmt":"2020-12-11T05:43:53","slug":"stainless-steel-cold-rolled-plate-sheet-coil","status":"publish","type":"page","link":"https:\/\/wldstainless.com\/cs\/products\/stainless-steel-cold-rolled-plate-sheet-coil\/","title":{"rendered":"Za studena v\u00e1lcovan\u00fd plech\/plech\/ svitek z nerezov\u00e9 oceli"},"content":{"rendered":"<div class=\"flex_column av_one_fourth  flex_column_div av-zero-column-padding first\" style='border-radius:0px; '><p><div class='avia-builder-widget-area clearfix'><div id=\"nav_menu-7\" class=\"widget clearfix widget_nav_menu\"><h3 class=\"widgettitle\">produkty<\/h3><div class=\"menu-accessories-container\"><ul id=\"menu-accessories\" class=\"menu\"><li id=\"menu-item-1924\" class=\"menu-item menu-item-type-post_type menu-item-object-page menu-item-1924\"><a href=\"https:\/\/wldstainless.com\/cs\/products\/stainless-steel-angle\/\">\u00daheln\u00edk z nerezov\u00e9 oceli<\/a><\/li>\n<li id=\"menu-item-1925\" class=\"menu-item menu-item-type-post_type menu-item-object-page menu-item-1925\"><a href=\"https:\/\/wldstainless.com\/cs\/products\/stainless-steel-beam\/\">Nosn\u00edk z nerezov\u00e9 oceli<\/a><\/li>\n<li id=\"menu-item-1926\" class=\"menu-item menu-item-type-post_type menu-item-object-page menu-item-1926\"><a href=\"https:\/\/wldstainless.com\/cs\/products\/stainless-steel-capillary-tubes\/\">Kapil\u00e1rn\u00ed trubice z nerezov\u00e9 oceli<\/a><\/li>\n<li id=\"menu-item-1927\" class=\"menu-item menu-item-type-post_type menu-item-object-page menu-item-1927\"><a href=\"https:\/\/wldstainless.com\/cs\/products\/stainless-steel-channel\/\">Kan\u00e1l z nerezov\u00e9 oceli<\/a><\/li>\n<li id=\"menu-item-1928\" class=\"menu-item menu-item-type-post_type menu-item-object-page menu-item-1928\"><a href=\"https:\/\/wldstainless.com\/cs\/products\/stainless-steel-coiled-tube\/\">Vinut\u00e1 trubka z nerezov\u00e9 oceli<\/a><\/li>\n<li id=\"menu-item-1929\" class=\"menu-item menu-item-type-post_type menu-item-object-page menu-item-1929\"><a href=\"https:\/\/wldstainless.com\/cs\/products\/stainless-steel-cold-rolled-plate-sheet-coil\/\">Za studena v\u00e1lcovan\u00fd plech\/plech\/ svitek z nerezov\u00e9 oceli<\/a><\/li>\n<li id=\"menu-item-1930\" class=\"menu-item menu-item-type-post_type menu-item-object-page menu-item-1930\"><a href=\"https:\/\/wldstainless.com\/cs\/products\/stainless-steel-flats\/\">Plochy z nerezov\u00e9 oceli<\/a><\/li>\n<li id=\"menu-item-1931\" class=\"menu-item menu-item-type-post_type menu-item-object-page menu-item-1931\"><a href=\"https:\/\/wldstainless.com\/cs\/products\/stainless-steel-hexagon-bars\/\">\u0160estihrann\u00e9 ty\u010de z nerezov\u00e9 oceli<\/a><\/li>\n<li id=\"menu-item-1932\" class=\"menu-item menu-item-type-post_type menu-item-object-page menu-item-1932\"><a href=\"https:\/\/wldstainless.com\/cs\/products\/stainless-steel-hot-rolled-plate-sheet-coil\/\">Za tepla v\u00e1lcovan\u00fd plech\/plech\/svitek z nerezov\u00e9 oceli<\/a><\/li>\n<li id=\"menu-item-1933\" class=\"menu-item menu-item-type-post_type menu-item-object-page menu-item-1933\"><a href=\"https:\/\/wldstainless.com\/cs\/products\/stainless-steel-large-diameter-pipe\/\">Nerezov\u00e1 trubka velk\u00e9ho pr\u016fm\u011bru<\/a><\/li>\n<li id=\"menu-item-1934\" class=\"menu-item menu-item-type-post_type menu-item-object-page menu-item-1934\"><a href=\"https:\/\/wldstainless.com\/cs\/products\/stainless-steel-round-bars\/\">Kruhov\u00e9 ty\u010de z nerezov\u00e9 oceli<\/a><\/li>\n<li id=\"menu-item-1935\" class=\"menu-item menu-item-type-post_type menu-item-object-page menu-item-1935\"><a href=\"https:\/\/wldstainless.com\/cs\/products\/stainless-steel-square-tube\/\">Nerezov\u00e1 \u010dtvercov\u00e1 trubka<\/a><\/li>\n<li id=\"menu-item-1936\" class=\"menu-item menu-item-type-post_type menu-item-object-page menu-item-1936\"><a href=\"https:\/\/wldstainless.com\/cs\/products\/stainless-steel-u-bend-tube\/\">Nerezov\u00e1 ocel U-Bend trubka<\/a><\/li>\n<\/ul><\/div><\/div><\/div><br \/>\n<div  class='hr hr-default'><span class='hr-inner' ><span class='hr-inner-style'><\/span><\/span><\/div><br \/>\n<div class='avia-button-wrap avia-button-left'><a href='http:\/\/wldstainless.com\/contact\/#contact' class='avia-button   avia-icon_select-yes-left-icon avia-color-custom avia-size-large avia-position-left'  target=\"_blank\"  style='background-color:#e82221; border-color:#e82221; color:#ffffff; ' ><span class='avia_button_icon avia_button_icon_left' aria-hidden='true' data-av_icon='\ue84b' data-av_iconfont='entypo-fontello'><\/span><span class='avia_iconbox_title' >Vy\u017e\u00e1dejte si cenovou nab\u00eddku<\/span><\/a><\/div><\/p><\/div>\n<div class=\"flex_column av_three_fourth  flex_column_div\" style='padding:0px 0px 50px 0px ; border-radius:0px; '><p><div style='padding-bottom:10px;color:#d3311f;' class='av-special-heading av-special-heading-h3 custom-color-heading'><h3 class='av-special-heading-tag'  itemprop=\"headline\"  >Plech\/plech\/svitek z nerezov\u00e9 oceli v\u00e1lcovan\u00e9 za studena<\/h3><div class='special-heading-border'><div class='special-heading-inner-border' style='border-color:#d3311f'><\/div><\/div><\/div><br \/>\n<div  class='hr hr-default'><span class='hr-inner' ><span class='hr-inner-style'><\/span><\/span><\/div><br \/>\n<section class=\"av_textblock_section\"  itemscope=\"itemscope\" itemtype=\"https:\/\/schema.org\/CreativeWork\" ><div class='avia_textblock'   itemprop=\"text\" ><p>Jak n\u00e1zev napov\u00edd\u00e1, nerezov\u00fd plech v\u00e1lcovan\u00fd za studena je plech z nerezov\u00e9 oceli vyroben\u00fd procesem v\u00e1lcov\u00e1n\u00ed za studena. Obvykle jsme uv\u00e1d\u011bli tlou\u0161\u0165ku men\u0161\u00ed ne\u017e 3 mm pro plech a v\u00edce ne\u017e 3 mm pro plech. Za studena v\u00e1lcovan\u00e9 plechy, svitky a p\u00e1sy z nerezov\u00e9 oceli maj\u00ed vynikaj\u00edc\u00ed odolnost proti korozi, dobr\u00e9 mechanick\u00e9 vlastnosti, zpracovatelsk\u00e9 vlastnosti a r\u016fzn\u00e9 povrchov\u00e9 \u00fapravy, jsou \u0161iroce pou\u017e\u00edv\u00e1ny v dom\u00e1c\u00edch spot\u0159ebi\u010d\u00edch, petrochemii, l\u00e9ka\u0159sk\u00e9m vybaven\u00ed, automobilech, lod\u00edch, p\u0159esn\u00e9 elektronice a dal\u0161\u00ed obory.<\/p>\n<p>O\u0161et\u0159en\u00ed povrchu v\u00e1lcovan\u00e9ho za studena umo\u017e\u0148uje, aby povrch nerezov\u00e9 oceli m\u011bl jinou povrchovou \u00fapravu, texturu a barvu. Povrchov\u00e9 \u00fapravy nerezov\u00fdch plech\u016f v\u00e1lcovan\u00fdch za studena zahrnuj\u00ed 2D, 2B, No.3, No.4, 240, 320, No.7, No.8, HL, BA, TR, tvrd\u00e9, ra\u017een\u00e9 a dal\u0161\u00ed jakosti povrchu. Lze jej d\u00e1le zpracov\u00e1vat galvanick\u00fdm pokovov\u00e1n\u00edm, elektrolytick\u00fdm le\u0161t\u011bn\u00edm, lept\u00e1n\u00edm, brokov\u00e1n\u00edm, barven\u00edm, povlakov\u00e1n\u00edm a r\u016fzn\u00fdmi kombinacemi na b\u00e1zi v\u00e1lcov\u00e1n\u00ed za studena.<\/p>\n<p>Jako dodavatel a v\u00fdrobce nerezov\u00fdch plech\u016f, plech\u016f v souladu s normami ASTM, ASME a EN. Ocel WLD dod\u00e1v\u00e1 tyto v\u00fdrobky dostupn\u00e9 v typech 201, 304\/304L, 316\/316L, 430, 410S, 409\/409L a duplexn\u00ed jakosti 2205, v\u0161echny na\u0161e v\u00fdrobky lze znovu zpracovat pro oh\u00fdb\u00e1n\u00ed, o\u0159ez\u00e1v\u00e1n\u00ed, mo\u0159en\u00ed, tepeln\u00e9 zpracov\u00e1n\u00ed, pota\u017een\u00e9 nebo jin\u00e9.<\/p>\n<\/div><\/section><br \/>\n<section class=\"av_textblock_section\"  itemscope=\"itemscope\" itemtype=\"https:\/\/schema.org\/CreativeWork\" ><div class='avia_textblock'   itemprop=\"text\" ><p>Specifikace: ASTM A240, ASTM A480<\/p>\n<p>Povrchov\u00e1 \u00faprava: No1, 2D, 2B, BA, No 3, No4, No8, HL,<\/p>\n<p>Velikost: 800-1300 * 0,2-3,0 mm (c\u00edvka); 800-2000*0,2-100mm (deska)<\/p>\n<p>Dostupn\u00e9 zn\u00e1mky: 201, <a href=\"https:\/\/wldstainless.com\/materials\/austenitic-stainless-steel\/304-304l-stainless-steel\/\">304\/304L<\/a>, <a href=\"https:\/\/wldstainless.com\/materials\/austenitic-stainless-steel\/316-316l-stainless-steel\/\">316\/316L<\/a>, 317, 309S, 321H, <a href=\"https:\/\/wldstainless.com\/materials\/austenitic-stainless-steel\/347-347h-stainless-steel\/\">347<\/a>, 409 l,<a href=\"https:\/\/wldstainless.com\/materials\/austenitic-stainless-steel\/904l-stainless-steel\/\"> 904L<\/a>,<a href=\"https:\/\/wldstainless.com\/materials\/duplex-stainless-steel\/alloy-2205-stainless-steel\/\"> 2205<\/a><\/p>\n<h4>Velikost plechu\/desky\/svitku z nerezov\u00e9 oceli v\u00e1lcovan\u00e9ho za studena<\/h4>\n<table>\n<tbody>\n<tr>\n<td width=\"13.1000%\">Typy povrchov\u00fdch \u00faprav<\/td>\n<td colspan=\"2\" width=\"32.5400%\">produkty<\/td>\n<td width=\"14.6200%\">Jmenovit\u00e1 tlou\u0161\u0165ka, mm<\/td>\n<td width=\"14.6400%\">Jmenovit\u00e1 \u0161\u00ed\u0159ka, mm<\/td>\n<td width=\"22.9000%\">Plech Jmenovit\u00e1 d\u00e9lka nebo Vnit\u0159n\u00ed pr\u016fm\u011br c\u00edvky, mm<\/td>\n<\/tr>\n<tr>\n<td rowspan=\"5\" width=\"13.1000%\">\u010d.2E<\/td>\n<td rowspan=\"2\" width=\"14.4200%\">Ocelov\u00e1 deska<\/td>\n<td width=\"17.7600%\">O\u0159ez\u00e1v\u00e1n\u00ed hran<\/td>\n<td rowspan=\"2\" width=\"14.6200%\">1.4\u20136.5<\/td>\n<td width=\"14.6400%\">730\u20131570<\/td>\n<td rowspan=\"2\" width=\"22.9000%\">1000\u201312000 (deska)<\/td>\n<\/tr>\n<tr>\n<td width=\"17.7600%\">Bez okraj\u016f<\/td>\n<td width=\"14.6400%\">750\u20131600<\/td>\n<\/tr>\n<tr>\n<td rowspan=\"2\" width=\"14.4200%\">Ocelov\u00e1 c\u00edvka<\/td>\n<td width=\"17.7600%\">O\u0159ez\u00e1v\u00e1n\u00ed hran<\/td>\n<td rowspan=\"2\" width=\"14.6200%\">1.4\u20136.5<\/td>\n<td width=\"14.6400%\">730\u20131570<\/td>\n<td rowspan=\"2\" width=\"22.9000%\">610 (c\u00edvka)<\/td>\n<\/tr>\n<tr>\n<td width=\"17.7600%\">Bez okraj\u016f<\/td>\n<td width=\"14.6400%\">750\u20131600<\/td>\n<\/tr>\n<tr>\n<td colspan=\"2\" width=\"32.5400%\">Pod\u00e9ln\u00e9 \u0159ez\u00e1n\u00ed ocelov\u00e9 c\u00edvky<\/td>\n<td width=\"14.6200%\">1,4 a\u017e 3,0<\/td>\n<td width=\"14.6400%\">120-700<\/td>\n<td width=\"22.9000%\">508\/610 (c\u00edvka)<\/td>\n<\/tr>\n<tr>\n<td rowspan=\"5\" width=\"13.1000%\">\u010d.2D<br \/>\n\u010d.2B<\/td>\n<td rowspan=\"2\" width=\"14.4200%\">Ocelov\u00e1 deska<\/td>\n<td width=\"17.7600%\">O\u0159ez\u00e1v\u00e1n\u00ed hran<\/td>\n<td rowspan=\"2\" width=\"14.6200%\">0,20 a\u017e 3,0<\/td>\n<td width=\"14.6400%\">730\u20131350<\/td>\n<td rowspan=\"2\" width=\"22.9000%\">1000\u20135000 (deska)<\/td>\n<\/tr>\n<tr>\n<td width=\"17.7600%\">Bez okraj\u016f<\/td>\n<td width=\"14.6400%\">750\u20131350<\/td>\n<\/tr>\n<tr>\n<td rowspan=\"2\" width=\"14.4200%\">Ocelov\u00e1 c\u00edvka<\/td>\n<td width=\"17.7600%\">O\u0159ez\u00e1v\u00e1n\u00ed hran<\/td>\n<td rowspan=\"2\" width=\"14.6200%\">0,20 a\u017e 5,0<\/td>\n<td width=\"14.6400%\">730\u20131570<\/td>\n<td rowspan=\"3\" width=\"22.9000%\">508\/610 (c\u00edvka)<\/td>\n<\/tr>\n<tr>\n<td width=\"17.7600%\">Bez okraj\u016f<\/td>\n<td width=\"14.6400%\">750\u20131600<\/td>\n<\/tr>\n<tr>\n<td colspan=\"2\" width=\"32.5400%\">Pod\u00e9ln\u00e9 \u0159ez\u00e1n\u00ed ocelov\u00e9 c\u00edvky<\/td>\n<td width=\"14.6200%\">0,20 a\u017e 3,0<\/td>\n<td width=\"14.6400%\">120-700<\/td>\n<\/tr>\n<tr>\n<td rowspan=\"5\" width=\"13.1000%\">\u010d.3<br \/>\n\u010d.4<br \/>\nHL<br \/>\nBA<\/td>\n<td rowspan=\"2\" width=\"14.4200%\">Ocelov\u00e1 deska<\/td>\n<td width=\"17.7600%\">O\u0159ez\u00e1v\u00e1n\u00ed hran<\/td>\n<td rowspan=\"2\" width=\"14.6200%\">0,20 a\u017e 3,0<\/td>\n<td width=\"14.6400%\">730\u20131350<\/td>\n<td rowspan=\"2\" width=\"22.9000%\">1000\u20139000 (deska)<\/td>\n<\/tr>\n<tr>\n<td width=\"17.7600%\">Bez okraj\u016f<\/td>\n<td width=\"14.6400%\">750\u20131350<\/td>\n<\/tr>\n<tr>\n<td rowspan=\"2\" width=\"14.4200%\">Ocelov\u00e1 c\u00edvka<\/td>\n<td width=\"17.7600%\">O\u0159ez\u00e1v\u00e1n\u00ed hran<\/td>\n<td rowspan=\"2\" width=\"14.6200%\">0,20 a\u017e 3,0<\/td>\n<td width=\"14.6400%\">730\u20131570<\/td>\n<td rowspan=\"3\" width=\"22.9000%\">508\/610 (c\u00edvka)<\/td>\n<\/tr>\n<tr>\n<td width=\"17.7600%\">Bez okraj\u016f<\/td>\n<td width=\"14.6400%\">750\u20131600<\/td>\n<\/tr>\n<tr>\n<td colspan=\"2\" width=\"32.5400%\">Pod\u00e9ln\u00e9 \u0159ez\u00e1n\u00ed ocelov\u00e9ho p\u00e1su<\/td>\n<td width=\"14.6200%\">0,20 a\u017e 3,0<\/td>\n<td width=\"14.6400%\">120-700<\/td>\n<\/tr>\n<\/tbody>\n<\/table>\n<\/div><\/section><\/p><\/div>","protected":false},"excerpt":{"rendered":"","protected":false},"author":1,"featured_media":0,"parent":346,"menu_order":0,"comment_status":"closed","ping_status":"closed","template":"","meta":{"footnotes":""},"class_list":["post-558","page","type-page","status-publish","hentry"],"aioseo_notices":[],"_links":{"self":[{"href":"https:\/\/wldstainless.com\/cs\/wp-json\/wp\/v2\/pages\/558","targetHints":{"allow":["GET"]}}],"collection":[{"href":"https:\/\/wldstainless.com\/cs\/wp-json\/wp\/v2\/pages"}],"about":[{"href":"https:\/\/wldstainless.com\/cs\/wp-json\/wp\/v2\/types\/page"}],"author":[{"embeddable":true,"href":"https:\/\/wldstainless.com\/cs\/wp-json\/wp\/v2\/users\/1"}],"replies":[{"embeddable":true,"href":"https:\/\/wldstainless.com\/cs\/wp-json\/wp\/v2\/comments?post=558"}],"version-history":[{"count":16,"href":"https:\/\/wldstainless.com\/cs\/wp-json\/wp\/v2\/pages\/558\/revisions"}],"predecessor-version":[{"id":2054,"href":"https:\/\/wldstainless.com\/cs\/wp-json\/wp\/v2\/pages\/558\/revisions\/2054"}],"up":[{"embeddable":true,"href":"https:\/\/wldstainless.com\/cs\/wp-json\/wp\/v2\/pages\/346"}],"wp:attachment":[{"href":"https:\/\/wldstainless.com\/cs\/wp-json\/wp\/v2\/media?parent=558"}],"curies":[{"name":"wp","href":"https:\/\/api.w.org\/{rel}","templated":true}]}}