{"id":346,"date":"2019-06-12T02:09:56","date_gmt":"2019-06-12T02:09:56","guid":{"rendered":"http:\/\/wldstainless.com\/?page_id=346"},"modified":"2020-12-11T06:21:06","modified_gmt":"2020-12-11T06:21:06","slug":"products","status":"publish","type":"page","link":"https:\/\/wldstainless.com\/cs\/products\/","title":{"rendered":"PRODUKTY"},"content":{"rendered":"<div class=\"flex_column av_one_fourth  flex_column_div av-zero-column-padding first\" style='border-radius:0px; '><p><div class='avia-builder-widget-area clearfix'><div id=\"nav_menu-7\" class=\"widget clearfix widget_nav_menu\"><h3 class=\"widgettitle\">produkty<\/h3><div class=\"menu-accessories-container\"><ul id=\"menu-accessories\" class=\"menu\"><li id=\"menu-item-1924\" class=\"menu-item menu-item-type-post_type menu-item-object-page menu-item-1924\"><a href=\"https:\/\/wldstainless.com\/cs\/products\/stainless-steel-angle\/\">\u00daheln\u00edk z nerezov\u00e9 oceli<\/a><\/li>\n<li id=\"menu-item-1925\" class=\"menu-item menu-item-type-post_type menu-item-object-page menu-item-1925\"><a href=\"https:\/\/wldstainless.com\/cs\/products\/stainless-steel-beam\/\">Nosn\u00edk z nerezov\u00e9 oceli<\/a><\/li>\n<li id=\"menu-item-1926\" class=\"menu-item menu-item-type-post_type menu-item-object-page menu-item-1926\"><a href=\"https:\/\/wldstainless.com\/cs\/products\/stainless-steel-capillary-tubes\/\">Kapil\u00e1rn\u00ed trubice z nerezov\u00e9 oceli<\/a><\/li>\n<li id=\"menu-item-1927\" class=\"menu-item menu-item-type-post_type menu-item-object-page menu-item-1927\"><a href=\"https:\/\/wldstainless.com\/cs\/products\/stainless-steel-channel\/\">Kan\u00e1l z nerezov\u00e9 oceli<\/a><\/li>\n<li id=\"menu-item-1928\" class=\"menu-item menu-item-type-post_type menu-item-object-page menu-item-1928\"><a href=\"https:\/\/wldstainless.com\/cs\/products\/stainless-steel-coiled-tube\/\">Vinut\u00e1 trubka z nerezov\u00e9 oceli<\/a><\/li>\n<li id=\"menu-item-1929\" class=\"menu-item menu-item-type-post_type menu-item-object-page menu-item-1929\"><a href=\"https:\/\/wldstainless.com\/cs\/products\/stainless-steel-cold-rolled-plate-sheet-coil\/\">Za studena v\u00e1lcovan\u00fd plech\/plech\/ svitek z nerezov\u00e9 oceli<\/a><\/li>\n<li id=\"menu-item-1930\" class=\"menu-item menu-item-type-post_type menu-item-object-page menu-item-1930\"><a href=\"https:\/\/wldstainless.com\/cs\/products\/stainless-steel-flats\/\">Plochy z nerezov\u00e9 oceli<\/a><\/li>\n<li id=\"menu-item-1931\" class=\"menu-item menu-item-type-post_type menu-item-object-page menu-item-1931\"><a href=\"https:\/\/wldstainless.com\/cs\/products\/stainless-steel-hexagon-bars\/\">\u0160estihrann\u00e9 ty\u010de z nerezov\u00e9 oceli<\/a><\/li>\n<li id=\"menu-item-1932\" class=\"menu-item menu-item-type-post_type menu-item-object-page menu-item-1932\"><a href=\"https:\/\/wldstainless.com\/cs\/products\/stainless-steel-hot-rolled-plate-sheet-coil\/\">Za tepla v\u00e1lcovan\u00fd plech\/plech\/svitek z nerezov\u00e9 oceli<\/a><\/li>\n<li id=\"menu-item-1933\" class=\"menu-item menu-item-type-post_type menu-item-object-page menu-item-1933\"><a href=\"https:\/\/wldstainless.com\/cs\/products\/stainless-steel-large-diameter-pipe\/\">Nerezov\u00e1 trubka velk\u00e9ho pr\u016fm\u011bru<\/a><\/li>\n<li id=\"menu-item-1934\" class=\"menu-item menu-item-type-post_type menu-item-object-page menu-item-1934\"><a href=\"https:\/\/wldstainless.com\/cs\/products\/stainless-steel-round-bars\/\">Kruhov\u00e9 ty\u010de z nerezov\u00e9 oceli<\/a><\/li>\n<li id=\"menu-item-1935\" class=\"menu-item menu-item-type-post_type menu-item-object-page menu-item-1935\"><a href=\"https:\/\/wldstainless.com\/cs\/products\/stainless-steel-square-tube\/\">Nerezov\u00e1 \u010dtvercov\u00e1 trubka<\/a><\/li>\n<li id=\"menu-item-1936\" class=\"menu-item menu-item-type-post_type menu-item-object-page menu-item-1936\"><a href=\"https:\/\/wldstainless.com\/cs\/products\/stainless-steel-u-bend-tube\/\">Nerezov\u00e1 ocel U-Bend trubka<\/a><\/li>\n<\/ul><\/div><\/div><\/div><br \/>\n<div  class='hr hr-default'><span class='hr-inner' ><span class='hr-inner-style'><\/span><\/span><\/div><br \/>\n<div class='avia-button-wrap avia-button-left'><a href='http:\/\/wldstainless.com\/contact\/#contact' class='avia-button   avia-icon_select-yes-left-icon avia-color-custom avia-size-large avia-position-left'  target=\"_blank\"  style='background-color:#e82221; border-color:#e82221; color:#ffffff; ' ><span class='avia_button_icon avia_button_icon_left' aria-hidden='true' data-av_icon='\ue84b' data-av_iconfont='entypo-fontello'><\/span><span class='avia_iconbox_title' >Vy\u017e\u00e1dejte si cenovou nab\u00eddku<\/span><\/a><\/div><\/p><\/div>\n<div class=\"flex_column av_three_fourth  flex_column_div\" style='padding:0px 0px 50px 0px ; border-radius:0px; '><p><section class=\"av_textblock_section\"  itemscope=\"itemscope\" itemtype=\"https:\/\/schema.org\/CreativeWork\" ><div class='avia_textblock'   itemprop=\"text\" ><p>Nab\u00edz\u00edme velk\u00fd v\u00fdb\u011br korozivzdorn\u00e9 nerezov\u00e9 oceli ve form\u011b trubek, trubek, plech\u016f, pl\u00e1t\u016f, svitk\u016f, p\u00e1s\u016f, kruhov\u00fdch ty\u010d\u00ed, \u0161estihrann\u00fdch ty\u010d\u00ed, ploch\u00e9 a tvarovan\u00e9 oceli jako jsou \u00faheln\u00edky, nosn\u00edky a kan\u00e1ly. Tyto v\u00fdrobky m\u016f\u017eete zakoupit ve standardn\u00edch d\u00e9lk\u00e1ch nebo nab\u00edz\u00edme slu\u017eby na\u0159ez\u00e1n\u00ed na d\u00e9lku pomoc\u00ed na\u0161eho za\u0159\u00edzen\u00ed na zpracov\u00e1n\u00ed ty\u010d\u00ed. Pokud po\u017eadujete t\u011b\u017eko dostupn\u00fd materi\u00e1l nebo specifikaci na m\u00edru, kontaktujte n\u00e1s s jak\u00fdmikoli dotazy nebo dotazy k t\u011bmto speci\u00e1ln\u00edm slu\u017eb\u00e1m. Obecn\u00e9 zn\u00e1mky a forma jsou uvedeny n\u00ed\u017ee:<\/p>\n<\/div><\/section><br \/>\n<section class=\"av_textblock_section\"  itemscope=\"itemscope\" itemtype=\"https:\/\/schema.org\/CreativeWork\" ><div class='avia_textblock'   itemprop=\"text\" ><table>\n<tbody>\n<tr>\n<td width=\"287\">\n<h4><strong><b>Potrub\u00ed\/potrub\u00ed<\/b><\/strong><\/h4>\n<\/td>\n<td width=\"565\">\n<ul>\n<li>Nerezov\u00e1 ocel <a href=\"https:\/\/wldstainless.com\/products\/stainless-steel-coiled-tube\/\">Beze\u0161v\u00e1 trubka<\/a><\/li>\n<li>Nerezov\u00e1 ocel <a href=\"https:\/\/wldstainless.com\/products\/stainless-steel-square-tube\/\">Sva\u0159ovan\u00e1 trubka<\/a><\/li>\n<li>Nerezov\u00e1 ocel <a href=\"https:\/\/wldstainless.com\/products\/stainless-steel-capillary-tubes\/\">Sanit\u00e1rn\u00ed trubice<\/a><\/li>\n<li>Nerezov\u00e1 ocel <a href=\"https:\/\/wldstainless.com\/products\/stainless-steel-u-bend-tube\/\">Trubka s ohybem do U<\/a><\/li>\n<li>Nerezov\u00e1 ocel <a href=\"https:\/\/wldstainless.com\/products\/stainless-steel-large-diameter-pipe\/\">Potrub\u00ed velk\u00e9ho pr\u016fm\u011bru<\/a><\/li>\n<\/ul>\n<\/td>\n<\/tr>\n<tr>\n<td width=\"287\">\n<h4><strong><b>Ty\u010de\/ty\u010de<\/b><\/strong><\/h4>\n<\/td>\n<td width=\"565\">\n<ul>\n<li>Nerezov\u00e1 ocel <a href=\"https:\/\/wldstainless.com\/products\/stainless-steel-round-bars\/\">kola<\/a><\/li>\n<li>Nerezov\u00e9 \u010dtverce<\/li>\n<li>Nerezov\u00e1 ocel <a href=\"https:\/\/wldstainless.com\/products\/stainless-steel-hexagon-bars\/\">\u0160esti\u00faheln\u00edky<\/a><\/li>\n<li>Plochy z nerezov\u00e9 oceli<\/li>\n<\/ul>\n<\/td>\n<\/tr>\n<tr>\n<td width=\"287\">\n<h4><strong><b>Tal\u00ed\u0159\/list\/c\u00edvka\/p\u00e1s<\/b><\/strong><\/h4>\n<\/td>\n<td width=\"565\">\n<ul>\n<li>Nerezov\u00e1 ocel <a href=\"https:\/\/wldstainless.com\/products\/stainless-steel-hot-rolled-plate-sheet-coil\/\">Deska v\u00e1lcovan\u00e1 za tepla<\/a>\/Ploch\/ Svitek\/p\u00e1s<\/li>\n<li>Nerezov\u00e1 ocel <a href=\"https:\/\/wldstainless.com\/products\/stainless-steel-cold-rolled-plate-sheet-coil\/\">Plech v\u00e1lcovan\u00fd za studena<\/a>\/Ploch\/ Svitek\/p\u00e1s<\/li>\n<\/ul>\n<\/td>\n<\/tr>\n<tr>\n<td width=\"287\">\n<h4><strong><b>Struktur\u00e1ln\u00ed tvary<\/b><\/strong><\/h4>\n<\/td>\n<td width=\"565\">\n<ul>\n<li>Nerezov\u00e1 ocel <a href=\"https:\/\/wldstainless.com\/products\/stainless-steel-beam\/\">Paprsek<\/a><\/li>\n<li>Nerezov\u00e1 ocel <a href=\"https:\/\/wldstainless.com\/products\/stainless-steel-angle\/\">\u00dahel<\/a><\/li>\n<li>Nerezov\u00e1 ocel <a href=\"https:\/\/wldstainless.com\/products\/stainless-steel-angle\/\">Kan\u00e1l<\/a><\/li>\n<\/ul>\n<\/td>\n<\/tr>\n<\/tbody>\n<\/table>\n<\/div><\/section><\/p><\/div>","protected":false},"excerpt":{"rendered":"","protected":false},"author":1,"featured_media":0,"parent":0,"menu_order":0,"comment_status":"closed","ping_status":"closed","template":"","meta":{"footnotes":""},"class_list":["post-346","page","type-page","status-publish","hentry"],"aioseo_notices":[],"_links":{"self":[{"href":"https:\/\/wldstainless.com\/cs\/wp-json\/wp\/v2\/pages\/346","targetHints":{"allow":["GET"]}}],"collection":[{"href":"https:\/\/wldstainless.com\/cs\/wp-json\/wp\/v2\/pages"}],"about":[{"href":"https:\/\/wldstainless.com\/cs\/wp-json\/wp\/v2\/types\/page"}],"author":[{"embeddable":true,"href":"https:\/\/wldstainless.com\/cs\/wp-json\/wp\/v2\/users\/1"}],"replies":[{"embeddable":true,"href":"https:\/\/wldstainless.com\/cs\/wp-json\/wp\/v2\/comments?post=346"}],"version-history":[{"count":15,"href":"https:\/\/wldstainless.com\/cs\/wp-json\/wp\/v2\/pages\/346\/revisions"}],"predecessor-version":[{"id":2061,"href":"https:\/\/wldstainless.com\/cs\/wp-json\/wp\/v2\/pages\/346\/revisions\/2061"}],"wp:attachment":[{"href":"https:\/\/wldstainless.com\/cs\/wp-json\/wp\/v2\/media?parent=346"}],"curies":[{"name":"wp","href":"https:\/\/api.w.org\/{rel}","templated":true}]}}