{"id":197,"date":"2019-05-16T14:56:59","date_gmt":"2019-05-16T14:56:59","guid":{"rendered":"http:\/\/wldstainless.com\/?page_id=197"},"modified":"2020-12-11T03:38:18","modified_gmt":"2020-12-11T03:38:18","slug":"steel-services","status":"publish","type":"page","link":"https:\/\/wldstainless.com\/cs\/about\/steel-services\/","title":{"rendered":"SLU\u017dBY"},"content":{"rendered":"<\/div><\/div><\/div><!-- close content main div --><\/div><\/div><div id='aboutpage' class='avia-section main_color avia-section-small avia-no-shadow avia-bg-style-scroll   container_wrap sidebar_left'   ><div class='container' ><div class='template-page content  av-content-small units'><div class='post-entry post-entry-type-page post-entry-197'><div class='entry-content-wrapper clearfix'>\n<div class=\"flex_column av_one_full  flex_column_div av-zero-column-padding first\" style='border-radius:0px; '><section class=\"av_textblock_section\"  itemscope=\"itemscope\" itemtype=\"https:\/\/schema.org\/CreativeWork\" ><div class='avia_textblock'   itemprop=\"text\" ><p>S modern\u00edm vybaven\u00edm a p\u0159\u00edsn\u00fdm v\u00fdrobn\u00edm pl\u00e1nem vyr\u00e1b\u00ed WLD steel vedle na\u0161ich standardn\u00edch produkt\u016f speci\u00e1ln\u00ed produkty na m\u00edru podle specifick\u00fdch pot\u0159eb z\u00e1kazn\u00edka a v\u00fdkres\u016f. Z\u00e1kazn\u00edk\u016fm tak\u00e9 poskytujeme r\u016fzn\u00e9 jednor\u00e1zov\u00e9 slu\u017eby zpracov\u00e1n\u00ed nerezov\u00e9 oceli, jako je sva\u0159ov\u00e1n\u00ed, vrt\u00e1n\u00ed, oh\u00fdb\u00e1n\u00ed, le\u0161t\u011bn\u00ed a soustru\u017enick\u00e9 obr\u00e1b\u011bn\u00ed.<\/p>\n<\/div><\/section><\/div><div class=\"flex_column av_one_fourth  flex_column_div av-zero-column-padding first\" style='border-radius:0px; '><div class='avia-image-container  av-styling-circle    avia-align-center'  itemprop=\"ImageObject\" itemscope=\"itemscope\" itemtype=\"https:\/\/schema.org\/ImageObject\"  ><div class='avia-image-container-inner'><img class='avia_image' src='https:\/\/wldstainless.com\/wp-content\/uploads\/2020\/08\/Water-jet-cutting.jpg' alt='' title='\u0158ez\u00e1n\u00ed vodn\u00edm paprskem'   itemprop=\"thumbnailUrl\"  \/><\/div><\/div><\/div><div class=\"flex_column av_three_fourth  flex_column_div\" style='padding:50px 0px 50px 0px ; border-radius:0px; '><section class=\"av_textblock_section\"  itemscope=\"itemscope\" itemtype=\"https:\/\/schema.org\/CreativeWork\" ><div class='avia_textblock'   itemprop=\"text\" ><h3 align=\"justify\"><\/h3>\n<h3>Slu\u017eba p\u0159esn\u00e9ho \u0159ez\u00e1n\u00ed<\/h3>\n<p>\u0158ez\u00e1n\u00ed laserem<\/p>\n<p>Laserov\u00e9 \u0159ez\u00e1n\u00ed lze pou\u017e\u00edt k \u0159ez\u00e1n\u00ed slo\u017eit\u00fdch tvar\u016f nebo tam, kde je pot\u0159eba vysok\u00e1 p\u0159esnost rozm\u011br\u016f, lze \u0159ezat na obou stran\u00e1ch SS obrobku sou\u010dasn\u011b s vysokou \u00fa\u010dinnost\u00ed. Zde ve spole\u010dnosti WLD steel jsme hrd\u00ed na na\u0161i schopnost obr\u00e1b\u011bt <a href=\"https:\/\/wldstainless.com\/products\/stainless-steel-coiled-tube\/\">trubka z nerezov\u00e9 oceli<\/a> nebo ty\u010d o maxim\u00e1ln\u00edm pr\u016fm\u011bru 508mm, d\u00e9lce 15,5m a nerezov\u00e9m plechu o maxim\u00e1ln\u00ed \u0161\u00ed\u0159ce 4,5m a tlou\u0161\u0165ce 16mm.<\/p>\n<p>Plazmov\u00e9 \u0159ez\u00e1n\u00ed<\/p>\n<p>Plazmov\u00e9 \u0159ez\u00e1n\u00ed je proces tavn\u00e9ho \u0159ez\u00e1n\u00ed, kter\u00fd VYU\u017d\u00cdV\u00c1 teplo hork\u00e9 plazmy k roztaven\u00ed kovu a odfouknut\u00ed roztaven\u00e9ho kovu pry\u010d z \u0159ezu. Tato metoda je \u00fa\u010dinn\u00e1 pro \u0159ez\u00e1n\u00ed nerezov\u00fdch plech\u016f o tlou\u0161\u0165ce men\u0161\u00ed ne\u017e 30 mm. M\u00e1 v\u00fdhodu n\u00edzk\u00e9 deformace, proto\u017ee \u0159ez\u00e1n\u00ed se prov\u00e1d\u00ed v \u00fazk\u00e9 oblasti s vysokou teplotou.<\/p>\n<p>\u0158ez\u00e1n\u00ed pilou<\/p>\n<p>WLD Steel je schopna zpracovat zak\u00e1zky dle p\u0159esn\u00fdch po\u017eadavk\u016f z\u00e1kazn\u00edka. Na\u0161e trubky a profily z nerezov\u00e9 oceli lze \u0159ezat p\u0159\u00edmou lini\u00ed nebo po\u017eadovan\u00fdm \u00fahlem, kter\u00fd z\u00e1vis\u00ed na specifikovan\u00fdch specifikac\u00edch. Proces je ur\u010den zejm\u00e9na pro stavebnictv\u00ed a stroj\u00edrenstv\u00ed.<\/p>\n<p>\u0158ez\u00e1n\u00ed plamenem<\/p>\n<p>WLD Steel je vhodn\u00fd pro \u0159ez\u00e1n\u00ed plamenem a vysokotlak\u00fdm vodn\u00edm paprskem. \u0158ez\u00e1n\u00ed plamenem je proces, p\u0159i kter\u00e9m se k roztaven\u00ed oceli pou\u017e\u00edv\u00e1 sm\u011bs kysl\u00edku a plynu a roztaven\u00fd kov se sp\u00e1l\u00ed kysl\u00edkovou st\u0159\u00edkac\u00ed pistol\u00ed, kter\u00e1 je vhodn\u00e1 pro \u0159ez\u00e1n\u00ed siln\u00fdch nerezov\u00fdch plech\u016f.<\/p>\n<p>\u0158ez\u00e1n\u00ed vodn\u00edm paprskem HP<\/p>\n<p>\u0158ez\u00e1n\u00ed vodn\u00edm paprskem je proces, kter\u00fd vyu\u017e\u00edv\u00e1 vysokotlak\u00fd proud vody k p\u0159en\u00e1\u0161en\u00ed abrazivn\u00edch zrn. kter\u00fd se vyzna\u010duje p\u0159esnost\u00ed, hospod\u00e1rnost\u00ed, \u0161etrnost\u00ed k \u017eivotn\u00edmu prost\u0159ed\u00ed a bez n\u00e1sledn\u00e9 \u00fapravy a nezp\u016fsobuje tepelnou deformaci \u0159ezn\u00e9 plochy.<\/p>\n<\/div><\/section><br \/>\n<div style='height:50px' class='hr hr-invisible'><span class='hr-inner' ><span class='hr-inner-style'><\/span><\/span><\/div><\/p><\/div><\/div><\/div><\/div><!-- close content main div --><\/div><\/div><div id='after_section_1' class='main_color av_default_container_wrap container_wrap sidebar_left'   ><div class='container' ><div class='template-page content  av-content-small units'><div class='post-entry post-entry-type-page post-entry-197'><div class='entry-content-wrapper clearfix'><div class=\"flex_column av_one_fourth  flex_column_div av-zero-column-padding first\" style='border-radius:0px; '><div class='avia-image-container  av-styling-circle    avia-align-center'  itemprop=\"ImageObject\" itemscope=\"itemscope\" itemtype=\"https:\/\/schema.org\/ImageObject\"  ><div class='avia-image-container-inner'><img class='avia_image' src='https:\/\/wldstainless.com\/wp-content\/uploads\/2020\/08\/Sandblasting.jpg' alt='' title='P\u00edskov\u00e1n\u00ed'   itemprop=\"thumbnailUrl\"  \/><\/div><\/div><\/div><\/p>\n<div class=\"flex_column av_three_fourth  flex_column_div av-zero-column-padding\" style='border-radius:0px; '><section class=\"av_textblock_section\"  itemscope=\"itemscope\" itemtype=\"https:\/\/schema.org\/CreativeWork\" ><div class='avia_textblock'   itemprop=\"text\" ><h3>Slu\u017eba povrchov\u00e9 \u00fapravy<\/h3>\n<p>WLD Steel v\u017edy na zak\u00e1zku zpracov\u00e1vala \u0159adu povrchov\u00fdch \u00faprav na nerezov\u00e9m plechu a desk\u00e1ch, v\u010detn\u011b 2B Mill, BA (Bright Annealed), #4 kart\u00e1\u010dovan\u00fd \/ No 4 Satin Finishes, vlasov\u00e1 \u00faprava, zrcadlov\u011b dokon\u010den\u00e1, cross Hairline, barevn\u00fd \/ PVD povlak Povrchov\u00e1 \u00faprava, povrchov\u00e1 \u00faprava proti otisk\u016fm prst\u016f<\/p>\n<\/div><\/section><br \/>\n<div style='height:50px' class='hr hr-invisible'><span class='hr-inner' ><span class='hr-inner-style'><\/span><\/span><\/div><\/p><\/div><div class=\"flex_column av_one_fourth  flex_column_div av-zero-column-padding first\" style='border-radius:0px; '><div class='avia-image-container  av-styling-circle    avia-align-center'  itemprop=\"ImageObject\" itemscope=\"itemscope\" itemtype=\"https:\/\/schema.org\/ImageObject\"  ><div class='avia-image-container-inner'><img class='avia_image' src='https:\/\/wldstainless.com\/wp-content\/uploads\/2020\/08\/Bending-2.jpg' alt='' title='Oh\u00fdb\u00e1n\u00ed'   itemprop=\"thumbnailUrl\"  \/><\/div><\/div><\/div><\/p>\n<div class=\"flex_column av_three_fourth  flex_column_div av-zero-column-padding\" style='border-radius:0px; '><section class=\"av_textblock_section\"  itemscope=\"itemscope\" itemtype=\"https:\/\/schema.org\/CreativeWork\" ><div class='avia_textblock'   itemprop=\"text\" ><h3>Slu\u017eba CNC oh\u00fdb\u00e1n\u00ed<\/h3>\n<p>Oh\u00fdb\u00e1n\u00ed je p\u0159edev\u0161\u00edm u nerezov\u00fdch plech\u016f a profil\u016f. N\u00e1\u0161 CNC oh\u00fdbac\u00ed stroj n\u00e1m umo\u017e\u0148uje udr\u017eovat p\u0159\u00edsnou kontrolu kvality na\u0161ich v\u00fdrobn\u00edch proces\u016f, poskytuje v\u00e1m \u00fahly oh\u00fdb\u00e1n\u00ed a perfektn\u00ed kvalitu povrchu. Nab\u00edz\u00edme tak\u00e9 slu\u017eby testov\u00e1n\u00ed ohybem podle nekompromisn\u00edch specifikac\u00ed, jako jsou ANSI, ASTM a ASME.<\/p>\n<\/div><\/section><\/div>","protected":false},"excerpt":{"rendered":"","protected":false},"author":1,"featured_media":0,"parent":76,"menu_order":0,"comment_status":"closed","ping_status":"closed","template":"","meta":{"footnotes":""},"class_list":["post-197","page","type-page","status-publish","hentry"],"aioseo_notices":[],"_links":{"self":[{"href":"https:\/\/wldstainless.com\/cs\/wp-json\/wp\/v2\/pages\/197","targetHints":{"allow":["GET"]}}],"collection":[{"href":"https:\/\/wldstainless.com\/cs\/wp-json\/wp\/v2\/pages"}],"about":[{"href":"https:\/\/wldstainless.com\/cs\/wp-json\/wp\/v2\/types\/page"}],"author":[{"embeddable":true,"href":"https:\/\/wldstainless.com\/cs\/wp-json\/wp\/v2\/users\/1"}],"replies":[{"embeddable":true,"href":"https:\/\/wldstainless.com\/cs\/wp-json\/wp\/v2\/comments?post=197"}],"version-history":[{"count":19,"href":"https:\/\/wldstainless.com\/cs\/wp-json\/wp\/v2\/pages\/197\/revisions"}],"predecessor-version":[{"id":2048,"href":"https:\/\/wldstainless.com\/cs\/wp-json\/wp\/v2\/pages\/197\/revisions\/2048"}],"up":[{"embeddable":true,"href":"https:\/\/wldstainless.com\/cs\/wp-json\/wp\/v2\/pages\/76"}],"wp:attachment":[{"href":"https:\/\/wldstainless.com\/cs\/wp-json\/wp\/v2\/media?parent=197"}],"curies":[{"name":"wp","href":"https:\/\/api.w.org\/{rel}","templated":true}]}}