{"id":1684,"date":"2020-09-09T02:13:05","date_gmt":"2020-09-09T02:13:05","guid":{"rendered":"http:\/\/wldstainless.com\/?page_id=1684"},"modified":"2020-12-11T05:46:08","modified_gmt":"2020-12-11T05:46:08","slug":"stainless-steel-flats","status":"publish","type":"page","link":"https:\/\/wldstainless.com\/cs\/products\/stainless-steel-flats\/","title":{"rendered":"Plochy z nerezov\u00e9 oceli"},"content":{"rendered":"<div class=\"flex_column av_one_fourth  flex_column_div av-zero-column-padding first\" style='border-radius:0px; '><p><div class='avia-builder-widget-area clearfix'><div id=\"nav_menu-7\" class=\"widget clearfix widget_nav_menu\"><h3 class=\"widgettitle\">produkty<\/h3><div class=\"menu-accessories-container\"><ul id=\"menu-accessories\" class=\"menu\"><li id=\"menu-item-1924\" class=\"menu-item menu-item-type-post_type menu-item-object-page menu-item-1924\"><a href=\"https:\/\/wldstainless.com\/cs\/products\/stainless-steel-angle\/\">\u00daheln\u00edk z nerezov\u00e9 oceli<\/a><\/li>\n<li id=\"menu-item-1925\" class=\"menu-item menu-item-type-post_type menu-item-object-page menu-item-1925\"><a href=\"https:\/\/wldstainless.com\/cs\/products\/stainless-steel-beam\/\">Nosn\u00edk z nerezov\u00e9 oceli<\/a><\/li>\n<li id=\"menu-item-1926\" class=\"menu-item menu-item-type-post_type menu-item-object-page menu-item-1926\"><a href=\"https:\/\/wldstainless.com\/cs\/products\/stainless-steel-capillary-tubes\/\">Kapil\u00e1rn\u00ed trubice z nerezov\u00e9 oceli<\/a><\/li>\n<li id=\"menu-item-1927\" class=\"menu-item menu-item-type-post_type menu-item-object-page menu-item-1927\"><a href=\"https:\/\/wldstainless.com\/cs\/products\/stainless-steel-channel\/\">Kan\u00e1l z nerezov\u00e9 oceli<\/a><\/li>\n<li id=\"menu-item-1928\" class=\"menu-item menu-item-type-post_type menu-item-object-page menu-item-1928\"><a href=\"https:\/\/wldstainless.com\/cs\/products\/stainless-steel-coiled-tube\/\">Vinut\u00e1 trubka z nerezov\u00e9 oceli<\/a><\/li>\n<li id=\"menu-item-1929\" class=\"menu-item menu-item-type-post_type menu-item-object-page menu-item-1929\"><a href=\"https:\/\/wldstainless.com\/cs\/products\/stainless-steel-cold-rolled-plate-sheet-coil\/\">Za studena v\u00e1lcovan\u00fd plech\/plech\/ svitek z nerezov\u00e9 oceli<\/a><\/li>\n<li id=\"menu-item-1930\" class=\"menu-item menu-item-type-post_type menu-item-object-page menu-item-1930\"><a href=\"https:\/\/wldstainless.com\/cs\/products\/stainless-steel-flats\/\">Plochy z nerezov\u00e9 oceli<\/a><\/li>\n<li id=\"menu-item-1931\" class=\"menu-item menu-item-type-post_type menu-item-object-page menu-item-1931\"><a href=\"https:\/\/wldstainless.com\/cs\/products\/stainless-steel-hexagon-bars\/\">\u0160estihrann\u00e9 ty\u010de z nerezov\u00e9 oceli<\/a><\/li>\n<li id=\"menu-item-1932\" class=\"menu-item menu-item-type-post_type menu-item-object-page menu-item-1932\"><a href=\"https:\/\/wldstainless.com\/cs\/products\/stainless-steel-hot-rolled-plate-sheet-coil\/\">Za tepla v\u00e1lcovan\u00fd plech\/plech\/svitek z nerezov\u00e9 oceli<\/a><\/li>\n<li id=\"menu-item-1933\" class=\"menu-item menu-item-type-post_type menu-item-object-page menu-item-1933\"><a href=\"https:\/\/wldstainless.com\/cs\/products\/stainless-steel-large-diameter-pipe\/\">Nerezov\u00e1 trubka velk\u00e9ho pr\u016fm\u011bru<\/a><\/li>\n<li id=\"menu-item-1934\" class=\"menu-item menu-item-type-post_type menu-item-object-page menu-item-1934\"><a href=\"https:\/\/wldstainless.com\/cs\/products\/stainless-steel-round-bars\/\">Kruhov\u00e9 ty\u010de z nerezov\u00e9 oceli<\/a><\/li>\n<li id=\"menu-item-1935\" class=\"menu-item menu-item-type-post_type menu-item-object-page menu-item-1935\"><a href=\"https:\/\/wldstainless.com\/cs\/products\/stainless-steel-square-tube\/\">Nerezov\u00e1 \u010dtvercov\u00e1 trubka<\/a><\/li>\n<li id=\"menu-item-1936\" class=\"menu-item menu-item-type-post_type menu-item-object-page menu-item-1936\"><a href=\"https:\/\/wldstainless.com\/cs\/products\/stainless-steel-u-bend-tube\/\">Nerezov\u00e1 ocel U-Bend trubka<\/a><\/li>\n<\/ul><\/div><\/div><\/div><br \/>\n<div  class='hr hr-default'><span class='hr-inner' ><span class='hr-inner-style'><\/span><\/span><\/div><br \/>\n<div class='avia-button-wrap avia-button-left'><a href='http:\/\/wldstainless.com\/contact\/#contact' class='avia-button   avia-icon_select-yes-left-icon avia-color-custom avia-size-large avia-position-left'  target=\"_blank\"  style='background-color:#e82221; border-color:#e82221; color:#ffffff; ' ><span class='avia_button_icon avia_button_icon_left' aria-hidden='true' data-av_icon='\ue84b' data-av_iconfont='entypo-fontello'><\/span><span class='avia_iconbox_title' >Vy\u017e\u00e1dejte si cenovou nab\u00eddku<\/span><\/a><\/div><\/p><\/div>\n<div class=\"flex_column av_three_fourth  flex_column_div\" style='padding:0px 0px 50px 0px ; border-radius:0px; '><p><div style='padding-bottom:10px;color:#d3311f;' class='av-special-heading av-special-heading-h3 custom-color-heading'><h3 class='av-special-heading-tag'  itemprop=\"headline\"  >Ploch\u00e9\/ploch\u00e9 ty\u010de z nerezov\u00e9 oceli<\/h3><div class='special-heading-border'><div class='special-heading-inner-border' style='border-color:#d3311f'><\/div><\/div><\/div><br \/>\n<div  class='hr hr-default'><span class='hr-inner' ><span class='hr-inner-style'><\/span><\/span><\/div><br \/>\n<section class=\"av_textblock_section\"  itemscope=\"itemscope\" itemtype=\"https:\/\/schema.org\/CreativeWork\" ><div class='avia_textblock'   itemprop=\"text\" ><p>Nerezov\u00e1 ploch\u00e1 ocel je obd\u00e9ln\u00edkov\u00e1, ploch\u00e1 ocel. Nerezov\u00fd ploch\u00fd m\u016f\u017ee b\u00fdt polotovar, v\u010detn\u011b za studena ta\u017een\u00e9ho le\u0161t\u011bn\u00e9ho nerezov\u00e9ho ploch\u00e9ho a za tepla v\u00e1lcovan\u00e9ho mo\u0159ic\u00edho nerezov\u00e9ho plechu. M\u016f\u017ee b\u00fdt pou\u017eit jako \u0159ada nap\u011b\u0165ov\u00fdch spojovac\u00edch prvk\u016f podle r\u016fzn\u00fdch pot\u0159eb ve stavebn\u00edch a in\u017een\u00fdrsk\u00fdch konstrukc\u00edch, jako jsou nosn\u00edky, mosty, p\u0159enosov\u00e9 v\u011b\u017ee, zvedac\u00ed a p\u0159epravn\u00ed stroje, lod\u011b, pr\u016fmyslov\u00e9 pece, reak\u010dn\u00ed v\u011b\u017ee, kontejnerov\u00e9 reg\u00e1ly a skladov\u00e9 reg\u00e1ly. M\u016f\u017ee b\u00fdt tak\u00e9 pou\u017eit jako mosty, kryty, ploty, p\u0159enosov\u00e9 lod\u011b, vozidla atd. Ploch\u00e1 ocel z nerezov\u00e9 oceli se dod\u00e1v\u00e1 ve stavu v\u00e1lcovan\u00e9m za studena nebo za tepla. WLD Steel je p\u0159edn\u00edm v\u00fdrobcem, dodavatelem a invent\u00e1\u0159em ploch\u00fdch nerezov\u00fdch ploch dostupn\u00fdch v \u0159ad\u011b r\u016fzn\u00fdch jakost\u00ed a velikost\u00ed.<\/p>\n<\/div><\/section><br \/>\n<div class='avia-gallery  avia-gallery-1 avia_lazyload avia_animate_when_visible'  itemprop=\"ImageObject\" itemscope=\"itemscope\" itemtype=\"https:\/\/schema.org\/ImageObject\" ><div class='avia-gallery-thumb'> <a href='https:\/\/wldstainless.com\/wp-content\/uploads\/2020\/09\/SS-flat-bar-1.jpg' data-rel='gallery-1' data-prev-img='https:\/\/wldstainless.com\/wp-content\/uploads\/2020\/09\/SS-flat-bar-1.jpg' class='first_thumb lightbox' data-onclick='1' title='304 Byty'  itemprop=\"thumbnailUrl\" ><img data-avia-tooltip='304 Flats' src='https:\/\/wldstainless.com\/wp-content\/uploads\/2020\/09\/SS-flat-bar-1.jpg' width='300' height='300'  title='SS ploch\u00fd bar' alt='' \/><\/a> <a href='https:\/\/wldstainless.com\/wp-content\/uploads\/2020\/09\/SS-flats-1.jpg' data-rel='gallery-1' data-prev-img='https:\/\/wldstainless.com\/wp-content\/uploads\/2020\/09\/SS-flats-1.jpg' class='lightbox' data-onclick='2' title='304 Ploch\u00fd bar'  itemprop=\"thumbnailUrl\" ><img data-avia-tooltip='304 Flat Bar' src='https:\/\/wldstainless.com\/wp-content\/uploads\/2020\/09\/SS-flats-1.jpg' width='300' height='300'  title='byty SS' alt='' \/><\/a> <a href='https:\/\/wldstainless.com\/wp-content\/uploads\/2020\/09\/SS-flat-2.jpg' data-rel='gallery-1' data-prev-img='https:\/\/wldstainless.com\/wp-content\/uploads\/2020\/09\/SS-flat-2.jpg' class='lightbox' data-onclick='3' title='316 Nerezov\u00e1 ocel Ploch\u00fd'  itemprop=\"thumbnailUrl\" ><img data-avia-tooltip='316 Stainlesss Steel Flat ' src='https:\/\/wldstainless.com\/wp-content\/uploads\/2020\/09\/SS-flat-2.jpg' width='300' height='300'  title='byt SS' alt='' \/><\/a><\/div><\/div><br \/>\n<div  class='hr hr-default'><span class='hr-inner' ><span class='hr-inner-style'><\/span><\/span><\/div><br \/>\n<section class=\"av_textblock_section\"  itemscope=\"itemscope\" itemtype=\"https:\/\/schema.org\/CreativeWork\" ><div class='avia_textblock'   itemprop=\"text\" ><h4>Dostupn\u00e9 jakosti SS Flat u WID Steel<\/h4>\n<ul>\n<li>Nerezov\u00e1 ocel <a href=\"https:\/\/wldstainless.com\/materials\/austenitic-stainless-steel\/304-304l-stainless-steel\/\">304\/304L\/304H<\/a> Byt<\/li>\n<li>Nerezov\u00e1 ocel <a href=\"https:\/\/wldstainless.com\/materials\/austenitic-stainless-steel\/316-316l-stainless-steel\/\">316\/316L\/316Ti<\/a> Byt<\/li>\n<li>Nerezov\u00e1 ocel <a href=\"https:\/\/wldstainless.com\/materials\/austenitic-stainless-steel\/309s-stainless-steel\/\">309S<\/a> Byt<\/li>\n<li>Nerezov\u00e1 ocel <a href=\"https:\/\/wldstainless.com\/materials\/austenitic-stainless-steel\/310s-stainless-steel\/\">310\/310S<\/a> Byt<\/li>\n<li>Nerezov\u00e1 ocel 317\/317L ploch\u00fd<\/li>\n<li>Nerezov\u00e1 ocel <a href=\"https:\/\/wldstainless.com\/materials\/austenitic-stainless-steel\/321-321h-stainless-steel\/\">321\/321H<\/a> Byt<\/li>\n<li>Nerezov\u00e1 ocel <a href=\"https:\/\/wldstainless.com\/materials\/austenitic-stainless-steel\/347-347h-stainless-steel\/\">347\/347H<\/a> Byt<\/li>\n<li>Duplexn\u00ed ocel 31803 ploch\u00fd<\/li>\n<li>Duplexn\u00ed ocel <a href=\"https:\/\/wldstainless.com\/materials\/duplex-stainless-steel\/alloy-2205-stainless-steel\/\">32550<\/a> Byt<\/li>\n<\/ul>\n<\/div><\/section><\/p><\/div>","protected":false},"excerpt":{"rendered":"","protected":false},"author":1,"featured_media":0,"parent":346,"menu_order":0,"comment_status":"closed","ping_status":"closed","template":"","meta":{"footnotes":""},"class_list":["post-1684","page","type-page","status-publish","hentry"],"aioseo_notices":[],"_links":{"self":[{"href":"https:\/\/wldstainless.com\/cs\/wp-json\/wp\/v2\/pages\/1684","targetHints":{"allow":["GET"]}}],"collection":[{"href":"https:\/\/wldstainless.com\/cs\/wp-json\/wp\/v2\/pages"}],"about":[{"href":"https:\/\/wldstainless.com\/cs\/wp-json\/wp\/v2\/types\/page"}],"author":[{"embeddable":true,"href":"https:\/\/wldstainless.com\/cs\/wp-json\/wp\/v2\/users\/1"}],"replies":[{"embeddable":true,"href":"https:\/\/wldstainless.com\/cs\/wp-json\/wp\/v2\/comments?post=1684"}],"version-history":[{"count":7,"href":"https:\/\/wldstainless.com\/cs\/wp-json\/wp\/v2\/pages\/1684\/revisions"}],"predecessor-version":[{"id":2055,"href":"https:\/\/wldstainless.com\/cs\/wp-json\/wp\/v2\/pages\/1684\/revisions\/2055"}],"up":[{"embeddable":true,"href":"https:\/\/wldstainless.com\/cs\/wp-json\/wp\/v2\/pages\/346"}],"wp:attachment":[{"href":"https:\/\/wldstainless.com\/cs\/wp-json\/wp\/v2\/media?parent=1684"}],"curies":[{"name":"wp","href":"https:\/\/api.w.org\/{rel}","templated":true}]}}