{"id":1682,"date":"2020-09-09T02:12:40","date_gmt":"2020-09-09T02:12:40","guid":{"rendered":"http:\/\/wldstainless.com\/?page_id=1682"},"modified":"2020-12-11T05:50:03","modified_gmt":"2020-12-11T05:50:03","slug":"stainless-steel-hexagon-bars","status":"publish","type":"page","link":"https:\/\/wldstainless.com\/cs\/products\/stainless-steel-hexagon-bars\/","title":{"rendered":"\u0160estihrann\u00e9 ty\u010de z nerezov\u00e9 oceli"},"content":{"rendered":"<div class=\"flex_column av_one_fourth  flex_column_div av-zero-column-padding first\" style='border-radius:0px; '><p><div class='avia-builder-widget-area clearfix'><div id=\"nav_menu-7\" class=\"widget clearfix widget_nav_menu\"><h3 class=\"widgettitle\">produkty<\/h3><div class=\"menu-accessories-container\"><ul id=\"menu-accessories\" class=\"menu\"><li id=\"menu-item-1924\" class=\"menu-item menu-item-type-post_type menu-item-object-page menu-item-1924\"><a href=\"https:\/\/wldstainless.com\/cs\/products\/stainless-steel-angle\/\">\u00daheln\u00edk z nerezov\u00e9 oceli<\/a><\/li>\n<li id=\"menu-item-1925\" class=\"menu-item menu-item-type-post_type menu-item-object-page menu-item-1925\"><a href=\"https:\/\/wldstainless.com\/cs\/products\/stainless-steel-beam\/\">Nosn\u00edk z nerezov\u00e9 oceli<\/a><\/li>\n<li id=\"menu-item-1926\" class=\"menu-item menu-item-type-post_type menu-item-object-page menu-item-1926\"><a href=\"https:\/\/wldstainless.com\/cs\/products\/stainless-steel-capillary-tubes\/\">Kapil\u00e1rn\u00ed trubice z nerezov\u00e9 oceli<\/a><\/li>\n<li id=\"menu-item-1927\" class=\"menu-item menu-item-type-post_type menu-item-object-page menu-item-1927\"><a href=\"https:\/\/wldstainless.com\/cs\/products\/stainless-steel-channel\/\">Kan\u00e1l z nerezov\u00e9 oceli<\/a><\/li>\n<li id=\"menu-item-1928\" class=\"menu-item menu-item-type-post_type menu-item-object-page menu-item-1928\"><a href=\"https:\/\/wldstainless.com\/cs\/products\/stainless-steel-coiled-tube\/\">Vinut\u00e1 trubka z nerezov\u00e9 oceli<\/a><\/li>\n<li id=\"menu-item-1929\" class=\"menu-item menu-item-type-post_type menu-item-object-page menu-item-1929\"><a href=\"https:\/\/wldstainless.com\/cs\/products\/stainless-steel-cold-rolled-plate-sheet-coil\/\">Za studena v\u00e1lcovan\u00fd plech\/plech\/ svitek z nerezov\u00e9 oceli<\/a><\/li>\n<li id=\"menu-item-1930\" class=\"menu-item menu-item-type-post_type menu-item-object-page menu-item-1930\"><a href=\"https:\/\/wldstainless.com\/cs\/products\/stainless-steel-flats\/\">Plochy z nerezov\u00e9 oceli<\/a><\/li>\n<li id=\"menu-item-1931\" class=\"menu-item menu-item-type-post_type menu-item-object-page menu-item-1931\"><a href=\"https:\/\/wldstainless.com\/cs\/products\/stainless-steel-hexagon-bars\/\">\u0160estihrann\u00e9 ty\u010de z nerezov\u00e9 oceli<\/a><\/li>\n<li id=\"menu-item-1932\" class=\"menu-item menu-item-type-post_type menu-item-object-page menu-item-1932\"><a href=\"https:\/\/wldstainless.com\/cs\/products\/stainless-steel-hot-rolled-plate-sheet-coil\/\">Za tepla v\u00e1lcovan\u00fd plech\/plech\/svitek z nerezov\u00e9 oceli<\/a><\/li>\n<li id=\"menu-item-1933\" class=\"menu-item menu-item-type-post_type menu-item-object-page menu-item-1933\"><a href=\"https:\/\/wldstainless.com\/cs\/products\/stainless-steel-large-diameter-pipe\/\">Nerezov\u00e1 trubka velk\u00e9ho pr\u016fm\u011bru<\/a><\/li>\n<li id=\"menu-item-1934\" class=\"menu-item menu-item-type-post_type menu-item-object-page menu-item-1934\"><a href=\"https:\/\/wldstainless.com\/cs\/products\/stainless-steel-round-bars\/\">Kruhov\u00e9 ty\u010de z nerezov\u00e9 oceli<\/a><\/li>\n<li id=\"menu-item-1935\" class=\"menu-item menu-item-type-post_type menu-item-object-page menu-item-1935\"><a href=\"https:\/\/wldstainless.com\/cs\/products\/stainless-steel-square-tube\/\">Nerezov\u00e1 \u010dtvercov\u00e1 trubka<\/a><\/li>\n<li id=\"menu-item-1936\" class=\"menu-item menu-item-type-post_type menu-item-object-page menu-item-1936\"><a href=\"https:\/\/wldstainless.com\/cs\/products\/stainless-steel-u-bend-tube\/\">Nerezov\u00e1 ocel U-Bend trubka<\/a><\/li>\n<\/ul><\/div><\/div><\/div><br \/>\n<div  class='hr hr-default'><span class='hr-inner' ><span class='hr-inner-style'><\/span><\/span><\/div><br \/>\n<div class='avia-button-wrap avia-button-left'><a href='http:\/\/wldstainless.com\/contact\/#contact' class='avia-button   avia-icon_select-yes-left-icon avia-color-custom avia-size-large avia-position-left'  target=\"_blank\"  style='background-color:#e82221; border-color:#e82221; color:#ffffff; ' ><span class='avia_button_icon avia_button_icon_left' aria-hidden='true' data-av_icon='\ue84b' data-av_iconfont='entypo-fontello'><\/span><span class='avia_iconbox_title' >Vy\u017e\u00e1dejte si cenovou nab\u00eddku<\/span><\/a><\/div><\/p><\/div>\n<div class=\"flex_column av_three_fourth  flex_column_div\" style='padding:0px 0px 50px 0px ; border-radius:0px; '><p><div style='padding-bottom:10px;color:#d3311f;' class='av-special-heading av-special-heading-h3 custom-color-heading'><h3 class='av-special-heading-tag'  itemprop=\"headline\"  >\u0160estihrann\u00e9 ty\u010de z nerezov\u00e9 oceli<\/h3><div class='special-heading-border'><div class='special-heading-inner-border' style='border-color:#d3311f'><\/div><\/div><\/div><br \/>\n<div class='avia-gallery  avia-gallery-1 avia_lazyload avia_animate_when_visible'  itemprop=\"ImageObject\" itemscope=\"itemscope\" itemtype=\"https:\/\/schema.org\/ImageObject\" ><div class='avia-gallery-thumb'> <a href='https:\/\/wldstainless.com\/wp-content\/uploads\/2020\/09\/304-Hex-bar-1.jpg' data-rel='gallery-1' data-prev-img='https:\/\/wldstainless.com\/wp-content\/uploads\/2020\/09\/304-Hex-bar-1.jpg' class='first_thumb lightbox' data-onclick='1' title=''  itemprop=\"thumbnailUrl\" ><img  src='https:\/\/wldstainless.com\/wp-content\/uploads\/2020\/09\/304-Hex-bar-1.jpg' width='300' height='300'  title='304 \u0161estihrann\u00e1 li\u0161ta' alt='' \/><\/a> <a href='https:\/\/wldstainless.com\/wp-content\/uploads\/2020\/09\/SS-Hex-bar-1.jpg' data-rel='gallery-1' data-prev-img='https:\/\/wldstainless.com\/wp-content\/uploads\/2020\/09\/SS-Hex-bar-1.jpg' class='lightbox' data-onclick='2' title=''  itemprop=\"thumbnailUrl\" ><img  src='https:\/\/wldstainless.com\/wp-content\/uploads\/2020\/09\/SS-Hex-bar-1.jpg' width='300' height='300'  title='SS Hex bar' alt='' \/><\/a> <a href='https:\/\/wldstainless.com\/wp-content\/uploads\/2020\/09\/SS-rod.jpg' data-rel='gallery-1' data-prev-img='https:\/\/wldstainless.com\/wp-content\/uploads\/2020\/09\/SS-rod.jpg' class='lightbox' data-onclick='3' title=''  itemprop=\"thumbnailUrl\" ><img  src='https:\/\/wldstainless.com\/wp-content\/uploads\/2020\/09\/SS-rod.jpg' width='300' height='300'  title='SS ty\u010d' alt='' \/><\/a><\/div><\/div><br \/>\n<div  class='hr hr-default'><span class='hr-inner' ><span class='hr-inner-style'><\/span><\/span><\/div><br \/>\n<section class=\"av_textblock_section\"  itemscope=\"itemscope\" itemtype=\"https:\/\/schema.org\/CreativeWork\" ><div class='avia_textblock'   itemprop=\"text\" ><p>Ty\u010d nebo ty\u010d z nerezov\u00e9 oceli se vyr\u00e1b\u00ed procesem ta\u017een\u00edm za studena nebo v\u00e1lcov\u00e1n\u00edm za tepla. Podle struktury a chemick\u00e9ho slo\u017een\u00ed oceli lze ty\u010d z nerezov\u00e9 oceli rozd\u011blit na ty\u010d z martenzitick\u00e9 nerezov\u00e9 oceli, ty\u010d z feritick\u00e9 nerezov\u00e9 oceli, ty\u010d z austenitick\u00e9 nerezov\u00e9 oceli, ty\u010d z duplexn\u00ed nerezov\u00e9 oceli a ty\u010d z nerezov\u00e9 oceli s vysr\u00e1\u017een\u00fdm kalen\u00edm nebo ty\u010d z chromovan\u00e9 nerezov\u00e9 oceli a nikl - ty\u010d z nerezov\u00e9 oceli. Podle tvaru a tvar\u016f m\u016f\u017ee b\u00fdt ty\u010d z nerezov\u00e9 oceli ploch\u00e1 ty\u010d, \u0161estihrann\u00e1 ty\u010d, \u010dtvercov\u00e1 ty\u010d, kulat\u00e1 ty\u010d.<\/p>\n<p>Nerezov\u00e1 \u0161estihrann\u00e1 ty\u010d nab\u00edz\u00ed r\u016fzn\u00e9 aplikace a lze ji pou\u017e\u00edt pro mechanick\u00e9 d\u00edly a vy\u017eaduj\u00edc\u00ed dobrou odolnost proti korozi a vynikaj\u00edc\u00ed pevnost, jako jsou automobilov\u00e9 d\u00edly, d\u00edly v\u00fdtah\u016f, kuchy\u0148sk\u00e9 vybaven\u00ed, tlakov\u00e9 n\u00e1doby a dal\u0161\u00ed oblasti pro obr\u00e1b\u011bn\u00ed a v\u00fdrobu sou\u010d\u00e1st\u00ed, jako jsou \u0161estihrann\u00e9 \u0161rouby, \u0161estihrann\u00e9 \u0161rouby, \u0161estihrann\u00e9 stav\u011bc\u00ed \u0161rouby. V oceli WLD dod\u00e1v\u00e1me a vyr\u00e1b\u00edme \u0161estihrannou ty\u010d z nerezov\u00e9 oceli v r\u016fzn\u00fdch rozm\u011brech a jakostech, s v\u00e1lcovan\u00fdmi, \u017e\u00edhan\u00fdmi a normalizovan\u00fdmi podm\u00ednkami. Nab\u00edz\u00edme tak\u00e9 \u0159ez\u00e1n\u00ed na m\u00edru a tepeln\u00e9 zpracov\u00e1n\u00ed prost\u0159ednictv\u00edm na\u0161eho servisn\u00edho st\u0159ediska.<\/p>\n<\/div><\/section><br \/>\n<div  class='hr hr-default'><span class='hr-inner' ><span class='hr-inner-style'><\/span><\/span><\/div><br \/>\n<section class=\"av_textblock_section\"  itemscope=\"itemscope\" itemtype=\"https:\/\/schema.org\/CreativeWork\" ><div class='avia_textblock'   itemprop=\"text\" ><h3>Specifikace pr\u016fmyslov\u00fdch SS \u0161estihrann\u00fdch ty\u010d\u00ed<\/h3>\n<table>\n<tbody>\n<tr>\n<td width=\"323\">Formul\u00e1\u0159e:<\/td>\n<td width=\"529\">\u0160estihrann\u00e1 ty\u010d, \u0161estihrann\u00e1 ty\u010d<\/td>\n<\/tr>\n<tr>\n<td width=\"323\">Materi\u00e1l<\/td>\n<td width=\"529\">Nerezov\u00e1 ocel<\/p>\n<p>Duplex z nerezov\u00e9 oceli<\/td>\n<\/tr>\n<tr>\n<td width=\"323\">Povrchov\u00e1 \u00faprava<\/td>\n<td width=\"529\">Le\u0161t\u011bn\u00e9, leskl\u00e9, brou\u0161en\u00e9, p\u00edskovan\u00e9, mo\u0159en\u00e9, fr\u00e9zovan\u00e9<\/td>\n<\/tr>\n<tr>\n<td width=\"323\">Specifikace<\/td>\n<td width=\"529\">ASTM A276<\/p>\n<p>ASTM A484<\/p>\n<p>ASTM A564<\/p>\n<p>ASTM A581<\/p>\n<p>ASTM A582<\/td>\n<\/tr>\n<tr>\n<td width=\"323\">Velikost<\/td>\n<td width=\"529\">Velikost: 8mm-100mm, Strana: 8*8mm-100*100mm<\/td>\n<\/tr>\n<tr>\n<td width=\"323\">D\u00e9lka<\/td>\n<td width=\"529\">5,8 milion\u016f, 6 milion\u016f nebo podle zvl\u00e1\u0161tn\u00edch po\u017eadavk\u016f<\/td>\n<\/tr>\n<\/tbody>\n<\/table>\n<h4><\/h4>\n<h4>Dostupn\u00e9 t\u0159\u00eddy SS Hex Bar u WID Steel<\/h4>\n<ul>\n<li>Nerezov\u00e1 ocel <a href=\"https:\/\/wldstainless.com\/materials\/austenitic-stainless-steel\/304-304l-stainless-steel\/\">304\/304L<\/a> \u0160estihrann\u00e1 ty\u010d\/ty\u010d<\/li>\n<li>Nerezov\u00e1 ocel <a href=\"https:\/\/wldstainless.com\/materials\/austenitic-stainless-steel\/310s-stainless-steel\/\">310\/310S<\/a> \u0160estihrann\u00e1 ty\u010d \/ ty\u010d<\/li>\n<li>Nerezov\u00e1 ocel <a href=\"https:\/\/wldstainless.com\/materials\/austenitic-stainless-steel\/316-316l-stainless-steel\/\">316\/316L<\/a> \u0160estihrann\u00e1 ty\u010d\/ty\u010d<\/li>\n<li>Nerezov\u00e1 ocel <a href=\"https:\/\/wldstainless.com\/materials\/austenitic-stainless-steel\/321-321h-stainless-steel\/\">321<\/a> \u0160estihrann\u00e1 ty\u010d\/ty\u010de<\/li>\n<li>Nerezov\u00e1 ocel <a href=\"https:\/\/wldstainless.com\/materials\/austenitic-stainless-steel\/347-347h-stainless-steel\/\">347H<\/a> \u0160estihrann\u00e1 ty\u010d\/ty\u010d<\/li>\n<li>Nerezov\u00e1 ocel <a href=\"https:\/\/wldstainless.com\/materials\/austenitic-stainless-steel\/904l-stainless-steel\/\">904L<\/a> \u0160estihrann\u00e1 ty\u010d\/ty\u010d<\/li>\n<li>Nerezov\u00e1 ocel <a href=\"https:\/\/wldstainless.com\/materials\/ferritic-stainless-steel\/409-409l-stainless-steel\/\">409\/409L<\/a> \u0160estihrann\u00e1 ty\u010d\/ty\u010d<\/li>\n<li>Nerezov\u00e1 ocel <a href=\"https:\/\/wldstainless.com\/materials\/ferritic-stainless-steel\/410-410s-stainless-steel\/\">410\/410S<\/a> \u0160estihrann\u00e1 ty\u010d\/ty\u010d<\/li>\n<li>Nerezov\u00e1 ocel <a href=\"https:\/\/wldstainless.com\/materials\/ferritic-stainless-steel\/430-430f-stainless-steel\/\">430<\/a> \u0160estihrann\u00e1 ty\u010d\/ty\u010d<\/li>\n<li>Duplex z nerezov\u00e9 oceli <a href=\"https:\/\/wldstainless.com\/materials\/duplex-stainless-steel\/alloy-2205-stainless-steel\/\">2205<\/a> \u0160estihrann\u00e1 ty\u010d\/ty\u010d<\/li>\n<\/ul>\n<\/div><\/section><\/p><\/div>","protected":false},"excerpt":{"rendered":"","protected":false},"author":1,"featured_media":0,"parent":346,"menu_order":0,"comment_status":"closed","ping_status":"closed","template":"","meta":{"footnotes":""},"class_list":["post-1682","page","type-page","status-publish","hentry"],"aioseo_notices":[],"_links":{"self":[{"href":"https:\/\/wldstainless.com\/cs\/wp-json\/wp\/v2\/pages\/1682","targetHints":{"allow":["GET"]}}],"collection":[{"href":"https:\/\/wldstainless.com\/cs\/wp-json\/wp\/v2\/pages"}],"about":[{"href":"https:\/\/wldstainless.com\/cs\/wp-json\/wp\/v2\/types\/page"}],"author":[{"embeddable":true,"href":"https:\/\/wldstainless.com\/cs\/wp-json\/wp\/v2\/users\/1"}],"replies":[{"embeddable":true,"href":"https:\/\/wldstainless.com\/cs\/wp-json\/wp\/v2\/comments?post=1682"}],"version-history":[{"count":12,"href":"https:\/\/wldstainless.com\/cs\/wp-json\/wp\/v2\/pages\/1682\/revisions"}],"predecessor-version":[{"id":2056,"href":"https:\/\/wldstainless.com\/cs\/wp-json\/wp\/v2\/pages\/1682\/revisions\/2056"}],"up":[{"embeddable":true,"href":"https:\/\/wldstainless.com\/cs\/wp-json\/wp\/v2\/pages\/346"}],"wp:attachment":[{"href":"https:\/\/wldstainless.com\/cs\/wp-json\/wp\/v2\/media?parent=1682"}],"curies":[{"name":"wp","href":"https:\/\/api.w.org\/{rel}","templated":true}]}}