{"id":1680,"date":"2020-09-09T02:11:54","date_gmt":"2020-09-09T02:11:54","guid":{"rendered":"http:\/\/wldstainless.com\/?page_id=1680"},"modified":"2020-12-11T06:05:25","modified_gmt":"2020-12-11T06:05:25","slug":"stainless-steel-square-tube","status":"publish","type":"page","link":"https:\/\/wldstainless.com\/cs\/products\/stainless-steel-square-tube\/","title":{"rendered":"Nerezov\u00e1 \u010dtvercov\u00e1 trubka"},"content":{"rendered":"<div class=\"flex_column av_one_fourth  flex_column_div av-zero-column-padding first\" style='border-radius:0px; '><p><div class='avia-builder-widget-area clearfix'><div id=\"nav_menu-7\" class=\"widget clearfix widget_nav_menu\"><h3 class=\"widgettitle\">produkty<\/h3><div class=\"menu-accessories-container\"><ul id=\"menu-accessories\" class=\"menu\"><li id=\"menu-item-1924\" class=\"menu-item menu-item-type-post_type menu-item-object-page menu-item-1924\"><a href=\"https:\/\/wldstainless.com\/cs\/products\/stainless-steel-angle\/\">\u00daheln\u00edk z nerezov\u00e9 oceli<\/a><\/li>\n<li id=\"menu-item-1925\" class=\"menu-item menu-item-type-post_type menu-item-object-page menu-item-1925\"><a href=\"https:\/\/wldstainless.com\/cs\/products\/stainless-steel-beam\/\">Nosn\u00edk z nerezov\u00e9 oceli<\/a><\/li>\n<li id=\"menu-item-1926\" class=\"menu-item menu-item-type-post_type menu-item-object-page menu-item-1926\"><a href=\"https:\/\/wldstainless.com\/cs\/products\/stainless-steel-capillary-tubes\/\">Kapil\u00e1rn\u00ed trubice z nerezov\u00e9 oceli<\/a><\/li>\n<li id=\"menu-item-1927\" class=\"menu-item menu-item-type-post_type menu-item-object-page menu-item-1927\"><a href=\"https:\/\/wldstainless.com\/cs\/products\/stainless-steel-channel\/\">Kan\u00e1l z nerezov\u00e9 oceli<\/a><\/li>\n<li id=\"menu-item-1928\" class=\"menu-item menu-item-type-post_type menu-item-object-page menu-item-1928\"><a href=\"https:\/\/wldstainless.com\/cs\/products\/stainless-steel-coiled-tube\/\">Vinut\u00e1 trubka z nerezov\u00e9 oceli<\/a><\/li>\n<li id=\"menu-item-1929\" class=\"menu-item menu-item-type-post_type menu-item-object-page menu-item-1929\"><a href=\"https:\/\/wldstainless.com\/cs\/products\/stainless-steel-cold-rolled-plate-sheet-coil\/\">Za studena v\u00e1lcovan\u00fd plech\/plech\/ svitek z nerezov\u00e9 oceli<\/a><\/li>\n<li id=\"menu-item-1930\" class=\"menu-item menu-item-type-post_type menu-item-object-page menu-item-1930\"><a href=\"https:\/\/wldstainless.com\/cs\/products\/stainless-steel-flats\/\">Plochy z nerezov\u00e9 oceli<\/a><\/li>\n<li id=\"menu-item-1931\" class=\"menu-item menu-item-type-post_type menu-item-object-page menu-item-1931\"><a href=\"https:\/\/wldstainless.com\/cs\/products\/stainless-steel-hexagon-bars\/\">\u0160estihrann\u00e9 ty\u010de z nerezov\u00e9 oceli<\/a><\/li>\n<li id=\"menu-item-1932\" class=\"menu-item menu-item-type-post_type menu-item-object-page menu-item-1932\"><a href=\"https:\/\/wldstainless.com\/cs\/products\/stainless-steel-hot-rolled-plate-sheet-coil\/\">Za tepla v\u00e1lcovan\u00fd plech\/plech\/svitek z nerezov\u00e9 oceli<\/a><\/li>\n<li id=\"menu-item-1933\" class=\"menu-item menu-item-type-post_type menu-item-object-page menu-item-1933\"><a href=\"https:\/\/wldstainless.com\/cs\/products\/stainless-steel-large-diameter-pipe\/\">Nerezov\u00e1 trubka velk\u00e9ho pr\u016fm\u011bru<\/a><\/li>\n<li id=\"menu-item-1934\" class=\"menu-item menu-item-type-post_type menu-item-object-page menu-item-1934\"><a href=\"https:\/\/wldstainless.com\/cs\/products\/stainless-steel-round-bars\/\">Kruhov\u00e9 ty\u010de z nerezov\u00e9 oceli<\/a><\/li>\n<li id=\"menu-item-1935\" class=\"menu-item menu-item-type-post_type menu-item-object-page menu-item-1935\"><a href=\"https:\/\/wldstainless.com\/cs\/products\/stainless-steel-square-tube\/\">Nerezov\u00e1 \u010dtvercov\u00e1 trubka<\/a><\/li>\n<li id=\"menu-item-1936\" class=\"menu-item menu-item-type-post_type menu-item-object-page menu-item-1936\"><a href=\"https:\/\/wldstainless.com\/cs\/products\/stainless-steel-u-bend-tube\/\">Nerezov\u00e1 ocel U-Bend trubka<\/a><\/li>\n<\/ul><\/div><\/div><\/div><br \/>\n<div  class='hr hr-default'><span class='hr-inner' ><span class='hr-inner-style'><\/span><\/span><\/div><br \/>\n<div class='avia-button-wrap avia-button-left'><a href='http:\/\/wldstainless.com\/contact\/#contact' class='avia-button   avia-icon_select-yes-left-icon avia-color-custom avia-size-large avia-position-left'  target=\"_blank\"  style='background-color:#e82221; border-color:#e82221; color:#ffffff; ' ><span class='avia_button_icon avia_button_icon_left' aria-hidden='true' data-av_icon='\ue84b' data-av_iconfont='entypo-fontello'><\/span><span class='avia_iconbox_title' >Vy\u017e\u00e1dejte si cenovou nab\u00eddku<\/span><\/a><\/div><\/p><\/div>\n<div class=\"flex_column av_three_fourth  flex_column_div\" style='padding:0px 0px 50px 0px ; border-radius:0px; '><p><div style='padding-bottom:10px;color:#d3311f;' class='av-special-heading av-special-heading-h3 custom-color-heading'><h3 class='av-special-heading-tag'  itemprop=\"headline\"  >Nerezov\u00e1 \u010dtvercov\u00e1 trubka<\/h3><div class='special-heading-border'><div class='special-heading-inner-border' style='border-color:#d3311f'><\/div><\/div><\/div><br \/>\n<section class=\"av_textblock_section\"  itemscope=\"itemscope\" itemtype=\"https:\/\/schema.org\/CreativeWork\" ><div class='avia_textblock'   itemprop=\"text\" ><p>Nerezov\u00e1 \u010dtvercov\u00e1 trubka je druh dlouh\u00e9 ocelov\u00e9 dut\u00e9 trubky s dobrou pevnost\u00ed v ohybu a torzi, lze ji pou\u017e\u00edt pro dopravu tekutin, jako je olej, zemn\u00ed plyn, voda, plyn, p\u00e1ra atd., jako\u017e i pro v\u00fdrobu mechanick\u00fdch d\u00edl\u016f a in\u017een\u00fdrsk\u00e9 stavby. Nerezov\u00e1 \u010dtvercov\u00e1 trubka m\u016f\u017ee b\u00fdt beze\u0161v\u00e1 a sva\u0159ovan\u00e1, \u010dtvercov\u00e1 nebo obd\u00e9ln\u00edkov\u00e1, n\u011bkdy existuj\u00ed i jin\u00e9 tvarovan\u00e9 ocelov\u00e9 trubky jako ov\u00e1ln\u00fd p\u016flkruh, \u0161esti\u00faheln\u00edk, rovnostrann\u00fd troj\u00faheln\u00edk, osmihran. \u010ctvercov\u00e1 trubka z nerezov\u00e9 oceli pod tlakem kapaliny by m\u011bla b\u00fdt hydrostaticky testov\u00e1na, aby se ov\u011b\u0159il jej\u00ed kompresn\u00ed v\u00fdkon a kvalita. Sou\u010d\u00e1st\u00ed \u010dtvercov\u00e9 trubky by m\u011bla b\u00fdt zkou\u0161ka krimpov\u00e1n\u00edm, zkou\u0161ka rozta\u017enosti, zkou\u0161ka zplo\u0161t\u011bn\u00ed a tak d\u00e1le podle norem nebo po\u017eadavk\u016f popt\u00e1vaj\u00edc\u00edho.<\/p>\n<p>WLD steel je p\u0159edn\u00edm dodavatelem, prodejcem a distributorem nerezov\u00fdch \u010dtvercov\u00fdch trubek s nejvy\u0161\u0161\u00ed kvalitou odolnosti proti korozi a teplot\u00e1m. Nerezov\u00e1 \u010dtvercov\u00e1 trubice m\u016f\u017ee b\u00fdt pou\u017eita v\u0161ude jako jin\u00e9 formy z nerezov\u00e9 oceli, jako jsou stavebn\u00ed, farmaceutick\u00e9, polovodi\u010dov\u00e9, energetick\u00e9, ropn\u00e9 a plyn\u00e1rensk\u00e9, vojensk\u00e9 a dal\u0161\u00ed komer\u010dn\u00ed a pr\u016fmyslov\u00e9 firmy. WLD ocel zaji\u0161\u0165uje nejvy\u0161\u0161\u00ed kvalitu nerezov\u00e9 oceli \u010dtvercov\u00e9 trubky, kter\u00e9 dod\u00e1v\u00e1me, poch\u00e1zej\u00ed z p\u0159edn\u00ed \u010d\u00ednsk\u00e9 ocel\u00e1rny pro pou\u017eit\u00ed v extr\u00e9mn\u00edch prost\u0159ed\u00edch. Koupit \u010dtvercov\u00e9 trubky SS 201, 304, 316 za nejlep\u0161\u00ed cenu v \u010c\u00edn\u011b? Kontaktujte n\u00e1s.<\/p>\n<\/div><\/section><br \/>\n<div  class='hr hr-default'><span class='hr-inner' ><span class='hr-inner-style'><\/span><\/span><\/div><br \/>\n<div class='avia-gallery  avia-gallery-1 avia_lazyload avia_animate_when_visible'  itemprop=\"ImageObject\" itemscope=\"itemscope\" itemtype=\"https:\/\/schema.org\/ImageObject\" ><div class='avia-gallery-thumb'> <a href='https:\/\/wldstainless.com\/wp-content\/uploads\/2020\/09\/SS-suare-tube-1.jpg' data-rel='gallery-1' data-prev-img='https:\/\/wldstainless.com\/wp-content\/uploads\/2020\/09\/SS-suare-tube-1.jpg' class='first_thumb lightbox' data-onclick='1' title='304 Obd\u00e9ln\u00edkov\u00e1 trubka'  itemprop=\"thumbnailUrl\" ><img data-avia-tooltip='304 Rectangle Tube' src='https:\/\/wldstainless.com\/wp-content\/uploads\/2020\/09\/SS-suare-tube-1.jpg' width='300' height='300'  title='SS suare trubice' alt='' \/><\/a> <a href='https:\/\/wldstainless.com\/wp-content\/uploads\/2020\/09\/304-SS-square-pipe.jpg' data-rel='gallery-1' data-prev-img='https:\/\/wldstainless.com\/wp-content\/uploads\/2020\/09\/304-SS-square-pipe.jpg' class='lightbox' data-onclick='2' title='304 \u010ctvercov\u00e1 trubka'  itemprop=\"thumbnailUrl\" ><img data-avia-tooltip='304 Square tube' src='https:\/\/wldstainless.com\/wp-content\/uploads\/2020\/09\/304-SS-square-pipe.jpg' width='300' height='300'  title='\u010ctvercov\u00e1 trubka 304 SS' alt='' \/><\/a> <a href='https:\/\/wldstainless.com\/wp-content\/uploads\/2020\/09\/Square-Tube-2.jpg' data-rel='gallery-1' data-prev-img='https:\/\/wldstainless.com\/wp-content\/uploads\/2020\/09\/Square-Tube-2.jpg' class='lightbox' data-onclick='3' title='316 \u010dtvercov\u00e1 trubka'  itemprop=\"thumbnailUrl\" ><img data-avia-tooltip='316 Square Tube' src='https:\/\/wldstainless.com\/wp-content\/uploads\/2020\/09\/Square-Tube-2.jpg' width='300' height='300'  title='\u010ctvercov\u00e1 trubice' alt='' \/><\/a><\/div><\/div><br \/>\n<div  class='hr hr-default'><span class='hr-inner' ><span class='hr-inner-style'><\/span><\/span><\/div><br \/>\n<section class=\"av_textblock_section\"  itemscope=\"itemscope\" itemtype=\"https:\/\/schema.org\/CreativeWork\" ><div class='avia_textblock'   itemprop=\"text\" ><h4><strong>Specifikace pr\u016fmyslov\u00e9 trubky ve tvaru U SS<\/strong><\/h4>\n<table>\n<tbody>\n<tr>\n<td width=\"323\">Formul\u00e1\u0159e:<\/td>\n<td width=\"529\">\u010ctvercov\u00e1 trubka SS<\/p>\n<p>Obd\u00e9ln\u00edkov\u00e1 trubice SS<\/td>\n<\/tr>\n<tr>\n<td width=\"323\">Materi\u00e1l<\/td>\n<td width=\"529\">Nerezov\u00e1 ocel<\/p>\n<p>Duplex z nerezov\u00e9 oceli<\/td>\n<\/tr>\n<tr>\n<td width=\"323\">Specifikace<\/td>\n<td width=\"529\">\n<ul>\n<li>ASTM A249<\/li>\n<li>ASTM A269<\/li>\n<li>ASTM A312<\/li>\n<li>ASTM A358<\/li>\n<li>ASTM A409<\/li>\n<li>ASTM A554<\/li>\n<li>ASTM A778<\/li>\n<li>ASTM A789<\/li>\n<li>ASTM A790<\/li>\n<\/ul>\n<\/td>\n<\/tr>\n<tr>\n<td width=\"323\">Povrchov\u00e1 \u00faprava<\/td>\n<td width=\"529\">Le\u0161t\u011bn\u00e9, leskl\u00e9, brousit, p\u00edskovat, mo\u0159eno, Mirror Square, fr\u00e9zovat<\/td>\n<\/tr>\n<tr>\n<td width=\"323\">Velikost<\/td>\n<td width=\"529\">WT: 5 * 5 ~ 150 * 150 mm<\/p>\n<p>Vn\u011bj\u0161\u00ed pr\u016fm\u011br: 0,4 ~ 6,0 mm<\/p>\n<p>D\u00e9lka: 6000mm, 12000mm +\/- 30mm<\/td>\n<\/tr>\n<\/tbody>\n<\/table>\n<\/div><\/section><br \/>\n<div  class='hr hr-default'><span class='hr-inner' ><span class='hr-inner-style'><\/span><\/span><\/div><br \/>\n<section class=\"av_textblock_section\"  itemscope=\"itemscope\" itemtype=\"https:\/\/schema.org\/CreativeWork\" ><div class='avia_textblock'   itemprop=\"text\" ><h4>Dostupn\u00e9 t\u0159\u00eddy SS \u010dtvercov\u00e9 trubky u WID Steel<\/h4>\n<ul>\n<li>Nerezov\u00e1 ocel <a href=\"https:\/\/wldstainless.com\/materials\/austenitic-stainless-steel\/304-304l-stainless-steel\/\">304\/304L<\/a> \u010ctvercov\u00e1 trubice<\/li>\n<li>Nerezov\u00e1 ocel <a href=\"https:\/\/wldstainless.com\/materials\/austenitic-stainless-steel\/316-316l-stainless-steel\/\">316\/316L<\/a> \u010ctvercov\u00e1 trubice<\/li>\n<li>\u010ctvercov\u00e1 trubka z nerezov\u00e9 oceli 309S<\/li>\n<li>Nerezov\u00e1 ocel <a href=\"https:\/\/wldstainless.com\/materials\/austenitic-stainless-steel\/321-321h-stainless-steel\/\">321\/321H<\/a> \u010ctvercov\u00e1 trubice<\/li>\n<li>Nerezov\u00e1 ocel <a href=\"https:\/\/wldstainless.com\/materials\/austenitic-stainless-steel\/347-347h-stainless-steel\/\">347\/347H<\/a> \u010ctvercov\u00e1 trubice<\/li>\n<li>Nerezov\u00e1 ocel <a href=\"https:\/\/wldstainless.com\/materials\/ferritic-stainless-steel\/409-409l-stainless-steel\/\">409<\/a> \u010ctvercov\u00e1 trubice<\/li>\n<li>Nerezov\u00e1 ocel <a href=\"https:\/\/wldstainless.com\/materials\/austenitic-stainless-steel\/904l-stainless-steel\/\">904L<\/a> \u010ctvercov\u00e1 trubice<\/li>\n<\/ul>\n<\/div><\/section><\/p><\/div>","protected":false},"excerpt":{"rendered":"","protected":false},"author":1,"featured_media":0,"parent":346,"menu_order":0,"comment_status":"closed","ping_status":"closed","template":"","meta":{"footnotes":""},"class_list":["post-1680","page","type-page","status-publish","hentry"],"aioseo_notices":[],"_links":{"self":[{"href":"https:\/\/wldstainless.com\/cs\/wp-json\/wp\/v2\/pages\/1680","targetHints":{"allow":["GET"]}}],"collection":[{"href":"https:\/\/wldstainless.com\/cs\/wp-json\/wp\/v2\/pages"}],"about":[{"href":"https:\/\/wldstainless.com\/cs\/wp-json\/wp\/v2\/types\/page"}],"author":[{"embeddable":true,"href":"https:\/\/wldstainless.com\/cs\/wp-json\/wp\/v2\/users\/1"}],"replies":[{"embeddable":true,"href":"https:\/\/wldstainless.com\/cs\/wp-json\/wp\/v2\/comments?post=1680"}],"version-history":[{"count":12,"href":"https:\/\/wldstainless.com\/cs\/wp-json\/wp\/v2\/pages\/1680\/revisions"}],"predecessor-version":[{"id":2059,"href":"https:\/\/wldstainless.com\/cs\/wp-json\/wp\/v2\/pages\/1680\/revisions\/2059"}],"up":[{"embeddable":true,"href":"https:\/\/wldstainless.com\/cs\/wp-json\/wp\/v2\/pages\/346"}],"wp:attachment":[{"href":"https:\/\/wldstainless.com\/cs\/wp-json\/wp\/v2\/media?parent=1680"}],"curies":[{"name":"wp","href":"https:\/\/api.w.org\/{rel}","templated":true}]}}