{"id":1627,"date":"2020-08-26T09:28:37","date_gmt":"2020-08-26T09:28:37","guid":{"rendered":"http:\/\/wldstainless.com\/?page_id=1627"},"modified":"2020-12-11T05:35:29","modified_gmt":"2020-12-11T05:35:29","slug":"stainless-steel-capillary-tubes","status":"publish","type":"page","link":"https:\/\/wldstainless.com\/cs\/products\/stainless-steel-capillary-tubes\/","title":{"rendered":"Kapil\u00e1rn\u00ed trubice z nerezov\u00e9 oceli"},"content":{"rendered":"<div class=\"flex_column av_one_fourth  flex_column_div av-zero-column-padding first\" style='border-radius:0px; '><p><div class='avia-builder-widget-area clearfix'><div id=\"nav_menu-7\" class=\"widget clearfix widget_nav_menu\"><h3 class=\"widgettitle\">produkty<\/h3><div class=\"menu-accessories-container\"><ul id=\"menu-accessories\" class=\"menu\"><li id=\"menu-item-1924\" class=\"menu-item menu-item-type-post_type menu-item-object-page menu-item-1924\"><a href=\"https:\/\/wldstainless.com\/cs\/products\/stainless-steel-angle\/\">\u00daheln\u00edk z nerezov\u00e9 oceli<\/a><\/li>\n<li id=\"menu-item-1925\" class=\"menu-item menu-item-type-post_type menu-item-object-page menu-item-1925\"><a href=\"https:\/\/wldstainless.com\/cs\/products\/stainless-steel-beam\/\">Nosn\u00edk z nerezov\u00e9 oceli<\/a><\/li>\n<li id=\"menu-item-1926\" class=\"menu-item menu-item-type-post_type menu-item-object-page menu-item-1926\"><a href=\"https:\/\/wldstainless.com\/cs\/products\/stainless-steel-capillary-tubes\/\">Kapil\u00e1rn\u00ed trubice z nerezov\u00e9 oceli<\/a><\/li>\n<li id=\"menu-item-1927\" class=\"menu-item menu-item-type-post_type menu-item-object-page menu-item-1927\"><a href=\"https:\/\/wldstainless.com\/cs\/products\/stainless-steel-channel\/\">Kan\u00e1l z nerezov\u00e9 oceli<\/a><\/li>\n<li id=\"menu-item-1928\" class=\"menu-item menu-item-type-post_type menu-item-object-page menu-item-1928\"><a href=\"https:\/\/wldstainless.com\/cs\/products\/stainless-steel-coiled-tube\/\">Vinut\u00e1 trubka z nerezov\u00e9 oceli<\/a><\/li>\n<li id=\"menu-item-1929\" class=\"menu-item menu-item-type-post_type menu-item-object-page menu-item-1929\"><a href=\"https:\/\/wldstainless.com\/cs\/products\/stainless-steel-cold-rolled-plate-sheet-coil\/\">Za studena v\u00e1lcovan\u00fd plech\/plech\/ svitek z nerezov\u00e9 oceli<\/a><\/li>\n<li id=\"menu-item-1930\" class=\"menu-item menu-item-type-post_type menu-item-object-page menu-item-1930\"><a href=\"https:\/\/wldstainless.com\/cs\/products\/stainless-steel-flats\/\">Plochy z nerezov\u00e9 oceli<\/a><\/li>\n<li id=\"menu-item-1931\" class=\"menu-item menu-item-type-post_type menu-item-object-page menu-item-1931\"><a href=\"https:\/\/wldstainless.com\/cs\/products\/stainless-steel-hexagon-bars\/\">\u0160estihrann\u00e9 ty\u010de z nerezov\u00e9 oceli<\/a><\/li>\n<li id=\"menu-item-1932\" class=\"menu-item menu-item-type-post_type menu-item-object-page menu-item-1932\"><a href=\"https:\/\/wldstainless.com\/cs\/products\/stainless-steel-hot-rolled-plate-sheet-coil\/\">Za tepla v\u00e1lcovan\u00fd plech\/plech\/svitek z nerezov\u00e9 oceli<\/a><\/li>\n<li id=\"menu-item-1933\" class=\"menu-item menu-item-type-post_type menu-item-object-page menu-item-1933\"><a href=\"https:\/\/wldstainless.com\/cs\/products\/stainless-steel-large-diameter-pipe\/\">Nerezov\u00e1 trubka velk\u00e9ho pr\u016fm\u011bru<\/a><\/li>\n<li id=\"menu-item-1934\" class=\"menu-item menu-item-type-post_type menu-item-object-page menu-item-1934\"><a href=\"https:\/\/wldstainless.com\/cs\/products\/stainless-steel-round-bars\/\">Kruhov\u00e9 ty\u010de z nerezov\u00e9 oceli<\/a><\/li>\n<li id=\"menu-item-1935\" class=\"menu-item menu-item-type-post_type menu-item-object-page menu-item-1935\"><a href=\"https:\/\/wldstainless.com\/cs\/products\/stainless-steel-square-tube\/\">Nerezov\u00e1 \u010dtvercov\u00e1 trubka<\/a><\/li>\n<li id=\"menu-item-1936\" class=\"menu-item menu-item-type-post_type menu-item-object-page menu-item-1936\"><a href=\"https:\/\/wldstainless.com\/cs\/products\/stainless-steel-u-bend-tube\/\">Nerezov\u00e1 ocel U-Bend trubka<\/a><\/li>\n<\/ul><\/div><\/div><\/div><br \/>\n<div  class='hr hr-default'><span class='hr-inner' ><span class='hr-inner-style'><\/span><\/span><\/div><br \/>\n<div class='avia-button-wrap avia-button-left'><a href='http:\/\/wldstainless.com\/contact\/#contact' class='avia-button   avia-icon_select-yes-left-icon avia-color-custom avia-size-large avia-position-left'  target=\"_blank\"  style='background-color:#e82221; border-color:#e82221; color:#ffffff; ' ><span class='avia_button_icon avia_button_icon_left' aria-hidden='true' data-av_icon='\ue84b' data-av_iconfont='entypo-fontello'><\/span><span class='avia_iconbox_title' >Vy\u017e\u00e1dejte si cenovou nab\u00eddku<\/span><\/a><\/div><\/p><\/div>\n<div class=\"flex_column av_three_fourth  flex_column_div\" style='padding:0px 0px 50px 0px ; border-radius:0px; '><p><div style='padding-bottom:10px;color:#d3311f;' class='av-special-heading av-special-heading-h3 custom-color-heading'><h3 class='av-special-heading-tag'  itemprop=\"headline\"  >Kapil\u00e1rn\u00ed trubice z nerezov\u00e9 oceli<\/h3><div class='special-heading-border'><div class='special-heading-inner-border' style='border-color:#d3311f'><\/div><\/div><\/div><br \/>\n<section class=\"av_textblock_section\"  itemscope=\"itemscope\" itemtype=\"https:\/\/schema.org\/CreativeWork\" ><div class='avia_textblock'   itemprop=\"text\" ><p>Nerezov\u00e9 trubky s vn\u011bj\u0161\u00edm pr\u016fm\u011brem od 0,32 mm do 8,0 mm se ozna\u010duj\u00ed jako kapil\u00e1rn\u00ed trubice, jejich\u017e tlou\u0161\u0165ka st\u011bny se pohybuje od 0,08 mm do 2,0 mm. Kapil\u00e1rn\u00ed trubice se vyzna\u010duj\u00ed \u00fazk\u00fdmi tolerancemi a trubice uvnit\u0159 povrchu je bez oleje, mastnoty a jin\u00fdch \u010d\u00e1stic. Ve WLDSTEEL obecn\u011b vyr\u00e1b\u00edme a vyr\u00e1b\u00edme kapil\u00e1rn\u00ed ocelov\u00e9 trubky v souladu s ASTM A\/ASME SA 213\/269\/632\/511. M\u016f\u017eeme nab\u00eddnout p\u0159izp\u016fsoben\u00ed slu\u017eby, pokud maj\u00ed z\u00e1kazn\u00edci p\u0159\u00edsn\u011bj\u0161\u00ed po\u017eadavky na kapil\u00e1rn\u00ed rozm\u011brovou p\u0159esnost a povrchovou \u00fapravu, v\u010detn\u011b nerezov\u00e9 jasn\u011b \u017e\u00edhan\u00e9 trubky, elektrolyticky le\u0161t\u011bn\u00e9 trubky, nav\u00edc poskytujeme odlupov\u00e1n\u00ed, uzav\u00edr\u00e1n\u00ed, d\u011brov\u00e1n\u00ed, \u0159ez\u00e1n\u00ed, oh\u00fdb\u00e1n\u00ed a dal\u0161\u00ed zpracovatelsk\u00e9 slu\u017eby<\/p>\n<\/div><\/section><br \/>\n<div class='avia-gallery  avia-gallery-1 avia_lazyload avia_animate_when_visible'  itemprop=\"ImageObject\" itemscope=\"itemscope\" itemtype=\"https:\/\/schema.org\/ImageObject\" ><div class='avia-gallery-thumb'> <a href='https:\/\/wldstainless.com\/wp-content\/uploads\/2020\/09\/SS-Capillary-Tubes.jpg' data-rel='gallery-1' data-prev-img='https:\/\/wldstainless.com\/wp-content\/uploads\/2020\/09\/SS-Capillary-Tubes.jpg' class='first_thumb lightbox' data-onclick='1' title=''  itemprop=\"thumbnailUrl\" ><img  src='https:\/\/wldstainless.com\/wp-content\/uploads\/2020\/09\/SS-Capillary-Tubes.jpg' width='300' height='300'  title='SS kapil\u00e1rn\u00ed trubice' alt='' \/><\/a> <a href='https:\/\/wldstainless.com\/wp-content\/uploads\/2020\/09\/Capillary-Tubes-for-medical-1.jpg' data-rel='gallery-1' data-prev-img='https:\/\/wldstainless.com\/wp-content\/uploads\/2020\/09\/Capillary-Tubes-for-medical-1.jpg' class='lightbox' data-onclick='2' title=''  itemprop=\"thumbnailUrl\" ><img  src='https:\/\/wldstainless.com\/wp-content\/uploads\/2020\/09\/Capillary-Tubes-for-medical-1.jpg' width='300' height='300'  title='Kapil\u00e1rn\u00ed trubice pro l\u00e9ka\u0159stv\u00ed' alt='' \/><\/a> <a href='https:\/\/wldstainless.com\/wp-content\/uploads\/2020\/09\/Coiled-capillary-tubes.jpg' data-rel='gallery-1' data-prev-img='https:\/\/wldstainless.com\/wp-content\/uploads\/2020\/09\/Coiled-capillary-tubes.jpg' class='lightbox' data-onclick='3' title=''  itemprop=\"thumbnailUrl\" ><img  src='https:\/\/wldstainless.com\/wp-content\/uploads\/2020\/09\/Coiled-capillary-tubes.jpg' width='300' height='300'  title='Sto\u010den\u00e9 kapil\u00e1ry' alt='' \/><\/a><\/div><\/div><br \/>\n<div  class='hr hr-default'><span class='hr-inner' ><span class='hr-inner-style'><\/span><\/span><\/div><br \/>\n<section class=\"av_textblock_section\"  itemscope=\"itemscope\" itemtype=\"https:\/\/schema.org\/CreativeWork\" ><div class='avia_textblock'   itemprop=\"text\" ><h4><strong>Specifikace kapil\u00e1r z nerezov\u00e9 oceli<\/strong><\/h4>\n<ul>\n<li>Kapil\u00e1rn\u00ed trubi\u010dky ASTM A\/ASME SA 213<\/li>\n<li>Kapil\u00e1rn\u00ed trubi\u010dky ASTM A\/ASME SA269<\/li>\n<li>Kapil\u00e1rn\u00ed trubi\u010dky ASTM A\/ASME SA511<\/li>\n<li>Kapil\u00e1rn\u00ed trubi\u010dky ASTM A\/ASME SA632<\/li>\n<li>&#8230;&#8230;<\/li>\n<\/ul>\n<hr \/>\n<h4><strong>Dostupn\u00e9 t\u0159\u00eddy kapil\u00e1rn\u00edch trubi\u010dek z nerezov\u00e9 oceli<\/strong><\/h4>\n<ul>\n<li><a href=\"https:\/\/wldstainless.com\/materials\/austenitic-stainless-steel\/304-304l-stainless-steel\/\">TP304\/304L<\/a> Kapil\u00e1rn\u00ed trubice<\/li>\n<li><a href=\"https:\/\/wldstainless.com\/materials\/austenitic-stainless-steel\/316-316l-stainless-steel\/\">TP316\/316L<\/a> Kapil\u00e1rn\u00ed trubice<\/li>\n<li><a href=\"https:\/\/wldstainless.com\/materials\/austenitic-stainless-steel\/321-321h-stainless-steel\/\">TP321<\/a> Kapil\u00e1rn\u00ed trubice<\/li>\n<li><a href=\"https:\/\/wldstainless.com\/materials\/austenitic-stainless-steel\/310s-stainless-steel\/\">TP310\/310S<\/a> Kapil\u00e1rn\u00ed trubice<\/li>\n<li><a href=\"https:\/\/wldstainless.com\/materials\/duplex-stainless-steel\/alloy-2205-stainless-steel\/\">2205<\/a> Duplexn\u00ed kapil\u00e1ry z nerezov\u00e9 oceli<\/li>\n<li>&#8230;&#8230;<\/li>\n<\/ul>\n<hr \/>\n<h4><strong>Vlastnosti kapil\u00e1rn\u00edch trubic z nerezov\u00e9 oceli<\/strong><\/h4>\n<ul>\n<li>Vysok\u00e1 rozm\u011brov\u00e1 p\u0159esnost.<\/li>\n<\/ul>\n<p>Tolerance vn\u011bj\u0161\u00edho pr\u016fm\u011bru nerezov\u00e9 kapil\u00e1ry je obecn\u011b v rozmez\u00ed \u00b10,10 mm a tlou\u0161\u0165ka st\u011bny je v rozmez\u00ed \u00b110%. M\u016f\u017ee b\u00fdt tak\u00e9 p\u0159izp\u016fsoben tak, aby tolerance vn\u011bj\u0161\u00edho pr\u016fm\u011bru byla v rozmez\u00ed \u00b10,05 mm a tlou\u0161\u0165ka st\u011bny v rozmez\u00ed \u00b15% podle po\u017eadavk\u016f z\u00e1kazn\u00edka.<\/p>\n<ul>\n<li>Vysok\u00e1 povrchov\u00e1 \u00faprava.<\/li>\n<\/ul>\n<p>Obecn\u011b m\u016f\u017ee jasn\u00e9 \u017e\u00edh\u00e1n\u00ed nebo jemn\u00e9 le\u0161t\u011bn\u00ed zp\u016fsobit drsnost povrchu a\u017e na m\u00e9n\u011b ne\u017e 0,2 um.<\/p>\n<ul>\n<li>Tvrdost povrchu ocelov\u00e9 trubky lze regulovat v rozmez\u00ed 70HRB-80HRB.<\/li>\n<\/ul>\n<hr \/>\n<h4><strong>Aplikace kapil\u00e1rn\u00edch trubek z nerezov\u00e9 oceli<\/strong><\/h4>\n<p>Kapil\u00e1ra z nerezov\u00e9 oceli \u0161iroce pou\u017e\u00edvan\u00e1 v petrochemii, elektronice, l\u00e9ka\u0159stv\u00ed, letectv\u00ed, medic\u00edn\u011b, farmacii, potravin\u00e1\u0159sk\u00fdch stroj\u00edch, v\u00fdrob\u011b energie, polovodi\u010d\u00edch, klenotnictv\u00ed a dal\u0161\u00edch oborech.<\/p>\n<ul>\n<li>L\u00e9ka\u0159sk\u00e9 vybaven\u00ed. Hadi\u010dka injek\u010dn\u00ed jehly, hadi\u010dka punk\u010dn\u00ed jehly, hadi\u010dka teplotn\u00edho senzoru, hadi\u010dka teplom\u011bru, hadi\u010dka regul\u00e1toru teploty.<\/li>\n<li>Automatick\u00e9 n\u00e1stroje. Automatick\u00e1 p\u0159\u00edstrojov\u00e1 sign\u00e1ln\u00ed trubice, ochrann\u00e1 trubice; P\u0159esn\u00fd optick\u00fd obvod prav\u00edtka, pr\u016fmyslov\u00e9 senzory, ochrann\u00e1 trubice elektronick\u00fdch za\u0159\u00edzen\u00ed, v\u0161echny druhy elektronick\u00fdch mikrotrubic, p\u0159\u00edslu\u0161enstv\u00ed pro optick\u00e1 vl\u00e1kna, optick\u00fd sm\u011b\u0161ova\u010d.<\/li>\n<li>V\u00fdroba pera. J\u00e1dro trubice, trubice pera.<\/li>\n<li>Elektro a sportovn\u00ed pot\u0159eby. V\u0161echny druhy ant\u00e9nn\u00ed trubice, ocasn\u00ed ant\u00e9ny automobilu, prodlu\u017eovac\u00ed ant\u00e9na pro mobiln\u00ed telefon, ant\u00e9na pro laptop a ryb\u00e1\u0159sk\u00e1 trubice, ryb\u00e1\u0159sk\u00fd prut atd.<\/li>\n<\/ul>\n<\/div><\/section><\/p><\/div>","protected":false},"excerpt":{"rendered":"","protected":false},"author":1,"featured_media":0,"parent":346,"menu_order":0,"comment_status":"closed","ping_status":"closed","template":"","meta":{"footnotes":""},"class_list":["post-1627","page","type-page","status-publish","hentry"],"aioseo_notices":[],"_links":{"self":[{"href":"https:\/\/wldstainless.com\/cs\/wp-json\/wp\/v2\/pages\/1627","targetHints":{"allow":["GET"]}}],"collection":[{"href":"https:\/\/wldstainless.com\/cs\/wp-json\/wp\/v2\/pages"}],"about":[{"href":"https:\/\/wldstainless.com\/cs\/wp-json\/wp\/v2\/types\/page"}],"author":[{"embeddable":true,"href":"https:\/\/wldstainless.com\/cs\/wp-json\/wp\/v2\/users\/1"}],"replies":[{"embeddable":true,"href":"https:\/\/wldstainless.com\/cs\/wp-json\/wp\/v2\/comments?post=1627"}],"version-history":[{"count":12,"href":"https:\/\/wldstainless.com\/cs\/wp-json\/wp\/v2\/pages\/1627\/revisions"}],"predecessor-version":[{"id":2051,"href":"https:\/\/wldstainless.com\/cs\/wp-json\/wp\/v2\/pages\/1627\/revisions\/2051"}],"up":[{"embeddable":true,"href":"https:\/\/wldstainless.com\/cs\/wp-json\/wp\/v2\/pages\/346"}],"wp:attachment":[{"href":"https:\/\/wldstainless.com\/cs\/wp-json\/wp\/v2\/media?parent=1627"}],"curies":[{"name":"wp","href":"https:\/\/api.w.org\/{rel}","templated":true}]}}