{"id":1622,"date":"2020-08-26T09:26:00","date_gmt":"2020-08-26T09:26:00","guid":{"rendered":"http:\/\/wldstainless.com\/?page_id=1622"},"modified":"2020-12-11T05:52:43","modified_gmt":"2020-12-11T05:52:43","slug":"stainless-steel-large-diameter-pipe","status":"publish","type":"page","link":"https:\/\/wldstainless.com\/cs\/products\/stainless-steel-large-diameter-pipe\/","title":{"rendered":"Nerezov\u00e1 trubka velk\u00e9ho pr\u016fm\u011bru"},"content":{"rendered":"<div class=\"flex_column av_one_fourth  flex_column_div av-zero-column-padding first\" style='border-radius:0px; '><p><div class='avia-builder-widget-area clearfix'><div id=\"nav_menu-7\" class=\"widget clearfix widget_nav_menu\"><h3 class=\"widgettitle\">produkty<\/h3><div class=\"menu-accessories-container\"><ul id=\"menu-accessories\" class=\"menu\"><li id=\"menu-item-1924\" class=\"menu-item menu-item-type-post_type menu-item-object-page menu-item-1924\"><a href=\"https:\/\/wldstainless.com\/cs\/products\/stainless-steel-angle\/\">\u00daheln\u00edk z nerezov\u00e9 oceli<\/a><\/li>\n<li id=\"menu-item-1925\" class=\"menu-item menu-item-type-post_type menu-item-object-page menu-item-1925\"><a href=\"https:\/\/wldstainless.com\/cs\/products\/stainless-steel-beam\/\">Nosn\u00edk z nerezov\u00e9 oceli<\/a><\/li>\n<li id=\"menu-item-1926\" class=\"menu-item menu-item-type-post_type menu-item-object-page menu-item-1926\"><a href=\"https:\/\/wldstainless.com\/cs\/products\/stainless-steel-capillary-tubes\/\">Kapil\u00e1rn\u00ed trubice z nerezov\u00e9 oceli<\/a><\/li>\n<li id=\"menu-item-1927\" class=\"menu-item menu-item-type-post_type menu-item-object-page menu-item-1927\"><a href=\"https:\/\/wldstainless.com\/cs\/products\/stainless-steel-channel\/\">Kan\u00e1l z nerezov\u00e9 oceli<\/a><\/li>\n<li id=\"menu-item-1928\" class=\"menu-item menu-item-type-post_type menu-item-object-page menu-item-1928\"><a href=\"https:\/\/wldstainless.com\/cs\/products\/stainless-steel-coiled-tube\/\">Vinut\u00e1 trubka z nerezov\u00e9 oceli<\/a><\/li>\n<li id=\"menu-item-1929\" class=\"menu-item menu-item-type-post_type menu-item-object-page menu-item-1929\"><a href=\"https:\/\/wldstainless.com\/cs\/products\/stainless-steel-cold-rolled-plate-sheet-coil\/\">Za studena v\u00e1lcovan\u00fd plech\/plech\/ svitek z nerezov\u00e9 oceli<\/a><\/li>\n<li id=\"menu-item-1930\" class=\"menu-item menu-item-type-post_type menu-item-object-page menu-item-1930\"><a href=\"https:\/\/wldstainless.com\/cs\/products\/stainless-steel-flats\/\">Plochy z nerezov\u00e9 oceli<\/a><\/li>\n<li id=\"menu-item-1931\" class=\"menu-item menu-item-type-post_type menu-item-object-page menu-item-1931\"><a href=\"https:\/\/wldstainless.com\/cs\/products\/stainless-steel-hexagon-bars\/\">\u0160estihrann\u00e9 ty\u010de z nerezov\u00e9 oceli<\/a><\/li>\n<li id=\"menu-item-1932\" class=\"menu-item menu-item-type-post_type menu-item-object-page menu-item-1932\"><a href=\"https:\/\/wldstainless.com\/cs\/products\/stainless-steel-hot-rolled-plate-sheet-coil\/\">Za tepla v\u00e1lcovan\u00fd plech\/plech\/svitek z nerezov\u00e9 oceli<\/a><\/li>\n<li id=\"menu-item-1933\" class=\"menu-item menu-item-type-post_type menu-item-object-page menu-item-1933\"><a href=\"https:\/\/wldstainless.com\/cs\/products\/stainless-steel-large-diameter-pipe\/\">Nerezov\u00e1 trubka velk\u00e9ho pr\u016fm\u011bru<\/a><\/li>\n<li id=\"menu-item-1934\" class=\"menu-item menu-item-type-post_type menu-item-object-page menu-item-1934\"><a href=\"https:\/\/wldstainless.com\/cs\/products\/stainless-steel-round-bars\/\">Kruhov\u00e9 ty\u010de z nerezov\u00e9 oceli<\/a><\/li>\n<li id=\"menu-item-1935\" class=\"menu-item menu-item-type-post_type menu-item-object-page menu-item-1935\"><a href=\"https:\/\/wldstainless.com\/cs\/products\/stainless-steel-square-tube\/\">Nerezov\u00e1 \u010dtvercov\u00e1 trubka<\/a><\/li>\n<li id=\"menu-item-1936\" class=\"menu-item menu-item-type-post_type menu-item-object-page menu-item-1936\"><a href=\"https:\/\/wldstainless.com\/cs\/products\/stainless-steel-u-bend-tube\/\">Nerezov\u00e1 ocel U-Bend trubka<\/a><\/li>\n<\/ul><\/div><\/div><\/div><br \/>\n<div  class='hr hr-default'><span class='hr-inner' ><span class='hr-inner-style'><\/span><\/span><\/div><br \/>\n<div class='avia-button-wrap avia-button-left'><a href='http:\/\/wldstainless.com\/contact\/#contact' class='avia-button   avia-icon_select-yes-left-icon avia-color-custom avia-size-large avia-position-left'  target=\"_blank\"  style='background-color:#e82221; border-color:#e82221; color:#ffffff; ' ><span class='avia_button_icon avia_button_icon_left' aria-hidden='true' data-av_icon='\ue84b' data-av_iconfont='entypo-fontello'><\/span><span class='avia_iconbox_title' >Vy\u017e\u00e1dejte si cenovou nab\u00eddku<\/span><\/a><\/div><\/p><\/div>\n<div class=\"flex_column av_three_fourth  flex_column_div\" style='padding:0px 0px 50px 0px ; border-radius:0px; '><section class=\"av_textblock_section\"  itemscope=\"itemscope\" itemtype=\"https:\/\/schema.org\/CreativeWork\" ><div class='avia_textblock'   itemprop=\"text\" ><h3>Nerezov\u00e1 trubka velk\u00e9ho pr\u016fm\u011bru<\/h3>\n<\/div><\/section><br \/>\n<div class='avia-gallery  avia-gallery-1 avia_lazyload avia_animate_when_visible'  itemprop=\"ImageObject\" itemscope=\"itemscope\" itemtype=\"https:\/\/schema.org\/ImageObject\" ><div class='avia-gallery-thumb'> <a href='https:\/\/wldstainless.com\/wp-content\/uploads\/2020\/09\/304-heavy-thickness-tube.jpg' data-rel='gallery-1' data-prev-img='https:\/\/wldstainless.com\/wp-content\/uploads\/2020\/09\/304-heavy-thickness-tube.jpg' class='first_thumb lightbox' data-onclick='1' title=''  itemprop=\"thumbnailUrl\" ><img  src='https:\/\/wldstainless.com\/wp-content\/uploads\/2020\/09\/304-heavy-thickness-tube.jpg' width='300' height='300'  title='304 siln\u00e1 tlou\u0161\u0165ka trubky' alt='' \/><\/a> <a href='https:\/\/wldstainless.com\/wp-content\/uploads\/2020\/09\/304-Welded-pipe.jpg' data-rel='gallery-1' data-prev-img='https:\/\/wldstainless.com\/wp-content\/uploads\/2020\/09\/304-Welded-pipe.jpg' class='lightbox' data-onclick='2' title=''  itemprop=\"thumbnailUrl\" ><img  src='https:\/\/wldstainless.com\/wp-content\/uploads\/2020\/09\/304-Welded-pipe.jpg' width='300' height='300'  title='304 Sva\u0159ovan\u00e1 trubka' alt='' \/><\/a> <a href='https:\/\/wldstainless.com\/wp-content\/uploads\/2020\/09\/stainless-steel-pipe.jpg' data-rel='gallery-1' data-prev-img='https:\/\/wldstainless.com\/wp-content\/uploads\/2020\/09\/stainless-steel-pipe.jpg' class='lightbox' data-onclick='3' title=''  itemprop=\"thumbnailUrl\" ><img  src='https:\/\/wldstainless.com\/wp-content\/uploads\/2020\/09\/stainless-steel-pipe.jpg' width='300' height='300'  title='trubka z nerezov\u00e9 oceli' alt='' \/><\/a><\/div><\/div><br \/>\n<div  class='hr hr-default'><span class='hr-inner' ><span class='hr-inner-style'><\/span><\/span><\/div><br \/>\n<section class=\"av_textblock_section\"  itemscope=\"itemscope\" itemtype=\"https:\/\/schema.org\/CreativeWork\" ><div class='avia_textblock'   itemprop=\"text\" ><p>Nerezov\u00e9 beze\u0161v\u00e9 a sva\u0159ovan\u00e9 trubky s vn\u011bj\u0161\u00edm pr\u016fm\u011brem v\u011bt\u0161\u00edm ne\u017e 8\u2033 (219,1 mm) se obecn\u011b ozna\u010duj\u00ed jako trubky velk\u00e9ho pr\u016fm\u011bru. Oba maj\u00ed specifikovan\u00e9 vlastnosti nerezov\u00e9 oceli, jako je vynikaj\u00edc\u00ed odolnost proti korozi a dobr\u00e9 mechanick\u00e9 vlastnosti, kter\u00e9 se pou\u017e\u00edvaj\u00ed p\u0159edev\u0161\u00edm ve stroj\u00edrenstv\u00ed, doprav\u011b, letectv\u00ed, stavebnictv\u00ed a dal\u0161\u00edch oborech. Velikost beze\u0161v\u00e9 nerezov\u00e9 oceli velk\u00e9ho pr\u016fm\u011bru je 8\u2033 a\u017e 30\u2033 nebo v\u00edce (219,1 mm a\u017e 830 mm) a rozsah tlou\u0161\u0165ky 0,5 mm a\u017e 59,54 mm. Velkopr\u016fm\u011brov\u00e1 sva\u0159ovan\u00e1 trubka z nerezov\u00e9 oceli m\u00e1 vn\u011bj\u0161\u00ed pr\u016fm\u011br 219,1 mm a\u017e 1800 mm a rozsah tlou\u0161\u0165ky od 0,5 mm do 20 mm<\/p>\n<p>WLD Stainless dod\u00e1v\u00e1 \u0161irok\u00fd sortiment p\u0159edev\u0161\u00edm sva\u0159ovan\u00fdch trubek z nerezov\u00e9 oceli v souladu s ASTM, AISI, JIS, DIN, ISO a GB. Nab\u00edz\u00edme zak\u00e1zkov\u00e9 nestandardn\u00ed trubky podle va\u0161eho po\u017eadavku, dostupn\u00e9 v r\u016fzn\u00fdch rozm\u011brech a jakostech, tyto trubky a trubky z nerezov\u00e9 oceli jsou \u0161iroce pou\u017e\u00edv\u00e1ny v r\u016fzn\u00fdch pr\u016fmyslov\u00fdch odv\u011btv\u00edch, jako je energetika, stroj\u00edrenstv\u00ed, stavebnictv\u00ed a mnoho dal\u0161\u00edch. Nab\u00edz\u00edme produkty za vysoce konkuren\u010dn\u00ed ceny a z\u00e1silku brzy doru\u010d\u00edme. Dal\u0161\u00ed mo\u017enosti zpracov\u00e1n\u00ed zahrnuj\u00ed vrt\u00e1n\u00ed, vyvrt\u00e1v\u00e1n\u00ed, fr\u00e9zov\u00e1n\u00ed a \u0159ez\u00e1n\u00ed z\u00e1vit\u016f.<\/p>\n<hr \/>\n<p><strong>Specifikace pr\u016fmyslov\u00fdch SS velk\u00fdch pr\u016fm\u011br\u016f potrub\u00ed<\/strong><\/p>\n<table>\n<tbody>\n<tr>\n<td width=\"189\">Materi\u00e1l<\/td>\n<td width=\"640\">Beze\u0161v\u00e1 trubka z nerezov\u00e9 oceli velk\u00e9ho pr\u016fm\u011bru<\/p>\n<p>Sva\u0159ovan\u00e1 trubka z nerezov\u00e9 oceli velk\u00e9ho pr\u016fm\u011bru<\/td>\n<\/tr>\n<tr>\n<td width=\"189\">Specifikace<\/td>\n<td width=\"640\">ASTM A269\/ A270\/ A249\/ A312\/ A789\/ A790\/ A554\/ A688\/ A778<\/p>\n<p>ASTM A358<\/td>\n<\/tr>\n<tr>\n<td width=\"189\">Velikost<\/td>\n<td width=\"640\">Sva\u0159ovan\u00e9: OD: 219,1 mm a\u017e 830 mm; WT: 0,5 mm a\u017e 59,5 mm<\/p>\n<p>Beze\u0161v\u00e9: 219,1 mm a\u017e 1800 mm; WT: 0,5 mm a\u017e 20 mm<\/td>\n<\/tr>\n<tr>\n<td width=\"189\">aplikace<\/td>\n<td width=\"640\">Stavebnictv\u00ed, potravin\u00e1\u0159sk\u00e9 a l\u00e9ka\u0159sk\u00e9 o\u0161et\u0159en\u00ed, \u010di\u0161t\u011bn\u00ed odpadn\u00edch vod, petrochemie, v\u00fdroba pap\u00edru, elektrick\u00e1 energie, vojenstv\u00ed, n\u00e1mo\u0159nictv\u00ed, letectv\u00ed a dal\u0161\u00ed obory.<\/td>\n<\/tr>\n<\/tbody>\n<\/table>\n<\/div><\/section><br \/>\n<div  class='hr hr-default'><span class='hr-inner' ><span class='hr-inner-style'><\/span><\/span><\/div><br \/>\n<section class=\"av_textblock_section\"  itemscope=\"itemscope\" itemtype=\"https:\/\/schema.org\/CreativeWork\" ><div class='avia_textblock'   itemprop=\"text\" ><h4>Dostupn\u00e9 t\u0159\u00eddy velk\u00e9ho pr\u016fm\u011bru u WID Steel<\/h4>\n<ul>\n<li>Nerezov\u00e1 ocel <a href=\"https:\/\/wldstainless.com\/materials\/austenitic-stainless-steel\/304-304l-stainless-steel\/\">304\/304L<\/a> Beze\u0161v\u00e9\/sva\u0159ovan\u00e9 trubky<\/li>\n<li>Nerezov\u00e1 ocel <a href=\"https:\/\/wldstainless.com\/materials\/austenitic-stainless-steel\/316-316l-stainless-steel\/\">316\/316L<\/a> Sva\u0159ovan\u00e9 trubky<\/li>\n<li>Sva\u0159ovan\u00e9 trubky z nerezov\u00e9 oceli 317<\/li>\n<\/ul>\n<\/div><\/section><\/p><\/div>","protected":false},"excerpt":{"rendered":"","protected":false},"author":1,"featured_media":0,"parent":346,"menu_order":0,"comment_status":"closed","ping_status":"closed","template":"","meta":{"footnotes":""},"class_list":["post-1622","page","type-page","status-publish","hentry"],"aioseo_notices":[],"_links":{"self":[{"href":"https:\/\/wldstainless.com\/cs\/wp-json\/wp\/v2\/pages\/1622","targetHints":{"allow":["GET"]}}],"collection":[{"href":"https:\/\/wldstainless.com\/cs\/wp-json\/wp\/v2\/pages"}],"about":[{"href":"https:\/\/wldstainless.com\/cs\/wp-json\/wp\/v2\/types\/page"}],"author":[{"embeddable":true,"href":"https:\/\/wldstainless.com\/cs\/wp-json\/wp\/v2\/users\/1"}],"replies":[{"embeddable":true,"href":"https:\/\/wldstainless.com\/cs\/wp-json\/wp\/v2\/comments?post=1622"}],"version-history":[{"count":13,"href":"https:\/\/wldstainless.com\/cs\/wp-json\/wp\/v2\/pages\/1622\/revisions"}],"predecessor-version":[{"id":2058,"href":"https:\/\/wldstainless.com\/cs\/wp-json\/wp\/v2\/pages\/1622\/revisions\/2058"}],"up":[{"embeddable":true,"href":"https:\/\/wldstainless.com\/cs\/wp-json\/wp\/v2\/pages\/346"}],"wp:attachment":[{"href":"https:\/\/wldstainless.com\/cs\/wp-json\/wp\/v2\/media?parent=1622"}],"curies":[{"name":"wp","href":"https:\/\/api.w.org\/{rel}","templated":true}]}}