{"id":1619,"date":"2020-08-26T09:24:57","date_gmt":"2020-08-26T09:24:57","guid":{"rendered":"http:\/\/wldstainless.com\/?page_id=1619"},"modified":"2020-12-11T06:07:39","modified_gmt":"2020-12-11T06:07:39","slug":"stainless-steel-u-bend-tube","status":"publish","type":"page","link":"https:\/\/wldstainless.com\/cs\/products\/stainless-steel-u-bend-tube\/","title":{"rendered":"Nerezov\u00e1 ocel U-Bend trubka"},"content":{"rendered":"<div class=\"flex_column av_one_fourth  flex_column_div av-zero-column-padding first\" style='border-radius:0px; '><p><div class='avia-builder-widget-area clearfix'><div id=\"nav_menu-7\" class=\"widget clearfix widget_nav_menu\"><h3 class=\"widgettitle\">produkty<\/h3><div class=\"menu-accessories-container\"><ul id=\"menu-accessories\" class=\"menu\"><li id=\"menu-item-1924\" class=\"menu-item menu-item-type-post_type menu-item-object-page menu-item-1924\"><a href=\"https:\/\/wldstainless.com\/cs\/products\/stainless-steel-angle\/\">\u00daheln\u00edk z nerezov\u00e9 oceli<\/a><\/li>\n<li id=\"menu-item-1925\" class=\"menu-item menu-item-type-post_type menu-item-object-page menu-item-1925\"><a href=\"https:\/\/wldstainless.com\/cs\/products\/stainless-steel-beam\/\">Nosn\u00edk z nerezov\u00e9 oceli<\/a><\/li>\n<li id=\"menu-item-1926\" class=\"menu-item menu-item-type-post_type menu-item-object-page menu-item-1926\"><a href=\"https:\/\/wldstainless.com\/cs\/products\/stainless-steel-capillary-tubes\/\">Kapil\u00e1rn\u00ed trubice z nerezov\u00e9 oceli<\/a><\/li>\n<li id=\"menu-item-1927\" class=\"menu-item menu-item-type-post_type menu-item-object-page menu-item-1927\"><a href=\"https:\/\/wldstainless.com\/cs\/products\/stainless-steel-channel\/\">Kan\u00e1l z nerezov\u00e9 oceli<\/a><\/li>\n<li id=\"menu-item-1928\" class=\"menu-item menu-item-type-post_type menu-item-object-page menu-item-1928\"><a href=\"https:\/\/wldstainless.com\/cs\/products\/stainless-steel-coiled-tube\/\">Vinut\u00e1 trubka z nerezov\u00e9 oceli<\/a><\/li>\n<li id=\"menu-item-1929\" class=\"menu-item menu-item-type-post_type menu-item-object-page menu-item-1929\"><a href=\"https:\/\/wldstainless.com\/cs\/products\/stainless-steel-cold-rolled-plate-sheet-coil\/\">Za studena v\u00e1lcovan\u00fd plech\/plech\/ svitek z nerezov\u00e9 oceli<\/a><\/li>\n<li id=\"menu-item-1930\" class=\"menu-item menu-item-type-post_type menu-item-object-page menu-item-1930\"><a href=\"https:\/\/wldstainless.com\/cs\/products\/stainless-steel-flats\/\">Plochy z nerezov\u00e9 oceli<\/a><\/li>\n<li id=\"menu-item-1931\" class=\"menu-item menu-item-type-post_type menu-item-object-page menu-item-1931\"><a href=\"https:\/\/wldstainless.com\/cs\/products\/stainless-steel-hexagon-bars\/\">\u0160estihrann\u00e9 ty\u010de z nerezov\u00e9 oceli<\/a><\/li>\n<li id=\"menu-item-1932\" class=\"menu-item menu-item-type-post_type menu-item-object-page menu-item-1932\"><a href=\"https:\/\/wldstainless.com\/cs\/products\/stainless-steel-hot-rolled-plate-sheet-coil\/\">Za tepla v\u00e1lcovan\u00fd plech\/plech\/svitek z nerezov\u00e9 oceli<\/a><\/li>\n<li id=\"menu-item-1933\" class=\"menu-item menu-item-type-post_type menu-item-object-page menu-item-1933\"><a href=\"https:\/\/wldstainless.com\/cs\/products\/stainless-steel-large-diameter-pipe\/\">Nerezov\u00e1 trubka velk\u00e9ho pr\u016fm\u011bru<\/a><\/li>\n<li id=\"menu-item-1934\" class=\"menu-item menu-item-type-post_type menu-item-object-page menu-item-1934\"><a href=\"https:\/\/wldstainless.com\/cs\/products\/stainless-steel-round-bars\/\">Kruhov\u00e9 ty\u010de z nerezov\u00e9 oceli<\/a><\/li>\n<li id=\"menu-item-1935\" class=\"menu-item menu-item-type-post_type menu-item-object-page menu-item-1935\"><a href=\"https:\/\/wldstainless.com\/cs\/products\/stainless-steel-square-tube\/\">Nerezov\u00e1 \u010dtvercov\u00e1 trubka<\/a><\/li>\n<li id=\"menu-item-1936\" class=\"menu-item menu-item-type-post_type menu-item-object-page menu-item-1936\"><a href=\"https:\/\/wldstainless.com\/cs\/products\/stainless-steel-u-bend-tube\/\">Nerezov\u00e1 ocel U-Bend trubka<\/a><\/li>\n<\/ul><\/div><\/div><\/div><br \/>\n<div  class='hr hr-default'><span class='hr-inner' ><span class='hr-inner-style'><\/span><\/span><\/div><br \/>\n<div class='avia-button-wrap avia-button-left'><a href='http:\/\/wldstainless.com\/contact\/#contact' class='avia-button   avia-icon_select-yes-left-icon avia-color-custom avia-size-large avia-position-left'  target=\"_blank\"  style='background-color:#e82221; border-color:#e82221; color:#ffffff; ' ><span class='avia_button_icon avia_button_icon_left' aria-hidden='true' data-av_icon='\ue84b' data-av_iconfont='entypo-fontello'><\/span><span class='avia_iconbox_title' >Vy\u017e\u00e1dejte si cenovou nab\u00eddku<\/span><\/a><\/div><\/p><\/div>\n<div class=\"flex_column av_three_fourth  flex_column_div\" style='padding:0px 0px 50px 0px ; border-radius:0px; '><p><div style='padding-bottom:10px;color:#d3311f;' class='av-special-heading av-special-heading-h3 custom-color-heading'><h3 class='av-special-heading-tag'  itemprop=\"headline\"  >Nerezov\u00e1 ocel U-Bend trubka<\/h3><div class='special-heading-border'><div class='special-heading-inner-border' style='border-color:#d3311f'><\/div><\/div><\/div><br \/>\n<div class='avia-gallery  avia-gallery-1 avia_lazyload avia_animate_when_visible'  itemprop=\"ImageObject\" itemscope=\"itemscope\" itemtype=\"https:\/\/schema.org\/ImageObject\" ><div class='avia-gallery-thumb'> <a href='https:\/\/wldstainless.com\/wp-content\/uploads\/2020\/09\/stainless-steel-condensor-U-tube.jpg' data-rel='gallery-1' data-prev-img='https:\/\/wldstainless.com\/wp-content\/uploads\/2020\/09\/stainless-steel-condensor-U-tube.jpg' class='first_thumb lightbox' data-onclick='1' title=''  itemprop=\"thumbnailUrl\" ><img  src='https:\/\/wldstainless.com\/wp-content\/uploads\/2020\/09\/stainless-steel-condensor-U-tube.jpg' width='300' height='300'  title='U trubice kondenz\u00e1toru z nerezov\u00e9 oceli' alt='' \/><\/a> <a href='https:\/\/wldstainless.com\/wp-content\/uploads\/2020\/09\/410-U-tube.jpg' data-rel='gallery-1' data-prev-img='https:\/\/wldstainless.com\/wp-content\/uploads\/2020\/09\/410-U-tube.jpg' class='lightbox' data-onclick='2' title=''  itemprop=\"thumbnailUrl\" ><img  src='https:\/\/wldstainless.com\/wp-content\/uploads\/2020\/09\/410-U-tube.jpg' width='300' height='300'  title='410 U trubice' alt='' \/><\/a> <a href='https:\/\/wldstainless.com\/wp-content\/uploads\/2020\/09\/304-SS-U-Tube.jpg' data-rel='gallery-1' data-prev-img='https:\/\/wldstainless.com\/wp-content\/uploads\/2020\/09\/304-SS-U-Tube.jpg' class='lightbox' data-onclick='3' title=''  itemprop=\"thumbnailUrl\" ><img  src='https:\/\/wldstainless.com\/wp-content\/uploads\/2020\/09\/304-SS-U-Tube.jpg' width='300' height='300'  title='U-Tube 304 SS' alt='' \/><\/a><\/div><\/div><br \/>\n<div  class='hr hr-default'><span class='hr-inner' ><span class='hr-inner-style'><\/span><\/span><\/div><br \/>\n<section class=\"av_textblock_section\"  itemscope=\"itemscope\" itemtype=\"https:\/\/schema.org\/CreativeWork\" ><div class='avia_textblock'   itemprop=\"text\" ><p>Beze\u0161v\u00e1 ocelov\u00e1 trubka ve tvaru p\u00edsmene U z nerezov\u00e9 oceli se obecn\u011b pou\u017e\u00edv\u00e1 pro kotle, kondenz\u00e1tory, v\u00fdm\u011bn\u00edky tepla a dal\u0161\u00ed syst\u00e9my tepeln\u00fdch p\u0159evodn\u00edk\u016f. S velikost\u00ed 12,7-38,1mm*2m-15m m\u016f\u017ee b\u00fdt beze\u0161v\u00e1 trubka U-bd SS vhodn\u00e1 pro r\u016fzn\u00e9 kotle v energetick\u00fdch pol\u00edch. Ve WLD Steel obecn\u011b vyr\u00e1b\u00edme a dod\u00e1v\u00e1me trubky z nerezov\u00e9 oceli ve tvaru U v souladu s ASTM A\/ASME SA 213\/A269\/A312\/A511\/A789\/A790. M\u016f\u017eeme nab\u00eddnout p\u0159izp\u016fsoben\u00ed slu\u017eby, pokud maj\u00ed z\u00e1kazn\u00edci p\u0159\u00edsn\u011bj\u0161\u00ed po\u017eadavky na kapil\u00e1rn\u00ed rozm\u011brovou p\u0159esnost a povrchovou \u00fapravu, v\u010detn\u011b nerezov\u00e9 jasn\u011b \u017e\u00edhan\u00e9 trubky, elektrolyticky le\u0161t\u011bn\u00e9 trubky, nav\u00edc poskytujeme odlupov\u00e1n\u00ed, uzav\u00edr\u00e1n\u00ed, d\u011brov\u00e1n\u00ed, \u0159ez\u00e1n\u00ed, oh\u00fdb\u00e1n\u00ed a dal\u0161\u00ed zpracovatelsk\u00e9 slu\u017eby<\/p>\n<h4><\/h4>\n<h4><strong>Specifikace pr\u016fmyslov\u00e9 trubky SS ve tvaru U:<\/strong><\/h4>\n<table>\n<tbody>\n<tr>\n<td width=\"426\">Polom\u011br ohybu:<\/td>\n<td width=\"426\">od 1,5 * OD (vn\u011bj\u0161\u00ed pr\u016fm\u011br) do 1500 mm<\/td>\n<\/tr>\n<tr>\n<td width=\"426\">Materi\u00e1l<\/td>\n<td width=\"426\">Nerezov\u00e1 ocel<\/p>\n<p>Duplex z nerezov\u00e9 oceli<\/td>\n<\/tr>\n<tr>\n<td width=\"426\">Specifikace<\/td>\n<td width=\"426\">\n<ul>\n<li>ASTM A 213\/A 213M<\/li>\n<li>ASTM A 269\/A 269M<\/li>\n<li>ASTM A 312\/A 312M<\/li>\n<li>ASTM A 511\/A 511M<\/li>\n<li>ASTM A 789\/A 789M<\/li>\n<li>ASTM A 790 \/A 790M<\/li>\n<\/ul>\n<\/td>\n<\/tr>\n<tr>\n<td width=\"426\">Velikost<\/td>\n<td width=\"426\">Vn\u011bj\u0161\u00ed pr\u016fm\u011br: 12,7-38,1 mm<\/p>\n<p>D\u00e9lka: 3M-12M nebo vlastn\u00ed \u0159ezan\u00e9 velikosti<\/td>\n<\/tr>\n<\/tbody>\n<\/table>\n<\/div><\/section><br \/>\n<div  class='hr hr-default'><span class='hr-inner' ><span class='hr-inner-style'><\/span><\/span><\/div><br \/>\n<section class=\"av_textblock_section\"  itemscope=\"itemscope\" itemtype=\"https:\/\/schema.org\/CreativeWork\" ><div class='avia_textblock'   itemprop=\"text\" ><h4>Dostupn\u00e9 t\u0159\u00eddy SS trubky ve tvaru U u WID Steel<\/h4>\n<ul>\n<li>Nerezov\u00e1 ocel<a href=\"https:\/\/wldstainless.com\/materials\/austenitic-stainless-steel\/304-304l-stainless-steel\/\"> 304\/304L\/304H<\/a> Trubice ve tvaru U<\/li>\n<li>Nerezov\u00e1 ocel <a href=\"https:\/\/wldstainless.com\/materials\/austenitic-stainless-steel\/316-316l-stainless-steel\/\">316\/316L\/316Ti<\/a> Trubice ve tvaru U<\/li>\n<li>Nerezov\u00e1 ocel <a href=\"https:\/\/wldstainless.com\/materials\/austenitic-stainless-steel\/309s-stainless-steel\/\">309S<\/a> Trubice ve tvaru U<\/li>\n<li>Nerezov\u00e1 ocel <a href=\"https:\/\/wldstainless.com\/materials\/austenitic-stainless-steel\/310s-stainless-steel\/\">310\/310S<\/a> Trubice ve tvaru U<\/li>\n<li>Trubka ve tvaru U z nerezov\u00e9 oceli 317\/317L<\/li>\n<li>Nerezov\u00e1 ocel <a href=\"https:\/\/wldstainless.com\/materials\/austenitic-stainless-steel\/321-321h-stainless-steel\/\">321\/321H<\/a> Trubice ve tvaru U<\/li>\n<li>Nerezov\u00e1 ocel <a href=\"https:\/\/wldstainless.com\/materials\/austenitic-stainless-steel\/347-347h-stainless-steel\/\">347\/347H<\/a> Trubice ve tvaru U<\/li>\n<li>Duplexn\u00ed ocel 31803 Trubka ve tvaru U<\/li>\n<li>Duplexn\u00ed ocel<a href=\"https:\/\/wldstainless.com\/materials\/duplex-stainless-steel\/alloy-2205-stainless-steel\/\"> 32550<\/a> Trubice ve tvaru U<\/li>\n<\/ul>\n<\/div><\/section><\/p><\/div>","protected":false},"excerpt":{"rendered":"","protected":false},"author":1,"featured_media":0,"parent":346,"menu_order":0,"comment_status":"closed","ping_status":"closed","template":"","meta":{"footnotes":""},"class_list":["post-1619","page","type-page","status-publish","hentry"],"aioseo_notices":[],"_links":{"self":[{"href":"https:\/\/wldstainless.com\/cs\/wp-json\/wp\/v2\/pages\/1619","targetHints":{"allow":["GET"]}}],"collection":[{"href":"https:\/\/wldstainless.com\/cs\/wp-json\/wp\/v2\/pages"}],"about":[{"href":"https:\/\/wldstainless.com\/cs\/wp-json\/wp\/v2\/types\/page"}],"author":[{"embeddable":true,"href":"https:\/\/wldstainless.com\/cs\/wp-json\/wp\/v2\/users\/1"}],"replies":[{"embeddable":true,"href":"https:\/\/wldstainless.com\/cs\/wp-json\/wp\/v2\/comments?post=1619"}],"version-history":[{"count":8,"href":"https:\/\/wldstainless.com\/cs\/wp-json\/wp\/v2\/pages\/1619\/revisions"}],"predecessor-version":[{"id":2060,"href":"https:\/\/wldstainless.com\/cs\/wp-json\/wp\/v2\/pages\/1619\/revisions\/2060"}],"up":[{"embeddable":true,"href":"https:\/\/wldstainless.com\/cs\/wp-json\/wp\/v2\/pages\/346"}],"wp:attachment":[{"href":"https:\/\/wldstainless.com\/cs\/wp-json\/wp\/v2\/media?parent=1619"}],"curies":[{"name":"wp","href":"https:\/\/api.w.org\/{rel}","templated":true}]}}