{"id":1613,"date":"2020-08-26T09:22:28","date_gmt":"2020-08-26T09:22:28","guid":{"rendered":"http:\/\/wldstainless.com\/?page_id=1613"},"modified":"2020-12-11T05:16:12","modified_gmt":"2020-12-11T05:16:12","slug":"stainless-steel-angle","status":"publish","type":"page","link":"https:\/\/wldstainless.com\/cs\/products\/stainless-steel-angle\/","title":{"rendered":"\u00daheln\u00edk z nerezov\u00e9 oceli"},"content":{"rendered":"<div class=\"flex_column av_one_fourth  flex_column_div av-zero-column-padding first\" style='border-radius:0px; '><p><div class='avia-builder-widget-area clearfix'><div id=\"nav_menu-7\" class=\"widget clearfix widget_nav_menu\"><h3 class=\"widgettitle\">produkty<\/h3><div class=\"menu-accessories-container\"><ul id=\"menu-accessories\" class=\"menu\"><li id=\"menu-item-1924\" class=\"menu-item menu-item-type-post_type menu-item-object-page menu-item-1924\"><a href=\"https:\/\/wldstainless.com\/cs\/products\/stainless-steel-angle\/\">\u00daheln\u00edk z nerezov\u00e9 oceli<\/a><\/li>\n<li id=\"menu-item-1925\" class=\"menu-item menu-item-type-post_type menu-item-object-page menu-item-1925\"><a href=\"https:\/\/wldstainless.com\/cs\/products\/stainless-steel-beam\/\">Nosn\u00edk z nerezov\u00e9 oceli<\/a><\/li>\n<li id=\"menu-item-1926\" class=\"menu-item menu-item-type-post_type menu-item-object-page menu-item-1926\"><a href=\"https:\/\/wldstainless.com\/cs\/products\/stainless-steel-capillary-tubes\/\">Kapil\u00e1rn\u00ed trubice z nerezov\u00e9 oceli<\/a><\/li>\n<li id=\"menu-item-1927\" class=\"menu-item menu-item-type-post_type menu-item-object-page menu-item-1927\"><a href=\"https:\/\/wldstainless.com\/cs\/products\/stainless-steel-channel\/\">Kan\u00e1l z nerezov\u00e9 oceli<\/a><\/li>\n<li id=\"menu-item-1928\" class=\"menu-item menu-item-type-post_type menu-item-object-page menu-item-1928\"><a href=\"https:\/\/wldstainless.com\/cs\/products\/stainless-steel-coiled-tube\/\">Vinut\u00e1 trubka z nerezov\u00e9 oceli<\/a><\/li>\n<li id=\"menu-item-1929\" class=\"menu-item menu-item-type-post_type menu-item-object-page menu-item-1929\"><a href=\"https:\/\/wldstainless.com\/cs\/products\/stainless-steel-cold-rolled-plate-sheet-coil\/\">Za studena v\u00e1lcovan\u00fd plech\/plech\/ svitek z nerezov\u00e9 oceli<\/a><\/li>\n<li id=\"menu-item-1930\" class=\"menu-item menu-item-type-post_type menu-item-object-page menu-item-1930\"><a href=\"https:\/\/wldstainless.com\/cs\/products\/stainless-steel-flats\/\">Plochy z nerezov\u00e9 oceli<\/a><\/li>\n<li id=\"menu-item-1931\" class=\"menu-item menu-item-type-post_type menu-item-object-page menu-item-1931\"><a href=\"https:\/\/wldstainless.com\/cs\/products\/stainless-steel-hexagon-bars\/\">\u0160estihrann\u00e9 ty\u010de z nerezov\u00e9 oceli<\/a><\/li>\n<li id=\"menu-item-1932\" class=\"menu-item menu-item-type-post_type menu-item-object-page menu-item-1932\"><a href=\"https:\/\/wldstainless.com\/cs\/products\/stainless-steel-hot-rolled-plate-sheet-coil\/\">Za tepla v\u00e1lcovan\u00fd plech\/plech\/svitek z nerezov\u00e9 oceli<\/a><\/li>\n<li id=\"menu-item-1933\" class=\"menu-item menu-item-type-post_type menu-item-object-page menu-item-1933\"><a href=\"https:\/\/wldstainless.com\/cs\/products\/stainless-steel-large-diameter-pipe\/\">Nerezov\u00e1 trubka velk\u00e9ho pr\u016fm\u011bru<\/a><\/li>\n<li id=\"menu-item-1934\" class=\"menu-item menu-item-type-post_type menu-item-object-page menu-item-1934\"><a href=\"https:\/\/wldstainless.com\/cs\/products\/stainless-steel-round-bars\/\">Kruhov\u00e9 ty\u010de z nerezov\u00e9 oceli<\/a><\/li>\n<li id=\"menu-item-1935\" class=\"menu-item menu-item-type-post_type menu-item-object-page menu-item-1935\"><a href=\"https:\/\/wldstainless.com\/cs\/products\/stainless-steel-square-tube\/\">Nerezov\u00e1 \u010dtvercov\u00e1 trubka<\/a><\/li>\n<li id=\"menu-item-1936\" class=\"menu-item menu-item-type-post_type menu-item-object-page menu-item-1936\"><a href=\"https:\/\/wldstainless.com\/cs\/products\/stainless-steel-u-bend-tube\/\">Nerezov\u00e1 ocel U-Bend trubka<\/a><\/li>\n<\/ul><\/div><\/div><\/div><br \/>\n<div  class='hr hr-default'><span class='hr-inner' ><span class='hr-inner-style'><\/span><\/span><\/div><br \/>\n<div class='avia-button-wrap avia-button-left'><a href='http:\/\/wldstainless.com\/contact\/#contact' class='avia-button   avia-icon_select-yes-left-icon avia-color-custom avia-size-large avia-position-left'  target=\"_blank\"  style='background-color:#e82221; border-color:#e82221; color:#ffffff; ' ><span class='avia_button_icon avia_button_icon_left' aria-hidden='true' data-av_icon='\ue84b' data-av_iconfont='entypo-fontello'><\/span><span class='avia_iconbox_title' >Vy\u017e\u00e1dejte si cenovou nab\u00eddku<\/span><\/a><\/div><\/p><\/div>\n<div class=\"flex_column av_three_fourth  flex_column_div\" style='padding:0px 0px 50px 0px ; border-radius:0px; '><section class=\"av_textblock_section\"  itemscope=\"itemscope\" itemtype=\"https:\/\/schema.org\/CreativeWork\" ><div class='avia_textblock'   itemprop=\"text\" ><h3>\u00daheln\u00edk z nerezov\u00e9 oceli<\/h3>\n<\/div><\/section><br \/>\n<div class='avia-gallery  avia-gallery-1 avia_lazyload avia_animate_when_visible'  itemprop=\"ImageObject\" itemscope=\"itemscope\" itemtype=\"https:\/\/schema.org\/ImageObject\" ><div class='avia-gallery-thumb'> <a href='https:\/\/wldstainless.com\/wp-content\/uploads\/2020\/09\/316-angle.jpg' data-rel='gallery-1' data-prev-img='https:\/\/wldstainless.com\/wp-content\/uploads\/2020\/09\/316-angle.jpg' class='first_thumb lightbox' data-onclick='1' title='316 \u00daheln\u00edk z nerezov\u00e9 oceli'  itemprop=\"thumbnailUrl\" ><img data-avia-tooltip='316 Stainless Steel Angle' src='https:\/\/wldstainless.com\/wp-content\/uploads\/2020\/09\/316-angle.jpg' width='300' height='300'  title='\u00fahel 316' alt='' \/><\/a> <a href='https:\/\/wldstainless.com\/wp-content\/uploads\/2020\/09\/304-angle.jpg' data-rel='gallery-1' data-prev-img='https:\/\/wldstainless.com\/wp-content\/uploads\/2020\/09\/304-angle.jpg' class='lightbox' data-onclick='2' title='304 \u00dahel'  itemprop=\"thumbnailUrl\" ><img data-avia-tooltip='304 Angle' src='https:\/\/wldstainless.com\/wp-content\/uploads\/2020\/09\/304-angle.jpg' width='300' height='300'  title='\u00fahel 304' alt='' \/><\/a> <a href='https:\/\/wldstainless.com\/wp-content\/uploads\/2020\/09\/347-angle.jpg' data-rel='gallery-1' data-prev-img='https:\/\/wldstainless.com\/wp-content\/uploads\/2020\/09\/347-angle.jpg' class='lightbox' data-onclick='3' title='347 \u00dahel'  itemprop=\"thumbnailUrl\" ><img data-avia-tooltip='347 Angle' src='https:\/\/wldstainless.com\/wp-content\/uploads\/2020\/09\/347-angle.jpg' width='300' height='300'  title='\u00fahel 347' alt='' \/><\/a><\/div><\/div><br \/>\n<div  class='hr hr-default'><span class='hr-inner' ><span class='hr-inner-style'><\/span><\/span><\/div><br \/>\n<section class=\"av_textblock_section\"  itemscope=\"itemscope\" itemtype=\"https:\/\/schema.org\/CreativeWork\" ><div class='avia_textblock'   itemprop=\"text\" ><p>Profil z nerezov\u00e9 oceli je tvarovan\u00e1 ocel s pr\u016f\u0159ezem, kter\u00fd se z\u00edsk\u00e1v\u00e1 taven\u00edm za tepla, tv\u00e1\u0159en\u00edm, laserov\u00fdm taven\u00edm, v\u00e1lcov\u00e1n\u00edm za studena, vytla\u010dov\u00e1n\u00edm nebo jin\u00fdmi metodami na ty\u010di nebo p\u00e1su z nerezov\u00e9 oceli. B\u011b\u017en\u00e9 typy v\u010detn\u011b nerezov\u00e9 oceli r Angle, ploch\u00e9 nerezov\u00e9 oceli, kan\u00e1lov\u00e9 nerezov\u00e9 oceli (C Channel, U Channel), nosn\u00edku (H Beam, I beam) a zcela p\u0159izp\u016fsoben\u00fdch tvar\u016f bl\u00edzk\u00fdch s\u00edt\u00ed v na\u0161ich slitin\u00e1ch. WLD Steel je p\u0159edn\u00ed v\u00fdrobce, dodavatel a v\u00fdvozce \u00faheln\u00edk\u016f z nerezov\u00e9 oceli v r\u016fzn\u00fdch velikostech a specifikac\u00edch.<\/p>\n<p><img decoding=\"async\" class=\"aligncenter size-full wp-image-1663\" src=\"http:\/\/wldstainless.com\/wp-content\/uploads\/2020\/09\/SS-angles.jpg\" alt=\"\" width=\"127\" height=\"120\" \/><\/p>\n<p>\u00dahel z nerezov\u00e9 oceli je kolm\u00fd na ob\u011b strany se specifikovan\u00fdm \u00fahlem tv\u00e1\u0159en\u00e9 oceli. M\u00e1 vynikaj\u00edc\u00ed pevnost, odolnost proti korozi a sva\u0159itelnost, ud\u00e1v\u00e1 se jako \u0161\u00ed\u0159ka po \u0161\u00ed\u0159ce a tlou\u0161\u0165ka hrany (mm). Nap\u0159\u00edklad 25\u00d725\u00d73 \u201cAngle p\u0159edstavuje \u00faheln\u00edk z nerezov\u00e9 oceli s rovn\u00fdmi stranami se \u0161\u00ed\u0159kou strany 25 mm a tlou\u0161\u0165kou strany 3 mm. D\u011bl\u00ed se hlavn\u011b na stejn\u00fd \u00fahel z nerezov\u00e9 oceli a nestejn\u00fd \u00fahel z nerezov\u00e9 oceli lze pou\u017e\u00edt jako spojen\u00ed mezi r\u016fzn\u00fdmi nam\u00e1han\u00fdmi \u010d\u00e1stmi a sou\u010d\u00e1stmi, \u0161iroce pou\u017e\u00edvan\u00fdmi ve v\u0161ech druz\u00edch stavebn\u00edch konstrukc\u00ed a in\u017een\u00fdrsk\u00fdch konstrukc\u00ed, jako jsou nosn\u00edky, mosty, p\u0159enosov\u00e9 v\u011b\u017ee, zdvihac\u00ed a dopravn\u00ed stroje, lod\u011b, pr\u016fmyslov\u00e9 pece, reak\u010dn\u00ed v\u011b\u017ee, kontejnerov\u00e9 reg\u00e1ly a skladov\u00e9 reg\u00e1ly.<\/p>\n<h4><strong>Specifikace pr\u016fmyslov\u00fdch \u00fahl\u016f<\/strong><\/h4>\n<table>\n<tbody>\n<tr>\n<td width=\"426\">Formul\u00e1\u0159e:<\/td>\n<td width=\"426\">\n<ul>\n<li>Stejn\u00e9 \u00fahly nohou<\/li>\n<li>Nestejn\u00e9 \u00fahly nohou<\/li>\n<li>L-Struktur\u00e1ln\u00ed \u00fahly<\/li>\n<li>C-Struktur\u00e1ln\u00ed \u00fahly<\/li>\n<\/ul>\n<\/td>\n<\/tr>\n<tr>\n<td width=\"426\">Materi\u00e1l<\/td>\n<td width=\"426\">Nerezov\u00e1 ocel<\/p>\n<p>Duplex z nerezov\u00e9 oceli<\/td>\n<\/tr>\n<tr>\n<td width=\"426\">Specifikace<\/td>\n<td width=\"426\">\n<ul>\n<li>ASTM A 276\/A 276M<\/li>\n<li>ASTM A 484\/A 484M<\/li>\n<li>ASTM A 564\/A 564M<\/li>\n<li>ASTM A 582\/A 582M<\/li>\n<li>ASTM A 638 \/A 638M<\/li>\n<li>ASTM A 705\/A 705M<\/li>\n<\/ul>\n<\/td>\n<\/tr>\n<tr>\n<td width=\"426\">Velikost<\/td>\n<td width=\"426\">\u00dahel: 3-9m, 4-12m, 4-19m, 6-19m nebo vlastn\u00ed velikosti st\u0159ihu<\/td>\n<\/tr>\n<\/tbody>\n<\/table>\n<\/div><\/section><br \/>\n<div  class='hr hr-default'><span class='hr-inner' ><span class='hr-inner-style'><\/span><\/span><\/div><br \/>\n<section class=\"av_textblock_section\"  itemscope=\"itemscope\" itemtype=\"https:\/\/schema.org\/CreativeWork\" ><div class='avia_textblock'   itemprop=\"text\" ><h4>Dostupn\u00e9 t\u0159\u00eddy \u00fahl\u016f u WID Steel<\/h4>\n<ul>\n<li>Nerezov\u00e1 ocel <a href=\"https:\/\/wldstainless.com\/materials\/austenitic-stainless-steel\/201-stainless-steel\/\">201<\/a> \u00dahel<\/li>\n<li>Nerezov\u00e1 ocel <a href=\"https:\/\/wldstainless.com\/materials\/austenitic-stainless-steel\/304-304l-stainless-steel\/\">304\/304L<\/a> \u00dahel<\/li>\n<li>Nerezov\u00e1 ocel <a href=\"https:\/\/wldstainless.com\/materials\/austenitic-stainless-steel\/310s-stainless-steel\/\">310\/310S<\/a> \u00dahel<\/li>\n<li>Nerezov\u00e1 ocel <a href=\"https:\/\/wldstainless.com\/materials\/austenitic-stainless-steel\/316-316l-stainless-steel\/\">316\/316L<\/a> \u00dahel<\/li>\n<li>Nerezov\u00e1 ocel <a href=\"https:\/\/wldstainless.com\/materials\/austenitic-stainless-steel\/321-321h-stainless-steel\/\">321<\/a> \u00dahel<\/li>\n<li>Nerezov\u00e1 ocel <a href=\"https:\/\/wldstainless.com\/materials\/austenitic-stainless-steel\/347-347h-stainless-steel\/\">347H<\/a> \u00dahel<\/li>\n<li>Nerezov\u00e1 ocel <a href=\"https:\/\/wldstainless.com\/materials\/austenitic-stainless-steel\/904l-stainless-steel\/\">904L<\/a> Paprsek<\/li>\n<li>Nerezov\u00e1 ocel <a href=\"https:\/\/wldstainless.com\/materials\/ferritic-stainless-steel\/409-409l-stainless-steel\/\">409\/409L<\/a> \u00dahel<\/li>\n<li>Nerezov\u00e1 ocel <a href=\"https:\/\/wldstainless.com\/materials\/ferritic-stainless-steel\/410-410s-stainless-steel\/\">410\/410S<\/a> \u00dahel<\/li>\n<li>Nerezov\u00e1 ocel <a href=\"https:\/\/wldstainless.com\/materials\/martensitic-stainless-steel\/420-stainless-steel\/\">420<\/a> \u00dahel<\/li>\n<li>Duplex z nerezov\u00e9 oceli <a href=\"https:\/\/wldstainless.com\/materials\/duplex-stainless-steel\/alloy-2205-stainless-steel\/\">2205<\/a> \u00dahel<\/li>\n<\/ul>\n<\/div><\/section><\/p><\/div>","protected":false},"excerpt":{"rendered":"","protected":false},"author":1,"featured_media":0,"parent":346,"menu_order":0,"comment_status":"closed","ping_status":"closed","template":"","meta":{"footnotes":""},"class_list":["post-1613","page","type-page","status-publish","hentry"],"aioseo_notices":[],"_links":{"self":[{"href":"https:\/\/wldstainless.com\/cs\/wp-json\/wp\/v2\/pages\/1613","targetHints":{"allow":["GET"]}}],"collection":[{"href":"https:\/\/wldstainless.com\/cs\/wp-json\/wp\/v2\/pages"}],"about":[{"href":"https:\/\/wldstainless.com\/cs\/wp-json\/wp\/v2\/types\/page"}],"author":[{"embeddable":true,"href":"https:\/\/wldstainless.com\/cs\/wp-json\/wp\/v2\/users\/1"}],"replies":[{"embeddable":true,"href":"https:\/\/wldstainless.com\/cs\/wp-json\/wp\/v2\/comments?post=1613"}],"version-history":[{"count":11,"href":"https:\/\/wldstainless.com\/cs\/wp-json\/wp\/v2\/pages\/1613\/revisions"}],"predecessor-version":[{"id":2049,"href":"https:\/\/wldstainless.com\/cs\/wp-json\/wp\/v2\/pages\/1613\/revisions\/2049"}],"up":[{"embeddable":true,"href":"https:\/\/wldstainless.com\/cs\/wp-json\/wp\/v2\/pages\/346"}],"wp:attachment":[{"href":"https:\/\/wldstainless.com\/cs\/wp-json\/wp\/v2\/media?parent=1613"}],"curies":[{"name":"wp","href":"https:\/\/api.w.org\/{rel}","templated":true}]}}