{"id":1589,"date":"2020-08-25T09:18:09","date_gmt":"2020-08-25T09:18:09","guid":{"rendered":"http:\/\/wldstainless.com\/?page_id=1589"},"modified":"2020-09-18T09:26:44","modified_gmt":"2020-09-18T09:26:44","slug":"301-301l-stainless-steel","status":"publish","type":"page","link":"https:\/\/wldstainless.com\/cs\/materials\/austenitic-stainless-steel\/301-301l-stainless-steel\/","title":{"rendered":"Nerezov\u00e1 ocel 301\/301L"},"content":{"rendered":"<div class='flex_column_table av-equal-height-column-flextable -flextable' ><div class=\"flex_column av_one_fourth  flex_column_table_cell av-equal-height-column av-align-top av-zero-column-padding first\" style='border-radius:0px; '><p><div class='avia-button-wrap avia-button-left'><a href='http:\/\/wldstainless.com\/contact\/#contact' class='avia-button   avia-icon_select-yes-left-icon avia-color-custom avia-size-large avia-position-left'  target=\"_blank\"  style='background-color:#e82221; border-color:#e82221; color:#ffffff; ' ><span class='avia_button_icon avia_button_icon_left' aria-hidden='true' data-av_icon='\ue84b' data-av_iconfont='entypo-fontello'><\/span><span class='avia_iconbox_title' >Vy\u017e\u00e1dejte si cenovou nab\u00eddku<\/span><\/a><\/div><br \/>\n<div  class='hr hr-default'><span class='hr-inner' ><span class='hr-inner-style'><\/span><\/span><\/div><br \/>\n<div class='avia-builder-widget-area clearfix'><div id=\"nav_menu-5\" class=\"widget clearfix widget_nav_menu\"><h3 class=\"widgettitle\">Materi\u00e1l<\/h3><div class=\"menu-products-sidebar-menu-container\"><ul id=\"menu-products-sidebar-menu\" class=\"menu\"><li id=\"menu-item-1329\" class=\"menu-item menu-item-type-post_type menu-item-object-page menu-item-1329\"><a href=\"https:\/\/wldstainless.com\/cs\/materials\/ferritic-stainless-steel\/\">Feritick\u00e1 nerezov\u00e1 ocel<\/a><\/li>\n<li id=\"menu-item-1328\" class=\"menu-item menu-item-type-post_type menu-item-object-page menu-item-1328\"><a href=\"https:\/\/wldstainless.com\/cs\/materials\/martensitic-stainless-steel\/\">Martenzitick\u00e1 nerezov\u00e1 ocel<\/a><\/li>\n<li id=\"menu-item-1327\" class=\"menu-item menu-item-type-post_type menu-item-object-page menu-item-1327\"><a href=\"https:\/\/wldstainless.com\/cs\/materials\/austenitic-stainless-steel\/\">Austenitick\u00e1 nerezov\u00e1 ocel<\/a><\/li>\n<li id=\"menu-item-1889\" class=\"menu-item menu-item-type-post_type menu-item-object-page menu-item-1889\"><a href=\"https:\/\/wldstainless.com\/cs\/materials\/duplex-stainless-steel\/\">Duplex z nerezov\u00e9 oceli<\/a><\/li>\n<\/ul><\/div><\/div><\/div><\/p><\/div><\/div><!--close column table wrapper. Autoclose: 1 --><div class='flex_column_table av-equal-height-column-flextable -flextable' ><div class='av-flex-placeholder'><\/div><div class=\"flex_column av_three_fourth  flex_column_table_cell av-equal-height-column av-align-top av-zero-column-padding\" style='border-radius:0px; '><p><div style='padding-bottom:10px;color:#d3311f;font-size:26px;' class='av-special-heading av-special-heading-h3 custom-color-heading blockquote modern-quote   av-inherit-size'><h3 class='av-special-heading-tag'  itemprop=\"headline\"  >Nerezov\u00e1 ocel 301\/301L<\/h3><div class='special-heading-border'><div class='special-heading-inner-border' style='border-color:#d3311f'><\/div><\/div><\/div><br \/>\n<section class=\"av_textblock_section\"  itemscope=\"itemscope\" itemtype=\"https:\/\/schema.org\/CreativeWork\" ><div class='avia_textblock'   itemprop=\"text\" ><p>WLD Stainless je p\u0159edn\u00edm v\u00fdrobcem, dodavatelem a v\u00fdvozcem nerezov\u00e9 oceli 301\/301L ve tvaru trubky, trubky, plechu, desky, ty\u010de, ty\u010de a dal\u0161\u00edch tvar\u016f jako je and\u011bl, kan\u00e1l, kruh, \u0159ezan\u00fd kus.<\/p>\n<p>Nerezov\u00e1 ocel typu 301 je b\u011b\u017en\u011b pou\u017e\u00edvan\u00e1 austenitick\u00e1 nerez s vy\u0161\u0161\u00edm deforma\u010dn\u00edm kalen\u00edm. Nab\u00edz\u00ed dobrou odolnost proti korozi, vysokou pevnost a zv\u00fd\u0161en\u00fd obsah uhl\u00edku, co\u017e umo\u017e\u0148uje zpracov\u00e1n\u00ed za studena p\u0159i r\u016fzn\u00fdch teplot\u00e1ch. Lze jej z\u00edskat v proveden\u00ed 1\/4 tvrd\u00e9, 1\/2 tvrd\u00e9, pln\u011b tvrd\u00e9 a extra tvrd\u00e9. Zachov\u00e1v\u00e1 si dostate\u010dnou ta\u017enost za podm\u00ednek 1\/2 vytvrzen\u00ed, aby mohl b\u00fdt formov\u00e1n v\u00e1lcov\u00e1n\u00edm nebo oh\u00fdb\u00e1n\u00edm do \u010d\u00e1st\u00ed letadel, konstruk\u010dn\u00edch \u010d\u00e1st\u00ed budov a zejm\u00e9na \u010d\u00e1st\u00ed \u017eelezni\u010dn\u00edch vag\u00f3n\u016f. Desky v\u00e1lcovan\u00e9 za studena zpevn\u011bn\u00e9 ze 3\/4 na \u00fapln\u00e9 zpevn\u011bn\u00ed by m\u011bly b\u00fdt pou\u017eity pro d\u00edly vy\u017eaduj\u00edc\u00ed vysokou odolnost proti opot\u0159eben\u00ed a elasticitu. Typ 301L je n\u00edzkouhl\u00edkov\u00e1 verze nerezov\u00e9 oceli 301, typick\u00e1 aplikace ocel\u00ed 301 a 301L v\u010detn\u011b t\u011bsn\u011bn\u00ed, pru\u017ein, podlo\u017eek, spojovac\u00edch prvk\u016f, n\u00e1stroj\u016f, no\u017e\u016f, automobilov\u00fdch d\u00edl\u016f, leteck\u00fdch komponent\u016f, kuchy\u0148sk\u00e9ho n\u00e1\u010din\u00ed a n\u00e1dob\u00ed, elektrick\u00fdch komponent\u016f a dal\u0161\u00edch.<\/p>\n<p><strong>Jak\u00e9 jsou dostupn\u00e9 formy a specifikace 301\/301L u WLD Steel?<\/strong><\/p>\n<table>\n<tbody>\n<tr>\n<td width=\"170\">Plech\/deska\/c\u00edvka<\/td>\n<td width=\"170\">Beze\u0161v\u00e1 trubka\/trubka<\/td>\n<td width=\"170\">Sva\u0159ovan\u00e1 trubka\/trubka<\/td>\n<td width=\"170\">Kulat\u00fd bar<\/td>\n<td width=\"170\">Tv\u00e1\u0159en\u00e1 ocel (tvarovan\u00e1)<\/td>\n<\/tr>\n<tr>\n<td width=\"170\">ASTM A240<\/p>\n<p>ASTM A480<\/p>\n<p>ASTM A666<\/td>\n<td width=\"170\">ASTM A789<\/p>\n<p>ASTM A790<\/td>\n<td width=\"170\">ASTM A269<\/p>\n<p>ASTM A790<\/td>\n<td width=\"170\">ASTM A276<\/p>\n<p>ASTM A479<\/td>\n<td width=\"170\">ASTM A276<\/td>\n<\/tr>\n<\/tbody>\n<\/table>\n<h2><\/h2>\n<\/div><\/section><br \/>\n<div class=\"togglecontainer   toggle_close_all\" >\n<section class=\"av_toggle_section\"  itemscope=\"itemscope\" itemtype=\"https:\/\/schema.org\/CreativeWork\"  >    <div class=\"single_toggle\" data-tags=\"{All} \"  >        <p data-fake-id=\"#toggle-id-1\" class=\"toggler\"  itemprop=\"headline\"  >Ekvivalentn\u00ed t\u0159\u00eddy 301\/301L<span class=\"toggle_icon\" >        <span class=\"vert_icon\"><\/span><span class=\"hor_icon\"><\/span><\/span><\/p>        <div id=\"toggle-id-1-container\" class=\"toggle_wrap\"  >            <div class=\"toggle_content invers-color\"  itemprop=\"text\"   ><table>\n<tbody>\n<tr>\n<td width=\"136\">STANDARD<\/td>\n<td width=\"136\">UNS<\/td>\n<td width=\"136\">KON\u010c\u00cd V<\/td>\n<td width=\"136\">JIS<\/td>\n<td width=\"136\">BS<\/td>\n<td width=\"137\">GB<\/td>\n<\/tr>\n<tr>\n<td width=\"136\">301<\/td>\n<td width=\"136\">S30100<\/td>\n<td width=\"136\">1.4319<\/p>\n<p>X5CrNi17-7<\/td>\n<td width=\"136\">SUS 301<\/td>\n<td width=\"136\">\/<\/td>\n<td width=\"137\">1Cr17Ni7<\/td>\n<\/tr>\n<tr>\n<td width=\"136\">301 l<\/td>\n<td width=\"136\">S30103<\/td>\n<td width=\"136\">\/<\/td>\n<td width=\"136\">SUS 301L<\/td>\n<td width=\"136\">\/<\/td>\n<td width=\"137\">\/<\/td>\n<\/tr>\n<\/tbody>\n<\/table>\n            <\/div>        <\/div>    <\/div><\/section>\n<section class=\"av_toggle_section\"  itemscope=\"itemscope\" itemtype=\"https:\/\/schema.org\/CreativeWork\"  >    <div class=\"single_toggle\" data-tags=\"{All} \"  >        <p data-fake-id=\"#toggle-id-2\" class=\"toggler\"  itemprop=\"headline\"  >301\/301L Chemick\u00e9 slo\u017een\u00ed<span class=\"toggle_icon\" >        <span class=\"vert_icon\"><\/span><span class=\"hor_icon\"><\/span><\/span><\/p>        <div id=\"toggle-id-2-container\" class=\"toggle_wrap\"  >            <div class=\"toggle_content invers-color\"  itemprop=\"text\"   ><table>\n<tbody>\n<tr>\n<td width=\"94\">\u0160koln\u00ed zn\u00e1mka<\/td>\n<td width=\"94\">C<\/td>\n<td width=\"94\">Cr<\/td>\n<td width=\"94\">Ni<\/td>\n<td width=\"94\">Si<\/td>\n<td width=\"94\">Mn<\/td>\n<td width=\"94\">P<\/td>\n<td width=\"94\">S<\/td>\n<td width=\"94\">N<\/td>\n<\/tr>\n<tr>\n<td width=\"94\">301<\/td>\n<td width=\"94\">0.15<\/td>\n<td width=\"94\">16.0-18.0<\/td>\n<td width=\"94\">6.00-8.00<\/td>\n<td width=\"94\">1.00<\/td>\n<td width=\"94\">2.0<\/td>\n<td width=\"94\">0.045<\/td>\n<td width=\"94\">0.030<\/td>\n<td width=\"94\">0.10<\/td>\n<\/tr>\n<tr>\n<td width=\"94\">301 l<\/td>\n<td width=\"94\">0.03<\/td>\n<td width=\"94\">16.0-18.0<\/td>\n<td width=\"94\">6.00-8.00<\/td>\n<td width=\"94\">1.00<\/td>\n<td width=\"94\">2.0<\/td>\n<td width=\"94\">0.045<\/td>\n<td width=\"94\">0.030<\/td>\n<td width=\"94\">0.10<\/td>\n<\/tr>\n<\/tbody>\n<\/table>\n            <\/div>        <\/div>    <\/div><\/section>\n<section class=\"av_toggle_section\"  itemscope=\"itemscope\" itemtype=\"https:\/\/schema.org\/CreativeWork\"  >    <div class=\"single_toggle\" data-tags=\"{All} \"  >        <p data-fake-id=\"#toggle-id-3\" class=\"toggler\"  itemprop=\"headline\"  >301\/301L Mechanick\u00e9 vlastnosti<span class=\"toggle_icon\" >        <span class=\"vert_icon\"><\/span><span class=\"hor_icon\"><\/span><\/span><\/p>        <div id=\"toggle-id-3-container\" class=\"toggle_wrap\"  >            <div class=\"toggle_content invers-color\"  itemprop=\"text\"   ><table>\n<tbody>\n<tr>\n<td width=\"213\">Stupe\u0148\/r<\/td>\n<td width=\"213\">Pevnost v tahu, Mpa (min.)<\/td>\n<td width=\"213\">Mez kluzu 0,2%<br \/>\nMpa (min.)<\/td>\n<td width=\"213\">Prodlou\u017een\u00ed -% v 50 mm (min.)<\/td>\n<\/tr>\n<tr>\n<td width=\"213\">301 \u017d\u00edhan\u00fd<\/td>\n<td width=\"213\">515<\/td>\n<td width=\"213\">205<\/td>\n<td width=\"213\">40<\/td>\n<\/tr>\n<tr>\n<td width=\"213\">301 1\/4 Teplota<\/td>\n<td width=\"213\">860<\/td>\n<td width=\"213\">515<\/td>\n<td width=\"213\">25<\/td>\n<\/tr>\n<tr>\n<td width=\"213\">301 1\/2 Teplota<\/td>\n<td width=\"213\">1035<\/td>\n<td width=\"213\">760<\/td>\n<td width=\"213\">18<\/td>\n<\/tr>\n<tr>\n<td width=\"213\">301 Full Hard<\/td>\n<td width=\"213\">1275<\/td>\n<td width=\"213\">965<\/td>\n<td width=\"213\">9<\/td>\n<\/tr>\n<\/tbody>\n<\/table>\n            <\/div>        <\/div>    <\/div><\/section>\n<\/div><br \/>\n<\/p><\/div><\/div><!--close column table wrapper. Autoclose: 1 --><\/p>","protected":false},"excerpt":{"rendered":"","protected":false},"author":1,"featured_media":0,"parent":1323,"menu_order":0,"comment_status":"closed","ping_status":"closed","template":"","meta":{"footnotes":""},"class_list":["post-1589","page","type-page","status-publish","hentry"],"aioseo_notices":[],"_links":{"self":[{"href":"https:\/\/wldstainless.com\/cs\/wp-json\/wp\/v2\/pages\/1589","targetHints":{"allow":["GET"]}}],"collection":[{"href":"https:\/\/wldstainless.com\/cs\/wp-json\/wp\/v2\/pages"}],"about":[{"href":"https:\/\/wldstainless.com\/cs\/wp-json\/wp\/v2\/types\/page"}],"author":[{"embeddable":true,"href":"https:\/\/wldstainless.com\/cs\/wp-json\/wp\/v2\/users\/1"}],"replies":[{"embeddable":true,"href":"https:\/\/wldstainless.com\/cs\/wp-json\/wp\/v2\/comments?post=1589"}],"version-history":[{"count":5,"href":"https:\/\/wldstainless.com\/cs\/wp-json\/wp\/v2\/pages\/1589\/revisions"}],"predecessor-version":[{"id":1895,"href":"https:\/\/wldstainless.com\/cs\/wp-json\/wp\/v2\/pages\/1589\/revisions\/1895"}],"up":[{"embeddable":true,"href":"https:\/\/wldstainless.com\/cs\/wp-json\/wp\/v2\/pages\/1323"}],"wp:attachment":[{"href":"https:\/\/wldstainless.com\/cs\/wp-json\/wp\/v2\/media?parent=1589"}],"curies":[{"name":"wp","href":"https:\/\/api.w.org\/{rel}","templated":true}]}}