{"id":1586,"date":"2020-08-25T07:23:03","date_gmt":"2020-08-25T07:23:03","guid":{"rendered":"http:\/\/wldstainless.com\/?page_id=1586"},"modified":"2020-09-18T09:34:04","modified_gmt":"2020-09-18T09:34:04","slug":"409-409l-stainless-steel","status":"publish","type":"page","link":"https:\/\/wldstainless.com\/cs\/materials\/ferritic-stainless-steel\/409-409l-stainless-steel\/","title":{"rendered":"409\/409L Nerezov\u00e1 ocel"},"content":{"rendered":"<div class='flex_column_table av-equal-height-column-flextable -flextable' ><div class=\"flex_column av_one_fourth  flex_column_table_cell av-equal-height-column av-align-top av-zero-column-padding first\" style='border-radius:0px; '><p><div class='avia-builder-widget-area clearfix'><div id=\"nav_menu-5\" class=\"widget clearfix widget_nav_menu\"><h3 class=\"widgettitle\">Materi\u00e1l<\/h3><div class=\"menu-products-sidebar-menu-container\"><ul id=\"menu-products-sidebar-menu\" class=\"menu\"><li id=\"menu-item-1329\" class=\"menu-item menu-item-type-post_type menu-item-object-page menu-item-1329\"><a href=\"https:\/\/wldstainless.com\/cs\/materials\/ferritic-stainless-steel\/\">Feritick\u00e1 nerezov\u00e1 ocel<\/a><\/li>\n<li id=\"menu-item-1328\" class=\"menu-item menu-item-type-post_type menu-item-object-page menu-item-1328\"><a href=\"https:\/\/wldstainless.com\/cs\/materials\/martensitic-stainless-steel\/\">Martenzitick\u00e1 nerezov\u00e1 ocel<\/a><\/li>\n<li id=\"menu-item-1327\" class=\"menu-item menu-item-type-post_type menu-item-object-page menu-item-1327\"><a href=\"https:\/\/wldstainless.com\/cs\/materials\/austenitic-stainless-steel\/\">Austenitick\u00e1 nerezov\u00e1 ocel<\/a><\/li>\n<li id=\"menu-item-1889\" class=\"menu-item menu-item-type-post_type menu-item-object-page menu-item-1889\"><a href=\"https:\/\/wldstainless.com\/cs\/materials\/duplex-stainless-steel\/\">Duplex z nerezov\u00e9 oceli<\/a><\/li>\n<\/ul><\/div><\/div><\/div><br \/>\n<div  class='hr hr-default'><span class='hr-inner' ><span class='hr-inner-style'><\/span><\/span><\/div><br \/>\n<div class='avia-button-wrap avia-button-left'><a href='http:\/\/wldstainless.com\/contact\/#contact' class='avia-button   avia-icon_select-yes-left-icon avia-color-custom avia-size-large avia-position-left'  target=\"_blank\"  style='background-color:#e82221; border-color:#e82221; color:#ffffff; ' ><span class='avia_button_icon avia_button_icon_left' aria-hidden='true' data-av_icon='\ue84b' data-av_iconfont='entypo-fontello'><\/span><span class='avia_iconbox_title' >Vy\u017e\u00e1dejte si cenovou nab\u00eddku<\/span><\/a><\/div><\/p><\/div><\/div><!--close column table wrapper. Autoclose: 1 --><div class='flex_column_table av-equal-height-column-flextable -flextable' ><div class='av-flex-placeholder'><\/div><div class=\"flex_column av_three_fourth  flex_column_table_cell av-equal-height-column av-align-top av-zero-column-padding\" style='border-radius:0px; '><p><div style='padding-bottom:10px;color:#d3311f;font-size:26px;' class='av-special-heading av-special-heading-h3 custom-color-heading blockquote modern-quote   av-inherit-size'><h3 class='av-special-heading-tag'  itemprop=\"headline\"  >409\/409L Nerezov\u00e1 ocel<\/h3><div class='special-heading-border'><div class='special-heading-inner-border' style='border-color:#d3311f'><\/div><\/div><\/div><br \/>\n<section class=\"av_textblock_section\"  itemscope=\"itemscope\" itemtype=\"https:\/\/schema.org\/CreativeWork\" ><div class='avia_textblock'   itemprop=\"text\" ><p>WLD Steel je p\u0159edn\u00edm v\u00fdrobcem, dodavatelem a v\u00fdvozcem nerezov\u00e9 oceli 409\/409L dostupn\u00e9 v \u0159ad\u011b r\u016fzn\u00fdch velikost\u00ed a tvar\u016f v\u010detn\u011b ty\u010d\u00ed, ty\u010d\u00ed, trubek, trubek, desek, plech\u016f a sochor\u016f.<\/p>\n<p>Typ 409 je chrom, titan stabilizovan\u00fd bez niklu Feritick\u00e1 nerezov\u00e1 ocel pro v\u0161eobecn\u00e9 pou\u017eit\u00ed. Je magnetick\u00fd a kombinuje dobrou odolnost proti korozi p\u0159i zv\u00fd\u0161en\u00fdch teplot\u00e1ch, odolnost proti oxidaci se st\u0159edn\u00ed pevnost\u00ed, dobrou tvarovatelnost a celkovou cenu. 409L je n\u00edzkouhl\u00edkov\u00e1 verze oceli t\u0159\u00eddy 430, ob\u011b nab\u00edzej\u00ed lep\u0161\u00ed odolnost proti korozi a mechanick\u00e9 vlastnosti ne\u017e uhl\u00edkov\u00e1 ocel a austenitov\u00e1 nerezov\u00e1 ocel, pou\u017e\u00edv\u00e1 se v aplikac\u00edch, kde je vy\u017eadov\u00e1na vysok\u00e1 odolnost proti korozi a vysokoteplotn\u00ed oxidace, jako je vysok\u00e1 \u00fa\u010dinnost motor automobilu, v\u00fdfukov\u00fd syst\u00e9m, tepeln\u00e9 sp\u00edna\u010de, r\u00e1m a v\u00fdm\u011bn\u00edk tepla.<\/p>\n<p><strong>Jak\u00e9 jsou dostupn\u00e9 formy a specifikace 409\/409L u WLD Steel?<\/strong><\/p>\n<ul>\n<li>List\/deska\/svitek: ASTM A240, ASTM A480<\/li>\n<li>Kruhov\u00e1 ty\u010d: ASTM A276, ASTM A479<\/li>\n<li>Trubka\/trubka: ASTM A335, A268, A790<\/li>\n<\/ul>\n<\/div><\/section><br \/>\n<div class=\"togglecontainer   toggle_close_all\" >\n<section class=\"av_toggle_section\"  itemscope=\"itemscope\" itemtype=\"https:\/\/schema.org\/CreativeWork\"  >    <div class=\"single_toggle\" data-tags=\"{All} \"  >        <p data-fake-id=\"#toggle-id-1\" class=\"toggler\"  itemprop=\"headline\"  >409\/409L Ekvivalentn\u00ed t\u0159\u00eddy<span class=\"toggle_icon\" >        <span class=\"vert_icon\"><\/span><span class=\"hor_icon\"><\/span><\/span><\/p>        <div id=\"toggle-id-1-container\" class=\"toggle_wrap\"  >            <div class=\"toggle_content invers-color\"  itemprop=\"text\"   ><table>\n<tbody>\n<tr>\n<td width=\"136\">STANDARD<\/td>\n<td width=\"136\">UNS<\/td>\n<td width=\"136\">KON\u010c\u00cd V<\/td>\n<td width=\"136\">JIS<\/td>\n<td width=\"136\">BS<\/td>\n<td width=\"137\">GB<\/td>\n<\/tr>\n<tr>\n<td width=\"136\">409\/409L<\/td>\n<td width=\"136\">S409000<\/td>\n<td width=\"136\">X2CrTi12<\/p>\n<p>1.4512<\/td>\n<td width=\"136\">SUH 409<\/td>\n<td width=\"136\">\/<\/td>\n<td width=\"137\">022Cr11Ti<\/td>\n<\/tr>\n<\/tbody>\n<\/table>\n            <\/div>        <\/div>    <\/div><\/section>\n<section class=\"av_toggle_section\"  itemscope=\"itemscope\" itemtype=\"https:\/\/schema.org\/CreativeWork\"  >    <div class=\"single_toggle\" data-tags=\"{All} \"  >        <p data-fake-id=\"#toggle-id-2\" class=\"toggler\"  itemprop=\"headline\"  >409\/409L Chemick\u00e9 slo\u017een\u00ed<span class=\"toggle_icon\" >        <span class=\"vert_icon\"><\/span><span class=\"hor_icon\"><\/span><\/span><\/p>        <div id=\"toggle-id-2-container\" class=\"toggle_wrap\"  >            <div class=\"toggle_content invers-color\"  itemprop=\"text\"   ><table>\n<tbody>\n<tr>\n<td width=\"93\">\u0160koln\u00ed zn\u00e1mka<\/td>\n<td width=\"93\">C<\/td>\n<td width=\"93\">Mn<\/td>\n<td width=\"93\">Si<\/td>\n<td width=\"94\">P<\/td>\n<td width=\"94\">S<\/td>\n<td width=\"100\">Cr<\/td>\n<td width=\"93\">Ni<\/td>\n<td width=\"94\">Ti<\/td>\n<\/tr>\n<tr>\n<td width=\"93\">409<\/td>\n<td width=\"93\">\u22640,08<\/td>\n<td width=\"93\">\u22641,0<\/td>\n<td width=\"93\">\u22641,0<\/td>\n<td width=\"94\">\u22640,045<\/td>\n<td width=\"94\">\u22640,045<\/td>\n<td width=\"100\">10.5-11.75<\/td>\n<td width=\"93\">\u22640,5<\/td>\n<td width=\"94\">0.48-0.75<\/td>\n<\/tr>\n<tr>\n<td width=\"93\">409 l<\/td>\n<td width=\"93\">\u22640,030<\/td>\n<td width=\"93\">\u22641,0<\/td>\n<td width=\"93\">\u22641,0<\/td>\n<td width=\"94\">\u22640,045<\/td>\n<td width=\"94\">\u22640,045<\/td>\n<td width=\"100\">10.5-11.75<\/td>\n<td width=\"93\">\u22640,5<\/td>\n<td width=\"94\">\u22640,5<\/td>\n<\/tr>\n<\/tbody>\n<\/table>\n            <\/div>        <\/div>    <\/div><\/section>\n<section class=\"av_toggle_section\"  itemscope=\"itemscope\" itemtype=\"https:\/\/schema.org\/CreativeWork\"  >    <div class=\"single_toggle\" data-tags=\"{All} \"  >        <p data-fake-id=\"#toggle-id-3\" class=\"toggler\"  itemprop=\"headline\"  >409\/409L Mechanick\u00e9 vlastnosti<span class=\"toggle_icon\" >        <span class=\"vert_icon\"><\/span><span class=\"hor_icon\"><\/span><\/span><\/p>        <div id=\"toggle-id-3-container\" class=\"toggle_wrap\"  >            <div class=\"toggle_content invers-color\"  itemprop=\"text\"   ><table>\n<tbody>\n<tr>\n<td width=\"170\">\u0160koln\u00ed zn\u00e1mka<\/td>\n<td width=\"170\">Pevnost v tahu MPa (min)<\/td>\n<td width=\"170\">Mez kluzu 0,21 TP3T MPa (min)<\/td>\n<td width=\"170\">Prodlou\u017een\u00ed %<\/td>\n<td width=\"170\">Tvrdost (Brinell) MAX<\/td>\n<\/tr>\n<tr>\n<td width=\"170\">409<\/td>\n<td width=\"170\">380<\/td>\n<td width=\"170\">207<\/td>\n<td width=\"170\">20<\/td>\n<td width=\"170\">207<\/td>\n<\/tr>\n<tr>\n<td width=\"170\">409 l<\/td>\n<td width=\"170\">380<\/td>\n<td width=\"170\">170<\/td>\n<td width=\"170\">20<\/td>\n<td width=\"170\">207<\/td>\n<\/tr>\n<\/tbody>\n<\/table>\n            <\/div>        <\/div>    <\/div><\/section>\n<\/div><\/p><\/div><\/div><!--close column table wrapper. Autoclose: 1 --><\/p>","protected":false},"excerpt":{"rendered":"","protected":false},"author":1,"featured_media":0,"parent":159,"menu_order":0,"comment_status":"closed","ping_status":"closed","template":"","meta":{"footnotes":""},"class_list":["post-1586","page","type-page","status-publish","hentry"],"aioseo_notices":[],"_links":{"self":[{"href":"https:\/\/wldstainless.com\/cs\/wp-json\/wp\/v2\/pages\/1586","targetHints":{"allow":["GET"]}}],"collection":[{"href":"https:\/\/wldstainless.com\/cs\/wp-json\/wp\/v2\/pages"}],"about":[{"href":"https:\/\/wldstainless.com\/cs\/wp-json\/wp\/v2\/types\/page"}],"author":[{"embeddable":true,"href":"https:\/\/wldstainless.com\/cs\/wp-json\/wp\/v2\/users\/1"}],"replies":[{"embeddable":true,"href":"https:\/\/wldstainless.com\/cs\/wp-json\/wp\/v2\/comments?post=1586"}],"version-history":[{"count":7,"href":"https:\/\/wldstainless.com\/cs\/wp-json\/wp\/v2\/pages\/1586\/revisions"}],"predecessor-version":[{"id":1912,"href":"https:\/\/wldstainless.com\/cs\/wp-json\/wp\/v2\/pages\/1586\/revisions\/1912"}],"up":[{"embeddable":true,"href":"https:\/\/wldstainless.com\/cs\/wp-json\/wp\/v2\/pages\/159"}],"wp:attachment":[{"href":"https:\/\/wldstainless.com\/cs\/wp-json\/wp\/v2\/media?parent=1586"}],"curies":[{"name":"wp","href":"https:\/\/api.w.org\/{rel}","templated":true}]}}