{"id":1578,"date":"2020-08-25T05:41:41","date_gmt":"2020-08-25T05:41:41","guid":{"rendered":"http:\/\/wldstainless.com\/?page_id=1578"},"modified":"2020-09-18T09:26:27","modified_gmt":"2020-09-18T09:26:27","slug":"201-stainless-steel","status":"publish","type":"page","link":"https:\/\/wldstainless.com\/cs\/materials\/austenitic-stainless-steel\/201-stainless-steel\/","title":{"rendered":"201 Nerezov\u00e1 ocel"},"content":{"rendered":"<div class='flex_column_table av-equal-height-column-flextable -flextable' ><div class=\"flex_column av_one_fourth  flex_column_table_cell av-equal-height-column av-align-top av-zero-column-padding first\" style='border-radius:0px; '><p><div class='avia-builder-widget-area clearfix'><div id=\"nav_menu-5\" class=\"widget clearfix widget_nav_menu\"><h3 class=\"widgettitle\">Materi\u00e1l<\/h3><div class=\"menu-products-sidebar-menu-container\"><ul id=\"menu-products-sidebar-menu\" class=\"menu\"><li id=\"menu-item-1329\" class=\"menu-item menu-item-type-post_type menu-item-object-page menu-item-1329\"><a href=\"https:\/\/wldstainless.com\/cs\/materials\/ferritic-stainless-steel\/\">Feritick\u00e1 nerezov\u00e1 ocel<\/a><\/li>\n<li id=\"menu-item-1328\" class=\"menu-item menu-item-type-post_type menu-item-object-page menu-item-1328\"><a href=\"https:\/\/wldstainless.com\/cs\/materials\/martensitic-stainless-steel\/\">Martenzitick\u00e1 nerezov\u00e1 ocel<\/a><\/li>\n<li id=\"menu-item-1327\" class=\"menu-item menu-item-type-post_type menu-item-object-page menu-item-1327\"><a href=\"https:\/\/wldstainless.com\/cs\/materials\/austenitic-stainless-steel\/\">Austenitick\u00e1 nerezov\u00e1 ocel<\/a><\/li>\n<li id=\"menu-item-1889\" class=\"menu-item menu-item-type-post_type menu-item-object-page menu-item-1889\"><a href=\"https:\/\/wldstainless.com\/cs\/materials\/duplex-stainless-steel\/\">Duplex z nerezov\u00e9 oceli<\/a><\/li>\n<\/ul><\/div><\/div><\/div><br \/>\n<div  class='hr hr-default'><span class='hr-inner' ><span class='hr-inner-style'><\/span><\/span><\/div><br \/>\n<div class='avia-button-wrap avia-button-left'><a href='http:\/\/wldstainless.com\/contact\/#contact' class='avia-button   avia-icon_select-yes-left-icon avia-color-custom avia-size-large avia-position-left'  target=\"_blank\"  style='background-color:#e82221; border-color:#e82221; color:#ffffff; ' ><span class='avia_button_icon avia_button_icon_left' aria-hidden='true' data-av_icon='\ue84b' data-av_iconfont='entypo-fontello'><\/span><span class='avia_iconbox_title' >Vy\u017e\u00e1dejte si cenovou nab\u00eddku<\/span><\/a><\/div><\/p><\/div><\/div><!--close column table wrapper. Autoclose: 1 --><div class='flex_column_table av-equal-height-column-flextable -flextable' ><div class='av-flex-placeholder'><\/div><div class=\"flex_column av_three_fourth  flex_column_table_cell av-equal-height-column av-align-top av-zero-column-padding\" style='border-radius:0px; '><p><div style='padding-bottom:10px;color:#d3311f;font-size:26px;' class='av-special-heading av-special-heading-h3 custom-color-heading blockquote modern-quote   av-inherit-size'><h3 class='av-special-heading-tag'  itemprop=\"headline\"  >201 Nerezov\u00e1 ocel<\/h3><div class='special-heading-border'><div class='special-heading-inner-border' style='border-color:#d3311f'><\/div><\/div><\/div><br \/>\n<section class=\"av_textblock_section\"  itemscope=\"itemscope\" itemtype=\"https:\/\/schema.org\/CreativeWork\" ><div class='avia_textblock'   itemprop=\"text\" ><p>WLD Stainless je p\u0159edn\u00ed v\u00fdrobce, dodavatel a v\u00fdvozce nerezov\u00e9 oceli 201 ve tvaru trubky, trubky, plechu, desky, ty\u010de, ty\u010de a dal\u0161\u00edch tvar\u016f, jako je and\u011bl, kan\u00e1l, kruh, \u0159ezan\u00fd kus. Nerezov\u00e1 ocel typu 201 je austenitick\u00e1 nerezov\u00e1 slitina s vysok\u00fdm obsahem manganu a n\u00edzk\u00fdm obsahem niklu. Nab\u00edz\u00ed relativn\u011b vysokou mez kluzu a \u0161patnou odolnost proti korozi, stala se \u017eivotaschopnou levn\u011bj\u0161\u00ed alternativou k obl\u00edben\u00fdm austenitick\u00fdm t\u0159\u00edd\u00e1m 301 a 304 v n\u011bkter\u00fdch temperovan\u00fdch aplikac\u00edch. Nerezov\u00e1 ocel 201 se obecn\u011b pou\u017e\u00edv\u00e1 v temperovan\u00e9m stavu zejm\u00e9na pro kuchy\u0148sk\u00e9 n\u00e1\u010din\u00ed, venkovn\u00ed dekorace a n\u00e1bytkov\u00e9 panely, pru\u017einy a spojovac\u00ed prvky.<\/p>\n<p><strong>Jak\u00e9 jsou 201 dostupn\u00fdch forem a specifikac\u00ed ve WLD Steel?<\/strong><\/p>\n<table>\n<tbody>\n<tr>\n<td width=\"170\">Plech\/deska\/c\u00edvka<\/td>\n<td width=\"170\">Beze\u0161v\u00e1 trubka\/trubka<\/td>\n<td width=\"170\">Sva\u0159ovan\u00e1 trubka\/trubka<\/td>\n<td width=\"170\">Kulat\u00fd bar<\/td>\n<td width=\"170\">Tv\u00e1\u0159en\u00e1 ocel (tvarovan\u00e1)<\/td>\n<\/tr>\n<tr>\n<td width=\"170\">ASTM A240<\/td>\n<td width=\"170\">ASTM A789;<\/p>\n<p>ASTM A790<\/td>\n<td width=\"170\">ASTM A269<\/td>\n<td width=\"170\">ASTM A276;<\/p>\n<p>ASTM A479<\/td>\n<td width=\"170\">ASTM A276<\/td>\n<\/tr>\n<\/tbody>\n<\/table>\n<h2><\/h2>\n<\/div><\/section><br \/>\n<div class=\"togglecontainer   toggle_close_all\" >\n<section class=\"av_toggle_section\"  itemscope=\"itemscope\" itemtype=\"https:\/\/schema.org\/CreativeWork\"  >    <div class=\"single_toggle\" data-tags=\"{All} \"  >        <p data-fake-id=\"#toggle-id-1\" class=\"toggler activeTitle\"  itemprop=\"headline\"  >201 ekvivalentn\u00edch zn\u00e1mek<span class=\"toggle_icon\" >        <span class=\"vert_icon\"><\/span><span class=\"hor_icon\"><\/span><\/span><\/p>        <div id=\"toggle-id-1-container\" class=\"toggle_wrap active_tc\"  style='display:block;'>            <div class=\"toggle_content invers-color\"  itemprop=\"text\"   ><table>\n<tbody>\n<tr>\n<td width=\"112\">STANDARD<\/td>\n<td width=\"114\">UNS<\/td>\n<td width=\"114\">KON\u010c\u00cd V<\/td>\n<td width=\"114\">JIS<\/td>\n<td width=\"114\">ISO<\/td>\n<td width=\"114\">AFNOR<\/td>\n<td width=\"115\">GB<\/td>\n<\/tr>\n<tr>\n<td width=\"112\">SS201<\/td>\n<td width=\"114\">S20100<\/td>\n<td width=\"114\">X12CrMnNiN 17-7-5<\/p>\n<p>1.4372<\/td>\n<td width=\"114\">SUS201<\/td>\n<td width=\"114\">A-2<\/td>\n<td width=\"114\">X12CrMnNiN 17-7-5<\/td>\n<td width=\"115\">1Cr17Mn6Ni5N<\/td>\n<\/tr>\n<\/tbody>\n<\/table>\n            <\/div>        <\/div>    <\/div><\/section>\n<section class=\"av_toggle_section\"  itemscope=\"itemscope\" itemtype=\"https:\/\/schema.org\/CreativeWork\"  >    <div class=\"single_toggle\" data-tags=\"{All} \"  >        <p data-fake-id=\"#toggle-id-2\" class=\"toggler\"  itemprop=\"headline\"  >201 Chemick\u00e9 slo\u017een\u00ed<span class=\"toggle_icon\" >        <span class=\"vert_icon\"><\/span><span class=\"hor_icon\"><\/span><\/span><\/p>        <div id=\"toggle-id-2-container\" class=\"toggle_wrap\"  >            <div class=\"toggle_content invers-color\"  itemprop=\"text\"   ><table>\n<tbody>\n<tr>\n<td width=\"106\">C<\/td>\n<td width=\"106\">Si<\/td>\n<td width=\"106\">Mn<\/td>\n<td width=\"106\">P<\/td>\n<td width=\"106\">S<\/td>\n<td width=\"106\">Ni<\/td>\n<td width=\"106\">Cr<\/td>\n<td width=\"106\">N<\/td>\n<\/tr>\n<tr>\n<td width=\"106\">\u22640,15<\/td>\n<td width=\"106\">\u22641,00<\/td>\n<td width=\"106\">5,50 a\u017e 7,50<\/td>\n<td width=\"106\">\u22640,060<\/td>\n<td width=\"106\">\u22640,030<\/td>\n<td width=\"106\">3,50 a\u017e 5,50<\/td>\n<td width=\"106\">16:00\u201318:00<\/td>\n<td width=\"106\">\u22640,25<\/td>\n<\/tr>\n<\/tbody>\n<\/table>\n            <\/div>        <\/div>    <\/div><\/section>\n<section class=\"av_toggle_section\"  itemscope=\"itemscope\" itemtype=\"https:\/\/schema.org\/CreativeWork\"  >    <div class=\"single_toggle\" data-tags=\"{All} \"  >        <p data-fake-id=\"#toggle-id-3\" class=\"toggler\"  itemprop=\"headline\"  >201 Mechanick\u00e9 vlastnosti<span class=\"toggle_icon\" >        <span class=\"vert_icon\"><\/span><span class=\"hor_icon\"><\/span><\/span><\/p>        <div id=\"toggle-id-3-container\" class=\"toggle_wrap\"  >            <div class=\"toggle_content invers-color\"  itemprop=\"text\"   ><table>\n<tbody>\n<tr>\n<td width=\"200\">Pevnost v tahu Mpa (min)<\/td>\n<td width=\"200\">Mez kluzu 0,21 TP3T Mpa (min)<\/td>\n<td width=\"200\">Prodlou\u017een\u00ed %<\/td>\n<td width=\"200\">Tvrdost (Brinell, HBW, max)<\/td>\n<\/tr>\n<tr>\n<td width=\"200\">515<\/td>\n<td width=\"200\">260<\/td>\n<td width=\"200\">40<\/td>\n<td width=\"200\">217<\/td>\n<\/tr>\n<\/tbody>\n<\/table>\n            <\/div>        <\/div>    <\/div><\/section>\n<\/div><br \/>\n<\/p><\/div><\/div><!--close column table wrapper. Autoclose: 1 --><\/p>","protected":false},"excerpt":{"rendered":"","protected":false},"author":1,"featured_media":0,"parent":1323,"menu_order":0,"comment_status":"closed","ping_status":"closed","template":"","meta":{"footnotes":""},"class_list":["post-1578","page","type-page","status-publish","hentry"],"aioseo_notices":[],"_links":{"self":[{"href":"https:\/\/wldstainless.com\/cs\/wp-json\/wp\/v2\/pages\/1578","targetHints":{"allow":["GET"]}}],"collection":[{"href":"https:\/\/wldstainless.com\/cs\/wp-json\/wp\/v2\/pages"}],"about":[{"href":"https:\/\/wldstainless.com\/cs\/wp-json\/wp\/v2\/types\/page"}],"author":[{"embeddable":true,"href":"https:\/\/wldstainless.com\/cs\/wp-json\/wp\/v2\/users\/1"}],"replies":[{"embeddable":true,"href":"https:\/\/wldstainless.com\/cs\/wp-json\/wp\/v2\/comments?post=1578"}],"version-history":[{"count":8,"href":"https:\/\/wldstainless.com\/cs\/wp-json\/wp\/v2\/pages\/1578\/revisions"}],"predecessor-version":[{"id":1894,"href":"https:\/\/wldstainless.com\/cs\/wp-json\/wp\/v2\/pages\/1578\/revisions\/1894"}],"up":[{"embeddable":true,"href":"https:\/\/wldstainless.com\/cs\/wp-json\/wp\/v2\/pages\/1323"}],"wp:attachment":[{"href":"https:\/\/wldstainless.com\/cs\/wp-json\/wp\/v2\/media?parent=1578"}],"curies":[{"name":"wp","href":"https:\/\/api.w.org\/{rel}","templated":true}]}}