{"id":1566,"date":"2020-08-24T06:23:17","date_gmt":"2020-08-24T06:23:17","guid":{"rendered":"http:\/\/wldstainless.com\/?page_id=1566"},"modified":"2020-09-18T09:33:38","modified_gmt":"2020-09-18T09:33:38","slug":"alloy-2507-stainless-steel","status":"publish","type":"page","link":"https:\/\/wldstainless.com\/cs\/materials\/duplex-stainless-steel\/alloy-2507-stainless-steel\/","title":{"rendered":"Slitina 2507 Nerezov\u00e1 ocel"},"content":{"rendered":"<div class='flex_column_table av-equal-height-column-flextable -flextable' ><div class=\"flex_column av_one_fourth  flex_column_table_cell av-equal-height-column av-align-top av-zero-column-padding first\" style='border-radius:0px; '><p><div class='avia-builder-widget-area clearfix'><div id=\"nav_menu-5\" class=\"widget clearfix widget_nav_menu\"><h3 class=\"widgettitle\">Materi\u00e1l<\/h3><div class=\"menu-products-sidebar-menu-container\"><ul id=\"menu-products-sidebar-menu\" class=\"menu\"><li id=\"menu-item-1329\" class=\"menu-item menu-item-type-post_type menu-item-object-page menu-item-1329\"><a href=\"https:\/\/wldstainless.com\/cs\/materials\/ferritic-stainless-steel\/\">Feritick\u00e1 nerezov\u00e1 ocel<\/a><\/li>\n<li id=\"menu-item-1328\" class=\"menu-item menu-item-type-post_type menu-item-object-page menu-item-1328\"><a href=\"https:\/\/wldstainless.com\/cs\/materials\/martensitic-stainless-steel\/\">Martenzitick\u00e1 nerezov\u00e1 ocel<\/a><\/li>\n<li id=\"menu-item-1327\" class=\"menu-item menu-item-type-post_type menu-item-object-page menu-item-1327\"><a href=\"https:\/\/wldstainless.com\/cs\/materials\/austenitic-stainless-steel\/\">Austenitick\u00e1 nerezov\u00e1 ocel<\/a><\/li>\n<li id=\"menu-item-1889\" class=\"menu-item menu-item-type-post_type menu-item-object-page menu-item-1889\"><a href=\"https:\/\/wldstainless.com\/cs\/materials\/duplex-stainless-steel\/\">Duplex z nerezov\u00e9 oceli<\/a><\/li>\n<\/ul><\/div><\/div><\/div><br \/>\n<div  class='hr hr-default'><span class='hr-inner' ><span class='hr-inner-style'><\/span><\/span><\/div><br \/>\n<div class='avia-button-wrap avia-button-left'><a href='http:\/\/wldstainless.com\/contact\/#contact' class='avia-button   avia-icon_select-yes-left-icon avia-color-custom avia-size-large avia-position-left'  target=\"_blank\"  style='background-color:#e82221; border-color:#e82221; color:#ffffff; ' ><span class='avia_button_icon avia_button_icon_left' aria-hidden='true' data-av_icon='\ue84b' data-av_iconfont='entypo-fontello'><\/span><span class='avia_iconbox_title' >Vy\u017e\u00e1dejte si cenovou nab\u00eddku<\/span><\/a><\/div><\/p><\/div><\/div><!--close column table wrapper. Autoclose: 1 --><div class='flex_column_table av-equal-height-column-flextable -flextable' ><div class='av-flex-placeholder'><\/div><div class=\"flex_column av_three_fourth  flex_column_table_cell av-equal-height-column av-align-top av-zero-column-padding\" style='border-radius:0px; '><p><div style='padding-bottom:10px;color:#d3311f;' class='av-special-heading av-special-heading-h3 custom-color-heading'><h3 class='av-special-heading-tag'  itemprop=\"headline\"  >Slitina 2507 Nerezov\u00e1 ocel<\/h3><div class='special-heading-border'><div class='special-heading-inner-border' style='border-color:#d3311f'><\/div><\/div><\/div><br \/>\n<section class=\"av_textblock_section\"  itemscope=\"itemscope\" itemtype=\"https:\/\/schema.org\/CreativeWork\" ><div class='avia_textblock'   itemprop=\"text\" ><p>WLD Steel je p\u0159edn\u00edm v\u00fdrobcem, dodavatelem a v\u00fdvozcem duplexn\u00ed nerezov\u00e9 oceli 2507 dostupn\u00e9 v mnoha r\u016fzn\u00fdch velikostech a form\u00e1ch v\u010detn\u011b trubek, trubek, plech\u016f, desek, ty\u010d\u00ed, ty\u010d\u00ed a dal\u0161\u00edch tvar\u016f, jako je and\u011bl, kan\u00e1l, kruh, \u0159ezan\u00fd kus a ji\u017e brzy.<\/p>\n<p>D\u00edky obsahu 25% chromu a 7% niklu jsou UNS S32750 a UNS S32550 \u010dasto ozna\u010dov\u00e1ny jako Alloy 2507. Super duplexn\u00ed nerezov\u00e1 ocel 2507 obsahuje 25% chrom a 7% Nickel krom\u011b mal\u00e9ho procenta m\u011bdi pro zv\u00fd\u0161en\u00ed jej\u00ed obecn\u00e9 odolnosti proti korozi. Alloy 2507 nab\u00edz\u00ed r\u016fzn\u00e9 aplikace v drsn\u00fdch prost\u0159ed\u00edch, obsahuj\u00edc\u00edch chl\u00f3r, jako je n\u00e1mo\u0159nictvo, ropa a plyn, v petrochemick\u00fdch\/chemick\u00fdch zpracovatelsk\u00fdch oblastech d\u00edky sv\u00e9 vynikaj\u00edc\u00ed odolnosti v\u016f\u010di d\u016flkov\u00e9 a \u0161t\u011brbinov\u00e9 korozi a chloridov\u00e9mu korozn\u00edmu prask\u00e1n\u00ed.<\/p>\n<p><strong>Jak\u00e9 jsou dostupn\u00e9 formy a specifikace oceli 2507 ve WLD Steel?<\/strong><\/p>\n<table>\n<tbody>\n<tr>\n<td width=\"170\">Plech\/deska\/c\u00edvka<\/td>\n<td width=\"170\">Beze\u0161v\u00e1 trubka\/trubka<\/td>\n<td width=\"170\">Sva\u0159ovan\u00e1 trubka\/trubka<\/td>\n<td width=\"170\">Kulat\u00fd bar<\/td>\n<td width=\"170\">Tv\u00e1\u0159en\u00e1 ocel (tvarovan\u00e1)<\/td>\n<\/tr>\n<tr>\n<td width=\"170\">JIS G4304 \/ 4305, ASTM A240<\/td>\n<td width=\"170\">ASTMA789,<\/p>\n<p>ASTM A790<\/td>\n<td width=\"170\">ASTM A928<\/td>\n<td width=\"170\">ASTM A479, ASTM A276<\/td>\n<td width=\"170\">ASTM A276<\/td>\n<\/tr>\n<\/tbody>\n<\/table>\n<\/div><\/section><br \/>\n<div class=\"togglecontainer   toggle_close_all\" >\n<section class=\"av_toggle_section\"  itemscope=\"itemscope\" itemtype=\"https:\/\/schema.org\/CreativeWork\"  >    <div class=\"single_toggle\" data-tags=\"{All} \"  >        <p data-fake-id=\"#toggle-id-1\" class=\"toggler\"  itemprop=\"headline\"  >Ekvivalentn\u00ed materi\u00e1ly slitiny 2507<span class=\"toggle_icon\" >        <span class=\"vert_icon\"><\/span><span class=\"hor_icon\"><\/span><\/span><\/p>        <div id=\"toggle-id-1-container\" class=\"toggle_wrap\"  >            <div class=\"toggle_content invers-color\"  itemprop=\"text\"   ><table>\n<tbody>\n<tr>\n<td width=\"121\">UNS<\/td>\n<td width=\"121\">\u0160v\u00e9dsko<\/td>\n<td width=\"121\">JIS<\/td>\n<td width=\"121\">R\u00c1MUS<\/td>\n<td width=\"121\">BS<\/td>\n<td width=\"244\">GB<\/td>\n<\/tr>\n<tr>\n<td width=\"121\">S32750<\/p>\n<p>S32550<\/td>\n<td width=\"121\">SS2328(SAF2507)<\/td>\n<td width=\"121\">UR47N<\/p>\n<p>UR52N<\/td>\n<td width=\"121\">1.4410<\/p>\n<p>1.4507<\/td>\n<td width=\"121\">\/<\/td>\n<td width=\"244\">00Cr25Ni7Mo4N<\/p>\n<p>00Cr25Ni6Mo3CuN<\/td>\n<\/tr>\n<\/tbody>\n<\/table>\n            <\/div>        <\/div>    <\/div><\/section>\n<section class=\"av_toggle_section\"  itemscope=\"itemscope\" itemtype=\"https:\/\/schema.org\/CreativeWork\"  >    <div class=\"single_toggle\" data-tags=\"{All} \"  >        <p data-fake-id=\"#toggle-id-2\" class=\"toggler\"  itemprop=\"headline\"  >Slitina 2507 Chemick\u00e9 slo\u017een\u00ed <span class=\"toggle_icon\" >        <span class=\"vert_icon\"><\/span><span class=\"hor_icon\"><\/span><\/span><\/p>        <div id=\"toggle-id-2-container\" class=\"toggle_wrap\"  >            <div class=\"toggle_content invers-color\"  itemprop=\"text\"   ><table>\n<tbody>\n<tr>\n<td width=\"82\">Zn\u00e1mky<\/td>\n<td width=\"99\">Cr<\/td>\n<td width=\"79\">Ni<\/td>\n<td width=\"79\">Mo<\/td>\n<td width=\"89\">N<\/td>\n<td width=\"79\">Mn<\/td>\n<td width=\"57\">Si<\/td>\n<td width=\"68\">C<\/td>\n<td width=\"79\">Cu<\/td>\n<td width=\"68\">S<\/td>\n<td width=\"68\">P<\/td>\n<\/tr>\n<tr>\n<td width=\"82\">S32750<\/td>\n<td width=\"99\">24.5-26.0<\/td>\n<td width=\"79\">6.0-8.0<\/td>\n<td width=\"79\">3.0-5.0<\/td>\n<td width=\"89\">0.24-0.32<\/td>\n<td width=\"79\">0.5-1.2<\/td>\n<td width=\"57\">0.1-0.8<\/td>\n<td width=\"68\">0.03<\/p>\n<p>max<\/td>\n<td width=\"79\">0.5<\/p>\n<p>max<\/td>\n<td width=\"68\">0.02<\/td>\n<td width=\"68\">0.035<\/td>\n<\/tr>\n<tr>\n<td width=\"82\">S32550<\/td>\n<td width=\"99\">24.5-26.5<\/td>\n<td width=\"79\">5.5-6.5<\/td>\n<td width=\"79\">3.1-3.8<\/td>\n<td width=\"89\">0.2-0.35<\/td>\n<td width=\"79\">0.8-1.2<\/td>\n<td width=\"57\">0.7<\/p>\n<p>max<\/td>\n<td width=\"68\">0.025<\/p>\n<p>max<\/td>\n<td width=\"79\">1.5-2.0<\/td>\n<td width=\"68\">0.005<\/td>\n<td width=\"68\">0.025<\/td>\n<\/tr>\n<\/tbody>\n<\/table>\n            <\/div>        <\/div>    <\/div><\/section>\n<section class=\"av_toggle_section\"  itemscope=\"itemscope\" itemtype=\"https:\/\/schema.org\/CreativeWork\"  >    <div class=\"single_toggle\" data-tags=\"{All} \"  >        <p data-fake-id=\"#toggle-id-3\" class=\"toggler\"  itemprop=\"headline\"  >Slitina 2507 Mechanick\u00e9 vlastnosti<span class=\"toggle_icon\" >        <span class=\"vert_icon\"><\/span><span class=\"hor_icon\"><\/span><\/span><\/p>        <div id=\"toggle-id-3-container\" class=\"toggle_wrap\"  >            <div class=\"toggle_content invers-color\"  itemprop=\"text\"   ><table>\n<tbody>\n<tr>\n<td width=\"213\">Zn\u00e1mky<\/td>\n<td width=\"213\">Pevnost v tahu<\/p>\n<p>min, Mpa<\/td>\n<td width=\"213\">Mez kluzu<\/p>\n<p>0,21 TP3T offset, min, Mpa<\/td>\n<td width=\"213\">Prodlou\u017een\u00ed, A5%<\/td>\n<\/tr>\n<tr>\n<td width=\"213\">S32750<\/td>\n<td width=\"213\">800<\/td>\n<td width=\"213\">550<\/td>\n<td width=\"213\">15<\/td>\n<\/tr>\n<tr>\n<td width=\"213\">S32550<\/td>\n<td width=\"213\">760<\/td>\n<td width=\"213\">550<\/td>\n<td width=\"213\">15<\/td>\n<\/tr>\n<\/tbody>\n<\/table>\n            <\/div>        <\/div>    <\/div><\/section>\n<\/div><\/p><\/div><\/div><!--close column table wrapper. Autoclose: 1 --><\/p>","protected":false},"excerpt":{"rendered":"","protected":false},"author":1,"featured_media":0,"parent":1432,"menu_order":0,"comment_status":"closed","ping_status":"closed","template":"","meta":{"footnotes":""},"class_list":["post-1566","page","type-page","status-publish","hentry"],"aioseo_notices":[],"_links":{"self":[{"href":"https:\/\/wldstainless.com\/cs\/wp-json\/wp\/v2\/pages\/1566","targetHints":{"allow":["GET"]}}],"collection":[{"href":"https:\/\/wldstainless.com\/cs\/wp-json\/wp\/v2\/pages"}],"about":[{"href":"https:\/\/wldstainless.com\/cs\/wp-json\/wp\/v2\/types\/page"}],"author":[{"embeddable":true,"href":"https:\/\/wldstainless.com\/cs\/wp-json\/wp\/v2\/users\/1"}],"replies":[{"embeddable":true,"href":"https:\/\/wldstainless.com\/cs\/wp-json\/wp\/v2\/comments?post=1566"}],"version-history":[{"count":6,"href":"https:\/\/wldstainless.com\/cs\/wp-json\/wp\/v2\/pages\/1566\/revisions"}],"predecessor-version":[{"id":1909,"href":"https:\/\/wldstainless.com\/cs\/wp-json\/wp\/v2\/pages\/1566\/revisions\/1909"}],"up":[{"embeddable":true,"href":"https:\/\/wldstainless.com\/cs\/wp-json\/wp\/v2\/pages\/1432"}],"wp:attachment":[{"href":"https:\/\/wldstainless.com\/cs\/wp-json\/wp\/v2\/media?parent=1566"}],"curies":[{"name":"wp","href":"https:\/\/api.w.org\/{rel}","templated":true}]}}