{"id":1563,"date":"2020-08-24T05:10:33","date_gmt":"2020-08-24T05:10:33","guid":{"rendered":"http:\/\/wldstainless.com\/?page_id=1563"},"modified":"2020-09-18T09:31:21","modified_gmt":"2020-09-18T09:31:21","slug":"alloy-2205-stainless-steel","status":"publish","type":"page","link":"https:\/\/wldstainless.com\/cs\/materials\/duplex-stainless-steel\/alloy-2205-stainless-steel\/","title":{"rendered":"Slitina 2205 Nerezov\u00e1 ocel"},"content":{"rendered":"<div class='flex_column_table av-equal-height-column-flextable -flextable' ><div class=\"flex_column av_one_fourth  flex_column_table_cell av-equal-height-column av-align-top av-zero-column-padding first\" style='border-radius:0px; '><p><div class='avia-builder-widget-area clearfix'><div id=\"nav_menu-5\" class=\"widget clearfix widget_nav_menu\"><h3 class=\"widgettitle\">Materi\u00e1l<\/h3><div class=\"menu-products-sidebar-menu-container\"><ul id=\"menu-products-sidebar-menu\" class=\"menu\"><li id=\"menu-item-1329\" class=\"menu-item menu-item-type-post_type menu-item-object-page menu-item-1329\"><a href=\"https:\/\/wldstainless.com\/cs\/materials\/ferritic-stainless-steel\/\">Feritick\u00e1 nerezov\u00e1 ocel<\/a><\/li>\n<li id=\"menu-item-1328\" class=\"menu-item menu-item-type-post_type menu-item-object-page menu-item-1328\"><a href=\"https:\/\/wldstainless.com\/cs\/materials\/martensitic-stainless-steel\/\">Martenzitick\u00e1 nerezov\u00e1 ocel<\/a><\/li>\n<li id=\"menu-item-1327\" class=\"menu-item menu-item-type-post_type menu-item-object-page menu-item-1327\"><a href=\"https:\/\/wldstainless.com\/cs\/materials\/austenitic-stainless-steel\/\">Austenitick\u00e1 nerezov\u00e1 ocel<\/a><\/li>\n<li id=\"menu-item-1889\" class=\"menu-item menu-item-type-post_type menu-item-object-page menu-item-1889\"><a href=\"https:\/\/wldstainless.com\/cs\/materials\/duplex-stainless-steel\/\">Duplex z nerezov\u00e9 oceli<\/a><\/li>\n<\/ul><\/div><\/div><\/div><br \/>\n<div  class='hr hr-default'><span class='hr-inner' ><span class='hr-inner-style'><\/span><\/span><\/div><br \/>\n<div class='avia-button-wrap avia-button-left'><a href='http:\/\/wldstainless.com\/contact\/#contact' class='avia-button   avia-icon_select-yes-left-icon avia-color-custom avia-size-large avia-position-left'  target=\"_blank\"  style='background-color:#e82221; border-color:#e82221; color:#ffffff; ' ><span class='avia_button_icon avia_button_icon_left' aria-hidden='true' data-av_icon='\ue84b' data-av_iconfont='entypo-fontello'><\/span><span class='avia_iconbox_title' >Vy\u017e\u00e1dejte si cenovou nab\u00eddku<\/span><\/a><\/div><\/p><\/div><\/div><!--close column table wrapper. Autoclose: 1 --><div class='flex_column_table av-equal-height-column-flextable -flextable' ><div class='av-flex-placeholder'><\/div><div class=\"flex_column av_three_fourth  flex_column_table_cell av-equal-height-column av-align-top av-zero-column-padding\" style='border-radius:0px; '><p><div style='padding-bottom:10px;color:#d3311f;' class='av-special-heading av-special-heading-h3 custom-color-heading'><h3 class='av-special-heading-tag'  itemprop=\"headline\"  >Slitina 2205 Nerezov\u00e1 ocel<\/h3><div class='special-heading-border'><div class='special-heading-inner-border' style='border-color:#d3311f'><\/div><\/div><\/div><br \/>\n<section class=\"av_textblock_section\"  itemscope=\"itemscope\" itemtype=\"https:\/\/schema.org\/CreativeWork\" ><div class='avia_textblock'   itemprop=\"text\" ><p>WLD Steel je p\u0159edn\u00edm v\u00fdrobcem, dodavatelem a v\u00fdvozcem duplexn\u00ed nerezov\u00e9 oceli 2205 dostupn\u00e9 v mnoha r\u016fzn\u00fdch velikostech a form\u00e1ch v\u010detn\u011b trubek, trubek, plech\u016f, desek, ty\u010d\u00ed, ty\u010d\u00ed a dal\u0161\u00edch tvar\u016f, jako je \u00fahel, kan\u00e1l, nosn\u00edk, kruh atd. na.<\/p>\n<p>T\u00edm, \u017ee obsahuj\u00ed 22% chrom a 5% nikl, jsou UNS S31803 a UNS S32205 \u010dasto ozna\u010dov\u00e1ny jako Alloy 2205. S31803 je typ n\u00edzkolegovan\u00e9 duplexn\u00ed nerezov\u00e9 oceli a S32205 je vylep\u0161en\u00e1 verze S31803 p\u0159id\u00e1n\u00edm spodn\u00edho limitu obsahu Cr Prvky Mo a N, co\u017e d\u011bl\u00e1 ten mal\u00fd rozd\u00edl v mechanick\u00fdch vlastnostech. T\u0159\u00edda 2205 nab\u00edz\u00ed vynikaj\u00edc\u00ed odolnost proti mezikrystalov\u00e9 korozi, d\u016flkov\u00e9 a \u0161t\u011brbinov\u00e9 korozi kombinovanou s odolnost\u00ed proti chloridov\u00e9mu korozn\u00edmu prask\u00e1n\u00ed p\u0159i teplot\u00e1ch 50 \u2013 300\u00baC, je \u0161iroce pou\u017e\u00edv\u00e1na v chemick\u00e9m pr\u016fmyslu, v\u00fdrob\u011b pap\u00edru, odsolovac\u00edch za\u0159\u00edzen\u00edch, protipo\u017e\u00e1rn\u00edch st\u011bn\u00e1ch, tlakov\u00fdch n\u00e1dob\u00e1ch, v\u00fdm\u011bn\u00edc\u00edch tepla , lopatky turb\u00edn a p\u0159evodov\u00e9 h\u0159\u00eddele pob\u0159e\u017en\u00edch pol\u00ed.<\/p>\n<p><strong>Jak\u00e9 jsou dostupn\u00e9 formy a specifikace oceli 2205 ve WLD Steel?<\/strong><\/p>\n<table>\n<tbody>\n<tr>\n<td width=\"170\">Plech\/deska\/c\u00edvka<\/td>\n<td width=\"170\">Beze\u0161v\u00e1 trubka\/trubka<\/td>\n<td width=\"170\">Sva\u0159ovan\u00e1 trubka\/trubka<\/td>\n<td width=\"170\">Kulat\u00fd bar<\/td>\n<td width=\"170\">Tv\u00e1\u0159en\u00e1 ocel (tvarovan\u00e1)<\/td>\n<\/tr>\n<tr>\n<td width=\"170\">JIS G4304 \/ 4305, ASTM A240<\/td>\n<td width=\"170\">ASTMA789,<\/p>\n<p>ASTM A790<\/td>\n<td width=\"170\">ASTM A928<\/td>\n<td width=\"170\">ASTM A479, ASTM A276<\/td>\n<td width=\"170\">ASTM A276<\/td>\n<\/tr>\n<\/tbody>\n<\/table>\n<\/div><\/section><br \/>\n<div class=\"togglecontainer   toggle_close_all\" >\n<section class=\"av_toggle_section\"  itemscope=\"itemscope\" itemtype=\"https:\/\/schema.org\/CreativeWork\"  >    <div class=\"single_toggle\" data-tags=\"{All} \"  >        <p data-fake-id=\"#toggle-id-1\" class=\"toggler\"  itemprop=\"headline\"  >2205 Ekvivalentn\u00ed materi\u00e1ly oceli<span class=\"toggle_icon\" >        <span class=\"vert_icon\"><\/span><span class=\"hor_icon\"><\/span><\/span><\/p>        <div id=\"toggle-id-1-container\" class=\"toggle_wrap\"  >            <div class=\"toggle_content invers-color\"  itemprop=\"text\"   ><table>\n<tbody>\n<tr>\n<td width=\"121\">UNS<\/td>\n<td width=\"121\">\u0160v\u00e9dsko<\/td>\n<td width=\"121\">JIS<\/td>\n<td width=\"121\">R\u00c1MUS<\/td>\n<td width=\"121\">BS<\/td>\n<td width=\"121\">NF<\/td>\n<td width=\"122\">GB<\/td>\n<\/tr>\n<tr>\n<td width=\"121\">S31803<\/td>\n<td width=\"121\">SS2377(<\/p>\n<p>SAF2205)<\/td>\n<td width=\"121\">329J2L<\/td>\n<td width=\"121\">1.4462<\/p>\n<p>X2Cr-NiMoN2253<\/td>\n<td width=\"121\">318S13<\/td>\n<td width=\"121\">UR45N<\/td>\n<td width=\"122\">00Cr22Ni5Mo3N<\/td>\n<\/tr>\n<\/tbody>\n<\/table>\n            <\/div>        <\/div>    <\/div><\/section>\n<section class=\"av_toggle_section\"  itemscope=\"itemscope\" itemtype=\"https:\/\/schema.org\/CreativeWork\"  >    <div class=\"single_toggle\" data-tags=\"{All} \"  >        <p data-fake-id=\"#toggle-id-2\" class=\"toggler\"  itemprop=\"headline\"  >2205 Chemick\u00e9 slo\u017een\u00ed <span class=\"toggle_icon\" >        <span class=\"vert_icon\"><\/span><span class=\"hor_icon\"><\/span><\/span><\/p>        <div id=\"toggle-id-2-container\" class=\"toggle_wrap\"  >            <div class=\"toggle_content invers-color\"  itemprop=\"text\"   ><table>\n<tbody>\n<tr>\n<td width=\"85\">Zn\u00e1mky<\/td>\n<td width=\"85\">C, max<\/td>\n<td width=\"85\">P<\/td>\n<td width=\"85\">S<\/td>\n<td width=\"85\">Si, max<\/td>\n<td width=\"85\">Mn, max<\/td>\n<td width=\"85\">N<\/td>\n<td width=\"85\">Mo<\/td>\n<td width=\"85\">Ni<\/td>\n<td width=\"85\">Cr<\/td>\n<\/tr>\n<tr>\n<td width=\"85\">S31803<\/td>\n<td width=\"85\">0.03<\/td>\n<td width=\"85\">0.03<\/td>\n<td width=\"85\">0.02<\/td>\n<td width=\"85\">1.00<\/td>\n<td width=\"85\">2.00<\/td>\n<td width=\"85\">0.08-0.2<\/td>\n<td width=\"85\">2.5-3.5<\/td>\n<td width=\"85\">4.5-6.5<\/td>\n<td width=\"85\">21.0-23.0<\/td>\n<\/tr>\n<tr>\n<td width=\"85\">S32205<\/td>\n<td width=\"85\">0.03<\/p>\n<p>max<\/td>\n<td width=\"85\">0.03<\/td>\n<td width=\"85\">0.02<\/td>\n<td width=\"85\">1.00<\/p>\n<p>max<\/td>\n<td width=\"85\">max. 2,00<\/td>\n<td width=\"85\">0.14-0.2<\/td>\n<td width=\"85\">3.0-3.5<\/td>\n<td width=\"85\">4.5-6.5<\/td>\n<td width=\"85\">22.0-23.0<\/td>\n<\/tr>\n<\/tbody>\n<\/table>\n            <\/div>        <\/div>    <\/div><\/section>\n<section class=\"av_toggle_section\"  itemscope=\"itemscope\" itemtype=\"https:\/\/schema.org\/CreativeWork\"  >    <div class=\"single_toggle\" data-tags=\"{All} \"  >        <p data-fake-id=\"#toggle-id-3\" class=\"toggler\"  itemprop=\"headline\"  >2205 Mechanick\u00e9 vlastnosti<span class=\"toggle_icon\" >        <span class=\"vert_icon\"><\/span><span class=\"hor_icon\"><\/span><\/span><\/p>        <div id=\"toggle-id-3-container\" class=\"toggle_wrap\"  >            <div class=\"toggle_content invers-color\"  itemprop=\"text\"   ><table>\n<tbody>\n<tr>\n<td width=\"213\">Zn\u00e1mky<\/td>\n<td width=\"213\">Pevnost v tahu<\/p>\n<p>min, Mpa<\/td>\n<td width=\"213\">Mez kluzu<\/p>\n<p>0,21 TP3T offset, min, Mpa<\/td>\n<td width=\"213\">Prodlou\u017een\u00ed, A5%<\/td>\n<\/tr>\n<tr>\n<td width=\"213\">S31803<\/td>\n<td width=\"213\">620<\/td>\n<td width=\"213\">450<\/td>\n<td width=\"213\">25<\/td>\n<\/tr>\n<tr>\n<td width=\"213\">S32205<\/td>\n<td width=\"213\">655<\/td>\n<td width=\"213\">450<\/td>\n<td width=\"213\">25<\/td>\n<\/tr>\n<\/tbody>\n<\/table>\n            <\/div>        <\/div>    <\/div><\/section>\n<\/div><\/p><\/div><\/div><!--close column table wrapper. Autoclose: 1 --><\/p>","protected":false},"excerpt":{"rendered":"","protected":false},"author":1,"featured_media":0,"parent":1432,"menu_order":0,"comment_status":"closed","ping_status":"closed","template":"","meta":{"footnotes":""},"class_list":["post-1563","page","type-page","status-publish","hentry"],"aioseo_notices":[],"_links":{"self":[{"href":"https:\/\/wldstainless.com\/cs\/wp-json\/wp\/v2\/pages\/1563","targetHints":{"allow":["GET"]}}],"collection":[{"href":"https:\/\/wldstainless.com\/cs\/wp-json\/wp\/v2\/pages"}],"about":[{"href":"https:\/\/wldstainless.com\/cs\/wp-json\/wp\/v2\/types\/page"}],"author":[{"embeddable":true,"href":"https:\/\/wldstainless.com\/cs\/wp-json\/wp\/v2\/users\/1"}],"replies":[{"embeddable":true,"href":"https:\/\/wldstainless.com\/cs\/wp-json\/wp\/v2\/comments?post=1563"}],"version-history":[{"count":5,"href":"https:\/\/wldstainless.com\/cs\/wp-json\/wp\/v2\/pages\/1563\/revisions"}],"predecessor-version":[{"id":1907,"href":"https:\/\/wldstainless.com\/cs\/wp-json\/wp\/v2\/pages\/1563\/revisions\/1907"}],"up":[{"embeddable":true,"href":"https:\/\/wldstainless.com\/cs\/wp-json\/wp\/v2\/pages\/1432"}],"wp:attachment":[{"href":"https:\/\/wldstainless.com\/cs\/wp-json\/wp\/v2\/media?parent=1563"}],"curies":[{"name":"wp","href":"https:\/\/api.w.org\/{rel}","templated":true}]}}