{"id":1544,"date":"2020-08-21T01:43:23","date_gmt":"2020-08-21T01:43:23","guid":{"rendered":"http:\/\/wldstainless.com\/?page_id=1544"},"modified":"2020-09-18T09:35:27","modified_gmt":"2020-09-18T09:35:27","slug":"15-5ph-stainless-steel","status":"publish","type":"page","link":"https:\/\/wldstainless.com\/cs\/materials\/martensitic-stainless-steel\/15-5ph-stainless-steel\/","title":{"rendered":"15-5PH z nerezov\u00e9 oceli"},"content":{"rendered":"<div class='flex_column_table av-equal-height-column-flextable -flextable' ><div class=\"flex_column av_one_fourth  flex_column_table_cell av-equal-height-column av-align-top av-zero-column-padding first\" style='border-radius:0px; '><p><div class='avia-builder-widget-area clearfix'><div id=\"nav_menu-5\" class=\"widget clearfix widget_nav_menu\"><h3 class=\"widgettitle\">Materi\u00e1l<\/h3><div class=\"menu-products-sidebar-menu-container\"><ul id=\"menu-products-sidebar-menu\" class=\"menu\"><li id=\"menu-item-1329\" class=\"menu-item menu-item-type-post_type menu-item-object-page menu-item-1329\"><a href=\"https:\/\/wldstainless.com\/cs\/materials\/ferritic-stainless-steel\/\">Feritick\u00e1 nerezov\u00e1 ocel<\/a><\/li>\n<li id=\"menu-item-1328\" class=\"menu-item menu-item-type-post_type menu-item-object-page menu-item-1328\"><a href=\"https:\/\/wldstainless.com\/cs\/materials\/martensitic-stainless-steel\/\">Martenzitick\u00e1 nerezov\u00e1 ocel<\/a><\/li>\n<li id=\"menu-item-1327\" class=\"menu-item menu-item-type-post_type menu-item-object-page menu-item-1327\"><a href=\"https:\/\/wldstainless.com\/cs\/materials\/austenitic-stainless-steel\/\">Austenitick\u00e1 nerezov\u00e1 ocel<\/a><\/li>\n<li id=\"menu-item-1889\" class=\"menu-item menu-item-type-post_type menu-item-object-page menu-item-1889\"><a href=\"https:\/\/wldstainless.com\/cs\/materials\/duplex-stainless-steel\/\">Duplex z nerezov\u00e9 oceli<\/a><\/li>\n<\/ul><\/div><\/div><\/div><br \/>\n<div  class='hr hr-default'><span class='hr-inner' ><span class='hr-inner-style'><\/span><\/span><\/div><br \/>\n<div class='avia-button-wrap avia-button-left'><a href='http:\/\/wldstainless.com\/contact\/#contact' class='avia-button   avia-icon_select-yes-left-icon avia-color-custom avia-size-large avia-position-left'  target=\"_blank\"  style='background-color:#e82221; border-color:#e82221; color:#ffffff; ' ><span class='avia_button_icon avia_button_icon_left' aria-hidden='true' data-av_icon='\ue84b' data-av_iconfont='entypo-fontello'><\/span><span class='avia_iconbox_title' >Vy\u017e\u00e1dejte si cenovou nab\u00eddku<\/span><\/a><\/div><\/p><\/div><\/div><!--close column table wrapper. Autoclose: 1 --><div class='flex_column_table av-equal-height-column-flextable -flextable' ><div class='av-flex-placeholder'><\/div><div class=\"flex_column av_three_fourth  flex_column_table_cell av-equal-height-column av-align-top av-zero-column-padding\" style='border-radius:0px; '><p><div style='padding-bottom:10px;color:#d3311f;font-size:26px;' class='av-special-heading av-special-heading-h3 custom-color-heading blockquote modern-quote   av-inherit-size'><h3 class='av-special-heading-tag'  itemprop=\"headline\"  >15-5PH z nerezov\u00e9 oceli<\/h3><div class='special-heading-border'><div class='special-heading-inner-border' style='border-color:#d3311f'><\/div><\/div><\/div><br \/>\n<section class=\"av_textblock_section\"  itemscope=\"itemscope\" itemtype=\"https:\/\/schema.org\/CreativeWork\" ><div class='avia_textblock'   itemprop=\"text\" ><p>WLD Steel je p\u0159edn\u00edm v\u00fdrobcem, dodavatelem a v\u00fdvozcem nerezov\u00e9 oceli 15-5 PH dostupn\u00e9 v mnoha r\u016fzn\u00fdch velikostech a tvarech v\u010detn\u011b ty\u010d\u00ed, plech\u016f a dr\u00e1t\u016f. Skladujeme hlavn\u011b 15-5 ve stavu \u017e\u00edh\u00e1n\u00ed. 15-5 PH je precipita\u010dn\u011b kaliteln\u00e1 martenzitick\u00e1 nerezov\u00e1 ocel, kter\u00e1 byla vyvinuta na b\u00e1zi oceli 17-4PH a je bezferitovou verz\u00ed nerezov\u00e9 oceli typu 17-4 PH. Poskytuje vysokou pevnost, dobrou odolnost proti korozi, dobr\u00e9 mechanick\u00e9 vlastnosti a hou\u017eevnatost. M\u00e1 podobn\u00e9 pou\u017eit\u00ed s ocel\u00ed 17-4 PH, ob\u011b lze pou\u017e\u00edt tam, kde se vy\u017eaduje lep\u0161\u00ed odolnost proti korozi a p\u0159\u00ed\u010dn\u00e9 vlastnosti, jako je leteck\u00fd, chemick\u00fd, petrochemick\u00fd, potravin\u00e1\u0159sk\u00fd, pap\u00edrensk\u00fd a obecn\u00fd kovod\u011bln\u00fd pr\u016fmysl.<\/p>\n<p><strong>Jak\u00e9 formy nerezov\u00e9 oceli 15-5 PH jsou dostupn\u00e9 u WLD Steel?<\/strong><\/p>\n<ul>\n<li>List\/Plate: ASTM A 693 \/ ASME SA 693<\/li>\n<li>Kruhov\u00e1 ty\u010d: ASTM A 564\/ASME SA 564<\/li>\n<\/ul>\n<\/div><\/section><br \/>\n<div class=\"togglecontainer   toggle_close_all\" >\n<section class=\"av_toggle_section\"  itemscope=\"itemscope\" itemtype=\"https:\/\/schema.org\/CreativeWork\"  >    <div class=\"single_toggle\" data-tags=\"{All} \"  >        <p data-fake-id=\"#toggle-id-1\" class=\"toggler\"  itemprop=\"headline\"  style='background-color: #d3311f; '>Ekvivalentn\u00ed oceli 15-5PH<span class=\"toggle_icon\" >        <span class=\"vert_icon\"><\/span><span class=\"hor_icon\"><\/span><\/span><\/p>        <div id=\"toggle-id-1-container\" class=\"toggle_wrap\"  >            <div class=\"toggle_content invers-color\"  itemprop=\"text\"  style='background-color: #d3311f; ' ><table>\n<tbody>\n<tr>\n<td width=\"142\">Standard<\/td>\n<td width=\"142\">UNS<\/td>\n<td width=\"142\">ASTM<\/td>\n<td width=\"142\">R\u00c1MUS<\/td>\n<td width=\"142\">EN<\/td>\n<td width=\"142\">GB<\/td>\n<\/tr>\n<tr>\n<td width=\"142\">Ocel 15-5 PH<\/td>\n<td width=\"142\">\u00a0S15500<\/td>\n<td width=\"142\">XM-12<\/td>\n<td width=\"142\">1.4545<\/td>\n<td width=\"142\">X5CrNiCuNb15-5-4<\/td>\n<td width=\"142\">0Cr15Ni5Cu3Nb<\/td>\n<\/tr>\n<\/tbody>\n<\/table>\n            <\/div>        <\/div>    <\/div><\/section>\n<section class=\"av_toggle_section\"  itemscope=\"itemscope\" itemtype=\"https:\/\/schema.org\/CreativeWork\"  >    <div class=\"single_toggle\" data-tags=\"{All} \"  >        <p data-fake-id=\"#toggle-id-2\" class=\"toggler\"  itemprop=\"headline\"  style='background-color: #d3311f; '>Chemick\u00e9 slo\u017een\u00ed oceli 15-5PH<span class=\"toggle_icon\" >        <span class=\"vert_icon\"><\/span><span class=\"hor_icon\"><\/span><\/span><\/p>        <div id=\"toggle-id-2-container\" class=\"toggle_wrap\"  >            <div class=\"toggle_content invers-color\"  itemprop=\"text\"  style='background-color: #d3311f; ' ><table>\n<tbody>\n<tr>\n<td width=\"94\">C<\/td>\n<td width=\"94\">Cr<\/td>\n<td width=\"94\">Cu<\/td>\n<td width=\"94\">Mn<\/td>\n<td width=\"94\">Ni<\/td>\n<td width=\"94\">Nb<\/td>\n<td width=\"94\">P<\/td>\n<td width=\"94\">S<\/td>\n<td width=\"94\">Si<\/td>\n<\/tr>\n<tr>\n<td width=\"94\">max. 0,07<\/td>\n<td width=\"94\">14-\u00a015.5<\/td>\n<td width=\"94\">2.5 &#8211; 4.5<\/td>\n<td width=\"94\">1 max<\/td>\n<td width=\"94\">3.5 &#8211; 5.5<\/td>\n<td width=\"94\">0.15-\u00a00.45<\/td>\n<td width=\"94\">max. 0,04<\/td>\n<td width=\"94\">max. 0,03<\/td>\n<td width=\"94\">1 max<\/td>\n<\/tr>\n<\/tbody>\n<\/table>\n            <\/div>        <\/div>    <\/div><\/section>\n<section class=\"av_toggle_section\"  itemscope=\"itemscope\" itemtype=\"https:\/\/schema.org\/CreativeWork\"  >    <div class=\"single_toggle\" data-tags=\"{All} \"  >        <p data-fake-id=\"#toggle-id-3\" class=\"toggler\"  itemprop=\"headline\"  style='background-color: #d3311f; '>Mechanick\u00e9 vlastnosti oceli 15-5PH<span class=\"toggle_icon\" >        <span class=\"vert_icon\"><\/span><span class=\"hor_icon\"><\/span><\/span><\/p>        <div id=\"toggle-id-3-container\" class=\"toggle_wrap\"  >            <div class=\"toggle_content invers-color\"  itemprop=\"text\"  style='background-color: #d3311f; ' ><table>\n<tbody>\n<tr>\n<td width=\"170\">Stav<\/td>\n<td width=\"170\">Pevnost v tahu (psi)<\/td>\n<td width=\"170\">Mez kluzu (psi)<\/td>\n<td width=\"170\">Prodlou\u017een\u00ed (ve 2 palc\u00edch) %)<\/td>\n<td width=\"170\">Tvrdost, HBW<\/td>\n<\/tr>\n<tr>\n<td width=\"170\">H900 st\u00e1\u0159\u00ed<\/td>\n<td width=\"170\">190,000<\/td>\n<td width=\"170\">170,000<\/td>\n<td width=\"170\">6<\/td>\n<td width=\"170\">388<\/td>\n<\/tr>\n<tr>\n<td width=\"170\">H1025 star\u00fd<\/td>\n<td width=\"170\">155,000<\/td>\n<td width=\"170\">125,000<\/td>\n<td width=\"170\">8<\/td>\n<td width=\"170\">331<\/td>\n<\/tr>\n<tr>\n<td width=\"170\">H1075 star\u00fd<\/td>\n<td width=\"170\">145,000<\/td>\n<td width=\"170\">125,000<\/td>\n<td width=\"170\">9<\/td>\n<td width=\"170\">311<\/td>\n<\/tr>\n<tr>\n<td width=\"170\">H1150 star\u00fd<\/td>\n<td width=\"170\">135,000<\/td>\n<td width=\"170\">105,000<\/td>\n<td width=\"170\">11<\/td>\n<td width=\"170\">277<\/td>\n<\/tr>\n<\/tbody>\n<\/table>\n            <\/div>        <\/div>    <\/div><\/section>\n<\/div><\/p><\/div><\/div><!--close column table wrapper. Autoclose: 1 --><\/p>","protected":false},"excerpt":{"rendered":"","protected":false},"author":1,"featured_media":0,"parent":1321,"menu_order":0,"comment_status":"closed","ping_status":"closed","template":"","meta":{"footnotes":""},"class_list":["post-1544","page","type-page","status-publish","hentry"],"aioseo_notices":[],"_links":{"self":[{"href":"https:\/\/wldstainless.com\/cs\/wp-json\/wp\/v2\/pages\/1544","targetHints":{"allow":["GET"]}}],"collection":[{"href":"https:\/\/wldstainless.com\/cs\/wp-json\/wp\/v2\/pages"}],"about":[{"href":"https:\/\/wldstainless.com\/cs\/wp-json\/wp\/v2\/types\/page"}],"author":[{"embeddable":true,"href":"https:\/\/wldstainless.com\/cs\/wp-json\/wp\/v2\/users\/1"}],"replies":[{"embeddable":true,"href":"https:\/\/wldstainless.com\/cs\/wp-json\/wp\/v2\/comments?post=1544"}],"version-history":[{"count":6,"href":"https:\/\/wldstainless.com\/cs\/wp-json\/wp\/v2\/pages\/1544\/revisions"}],"predecessor-version":[{"id":1918,"href":"https:\/\/wldstainless.com\/cs\/wp-json\/wp\/v2\/pages\/1544\/revisions\/1918"}],"up":[{"embeddable":true,"href":"https:\/\/wldstainless.com\/cs\/wp-json\/wp\/v2\/pages\/1321"}],"wp:attachment":[{"href":"https:\/\/wldstainless.com\/cs\/wp-json\/wp\/v2\/media?parent=1544"}],"curies":[{"name":"wp","href":"https:\/\/api.w.org\/{rel}","templated":true}]}}