{"id":1538,"date":"2020-08-20T07:18:44","date_gmt":"2020-08-20T07:18:44","guid":{"rendered":"http:\/\/wldstainless.com\/?page_id=1538"},"modified":"2020-09-18T09:48:19","modified_gmt":"2020-09-18T09:48:19","slug":"431-stainless-steel","status":"publish","type":"page","link":"https:\/\/wldstainless.com\/cs\/materials\/martensitic-stainless-steel\/431-stainless-steel\/","title":{"rendered":"431 Nerezov\u00e1 ocel"},"content":{"rendered":"<div class='flex_column_table av-equal-height-column-flextable -flextable' ><div class=\"flex_column av_one_fourth  flex_column_table_cell av-equal-height-column av-align-top av-zero-column-padding first\" style='border-radius:0px; '><p><div class='avia-builder-widget-area clearfix'><div id=\"nav_menu-5\" class=\"widget clearfix widget_nav_menu\"><h3 class=\"widgettitle\">Materi\u00e1l<\/h3><div class=\"menu-products-sidebar-menu-container\"><ul id=\"menu-products-sidebar-menu\" class=\"menu\"><li id=\"menu-item-1329\" class=\"menu-item menu-item-type-post_type menu-item-object-page menu-item-1329\"><a href=\"https:\/\/wldstainless.com\/cs\/materials\/ferritic-stainless-steel\/\">Feritick\u00e1 nerezov\u00e1 ocel<\/a><\/li>\n<li id=\"menu-item-1328\" class=\"menu-item menu-item-type-post_type menu-item-object-page menu-item-1328\"><a href=\"https:\/\/wldstainless.com\/cs\/materials\/martensitic-stainless-steel\/\">Martenzitick\u00e1 nerezov\u00e1 ocel<\/a><\/li>\n<li id=\"menu-item-1327\" class=\"menu-item menu-item-type-post_type menu-item-object-page menu-item-1327\"><a href=\"https:\/\/wldstainless.com\/cs\/materials\/austenitic-stainless-steel\/\">Austenitick\u00e1 nerezov\u00e1 ocel<\/a><\/li>\n<li id=\"menu-item-1889\" class=\"menu-item menu-item-type-post_type menu-item-object-page menu-item-1889\"><a href=\"https:\/\/wldstainless.com\/cs\/materials\/duplex-stainless-steel\/\">Duplex z nerezov\u00e9 oceli<\/a><\/li>\n<\/ul><\/div><\/div><\/div><br \/>\n<div  class='hr hr-default'><span class='hr-inner' ><span class='hr-inner-style'><\/span><\/span><\/div><br \/>\n<div class='avia-button-wrap avia-button-left'><a href='http:\/\/wldstainless.com\/contact\/#contact' class='avia-button   avia-icon_select-yes-left-icon avia-color-custom avia-size-large avia-position-left'  target=\"_blank\"  style='background-color:#e82221; border-color:#e82221; color:#ffffff; ' ><span class='avia_button_icon avia_button_icon_left' aria-hidden='true' data-av_icon='\ue84b' data-av_iconfont='entypo-fontello'><\/span><span class='avia_iconbox_title' >Vy\u017e\u00e1dejte si cenovou nab\u00eddku<\/span><\/a><\/div><\/p><\/div><\/div><!--close column table wrapper. Autoclose: 1 -->\n<div class='flex_column_table av-equal-height-column-flextable -flextable' ><div class='av-flex-placeholder'><\/div><div class=\"flex_column av_three_fourth  flex_column_table_cell av-equal-height-column av-align-top av-zero-column-padding\" style='border-radius:0px; '><p><div style='padding-bottom:10px;color:#d3311f;font-size:26px;' class='av-special-heading av-special-heading-h3 custom-color-heading blockquote modern-quote   av-inherit-size'><h3 class='av-special-heading-tag'  itemprop=\"headline\"  >431 Nerezov\u00e1 ocel <\/h3><div class='special-heading-border'><div class='special-heading-inner-border' style='border-color:#d3311f'><\/div><\/div><\/div><br \/>\n<section class=\"av_textblock_section\"  itemscope=\"itemscope\" itemtype=\"https:\/\/schema.org\/CreativeWork\" ><div class='avia_textblock'   itemprop=\"text\" ><p>WLD Steel je p\u0159edn\u00edm v\u00fdrobcem, dodavatelem a v\u00fdvozcem nerezov\u00e9 oceli 431 dostupn\u00e9 v mnoha r\u016fzn\u00fdch velikostech a tvarech v\u010detn\u011b ty\u010d\u00ed, ty\u010d\u00ed, plech\u016f a desek. Nerezov\u00e1 ocel 431 je druh martenzitick\u00e9 nerezov\u00e9 oceli s vysok\u00fdm obsahem chr\u00f3mu a n\u00edzk\u00fdm obsahem niklu. Vyzna\u010duje se vysokou prokalitelnost\u00ed a dobrou korozn\u00ed odolnost\u00ed v\u016f\u010di organick\u00fdm materi\u00e1l\u016fm, kyselin\u011b dusi\u010dn\u00e9 a ropn\u00fdm produkt\u016fm. Tvrdost 431 m\u016f\u017ee b\u00fdt a\u017e p\u0159ibli\u017en\u011b 40 HRC p\u0159i kalen\u00ed a popou\u0161t\u011bn\u00ed, to z\u00e1vis\u00ed na obsahu uhl\u00edku a velikosti pr\u016f\u0159ezu. Nerezov\u00e1 ocel 431 byla pou\u017eita pro sou\u010d\u00e1sti letadel, \u010d\u00e1sti \u010derpadel a ventil\u016f, \u0161rouby a matice, spojovac\u00ed prvky, svorn\u00edky atd.<\/p>\n<p><strong>Jak\u00e9 jsou 431 dostupn\u00fdch forem a specifikac\u00ed u WLD Steel?<\/strong><\/p>\n<ul>\n<li>List\/deska\/svitek: ASTM A240, ASTM A480<\/li>\n<li>Kruhov\u00e1 ty\u010d: ASTM A276, ASTM A479<\/li>\n<\/ul>\n<\/div><\/section><br \/>\n<div class=\"togglecontainer   toggle_close_all\" >\n<section class=\"av_toggle_section\"  itemscope=\"itemscope\" itemtype=\"https:\/\/schema.org\/CreativeWork\"  >    <div class=\"single_toggle\" data-tags=\"{All} \"  >        <p data-fake-id=\"#toggle-id-1\" class=\"toggler\"  itemprop=\"headline\"  >431 ekvivalentn\u00edch zn\u00e1mek<span class=\"toggle_icon\" >        <span class=\"vert_icon\"><\/span><span class=\"hor_icon\"><\/span><\/span><\/p>        <div id=\"toggle-id-1-container\" class=\"toggle_wrap\"  >            <div class=\"toggle_content invers-color\"  itemprop=\"text\"   ><table>\n<tbody>\n<tr>\n<td width=\"121\">Standard<\/td>\n<td width=\"121\">SAE<\/td>\n<td width=\"121\">UNS<\/td>\n<td width=\"121\">JIS<\/td>\n<td width=\"121\">R\u00c1MUS<\/td>\n<td width=\"121\">EN<\/td>\n<td width=\"121\">GB<\/td>\n<\/tr>\n<tr>\n<td width=\"121\">431<\/td>\n<td width=\"121\">51440A<\/td>\n<td width=\"121\">S43100<\/td>\n<td width=\"121\">SUS431<\/td>\n<td width=\"121\">1.4057<\/td>\n<td width=\"121\">X22CrNi17<\/td>\n<td width=\"121\">1Cr17Ni2C<\/td>\n<\/tr>\n<\/tbody>\n<\/table>\n            <\/div>        <\/div>    <\/div><\/section>\n<section class=\"av_toggle_section\"  itemscope=\"itemscope\" itemtype=\"https:\/\/schema.org\/CreativeWork\"  >    <div class=\"single_toggle\" data-tags=\"{All} \"  >        <p data-fake-id=\"#toggle-id-2\" class=\"toggler\"  itemprop=\"headline\"  >431 Chemick\u00e9 slo\u017een\u00ed<span class=\"toggle_icon\" >        <span class=\"vert_icon\"><\/span><span class=\"hor_icon\"><\/span><\/span><\/p>        <div id=\"toggle-id-2-container\" class=\"toggle_wrap\"  >            <div class=\"toggle_content invers-color\"  itemprop=\"text\"   ><table>\n<tbody>\n<tr>\n<td width=\"121\">C<\/td>\n<td width=\"121\">Si<\/td>\n<td width=\"121\">Mu\u017e<\/td>\n<td width=\"121\">Ni<\/td>\n<td width=\"121\">Cr<\/td>\n<td width=\"121\">P<\/td>\n<td width=\"121\">S<\/td>\n<\/tr>\n<tr>\n<td width=\"121\">0.12-0.20<\/td>\n<td width=\"121\">1.00<\/td>\n<td width=\"121\">1.00<\/td>\n<td width=\"121\">1.25-3.00<\/td>\n<td width=\"121\">15.00-18.00<\/td>\n<td width=\"121\">0.04<\/td>\n<td width=\"121\">0.03<\/td>\n<\/tr>\n<\/tbody>\n<\/table>\n            <\/div>        <\/div>    <\/div><\/section>\n<section class=\"av_toggle_section\"  itemscope=\"itemscope\" itemtype=\"https:\/\/schema.org\/CreativeWork\"  >    <div class=\"single_toggle\" data-tags=\"{All} \"  >        <p data-fake-id=\"#toggle-id-3\" class=\"toggler\"  itemprop=\"headline\"  >431 Mechanick\u00e9 vlastnosti<span class=\"toggle_icon\" >        <span class=\"vert_icon\"><\/span><span class=\"hor_icon\"><\/span><\/span><\/p>        <div id=\"toggle-id-3-container\" class=\"toggle_wrap\"  >            <div class=\"toggle_content invers-color\"  itemprop=\"text\"   ><table>\n<tbody>\n<tr>\n<td width=\"116\">Zn\u00e1mky<\/td>\n<td width=\"162\">Pevnost v tahu (Mpa)<\/td>\n<td width=\"190\">Mez kluzu 0,21 TP3T offsetu (Mpa)<\/td>\n<td width=\"214\">Prodlou\u017een\u00ed, % v 2\u2033 (51 mm)<\/td>\n<td width=\"160\">Tvrdost, HB<\/td>\n<\/tr>\n<tr>\n<td width=\"116\">431<\/td>\n<td width=\"162\">850 &#8211; 1000<\/td>\n<td width=\"190\">665 min<\/td>\n<td width=\"214\">12 min<\/td>\n<td width=\"160\">248 &#8211; 302<\/td>\n<\/tr>\n<\/tbody>\n<\/table>\n            <\/div>        <\/div>    <\/div><\/section>\n<\/div><\/p><\/div><\/div><!--close column table wrapper. Autoclose: 1 -->","protected":false},"excerpt":{"rendered":"","protected":false},"author":1,"featured_media":0,"parent":1321,"menu_order":0,"comment_status":"closed","ping_status":"closed","template":"","meta":{"footnotes":""},"class_list":["post-1538","page","type-page","status-publish","hentry"],"aioseo_notices":[],"_links":{"self":[{"href":"https:\/\/wldstainless.com\/cs\/wp-json\/wp\/v2\/pages\/1538","targetHints":{"allow":["GET"]}}],"collection":[{"href":"https:\/\/wldstainless.com\/cs\/wp-json\/wp\/v2\/pages"}],"about":[{"href":"https:\/\/wldstainless.com\/cs\/wp-json\/wp\/v2\/types\/page"}],"author":[{"embeddable":true,"href":"https:\/\/wldstainless.com\/cs\/wp-json\/wp\/v2\/users\/1"}],"replies":[{"embeddable":true,"href":"https:\/\/wldstainless.com\/cs\/wp-json\/wp\/v2\/comments?post=1538"}],"version-history":[{"count":6,"href":"https:\/\/wldstainless.com\/cs\/wp-json\/wp\/v2\/pages\/1538\/revisions"}],"predecessor-version":[{"id":1922,"href":"https:\/\/wldstainless.com\/cs\/wp-json\/wp\/v2\/pages\/1538\/revisions\/1922"}],"up":[{"embeddable":true,"href":"https:\/\/wldstainless.com\/cs\/wp-json\/wp\/v2\/pages\/1321"}],"wp:attachment":[{"href":"https:\/\/wldstainless.com\/cs\/wp-json\/wp\/v2\/media?parent=1538"}],"curies":[{"name":"wp","href":"https:\/\/api.w.org\/{rel}","templated":true}]}}