{"id":1533,"date":"2020-08-20T06:28:36","date_gmt":"2020-08-20T06:28:36","guid":{"rendered":"http:\/\/wldstainless.com\/?page_id=1533"},"modified":"2020-09-18T09:34:52","modified_gmt":"2020-09-18T09:34:52","slug":"446-stainless-steel","status":"publish","type":"page","link":"https:\/\/wldstainless.com\/cs\/materials\/ferritic-stainless-steel\/446-stainless-steel\/","title":{"rendered":"446 Nerezov\u00e1 ocel"},"content":{"rendered":"<div class='flex_column_table av-equal-height-column-flextable -flextable' ><div class=\"flex_column av_one_fourth  flex_column_table_cell av-equal-height-column av-align-top av-zero-column-padding first\" style='border-radius:0px; '><p><div class='avia-builder-widget-area clearfix'><div id=\"nav_menu-5\" class=\"widget clearfix widget_nav_menu\"><h3 class=\"widgettitle\">Materi\u00e1l<\/h3><div class=\"menu-products-sidebar-menu-container\"><ul id=\"menu-products-sidebar-menu\" class=\"menu\"><li id=\"menu-item-1329\" class=\"menu-item menu-item-type-post_type menu-item-object-page menu-item-1329\"><a href=\"https:\/\/wldstainless.com\/cs\/materials\/ferritic-stainless-steel\/\">Feritick\u00e1 nerezov\u00e1 ocel<\/a><\/li>\n<li id=\"menu-item-1328\" class=\"menu-item menu-item-type-post_type menu-item-object-page menu-item-1328\"><a href=\"https:\/\/wldstainless.com\/cs\/materials\/martensitic-stainless-steel\/\">Martenzitick\u00e1 nerezov\u00e1 ocel<\/a><\/li>\n<li id=\"menu-item-1327\" class=\"menu-item menu-item-type-post_type menu-item-object-page menu-item-1327\"><a href=\"https:\/\/wldstainless.com\/cs\/materials\/austenitic-stainless-steel\/\">Austenitick\u00e1 nerezov\u00e1 ocel<\/a><\/li>\n<li id=\"menu-item-1889\" class=\"menu-item menu-item-type-post_type menu-item-object-page menu-item-1889\"><a href=\"https:\/\/wldstainless.com\/cs\/materials\/duplex-stainless-steel\/\">Duplex z nerezov\u00e9 oceli<\/a><\/li>\n<\/ul><\/div><\/div><\/div><br \/>\n<div  class='hr hr-default'><span class='hr-inner' ><span class='hr-inner-style'><\/span><\/span><\/div><br \/>\n<div class='avia-button-wrap avia-button-left'><a href='http:\/\/wldstainless.com\/contact\/#contact' class='avia-button   avia-icon_select-yes-left-icon avia-color-custom avia-size-large avia-position-left'  target=\"_blank\"  style='background-color:#e82221; border-color:#e82221; color:#ffffff; ' ><span class='avia_button_icon avia_button_icon_left' aria-hidden='true' data-av_icon='\ue84b' data-av_iconfont='entypo-fontello'><\/span><span class='avia_iconbox_title' >Vy\u017e\u00e1dejte si cenovou nab\u00eddku<\/span><\/a><\/div><\/p><\/div><\/div><!--close column table wrapper. Autoclose: 1 --><div class='flex_column_table av-equal-height-column-flextable -flextable' ><div class='av-flex-placeholder'><\/div><div class=\"flex_column av_three_fourth  flex_column_table_cell av-equal-height-column av-align-top av-zero-column-padding\" style='border-radius:0px; '><p><div style='padding-bottom:10px;color:#d3311f;font-size:26px;' class='av-special-heading av-special-heading-h3 custom-color-heading blockquote modern-quote   av-inherit-size'><h3 class='av-special-heading-tag'  itemprop=\"headline\"  >446 Nerezov\u00e1 ocel<\/h3><div class='special-heading-border'><div class='special-heading-inner-border' style='border-color:#d3311f'><\/div><\/div><\/div><br \/>\n<section class=\"av_textblock_section\"  itemscope=\"itemscope\" itemtype=\"https:\/\/schema.org\/CreativeWork\" ><div class='avia_textblock'   itemprop=\"text\" ><p>WLD Steel je p\u0159edn\u00ed v\u00fdrobce, dodavatel a v\u00fdvozce nerezov\u00e9 oceli 446 dostupn\u00e9 v r\u016fzn\u00fdch velikostech a tvarech v\u010detn\u011b ty\u010d\u00ed, ty\u010d\u00ed a sochor\u016f. Nerezov\u00e1 ocel 446 obsahuje vysokou \u00farove\u0148 molybdenu a chr\u00f3mu, a proto vykazuje vysokou odolnost v\u016f\u010di korozi i oxidaci, je zn\u00e1m\u00e1 jako \u201esuperferitov\u00e1 nerezov\u00e1 ocel\u201c spolu s nerezovou ocel\u00ed 447. B\u011b\u017en\u011b se pou\u017e\u00edv\u00e1 tam, kde vy\u017eaduje vynikaj\u00edc\u00ed odolnost proti korozi a vysok\u00fdm teplot\u00e1m, jako jsou ho\u0159\u00e1ky, sou\u010d\u00e1sti kotl\u016f a dal\u0161\u00ed tepeln\u00e9 aplikace.<\/p>\n<p><strong>Jak\u00fdch 446 formul\u00e1\u0159\u016f je u WLD Steel k dispozici?<\/strong><\/p>\n<ul>\n<li>List\/Plate\/Coil: ASTM A240, ASTM A480<\/li>\n<li>Kruhov\u00e1 ty\u010d: ASTM A276, ASTM A479<\/li>\n<\/ul>\n<\/div><\/section><br \/>\n<div class=\"togglecontainer   toggle_close_all\" >\n<section class=\"av_toggle_section\"  itemscope=\"itemscope\" itemtype=\"https:\/\/schema.org\/CreativeWork\"  >    <div class=\"single_toggle\" data-tags=\"{All} \"  >        <p data-fake-id=\"#toggle-id-1\" class=\"toggler\"  itemprop=\"headline\"  >446 ekvivalentn\u00edch zn\u00e1mek<span class=\"toggle_icon\" >        <span class=\"vert_icon\"><\/span><span class=\"hor_icon\"><\/span><\/span><\/p>        <div id=\"toggle-id-1-container\" class=\"toggle_wrap\"  >            <div class=\"toggle_content invers-color\"  itemprop=\"text\"   ><table>\n<tbody>\n<tr>\n<td width=\"121\">Standard<\/td>\n<td width=\"121\">SAE<\/td>\n<td width=\"121\">UNS<\/td>\n<td width=\"121\">JIS<\/td>\n<td width=\"121\">R\u00c1MUS<\/td>\n<td width=\"121\">EN<\/td>\n<td width=\"121\">GB<\/td>\n<\/tr>\n<tr>\n<td width=\"121\">446<\/td>\n<td width=\"121\">51446<\/td>\n<td width=\"121\">S44600<\/td>\n<td width=\"121\">\/<\/td>\n<td width=\"121\">1.4762 \/ 1.4763<\/td>\n<td width=\"121\">X10CrAlSi25 \/ X10CrAlSi24<\/td>\n<td width=\"121\">1Cr25Ti<\/td>\n<\/tr>\n<\/tbody>\n<\/table>\n            <\/div>        <\/div>    <\/div><\/section>\n<section class=\"av_toggle_section\"  itemscope=\"itemscope\" itemtype=\"https:\/\/schema.org\/CreativeWork\"  >    <div class=\"single_toggle\" data-tags=\"{All} \"  >        <p data-fake-id=\"#toggle-id-2\" class=\"toggler\"  itemprop=\"headline\"  >446 Chemick\u00e9 slo\u017een\u00ed<span class=\"toggle_icon\" >        <span class=\"vert_icon\"><\/span><span class=\"hor_icon\"><\/span><\/span><\/p>        <div id=\"toggle-id-2-container\" class=\"toggle_wrap\"  >            <div class=\"toggle_content invers-color\"  itemprop=\"text\"   ><table>\n<tbody>\n<tr>\n<td width=\"85\">C<\/td>\n<td width=\"85\">Mn<\/td>\n<td width=\"85\">P<\/td>\n<td width=\"85\">S<\/td>\n<td width=\"85\">Si<\/td>\n<td width=\"85\">Ni<\/td>\n<td width=\"85\">Cr<\/td>\n<td width=\"85\">Mo<\/td>\n<td width=\"85\">N<\/td>\n<td width=\"85\">Ti + CB<\/td>\n<\/tr>\n<tr>\n<td width=\"85\">0.030<\/td>\n<td width=\"85\">1,0 max<\/td>\n<td width=\"85\">0,040 max<\/td>\n<td width=\"85\">max. 0,030<\/td>\n<td width=\"85\">1,0 max<\/td>\n<td width=\"85\">1,0 \u2013 3,50<\/td>\n<td width=\"85\">25.0 \u2013 28.0<\/td>\n<td width=\"85\">3,0 \u2013 4,0<\/td>\n<td width=\"85\">0.040<\/td>\n<td width=\"85\">0,20 \u2013 1,0<\/td>\n<\/tr>\n<\/tbody>\n<\/table>\n            <\/div>        <\/div>    <\/div><\/section>\n<section class=\"av_toggle_section\"  itemscope=\"itemscope\" itemtype=\"https:\/\/schema.org\/CreativeWork\"  >    <div class=\"single_toggle\" data-tags=\"{All} \"  >        <p data-fake-id=\"#toggle-id-3\" class=\"toggler\"  itemprop=\"headline\"  >446 Mechanick\u00e9 vlastnosti<span class=\"toggle_icon\" >        <span class=\"vert_icon\"><\/span><span class=\"hor_icon\"><\/span><\/span><\/p>        <div id=\"toggle-id-3-container\" class=\"toggle_wrap\"  >            <div class=\"toggle_content invers-color\"  itemprop=\"text\"   ><table>\n<tbody>\n<tr>\n<td width=\"224\">Pevnost v tahu (Mpa)<\/td>\n<td width=\"318\">Mez kluzu (p\u0159i 0,2001 TP3T, Mpa)<\/td>\n<td width=\"159\">Prodlou\u017een\u00ed<\/td>\n<td width=\"151\">Tvrdost, HB<\/td>\n<\/tr>\n<tr>\n<td width=\"224\">550<\/td>\n<td width=\"318\">345<\/td>\n<td width=\"159\">20%<\/td>\n<td width=\"151\">159<\/td>\n<\/tr>\n<\/tbody>\n<\/table>\n            <\/div>        <\/div>    <\/div><\/section>\n<\/div><br \/>\n<\/p><\/div><\/div><!--close column table wrapper. Autoclose: 1 --><\/p>","protected":false},"excerpt":{"rendered":"","protected":false},"author":1,"featured_media":0,"parent":159,"menu_order":0,"comment_status":"closed","ping_status":"closed","template":"","meta":{"footnotes":""},"class_list":["post-1533","page","type-page","status-publish","hentry"],"aioseo_notices":[],"_links":{"self":[{"href":"https:\/\/wldstainless.com\/cs\/wp-json\/wp\/v2\/pages\/1533","targetHints":{"allow":["GET"]}}],"collection":[{"href":"https:\/\/wldstainless.com\/cs\/wp-json\/wp\/v2\/pages"}],"about":[{"href":"https:\/\/wldstainless.com\/cs\/wp-json\/wp\/v2\/types\/page"}],"author":[{"embeddable":true,"href":"https:\/\/wldstainless.com\/cs\/wp-json\/wp\/v2\/users\/1"}],"replies":[{"embeddable":true,"href":"https:\/\/wldstainless.com\/cs\/wp-json\/wp\/v2\/comments?post=1533"}],"version-history":[{"count":5,"href":"https:\/\/wldstainless.com\/cs\/wp-json\/wp\/v2\/pages\/1533\/revisions"}],"predecessor-version":[{"id":1915,"href":"https:\/\/wldstainless.com\/cs\/wp-json\/wp\/v2\/pages\/1533\/revisions\/1915"}],"up":[{"embeddable":true,"href":"https:\/\/wldstainless.com\/cs\/wp-json\/wp\/v2\/pages\/159"}],"wp:attachment":[{"href":"https:\/\/wldstainless.com\/cs\/wp-json\/wp\/v2\/media?parent=1533"}],"curies":[{"name":"wp","href":"https:\/\/api.w.org\/{rel}","templated":true}]}}