{"id":1529,"date":"2020-08-19T09:37:03","date_gmt":"2020-08-19T09:37:03","guid":{"rendered":"http:\/\/wldstainless.com\/?page_id=1529"},"modified":"2020-09-18T09:44:05","modified_gmt":"2020-09-18T09:44:05","slug":"420-stainless-steel","status":"publish","type":"page","link":"https:\/\/wldstainless.com\/cs\/materials\/martensitic-stainless-steel\/420-stainless-steel\/","title":{"rendered":"420 Nerezov\u00e1 ocel"},"content":{"rendered":"<div class='flex_column_table av-equal-height-column-flextable -flextable' ><div class=\"flex_column av_one_fourth  flex_column_table_cell av-equal-height-column av-align-top av-zero-column-padding first\" style='border-radius:0px; '><p><div class='avia-builder-widget-area clearfix'><div id=\"nav_menu-5\" class=\"widget clearfix widget_nav_menu\"><h3 class=\"widgettitle\">Materi\u00e1l<\/h3><div class=\"menu-products-sidebar-menu-container\"><ul id=\"menu-products-sidebar-menu\" class=\"menu\"><li id=\"menu-item-1329\" class=\"menu-item menu-item-type-post_type menu-item-object-page menu-item-1329\"><a href=\"https:\/\/wldstainless.com\/cs\/materials\/ferritic-stainless-steel\/\">Feritick\u00e1 nerezov\u00e1 ocel<\/a><\/li>\n<li id=\"menu-item-1328\" class=\"menu-item menu-item-type-post_type menu-item-object-page menu-item-1328\"><a href=\"https:\/\/wldstainless.com\/cs\/materials\/martensitic-stainless-steel\/\">Martenzitick\u00e1 nerezov\u00e1 ocel<\/a><\/li>\n<li id=\"menu-item-1327\" class=\"menu-item menu-item-type-post_type menu-item-object-page menu-item-1327\"><a href=\"https:\/\/wldstainless.com\/cs\/materials\/austenitic-stainless-steel\/\">Austenitick\u00e1 nerezov\u00e1 ocel<\/a><\/li>\n<li id=\"menu-item-1889\" class=\"menu-item menu-item-type-post_type menu-item-object-page menu-item-1889\"><a href=\"https:\/\/wldstainless.com\/cs\/materials\/duplex-stainless-steel\/\">Duplex z nerezov\u00e9 oceli<\/a><\/li>\n<\/ul><\/div><\/div><\/div><br \/>\n<div  class='hr hr-default'><span class='hr-inner' ><span class='hr-inner-style'><\/span><\/span><\/div><br \/>\n<div class='avia-button-wrap avia-button-left'><a href='http:\/\/wldstainless.com\/contact\/#contact' class='avia-button   avia-icon_select-yes-left-icon avia-color-custom avia-size-large avia-position-left'  target=\"_blank\"  style='background-color:#e82221; border-color:#e82221; color:#ffffff; ' ><span class='avia_button_icon avia_button_icon_left' aria-hidden='true' data-av_icon='\ue84b' data-av_iconfont='entypo-fontello'><\/span><span class='avia_iconbox_title' >Vy\u017e\u00e1dejte si cenovou nab\u00eddku<\/span><\/a><\/div><\/p><\/div><\/div><!--close column table wrapper. Autoclose: 1 --><div class='flex_column_table av-equal-height-column-flextable -flextable' ><div class='av-flex-placeholder'><\/div><div class=\"flex_column av_three_fourth  flex_column_table_cell av-equal-height-column av-align-top av-zero-column-padding\" style='border-radius:0px; '><p><div style='padding-bottom:10px;color:#d3311f;font-size:26px;' class='av-special-heading av-special-heading-h3 custom-color-heading blockquote modern-quote   av-inherit-size'><h3 class='av-special-heading-tag'  itemprop=\"headline\"  >420 Nerezov\u00e1 ocel<\/h3><div class='special-heading-border'><div class='special-heading-inner-border' style='border-color:#d3311f'><\/div><\/div><\/div><br \/>\n<section class=\"av_textblock_section\"  itemscope=\"itemscope\" itemtype=\"https:\/\/schema.org\/CreativeWork\" ><div class='avia_textblock'   itemprop=\"text\" ><p>WLD Steel je p\u0159edn\u00edm v\u00fdrobcem, dodavatelem a v\u00fdvozcem nerezov\u00e9 oceli 420 dostupn\u00e9 v mnoha r\u016fzn\u00fdch velikostech a form\u00e1ch v\u010detn\u011b trubek, trubek, plech\u016f, desek, ty\u010d\u00ed, ty\u010d\u00ed a dal\u0161\u00edch tvar\u016f, jako je and\u011bl, kan\u00e1l, nosn\u00edk, \u0159ezan\u00fd kus a ji\u017e brzy. Vysoce uhl\u00edkov\u00e1 martenzitick\u00e1 nerezov\u00e1 ocel 420 Stainless Steel, zn\u00e1m\u00e1 tak\u00e9 jako \u201ep\u0159\u00edborov\u00e1 ocel\u201c nebo \u201echirurgick\u00e1 ocel\u201c. M\u016f\u017ee b\u00fdt vytvrzen tepeln\u00fdm zpracov\u00e1n\u00edm, co\u017e p\u0159in\u00e1\u0161\u00ed dobrou ta\u017enost pro zpracovatele kov\u016f a tak\u00e9 vynikaj\u00edc\u00ed le\u0161titelnost. Nerezov\u00e1 ocel typu 420 se \u010dasto pou\u017e\u00edv\u00e1 tam, kde je vy\u017eadov\u00e1na dobr\u00e1 koroze a tvrdost, mezi typick\u00e9 aplikace pat\u0159\u00ed p\u0159\u00edbory, chirurgick\u00e9 a stomatologick\u00e9 n\u00e1stroje, n\u016f\u017eky, p\u00e1sky a rovn\u00e9 hrany, m\u011b\u0159idla, jehlov\u00e9 ventily, kulov\u00e9 zp\u011btn\u00e9 ventily, ozuben\u00e9 h\u0159\u00eddele, va\u010dky, \u010depy, kuli\u010dkov\u00e1 lo\u017eiska a ru\u010dn\u00ed n\u00e1\u0159ad\u00ed.<\/p>\n<p><strong>Jak\u00e9 jsou 420 dostupn\u00fdch forem a specifikac\u00ed ve WLD Steel?<\/strong><\/p>\n<table>\n<tbody>\n<tr>\n<td width=\"170\">Plech\/Plate\/Coil<\/td>\n<td width=\"170\">Beze\u0161v\u00e1 trubka\/trubka<\/td>\n<td width=\"170\">Sva\u0159ovan\u00e1 trubka\/trubka<\/td>\n<td width=\"170\">Kulat\u00fd bar<\/td>\n<td width=\"170\">Tvarovan\u00e1 ocel (tvarovan\u00e1)<\/td>\n<\/tr>\n<tr>\n<td width=\"170\">ASTM A240<\/p>\n<p>ASTM A480<\/td>\n<td width=\"170\">ASTM A312<\/p>\n<p>ASTM A213<\/td>\n<td width=\"170\">ASTM A554<\/td>\n<td width=\"170\">ASTM A276<\/p>\n<p>ASTM A479<\/td>\n<td width=\"170\">ASTM A276<\/td>\n<\/tr>\n<\/tbody>\n<\/table>\n<\/div><\/section><br \/>\n<div class=\"togglecontainer   toggle_close_all\" >\n<section class=\"av_toggle_section\"  itemscope=\"itemscope\" itemtype=\"https:\/\/schema.org\/CreativeWork\"  >    <div class=\"single_toggle\" data-tags=\"{All} \"  >        <p data-fake-id=\"#toggle-id-1\" class=\"toggler\"  itemprop=\"headline\"  >420 ekvivalentn\u00edch stup\u0148\u016f<span class=\"toggle_icon\" >        <span class=\"vert_icon\"><\/span><span class=\"hor_icon\"><\/span><\/span><\/p>        <div id=\"toggle-id-1-container\" class=\"toggle_wrap\"  >            <div class=\"toggle_content invers-color\"  itemprop=\"text\"   ><table>\n<tbody>\n<tr>\n<td width=\"121\">TANDARDN\u00cd<\/td>\n<td width=\"121\">UNS<\/td>\n<td width=\"121\">EN<\/td>\n<td width=\"121\">BS<\/td>\n<td width=\"121\">JIS<\/td>\n<td width=\"121\">R\u00c1MUS<\/td>\n<td width=\"121\">GB<\/td>\n<\/tr>\n<tr>\n<td width=\"121\">SS 420<\/td>\n<td width=\"121\">S42010<\/td>\n<td width=\"121\">X20Cr13<\/td>\n<td width=\"121\">420S29 \/ 420S37<\/td>\n<td width=\"121\">SUS420 J1<\/p>\n<p>SUS 420 J2<\/td>\n<td width=\"121\">1.4021<\/td>\n<td width=\"121\">2kr13<\/td>\n<\/tr>\n<\/tbody>\n<\/table>\n            <\/div>        <\/div>    <\/div><\/section>\n<section class=\"av_toggle_section\"  itemscope=\"itemscope\" itemtype=\"https:\/\/schema.org\/CreativeWork\"  >    <div class=\"single_toggle\" data-tags=\"{All} \"  >        <p data-fake-id=\"#toggle-id-2\" class=\"toggler\"  itemprop=\"headline\"  >420 Chemick\u00e9 slo\u017een\u00ed<span class=\"toggle_icon\" >        <span class=\"vert_icon\"><\/span><span class=\"hor_icon\"><\/span><\/span><\/p>        <div id=\"toggle-id-2-container\" class=\"toggle_wrap\"  >            <div class=\"toggle_content invers-color\"  itemprop=\"text\"   ><table>\n<tbody>\n<tr>\n<td width=\"86\">\u0160koln\u00ed zn\u00e1mka<\/td>\n<td width=\"108\">C<\/td>\n<td width=\"108\">Si<\/td>\n<td width=\"108\">Mn<\/td>\n<td width=\"108\">P<\/td>\n<td width=\"108\">S<\/td>\n<td width=\"108\">Ni<\/td>\n<td width=\"108\">Cr<\/td>\n<\/tr>\n<tr>\n<td width=\"86\">SS 420<\/td>\n<td width=\"108\">0.15\u00a0-0.36<\/td>\n<td width=\"108\">\u22641,00<\/td>\n<td width=\"108\">\u22641,5<\/td>\n<td width=\"108\">max 0,04<\/td>\n<td width=\"108\">max 0,015<\/td>\n<td width=\"108\">\u22641,00<\/td>\n<td width=\"108\">12.00-\u00a014.00<\/td>\n<\/tr>\n<\/tbody>\n<\/table>\n            <\/div>        <\/div>    <\/div><\/section>\n<section class=\"av_toggle_section\"  itemscope=\"itemscope\" itemtype=\"https:\/\/schema.org\/CreativeWork\"  >    <div class=\"single_toggle\" data-tags=\"{All} \"  >        <p data-fake-id=\"#toggle-id-3\" class=\"toggler\"  itemprop=\"headline\"  >420 Mechanick\u00e9 vlastnosti<span class=\"toggle_icon\" >        <span class=\"vert_icon\"><\/span><span class=\"hor_icon\"><\/span><\/span><\/p>        <div id=\"toggle-id-3-container\" class=\"toggle_wrap\"  >            <div class=\"toggle_content invers-color\"  itemprop=\"text\"   ><table>\n<tbody>\n<tr>\n<td width=\"116\">Zn\u00e1mky<\/td>\n<td width=\"162\">Pevnost v tahu (Mpa)<\/td>\n<td width=\"190\">Mez kluzu 0,21 TP3T offsetu (Mpa)<\/td>\n<td width=\"214\">Prodlou\u017een\u00ed, % v 2\u2033 (51 mm)<\/td>\n<td width=\"160\">Tvrdost, HB<\/td>\n<\/tr>\n<tr>\n<td width=\"116\">420<\/td>\n<td width=\"162\">650<\/td>\n<td width=\"190\">350<\/td>\n<td width=\"214\">25<\/td>\n<td width=\"160\">196<\/td>\n<\/tr>\n<\/tbody>\n<\/table>\n            <\/div>        <\/div>    <\/div><\/section>\n<\/div><\/p><\/div><\/div><!--close column table wrapper. Autoclose: 1 --><\/p>","protected":false},"excerpt":{"rendered":"","protected":false},"author":1,"featured_media":0,"parent":1321,"menu_order":0,"comment_status":"closed","ping_status":"closed","template":"","meta":{"footnotes":""},"class_list":["post-1529","page","type-page","status-publish","hentry"],"aioseo_notices":[],"_links":{"self":[{"href":"https:\/\/wldstainless.com\/cs\/wp-json\/wp\/v2\/pages\/1529","targetHints":{"allow":["GET"]}}],"collection":[{"href":"https:\/\/wldstainless.com\/cs\/wp-json\/wp\/v2\/pages"}],"about":[{"href":"https:\/\/wldstainless.com\/cs\/wp-json\/wp\/v2\/types\/page"}],"author":[{"embeddable":true,"href":"https:\/\/wldstainless.com\/cs\/wp-json\/wp\/v2\/users\/1"}],"replies":[{"embeddable":true,"href":"https:\/\/wldstainless.com\/cs\/wp-json\/wp\/v2\/comments?post=1529"}],"version-history":[{"count":5,"href":"https:\/\/wldstainless.com\/cs\/wp-json\/wp\/v2\/pages\/1529\/revisions"}],"predecessor-version":[{"id":1920,"href":"https:\/\/wldstainless.com\/cs\/wp-json\/wp\/v2\/pages\/1529\/revisions\/1920"}],"up":[{"embeddable":true,"href":"https:\/\/wldstainless.com\/cs\/wp-json\/wp\/v2\/pages\/1321"}],"wp:attachment":[{"href":"https:\/\/wldstainless.com\/cs\/wp-json\/wp\/v2\/media?parent=1529"}],"curies":[{"name":"wp","href":"https:\/\/api.w.org\/{rel}","templated":true}]}}