{"id":1526,"date":"2020-08-19T08:22:01","date_gmt":"2020-08-19T08:22:01","guid":{"rendered":"http:\/\/wldstainless.com\/?page_id=1526"},"modified":"2020-09-18T09:30:09","modified_gmt":"2020-09-18T09:30:09","slug":"904l-stainless-steel","status":"publish","type":"page","link":"https:\/\/wldstainless.com\/cs\/materials\/austenitic-stainless-steel\/904l-stainless-steel\/","title":{"rendered":"Nerezov\u00e1 ocel 904L"},"content":{"rendered":"<div class='flex_column_table av-equal-height-column-flextable -flextable' ><div class=\"flex_column av_one_fourth  flex_column_table_cell av-equal-height-column av-align-top av-zero-column-padding first\" style='border-radius:0px; '><p><div class='avia-builder-widget-area clearfix'><div id=\"nav_menu-5\" class=\"widget clearfix widget_nav_menu\"><h3 class=\"widgettitle\">Materi\u00e1l<\/h3><div class=\"menu-products-sidebar-menu-container\"><ul id=\"menu-products-sidebar-menu\" class=\"menu\"><li id=\"menu-item-1329\" class=\"menu-item menu-item-type-post_type menu-item-object-page menu-item-1329\"><a href=\"https:\/\/wldstainless.com\/cs\/materials\/ferritic-stainless-steel\/\">Feritick\u00e1 nerezov\u00e1 ocel<\/a><\/li>\n<li id=\"menu-item-1328\" class=\"menu-item menu-item-type-post_type menu-item-object-page menu-item-1328\"><a href=\"https:\/\/wldstainless.com\/cs\/materials\/martensitic-stainless-steel\/\">Martenzitick\u00e1 nerezov\u00e1 ocel<\/a><\/li>\n<li id=\"menu-item-1327\" class=\"menu-item menu-item-type-post_type menu-item-object-page menu-item-1327\"><a href=\"https:\/\/wldstainless.com\/cs\/materials\/austenitic-stainless-steel\/\">Austenitick\u00e1 nerezov\u00e1 ocel<\/a><\/li>\n<li id=\"menu-item-1889\" class=\"menu-item menu-item-type-post_type menu-item-object-page menu-item-1889\"><a href=\"https:\/\/wldstainless.com\/cs\/materials\/duplex-stainless-steel\/\">Duplex z nerezov\u00e9 oceli<\/a><\/li>\n<\/ul><\/div><\/div><\/div><br \/>\n<div  class='hr hr-default'><span class='hr-inner' ><span class='hr-inner-style'><\/span><\/span><\/div><br \/>\n<div class='avia-button-wrap avia-button-left'><a href='http:\/\/wldstainless.com\/contact\/#contact' class='avia-button   avia-icon_select-yes-left-icon avia-color-custom avia-size-large avia-position-left'  target=\"_blank\"  style='background-color:#e82221; border-color:#e82221; color:#ffffff; ' ><span class='avia_button_icon avia_button_icon_left' aria-hidden='true' data-av_icon='\ue84b' data-av_iconfont='entypo-fontello'><\/span><span class='avia_iconbox_title' >Vy\u017e\u00e1dejte si cenovou nab\u00eddku<\/span><\/a><\/div><\/p><\/div><\/div><!--close column table wrapper. Autoclose: 1 --><div class='flex_column_table av-equal-height-column-flextable -flextable' ><div class='av-flex-placeholder'><\/div><div class=\"flex_column av_three_fourth  flex_column_table_cell av-equal-height-column av-align-top av-zero-column-padding\" style='border-radius:0px; '><p><div style='padding-bottom:10px;color:#d3311f;' class='av-special-heading av-special-heading-h3 custom-color-heading'><h3 class='av-special-heading-tag'  itemprop=\"headline\"  >Nerezov\u00e1 ocel 904L <\/h3><div class='special-heading-border'><div class='special-heading-inner-border' style='border-color:#d3311f'><\/div><\/div><\/div><br \/>\n<section class=\"av_textblock_section\"  itemscope=\"itemscope\" itemtype=\"https:\/\/schema.org\/CreativeWork\" ><div class='avia_textblock'   itemprop=\"text\" ><p>WLD Steel je p\u0159edn\u00ed v\u00fdrobce, dodavatel a v\u00fdvozce nerezov\u00e9 oceli 904L dostupn\u00e9 v \u0159ad\u011b r\u016fzn\u00fdch velikost\u00ed a forem v\u010detn\u011b trubek, trubek, plech\u016f, desek, ty\u010d\u00ed, ty\u010d\u00ed a dal\u0161\u00edch tvar\u016f, jako je \u00fahel, kan\u00e1l, kruh, \u0159ezan\u00fd kus atd. na. Typ 904L je typem superaustenitick\u00e9 nerezov\u00e9 oceli, kter\u00e1 je zn\u00e1m\u00e1 svou vysokou odolnost\u00ed proti \u0161t\u011brbinov\u00e9mu a nap\u011b\u0165ov\u00e9mu korozn\u00edmu prask\u00e1n\u00ed v\u016f\u010di kyselin\u011b s\u00edrov\u00e9, fosfore\u010dn\u00e9 a octov\u00e9. P\u0159id\u00e1n\u00edm m\u011bd\u011bn\u00e9ho prvku je nerezov\u00e1 ocel 904L odoln\u011bj\u0161\u00ed v\u016f\u010di opot\u0159eben\u00ed a korozi. Ocel 904L se \u0161iroce pou\u017e\u00edv\u00e1 pro chladic\u00ed za\u0159\u00edzen\u00ed pro mo\u0159skou vodu, v\u00fdm\u011bn\u00edky tepla, kondenz\u00e1torov\u00e9 trubky, \u0159\u00edzen\u00ed a p\u0159\u00edstrojov\u00e9 vybaven\u00ed, ropn\u00fd a plyn\u00e1rensk\u00fd pr\u016fmysl.<\/p>\n<p><strong>Jak\u00e9 jsou dostupn\u00e9 formy a specifikace 904L u WLD Steel?<\/strong><\/p>\n<table>\n<tbody>\n<tr>\n<td width=\"170\">Plech\/Plate\/Coil<\/td>\n<td width=\"170\">Beze\u0161v\u00e1 trubka\/trubka<\/td>\n<td width=\"170\">Sva\u0159ovan\u00e1 trubka\/trubka<\/td>\n<td width=\"170\">Kulat\u00fd bar<\/td>\n<td width=\"170\">Tvarovan\u00e1 ocel (tvarovan\u00e1)<\/td>\n<\/tr>\n<tr>\n<td width=\"170\">ASTM A240<\/p>\n<p>ASTM A480<\/td>\n<td width=\"170\">ASTM A312<\/p>\n<p>ASTM A213<\/td>\n<td width=\"170\">ASTM A554<\/td>\n<td width=\"170\">ASTM A276<\/p>\n<p>ASTM A479<\/td>\n<td width=\"170\">ASTM A276<\/td>\n<\/tr>\n<\/tbody>\n<\/table>\n<\/div><\/section><br \/>\n<div class=\"togglecontainer   toggle_close_all\" >\n<section class=\"av_toggle_section\"  itemscope=\"itemscope\" itemtype=\"https:\/\/schema.org\/CreativeWork\"  >    <div class=\"single_toggle\" data-tags=\"{All} \"  >        <p data-fake-id=\"#toggle-id-1\" class=\"toggler\"  itemprop=\"headline\"  >Ekvivalentn\u00ed materi\u00e1ly oceli 904L<span class=\"toggle_icon\" >        <span class=\"vert_icon\"><\/span><span class=\"hor_icon\"><\/span><\/span><\/p>        <div id=\"toggle-id-1-container\" class=\"toggle_wrap\"  >            <div class=\"toggle_content invers-color\"  itemprop=\"text\"   ><table>\n<tbody>\n<tr>\n<td width=\"142\">Normy<\/td>\n<td width=\"142\">UNS<\/td>\n<td width=\"142\">R\u00c1MUS<\/td>\n<td width=\"142\">JIS<\/td>\n<td width=\"142\">BS<\/td>\n<td width=\"142\">EN<\/td>\n<\/tr>\n<tr>\n<td width=\"142\">904L<\/td>\n<td width=\"142\">N08904<\/td>\n<td width=\"142\">1.4539<\/td>\n<td width=\"142\">SUS 890L<\/td>\n<td width=\"142\">904S13<\/td>\n<td width=\"142\">X1NiCrMoCu25-20-5<\/td>\n<\/tr>\n<\/tbody>\n<\/table>\n            <\/div>        <\/div>    <\/div><\/section>\n<section class=\"av_toggle_section\"  itemscope=\"itemscope\" itemtype=\"https:\/\/schema.org\/CreativeWork\"  >    <div class=\"single_toggle\" data-tags=\"{All} \"  >        <p data-fake-id=\"#toggle-id-2\" class=\"toggler\"  itemprop=\"headline\"  >904L Chemick\u00e9 slo\u017een\u00ed<span class=\"toggle_icon\" >        <span class=\"vert_icon\"><\/span><span class=\"hor_icon\"><\/span><\/span><\/p>        <div id=\"toggle-id-2-container\" class=\"toggle_wrap\"  >            <div class=\"toggle_content invers-color\"  itemprop=\"text\"   ><table>\n<tbody>\n<tr>\n<td width=\"105\">Ni<\/td>\n<td width=\"105\">Cr<\/td>\n<td width=\"105\">Cu<\/td>\n<td width=\"105\">Mn<\/td>\n<td width=\"105\">Mo<\/td>\n<td width=\"105\">Si<\/td>\n<td width=\"105\">C<\/td>\n<td width=\"105\">P<\/td>\n<td width=\"106\">S<\/td>\n<\/tr>\n<tr>\n<td width=\"105\">23.0 \u2013 28.0<\/td>\n<td width=\"105\">19.0 \u2013 23.00<\/td>\n<td width=\"105\">1,0 \u2013 2,0<\/td>\n<td width=\"105\">2,0 max<\/td>\n<td width=\"105\">4,0 \u2013 5,0<\/td>\n<td width=\"105\">1,0 max<\/td>\n<td width=\"105\">0,20 max<\/td>\n<td width=\"105\">0,040 max<\/td>\n<td width=\"106\">max. 0,030<\/td>\n<\/tr>\n<\/tbody>\n<\/table>\n            <\/div>        <\/div>    <\/div><\/section>\n<section class=\"av_toggle_section\"  itemscope=\"itemscope\" itemtype=\"https:\/\/schema.org\/CreativeWork\"  >    <div class=\"single_toggle\" data-tags=\"{All} \"  >        <p data-fake-id=\"#toggle-id-3\" class=\"toggler\"  itemprop=\"headline\"  >904L Mechanick\u00e9 vlastnosti<span class=\"toggle_icon\" >        <span class=\"vert_icon\"><\/span><span class=\"hor_icon\"><\/span><\/span><\/p>        <div id=\"toggle-id-3-container\" class=\"toggle_wrap\"  >            <div class=\"toggle_content invers-color\"  itemprop=\"text\"   ><table>\n<tbody>\n<tr>\n<td width=\"213\">Pevnost v tahu (MPa) min<\/td>\n<td width=\"213\">Mez kluzu 0,21 TP3T D\u016fkaz (MPa) min<\/td>\n<td width=\"213\">Ta\u017enost (% v 50mm) min<\/td>\n<td width=\"213\">Tvrdost, Brinell<\/td>\n<\/tr>\n<tr>\n<td width=\"213\">490<\/td>\n<td width=\"213\">220<\/td>\n<td width=\"213\">36<\/td>\n<td width=\"213\">150<\/td>\n<\/tr>\n<\/tbody>\n<\/table>\n            <\/div>        <\/div>    <\/div><\/section>\n<\/div><\/p><\/div><\/div><!--close column table wrapper. Autoclose: 1 --><\/p>","protected":false},"excerpt":{"rendered":"","protected":false},"author":1,"featured_media":0,"parent":1323,"menu_order":0,"comment_status":"closed","ping_status":"closed","template":"","meta":{"footnotes":""},"class_list":["post-1526","page","type-page","status-publish","hentry"],"aioseo_notices":[],"_links":{"self":[{"href":"https:\/\/wldstainless.com\/cs\/wp-json\/wp\/v2\/pages\/1526","targetHints":{"allow":["GET"]}}],"collection":[{"href":"https:\/\/wldstainless.com\/cs\/wp-json\/wp\/v2\/pages"}],"about":[{"href":"https:\/\/wldstainless.com\/cs\/wp-json\/wp\/v2\/types\/page"}],"author":[{"embeddable":true,"href":"https:\/\/wldstainless.com\/cs\/wp-json\/wp\/v2\/users\/1"}],"replies":[{"embeddable":true,"href":"https:\/\/wldstainless.com\/cs\/wp-json\/wp\/v2\/comments?post=1526"}],"version-history":[{"count":6,"href":"https:\/\/wldstainless.com\/cs\/wp-json\/wp\/v2\/pages\/1526\/revisions"}],"predecessor-version":[{"id":1905,"href":"https:\/\/wldstainless.com\/cs\/wp-json\/wp\/v2\/pages\/1526\/revisions\/1905"}],"up":[{"embeddable":true,"href":"https:\/\/wldstainless.com\/cs\/wp-json\/wp\/v2\/pages\/1323"}],"wp:attachment":[{"href":"https:\/\/wldstainless.com\/cs\/wp-json\/wp\/v2\/media?parent=1526"}],"curies":[{"name":"wp","href":"https:\/\/api.w.org\/{rel}","templated":true}]}}