{"id":1522,"date":"2020-08-19T06:49:25","date_gmt":"2020-08-19T06:49:25","guid":{"rendered":"http:\/\/wldstainless.com\/?page_id=1522"},"modified":"2020-09-18T09:34:26","modified_gmt":"2020-09-18T09:34:26","slug":"410-410s-stainless-steel","status":"publish","type":"page","link":"https:\/\/wldstainless.com\/cs\/materials\/ferritic-stainless-steel\/410-410s-stainless-steel\/","title":{"rendered":"Nerezov\u00e1 ocel 410\/410S"},"content":{"rendered":"<div class='flex_column_table av-equal-height-column-flextable -flextable' ><div class=\"flex_column av_one_fourth  flex_column_table_cell av-equal-height-column av-align-top av-zero-column-padding first\" style='border-radius:0px; '><p><div class='avia-builder-widget-area clearfix'><div id=\"nav_menu-5\" class=\"widget clearfix widget_nav_menu\"><h3 class=\"widgettitle\">Materi\u00e1l<\/h3><div class=\"menu-products-sidebar-menu-container\"><ul id=\"menu-products-sidebar-menu\" class=\"menu\"><li id=\"menu-item-1329\" class=\"menu-item menu-item-type-post_type menu-item-object-page menu-item-1329\"><a href=\"https:\/\/wldstainless.com\/cs\/materials\/ferritic-stainless-steel\/\">Feritick\u00e1 nerezov\u00e1 ocel<\/a><\/li>\n<li id=\"menu-item-1328\" class=\"menu-item menu-item-type-post_type menu-item-object-page menu-item-1328\"><a href=\"https:\/\/wldstainless.com\/cs\/materials\/martensitic-stainless-steel\/\">Martenzitick\u00e1 nerezov\u00e1 ocel<\/a><\/li>\n<li id=\"menu-item-1327\" class=\"menu-item menu-item-type-post_type menu-item-object-page menu-item-1327\"><a href=\"https:\/\/wldstainless.com\/cs\/materials\/austenitic-stainless-steel\/\">Austenitick\u00e1 nerezov\u00e1 ocel<\/a><\/li>\n<li id=\"menu-item-1889\" class=\"menu-item menu-item-type-post_type menu-item-object-page menu-item-1889\"><a href=\"https:\/\/wldstainless.com\/cs\/materials\/duplex-stainless-steel\/\">Duplex z nerezov\u00e9 oceli<\/a><\/li>\n<\/ul><\/div><\/div><\/div><br \/>\n<div  class='hr hr-default'><span class='hr-inner' ><span class='hr-inner-style'><\/span><\/span><\/div><br \/>\n<div class='avia-button-wrap avia-button-left'><a href='http:\/\/wldstainless.com\/contact\/#contact' class='avia-button   avia-icon_select-yes-left-icon avia-color-custom avia-size-large avia-position-left'  target=\"_blank\"  style='background-color:#e82221; border-color:#e82221; color:#ffffff; ' ><span class='avia_button_icon avia_button_icon_left' aria-hidden='true' data-av_icon='\ue84b' data-av_iconfont='entypo-fontello'><\/span><span class='avia_iconbox_title' >Vy\u017e\u00e1dejte si cenovou nab\u00eddku<\/span><\/a><\/div><\/p><\/div><\/div><!--close column table wrapper. Autoclose: 1 --><div class='flex_column_table av-equal-height-column-flextable -flextable' ><div class='av-flex-placeholder'><\/div><div class=\"flex_column av_three_fourth  flex_column_table_cell av-equal-height-column av-align-top av-zero-column-padding\" style='border-radius:0px; '><p><div style='padding-bottom:10px;color:#d3311f;' class='av-special-heading av-special-heading-h3 custom-color-heading'><h3 class='av-special-heading-tag'  itemprop=\"headline\"  >Nerezov\u00e1 ocel 410\/410S <\/h3><div class='special-heading-border'><div class='special-heading-inner-border' style='border-color:#d3311f'><\/div><\/div><\/div><br \/>\n<section class=\"av_textblock_section\"  itemscope=\"itemscope\" itemtype=\"https:\/\/schema.org\/CreativeWork\" ><div class='avia_textblock'   itemprop=\"text\" ><p>WLD Steel je p\u0159edn\u00edm v\u00fdrobcem, dodavatelem a v\u00fdvozcem nerezov\u00e9 oceli 410\/410S dostupn\u00e9 v \u0159ad\u011b r\u016fzn\u00fdch velikost\u00ed a forem, v\u010detn\u011b trubek, trubek, plech\u016f, desek, ty\u010d\u00ed, ty\u010d\u00ed a dal\u0161\u00edch tvar\u016f, jako je and\u011bl, kan\u00e1l, kruh, \u0159ez. kus a tak d\u00e1le.<\/p>\n<p>Nerezov\u00e1 ocel 410 je druh levn\u00e9, tepeln\u011b zpracovateln\u00e9 nerezov\u00e9 oceli pro v\u0161eobecn\u00e9 pou\u017eit\u00ed, je \u0161iroce pou\u017e\u00edv\u00e1n tam, kde koroze nen\u00ed z\u00e1va\u017en\u00e1 (vzduch, voda, n\u011bkter\u00e9 chemik\u00e1lie a potravin\u00e1\u0159sk\u00e9 kyseliny nebo vysoce nam\u00e1han\u00e9 d\u00edly, kde je pot\u0159eba kombinace pevnosti a odolnost proti korozi, jako jsou spojovac\u00ed prvky a d\u00edly ventil\u016f 410S je ni\u017e\u0161\u00ed uhl\u00edkov\u00e1 verze typu 410. Nab\u00edz\u00ed zlep\u0161enou sva\u0159itelnost, ale ni\u017e\u0161\u00ed prokalitelnost doporu\u010den\u00e1 pro aplikace odoln\u00e9 proti korozi je hlavn\u00ed spot\u0159ebou za\u0159\u00edzen\u00ed na \u00fapravu v\u00fdfukov\u00fdch par automobil\u016f, spalovac\u00ed komory kotle nebo trysky.<\/p>\n<p><strong>Jak\u00e9 formy 410\/410S jsou dostupn\u00e9 u WLD Steel?<\/strong><\/p>\n<table>\n<tbody>\n<tr>\n<td width=\"170\">Plech\/Plate\/Coil<\/td>\n<td width=\"170\">Beze\u0161v\u00e1 trubka\/trubka<\/td>\n<td width=\"170\">Sva\u0159ovan\u00e1 trubka\/trubka<\/td>\n<td width=\"170\">Kulat\u00fd bar<\/td>\n<td width=\"170\">Tvarovan\u00e1 ocel (tvarovan\u00e1)<\/td>\n<\/tr>\n<tr>\n<td width=\"170\">ASTM A240<\/p>\n<p>ASTM A480<\/td>\n<td width=\"170\">ASTM A312<\/p>\n<p>ASTM A213<\/td>\n<td width=\"170\">ASTM A554<\/td>\n<td width=\"170\">ASTM A276<\/p>\n<p>ASTM A479<\/td>\n<td width=\"170\">ASTM A276<\/td>\n<\/tr>\n<\/tbody>\n<\/table>\n<\/div><\/section><br \/>\n<div class=\"togglecontainer\" >\n<section class=\"av_toggle_section\"  itemscope=\"itemscope\" itemtype=\"https:\/\/schema.org\/CreativeWork\"  >    <div class=\"single_toggle\" data-tags=\"{All} \"  >        <p data-fake-id=\"#toggle-id-1\" class=\"toggler\"  itemprop=\"headline\"  >Ekvivalentn\u00ed materi\u00e1ly oceli 410\/410S<span class=\"toggle_icon\" >        <span class=\"vert_icon\"><\/span><span class=\"hor_icon\"><\/span><\/span><\/p>        <div id=\"toggle-id-1-container\" class=\"toggle_wrap\"  >            <div class=\"toggle_content invers-color\"  itemprop=\"text\"   ><table>\n<tbody>\n<tr>\n<td width=\"106\">\u0160koln\u00ed zn\u00e1mka<\/td>\n<td width=\"106\">UNS<\/td>\n<td width=\"106\">AISI<\/td>\n<td width=\"106\">BS<\/td>\n<td width=\"106\">R\u00c1MUS<\/td>\n<td width=\"106\">EN<\/td>\n<td width=\"106\">JIS<\/td>\n<td width=\"106\">GB<\/td>\n<\/tr>\n<tr>\n<td width=\"106\">SS 410<\/td>\n<td width=\"106\">S41000<\/td>\n<td width=\"106\">410<\/td>\n<td width=\"106\">410S21<\/td>\n<td width=\"106\">1.4006<\/td>\n<td width=\"106\">X12Cr13<\/td>\n<td width=\"106\">SUS410<\/td>\n<td width=\"106\">1Cr13<\/td>\n<\/tr>\n<tr>\n<td width=\"106\">SS 410S<\/td>\n<td width=\"106\">S41008<\/td>\n<td width=\"106\">410S<\/td>\n<td width=\"106\"><\/td>\n<td width=\"106\">1.4000<\/td>\n<td width=\"106\"><\/td>\n<td width=\"106\"><\/td>\n<td width=\"106\">00Cr12<\/td>\n<\/tr>\n<\/tbody>\n<\/table>\n            <\/div>        <\/div>    <\/div><\/section>\n<section class=\"av_toggle_section\"  itemscope=\"itemscope\" itemtype=\"https:\/\/schema.org\/CreativeWork\"  >    <div class=\"single_toggle\" data-tags=\"{All} \"  >        <p data-fake-id=\"#toggle-id-2\" class=\"toggler\"  itemprop=\"headline\"  >Chemick\u00e9 slo\u017een\u00ed 410\/410S <span class=\"toggle_icon\" >        <span class=\"vert_icon\"><\/span><span class=\"hor_icon\"><\/span><\/span><\/p>        <div id=\"toggle-id-2-container\" class=\"toggle_wrap\"  >            <div class=\"toggle_content invers-color\"  itemprop=\"text\"   ><table>\n<tbody>\n<tr>\n<td width=\"73\">\u0160koln\u00ed zn\u00e1mka<\/td>\n<td width=\"126\">Cr<\/td>\n<td width=\"76\">Mn<\/td>\n<td width=\"76\">Si<\/td>\n<td width=\"97\">Ni<\/td>\n<td width=\"81\">C<\/td>\n<td width=\"87\">P<\/td>\n<td width=\"87\">S<\/td>\n<td width=\"81\">Fe<\/td>\n<\/tr>\n<tr>\n<td width=\"73\">SS 410<\/td>\n<td width=\"126\">11.50 \u2013 13.50<\/td>\n<td width=\"76\">\u22641,50<\/td>\n<td width=\"76\">\u22641,00<\/td>\n<td width=\"97\">\u2264 0,75<\/td>\n<td width=\"81\">0,08 \u2013 0,15<\/td>\n<td width=\"87\">0.04<\/td>\n<td width=\"87\">0.02<\/td>\n<td width=\"81\">Z\u016fstatek<\/td>\n<\/tr>\n<tr>\n<td width=\"73\">SS 410S<\/td>\n<td width=\"126\">11.50\u201313.50<\/td>\n<td width=\"76\">1,00 max<\/td>\n<td width=\"76\">1.00<\/td>\n<td width=\"97\">0.20-0.55<\/td>\n<td width=\"81\">0.08<\/td>\n<td width=\"87\">0.040<\/td>\n<td width=\"87\">0.030<\/td>\n<td width=\"81\">Z\u016fstatek<\/td>\n<\/tr>\n<\/tbody>\n<\/table>\n            <\/div>        <\/div>    <\/div><\/section>\n<section class=\"av_toggle_section\"  itemscope=\"itemscope\" itemtype=\"https:\/\/schema.org\/CreativeWork\"  >    <div class=\"single_toggle\" data-tags=\"{All} \"  >        <p data-fake-id=\"#toggle-id-3\" class=\"toggler\"  itemprop=\"headline\"  >410\/410S Mechanick\u00e9 vlastnosti<span class=\"toggle_icon\" >        <span class=\"vert_icon\"><\/span><span class=\"hor_icon\"><\/span><\/span><\/p>        <div id=\"toggle-id-3-container\" class=\"toggle_wrap\"  >            <div class=\"toggle_content invers-color\"  itemprop=\"text\"   ><table>\n<tbody>\n<tr>\n<td width=\"116\">Zn\u00e1mky<\/td>\n<td width=\"162\">Pevnost v tahu (Mpa)<\/td>\n<td width=\"190\">Mez kluzu 0,21 TP3T offsetu (Mpa)<\/td>\n<td width=\"214\">Prodlou\u017een\u00ed, % v 2\u2033 (51 mm)<\/td>\n<td width=\"160\">Odezva na kalen\u00ed HRC<\/td>\n<\/tr>\n<tr>\n<td width=\"116\">SS 410 \/ 410S<\/td>\n<td width=\"162\">450\u2013510<\/td>\n<td width=\"190\">205 \u2013 290<\/td>\n<td width=\"214\">20\u201334<\/td>\n<td width=\"160\">38-45<\/td>\n<\/tr>\n<\/tbody>\n<\/table>\n            <\/div>        <\/div>    <\/div><\/section>\n<\/div><\/p><\/div><\/div><!--close column table wrapper. Autoclose: 1 --><\/p>","protected":false},"excerpt":{"rendered":"","protected":false},"author":1,"featured_media":0,"parent":159,"menu_order":0,"comment_status":"closed","ping_status":"closed","template":"","meta":{"footnotes":""},"class_list":["post-1522","page","type-page","status-publish","hentry"],"aioseo_notices":[],"_links":{"self":[{"href":"https:\/\/wldstainless.com\/cs\/wp-json\/wp\/v2\/pages\/1522","targetHints":{"allow":["GET"]}}],"collection":[{"href":"https:\/\/wldstainless.com\/cs\/wp-json\/wp\/v2\/pages"}],"about":[{"href":"https:\/\/wldstainless.com\/cs\/wp-json\/wp\/v2\/types\/page"}],"author":[{"embeddable":true,"href":"https:\/\/wldstainless.com\/cs\/wp-json\/wp\/v2\/users\/1"}],"replies":[{"embeddable":true,"href":"https:\/\/wldstainless.com\/cs\/wp-json\/wp\/v2\/comments?post=1522"}],"version-history":[{"count":6,"href":"https:\/\/wldstainless.com\/cs\/wp-json\/wp\/v2\/pages\/1522\/revisions"}],"predecessor-version":[{"id":1913,"href":"https:\/\/wldstainless.com\/cs\/wp-json\/wp\/v2\/pages\/1522\/revisions\/1913"}],"up":[{"embeddable":true,"href":"https:\/\/wldstainless.com\/cs\/wp-json\/wp\/v2\/pages\/159"}],"wp:attachment":[{"href":"https:\/\/wldstainless.com\/cs\/wp-json\/wp\/v2\/media?parent=1522"}],"curies":[{"name":"wp","href":"https:\/\/api.w.org\/{rel}","templated":true}]}}