{"id":1446,"date":"2020-08-11T03:30:24","date_gmt":"2020-08-11T03:30:24","guid":{"rendered":"http:\/\/wldstainless.com\/?page_id=1446"},"modified":"2020-09-18T09:29:08","modified_gmt":"2020-09-18T09:29:08","slug":"321-321h-stainless-steel","status":"publish","type":"page","link":"https:\/\/wldstainless.com\/cs\/materials\/austenitic-stainless-steel\/321-321h-stainless-steel\/","title":{"rendered":"Nerezov\u00e1 ocel 321\/321H"},"content":{"rendered":"<div class='flex_column_table av-equal-height-column-flextable -flextable' ><div class=\"flex_column av_one_fourth  flex_column_table_cell av-equal-height-column av-align-top av-zero-column-padding first\" style='border-radius:0px; '><p><div class='avia-builder-widget-area clearfix'><div id=\"nav_menu-5\" class=\"widget clearfix widget_nav_menu\"><h3 class=\"widgettitle\">Materi\u00e1l<\/h3><div class=\"menu-products-sidebar-menu-container\"><ul id=\"menu-products-sidebar-menu\" class=\"menu\"><li id=\"menu-item-1329\" class=\"menu-item menu-item-type-post_type menu-item-object-page menu-item-1329\"><a href=\"https:\/\/wldstainless.com\/cs\/materials\/ferritic-stainless-steel\/\">Feritick\u00e1 nerezov\u00e1 ocel<\/a><\/li>\n<li id=\"menu-item-1328\" class=\"menu-item menu-item-type-post_type menu-item-object-page menu-item-1328\"><a href=\"https:\/\/wldstainless.com\/cs\/materials\/martensitic-stainless-steel\/\">Martenzitick\u00e1 nerezov\u00e1 ocel<\/a><\/li>\n<li id=\"menu-item-1327\" class=\"menu-item menu-item-type-post_type menu-item-object-page menu-item-1327\"><a href=\"https:\/\/wldstainless.com\/cs\/materials\/austenitic-stainless-steel\/\">Austenitick\u00e1 nerezov\u00e1 ocel<\/a><\/li>\n<li id=\"menu-item-1889\" class=\"menu-item menu-item-type-post_type menu-item-object-page menu-item-1889\"><a href=\"https:\/\/wldstainless.com\/cs\/materials\/duplex-stainless-steel\/\">Duplex z nerezov\u00e9 oceli<\/a><\/li>\n<\/ul><\/div><\/div><\/div><br \/>\n<div  class='hr hr-default'><span class='hr-inner' ><span class='hr-inner-style'><\/span><\/span><\/div><br \/>\n<div class='avia-button-wrap avia-button-left'><a href='http:\/\/wldstainless.com\/contact\/#contact' class='avia-button   avia-icon_select-yes-left-icon avia-color-custom avia-size-large avia-position-left'  target=\"_blank\"  style='background-color:#e82221; border-color:#e82221; color:#ffffff; ' ><span class='avia_button_icon avia_button_icon_left' aria-hidden='true' data-av_icon='\ue84b' data-av_iconfont='entypo-fontello'><\/span><span class='avia_iconbox_title' >Vy\u017e\u00e1dejte si cenovou nab\u00eddku<\/span><\/a><\/div><\/p><\/div><\/div><!--close column table wrapper. Autoclose: 1 --><div class='flex_column_table av-equal-height-column-flextable -flextable' ><div class='av-flex-placeholder'><\/div><div class=\"flex_column av_three_fourth  flex_column_table_cell av-equal-height-column av-align-top av-zero-column-padding\" style='border-radius:0px; '><p><div style='padding-bottom:10px;color:#d3311f;' class='av-special-heading av-special-heading-h3 custom-color-heading'><h3 class='av-special-heading-tag'  itemprop=\"headline\"  >Nerezov\u00e1 ocel 321\/321H<\/h3><div class='special-heading-border'><div class='special-heading-inner-border' style='border-color:#d3311f'><\/div><\/div><\/div><br \/>\n<section class=\"av_textblock_section\"  itemscope=\"itemscope\" itemtype=\"https:\/\/schema.org\/CreativeWork\" ><div class='avia_textblock'   itemprop=\"text\" ><p>WLD Steel je p\u0159edn\u00ed v\u00fdrobce, dodavatel a v\u00fdvozce nerezov\u00e9 oceli 321\/321H dostupn\u00e9 v \u0159ad\u011b r\u016fzn\u00fdch velikost\u00ed a forem v\u010detn\u011b trubek, trubek, plech\u016f, desek, ty\u010d\u00ed, ty\u010d\u00ed a dal\u0161\u00edch tvar\u016f, jako je and\u011bl, kan\u00e1l, kruh, \u0159ez. kus a tak d\u00e1le. Typ 321 (UNS S32100) je titanem stabilizovan\u00e1 austenitick\u00e1 nerezov\u00e1 ocel s vynikaj\u00edc\u00ed odolnost\u00ed proti mezikrystalov\u00e9 korozi a vysokoteplotn\u00edmi vlastnostmi. Alloy 321H (UNS S 32109) je verze slitiny s vy\u0161\u0161\u00edm obsahem uhl\u00edku, kter\u00e1 byla pou\u017eita tam, kde je po\u017eadov\u00e1na zv\u00fd\u0161en\u00e1 odolnost proti te\u010den\u00ed nebo vy\u0161\u0161\u00ed pevnost p\u0159i teplot\u00e1ch nad 537 \u00b0C.<\/p>\n<p><strong>Jak\u00e9 jsou dostupn\u00e9 formy a specifikace 321\/321H u WLD Steel?<\/strong><\/p>\n<table>\n<tbody>\n<tr>\n<td width=\"170\">Plech\/Plate\/Coil<\/td>\n<td width=\"170\">Beze\u0161v\u00e1 trubka\/trubka<\/td>\n<td width=\"170\">Sva\u0159ovan\u00e1 trubka\/trubka<\/td>\n<td width=\"170\">Kulat\u00fd bar<\/td>\n<td width=\"170\">Tvarovan\u00e1 ocel (tvarovan\u00e1)<\/td>\n<\/tr>\n<tr>\n<td width=\"170\">ASTM A240<\/td>\n<td width=\"170\">ASTM A789<\/p>\n<p>ASTM A790<\/td>\n<td width=\"170\">ASTM A928<\/td>\n<td width=\"170\">ASTM A276<\/p>\n<p>ASTM A479<\/td>\n<td width=\"170\">ASTM A276<\/td>\n<\/tr>\n<\/tbody>\n<\/table>\n<h2><\/h2>\n<\/div><\/section><br \/>\n<div class=\"togglecontainer   toggle_close_all\" >\n<section class=\"av_toggle_section\"  itemscope=\"itemscope\" itemtype=\"https:\/\/schema.org\/CreativeWork\"  >    <div class=\"single_toggle\" data-tags=\"{All} \"  >        <p data-fake-id=\"#toggle-id-1\" class=\"toggler\"  itemprop=\"headline\"  >Ekvivalentn\u00ed materi\u00e1ly oceli 321\/321H<span class=\"toggle_icon\" >        <span class=\"vert_icon\"><\/span><span class=\"hor_icon\"><\/span><\/span><\/p>        <div id=\"toggle-id-1-container\" class=\"toggle_wrap\"  >            <div class=\"toggle_content invers-color\"  itemprop=\"text\"   ><table>\n<tbody>\n<tr>\n<td width=\"170\">Normy<\/td>\n<td width=\"170\">R\u00c1MUS<\/td>\n<td width=\"170\">UNS<\/td>\n<td width=\"170\">JIS<\/td>\n<td width=\"171\">GB<\/td>\n<\/tr>\n<tr>\n<td width=\"170\">321<\/td>\n<td width=\"170\">1.4541 \/ 1.4878<\/td>\n<td width=\"170\">S32100<\/td>\n<td width=\"170\">SUS321<\/td>\n<td width=\"171\">06Cr18Ni11Ti<\/td>\n<\/tr>\n<tr>\n<td width=\"170\">321H<\/td>\n<td width=\"170\">\/<\/td>\n<td width=\"170\">321S20<\/td>\n<td width=\"170\">SUS 321H<\/td>\n<td width=\"171\">\/<\/td>\n<\/tr>\n<\/tbody>\n<\/table>\n            <\/div>        <\/div>    <\/div><\/section>\n<section class=\"av_toggle_section\"  itemscope=\"itemscope\" itemtype=\"https:\/\/schema.org\/CreativeWork\"  >    <div class=\"single_toggle\" data-tags=\"{All} \"  >        <p data-fake-id=\"#toggle-id-2\" class=\"toggler\"  itemprop=\"headline\"  >321\/321H Chemick\u00e9 slo\u017een\u00ed<span class=\"toggle_icon\" >        <span class=\"vert_icon\"><\/span><span class=\"hor_icon\"><\/span><\/span><\/p>        <div id=\"toggle-id-2-container\" class=\"toggle_wrap\"  >            <div class=\"toggle_content invers-color\"  itemprop=\"text\"   ><table>\n<tbody>\n<tr>\n<td>Zn\u00e1mky<\/td>\n<td>Cr<\/td>\n<td>Ni<\/td>\n<td>C<\/td>\n<td>Si<\/td>\n<td>Mn<\/td>\n<td>P<\/td>\n<td width=\"78\">S<\/td>\n<td width=\"177\">Ti<\/td>\n<\/tr>\n<tr>\n<td>321<\/td>\n<td>17.0<br \/>\n-19.0<\/td>\n<td>9.0<br \/>\n-12.0<\/td>\n<td>0.08<\/td>\n<td>0.75<\/td>\n<td>2.0<\/td>\n<td>0.045<\/td>\n<td width=\"78\">0.03<\/td>\n<td width=\"177\">\u22645 x (C + N) min.-0,70<\/td>\n<\/tr>\n<tr>\n<td>321H<\/td>\n<td>17.0<br \/>\n-19.0<\/td>\n<td>9.0<br \/>\n-12.0<\/td>\n<td>0.04-<br \/>\n0.10<\/td>\n<td>0.75<\/td>\n<td>2.0<\/td>\n<td>0.045<\/td>\n<td width=\"78\">0.03<\/td>\n<td width=\"177\">\u22644 x (C + N) min.-0,70<\/td>\n<\/tr>\n<\/tbody>\n<\/table>\n            <\/div>        <\/div>    <\/div><\/section>\n<section class=\"av_toggle_section\"  itemscope=\"itemscope\" itemtype=\"https:\/\/schema.org\/CreativeWork\"  >    <div class=\"single_toggle\" data-tags=\"{All} \"  >        <p data-fake-id=\"#toggle-id-3\" class=\"toggler\"  itemprop=\"headline\"  >321\/321H Mechanick\u00e9 vlastnosti<span class=\"toggle_icon\" >        <span class=\"vert_icon\"><\/span><span class=\"hor_icon\"><\/span><\/span><\/p>        <div id=\"toggle-id-3-container\" class=\"toggle_wrap\"  >            <div class=\"toggle_content invers-color\"  itemprop=\"text\"   ><table>\n<tbody>\n<tr>\n<td>\u0160koln\u00ed zn\u00e1mka<\/td>\n<td>Pevnost v tahu<\/td>\n<td width=\"200\">Mez kluzu 0,2%<\/td>\n<td width=\"160\">Ta\u017enost -%<\/td>\n<td width=\"146\">Tvrdost<\/td>\n<\/tr>\n<tr>\n<td>321\/321H<\/td>\n<td>515<\/td>\n<td width=\"200\">205<\/td>\n<td width=\"160\">40<\/td>\n<td width=\"146\">217Brinell<\/td>\n<\/tr>\n<\/tbody>\n<\/table>\n            <\/div>        <\/div>    <\/div><\/section>\n<\/div><\/p><\/div><\/div><!--close column table wrapper. Autoclose: 1 --><\/p>","protected":false},"excerpt":{"rendered":"","protected":false},"author":1,"featured_media":0,"parent":1323,"menu_order":0,"comment_status":"closed","ping_status":"closed","template":"","meta":{"footnotes":""},"class_list":["post-1446","page","type-page","status-publish","hentry"],"aioseo_notices":[],"_links":{"self":[{"href":"https:\/\/wldstainless.com\/cs\/wp-json\/wp\/v2\/pages\/1446","targetHints":{"allow":["GET"]}}],"collection":[{"href":"https:\/\/wldstainless.com\/cs\/wp-json\/wp\/v2\/pages"}],"about":[{"href":"https:\/\/wldstainless.com\/cs\/wp-json\/wp\/v2\/types\/page"}],"author":[{"embeddable":true,"href":"https:\/\/wldstainless.com\/cs\/wp-json\/wp\/v2\/users\/1"}],"replies":[{"embeddable":true,"href":"https:\/\/wldstainless.com\/cs\/wp-json\/wp\/v2\/comments?post=1446"}],"version-history":[{"count":6,"href":"https:\/\/wldstainless.com\/cs\/wp-json\/wp\/v2\/pages\/1446\/revisions"}],"predecessor-version":[{"id":1902,"href":"https:\/\/wldstainless.com\/cs\/wp-json\/wp\/v2\/pages\/1446\/revisions\/1902"}],"up":[{"embeddable":true,"href":"https:\/\/wldstainless.com\/cs\/wp-json\/wp\/v2\/pages\/1323"}],"wp:attachment":[{"href":"https:\/\/wldstainless.com\/cs\/wp-json\/wp\/v2\/media?parent=1446"}],"curies":[{"name":"wp","href":"https:\/\/api.w.org\/{rel}","templated":true}]}}