{"id":1432,"date":"2020-08-11T02:35:05","date_gmt":"2020-08-11T02:35:05","guid":{"rendered":"http:\/\/wldstainless.com\/?page_id=1432"},"modified":"2020-09-18T09:30:40","modified_gmt":"2020-09-18T09:30:40","slug":"duplex-stainless-steel","status":"publish","type":"page","link":"https:\/\/wldstainless.com\/cs\/materials\/duplex-stainless-steel\/","title":{"rendered":"Duplex z nerezov\u00e9 oceli"},"content":{"rendered":"<div class='flex_column_table av-equal-height-column-flextable -flextable' ><div class=\"flex_column av_one_fourth  flex_column_table_cell av-equal-height-column av-align-top av-zero-column-padding first\" style='border-radius:0px; '><p><div class='avia-builder-widget-area clearfix'><div id=\"nav_menu-5\" class=\"widget clearfix widget_nav_menu\"><h3 class=\"widgettitle\">Materi\u00e1l<\/h3><div class=\"menu-products-sidebar-menu-container\"><ul id=\"menu-products-sidebar-menu\" class=\"menu\"><li id=\"menu-item-1329\" class=\"menu-item menu-item-type-post_type menu-item-object-page menu-item-1329\"><a href=\"https:\/\/wldstainless.com\/cs\/materials\/ferritic-stainless-steel\/\">Feritick\u00e1 nerezov\u00e1 ocel<\/a><\/li>\n<li id=\"menu-item-1328\" class=\"menu-item menu-item-type-post_type menu-item-object-page menu-item-1328\"><a href=\"https:\/\/wldstainless.com\/cs\/materials\/martensitic-stainless-steel\/\">Martenzitick\u00e1 nerezov\u00e1 ocel<\/a><\/li>\n<li id=\"menu-item-1327\" class=\"menu-item menu-item-type-post_type menu-item-object-page menu-item-1327\"><a href=\"https:\/\/wldstainless.com\/cs\/materials\/austenitic-stainless-steel\/\">Austenitick\u00e1 nerezov\u00e1 ocel<\/a><\/li>\n<li id=\"menu-item-1889\" class=\"menu-item menu-item-type-post_type menu-item-object-page menu-item-1889\"><a href=\"https:\/\/wldstainless.com\/cs\/materials\/duplex-stainless-steel\/\">Duplex z nerezov\u00e9 oceli<\/a><\/li>\n<\/ul><\/div><\/div><\/div><br \/>\n<div  class='hr hr-default'><span class='hr-inner' ><span class='hr-inner-style'><\/span><\/span><\/div><br \/>\n<div class='avia-button-wrap avia-button-left'><a href='http:\/\/wldstainless.com\/contact\/#contact' class='avia-button   avia-icon_select-yes-left-icon avia-color-custom avia-size-large avia-position-left'  target=\"_blank\"  style='background-color:#e82221; border-color:#e82221; color:#ffffff; ' ><span class='avia_button_icon avia_button_icon_left' aria-hidden='true' data-av_icon='\ue84b' data-av_iconfont='entypo-fontello'><\/span><span class='avia_iconbox_title' >Vy\u017e\u00e1dejte si cenovou nab\u00eddku<\/span><\/a><\/div><\/p><\/div><\/div><!--close column table wrapper. Autoclose: 1 --><div class='flex_column_table av-equal-height-column-flextable -flextable' ><div class='av-flex-placeholder'><\/div><div class=\"flex_column av_three_fourth  flex_column_table_cell av-equal-height-column av-align-top av-zero-column-padding\" style='border-radius:0px; '><p><div style='padding-bottom:10px;color:#d3311f;' class='av-special-heading av-special-heading-h3 custom-color-heading'><h3 class='av-special-heading-tag'  itemprop=\"headline\"  >Duplex z nerezov\u00e9 oceli<\/h3><div class='special-heading-border'><div class='special-heading-inner-border' style='border-color:#d3311f'><\/div><\/div><\/div><br \/>\n<section class=\"av_textblock_section\"  itemscope=\"itemscope\" itemtype=\"https:\/\/schema.org\/CreativeWork\" ><div class='avia_textblock'   itemprop=\"text\" ><p>Nerezov\u00e1 ocel je legovan\u00e1 ocel, kter\u00e1 obsahuje minim\u00e1ln\u011b 10,5% chr\u00f3mu a 6% niklu, molybdenu a niobu. Ve srovn\u00e1n\u00ed s b\u011b\u017enou ocel\u00ed nerezov\u00e1 ocel snadno nekoroduje a nerezav\u00ed. Duplexn\u00ed t\u0159\u00eddy kombinuj\u00ed v\u00fdhody austenitick\u00e9ho a feritick\u00e9ho materi\u00e1lu. Tento materi\u00e1l m\u00e1 vy\u0161\u0161\u00ed pevnost a vynikaj\u00edc\u00ed odolnost proti prask\u00e1n\u00ed koroz\u00ed pod nap\u011bt\u00edm. Typ 2205 je b\u011b\u017en\u011b pou\u017e\u00edvan\u00fd druh materi\u00e1lu. U WLD Steel jsou duplexn\u00ed nerezov\u00e9 produkty dostupn\u00e9 v \u0161irok\u00e9 \u0161k\u00e1le tvar\u016f, jakost\u00ed, povrchov\u00fdch \u00faprav, rozm\u011br\u016f, \u0161\u00ed\u0159ek a d\u00e9lek.<\/p>\n<h2><\/h2>\n<\/div><\/section><\/p><\/div><\/div><!--close column table wrapper. Autoclose: 1 --><\/p>","protected":false},"excerpt":{"rendered":"","protected":false},"author":1,"featured_media":0,"parent":106,"menu_order":0,"comment_status":"closed","ping_status":"closed","template":"","meta":{"footnotes":""},"class_list":["post-1432","page","type-page","status-publish","hentry"],"aioseo_notices":[],"_links":{"self":[{"href":"https:\/\/wldstainless.com\/cs\/wp-json\/wp\/v2\/pages\/1432","targetHints":{"allow":["GET"]}}],"collection":[{"href":"https:\/\/wldstainless.com\/cs\/wp-json\/wp\/v2\/pages"}],"about":[{"href":"https:\/\/wldstainless.com\/cs\/wp-json\/wp\/v2\/types\/page"}],"author":[{"embeddable":true,"href":"https:\/\/wldstainless.com\/cs\/wp-json\/wp\/v2\/users\/1"}],"replies":[{"embeddable":true,"href":"https:\/\/wldstainless.com\/cs\/wp-json\/wp\/v2\/comments?post=1432"}],"version-history":[{"count":5,"href":"https:\/\/wldstainless.com\/cs\/wp-json\/wp\/v2\/pages\/1432\/revisions"}],"predecessor-version":[{"id":1906,"href":"https:\/\/wldstainless.com\/cs\/wp-json\/wp\/v2\/pages\/1432\/revisions\/1906"}],"up":[{"embeddable":true,"href":"https:\/\/wldstainless.com\/cs\/wp-json\/wp\/v2\/pages\/106"}],"wp:attachment":[{"href":"https:\/\/wldstainless.com\/cs\/wp-json\/wp\/v2\/media?parent=1432"}],"curies":[{"name":"wp","href":"https:\/\/api.w.org\/{rel}","templated":true}]}}