{"id":1427,"date":"2020-08-11T01:31:50","date_gmt":"2020-08-11T01:31:50","guid":{"rendered":"http:\/\/wldstainless.com\/?page_id=1427"},"modified":"2020-09-18T09:28:29","modified_gmt":"2020-09-18T09:28:29","slug":"309s-stainless-steel","status":"publish","type":"page","link":"https:\/\/wldstainless.com\/cs\/materials\/austenitic-stainless-steel\/309s-stainless-steel\/","title":{"rendered":"Nerezov\u00e1 ocel 309S"},"content":{"rendered":"<div class='flex_column_table av-equal-height-column-flextable -flextable' ><div class=\"flex_column av_one_fourth  flex_column_table_cell av-equal-height-column av-align-top av-zero-column-padding first\" style='border-radius:0px; '><p><div class='avia-builder-widget-area clearfix'><div id=\"nav_menu-5\" class=\"widget clearfix widget_nav_menu\"><h3 class=\"widgettitle\">Materi\u00e1l<\/h3><div class=\"menu-products-sidebar-menu-container\"><ul id=\"menu-products-sidebar-menu\" class=\"menu\"><li id=\"menu-item-1329\" class=\"menu-item menu-item-type-post_type menu-item-object-page menu-item-1329\"><a href=\"https:\/\/wldstainless.com\/cs\/materials\/ferritic-stainless-steel\/\">Feritick\u00e1 nerezov\u00e1 ocel<\/a><\/li>\n<li id=\"menu-item-1328\" class=\"menu-item menu-item-type-post_type menu-item-object-page menu-item-1328\"><a href=\"https:\/\/wldstainless.com\/cs\/materials\/martensitic-stainless-steel\/\">Martenzitick\u00e1 nerezov\u00e1 ocel<\/a><\/li>\n<li id=\"menu-item-1327\" class=\"menu-item menu-item-type-post_type menu-item-object-page menu-item-1327\"><a href=\"https:\/\/wldstainless.com\/cs\/materials\/austenitic-stainless-steel\/\">Austenitick\u00e1 nerezov\u00e1 ocel<\/a><\/li>\n<li id=\"menu-item-1889\" class=\"menu-item menu-item-type-post_type menu-item-object-page menu-item-1889\"><a href=\"https:\/\/wldstainless.com\/cs\/materials\/duplex-stainless-steel\/\">Duplex z nerezov\u00e9 oceli<\/a><\/li>\n<\/ul><\/div><\/div><\/div><br \/>\n<div  class='hr hr-default'><span class='hr-inner' ><span class='hr-inner-style'><\/span><\/span><\/div><br \/>\n<div class='avia-button-wrap avia-button-left'><a href='http:\/\/wldstainless.com\/contact\/#contact' class='avia-button   avia-icon_select-yes-left-icon avia-color-custom avia-size-large avia-position-left'  target=\"_blank\"  style='background-color:#e82221; border-color:#e82221; color:#ffffff; ' ><span class='avia_button_icon avia_button_icon_left' aria-hidden='true' data-av_icon='\ue84b' data-av_iconfont='entypo-fontello'><\/span><span class='avia_iconbox_title' >Vy\u017e\u00e1dejte si cenovou nab\u00eddku<\/span><\/a><\/div><\/p><\/div><\/div><!--close column table wrapper. Autoclose: 1 --><div class='flex_column_table av-equal-height-column-flextable -flextable' ><div class='av-flex-placeholder'><\/div><div class=\"flex_column av_three_fourth  flex_column_table_cell av-equal-height-column av-align-top av-zero-column-padding\" style='border-radius:0px; '><p><div style='padding-bottom:10px;color:#d3311f;' class='av-special-heading av-special-heading-h3 custom-color-heading'><h3 class='av-special-heading-tag'  itemprop=\"headline\"  >Nerezov\u00e1 ocel 309S <\/h3><div class='special-heading-border'><div class='special-heading-inner-border' style='border-color:#d3311f'><\/div><\/div><\/div><br \/>\n<section class=\"av_textblock_section\"  itemscope=\"itemscope\" itemtype=\"https:\/\/schema.org\/CreativeWork\" ><div class='avia_textblock'   itemprop=\"text\" ><p>WLD Steel je p\u0159edn\u00edm v\u00fdrobcem, dodavatelem a v\u00fdvozcem nerezov\u00e9 oceli 309\/309S dostupn\u00e9 v \u0159ad\u011b r\u016fzn\u00fdch velikost\u00ed a forem v\u010detn\u011b trubek, trubek, plech\u016f, desek, ty\u010d\u00ed, ty\u010d\u00ed a dal\u0161\u00edch tvar\u016f, jako je and\u011bl, kan\u00e1l, kruh atd. na. 309S je typ automatov\u00e9 nerezov\u00e9 oceli s obsahem s\u00edry, je to n\u00edzkouhl\u00edkov\u00e1 nerezov\u00e1 ocel 309. D\u00edky n\u00edzk\u00e9mu obsahu uhl\u00edku se minimalizuje sr\u00e1\u017een\u00ed karbid\u016f a zlep\u0161uje se sva\u0159itelnost. Vydr\u017e\u00ed opakovan\u00e9 zah\u0159\u00edv\u00e1n\u00ed pod 980 \u2103, s pevnost\u00ed p\u0159i vysok\u00fdch teplot\u00e1ch a odolnost\u00ed proti oxidaci, antikarburiza\u010dn\u00ed v\u00fdkon byl \u0161iroce pou\u017e\u00edv\u00e1n v kotl\u00edch, energetice (jadern\u00e1 energie, tepeln\u00e1 energie, palivov\u00e9 \u010dl\u00e1nky), pr\u016fmyslov\u00e9 peci, spalovn\u011b, topn\u00e9 peci, chemick\u00e9 , petrochemie a dal\u0161\u00ed obory.<\/p>\n<p>Jak\u00e9 jsou dostupn\u00e9 formy a specifikace 309S u WLD Steel?<\/p>\n<table>\n<tbody>\n<tr>\n<td width=\"170\">Plech\/deska\/c\u00edvka<\/td>\n<td width=\"170\">Beze\u0161v\u00e1 trubka\/trubka<\/td>\n<td width=\"170\">Sva\u0159ovan\u00e1 trubka\/trubka<\/td>\n<td width=\"170\">Kulat\u00fd bar<\/td>\n<td width=\"170\">Tv\u00e1\u0159en\u00e1 ocel (tvarovan\u00e1)<\/td>\n<\/tr>\n<tr>\n<td width=\"170\">ASTM A240<\/td>\n<td width=\"170\">ASTM A789;<\/p>\n<p>ASTM A790<\/td>\n<td width=\"170\">ASTM A928<\/td>\n<td width=\"170\">ASTM A276;<\/p>\n<p>ASTM A479<\/td>\n<td width=\"170\">ASTM A276<\/td>\n<\/tr>\n<\/tbody>\n<\/table>\n<\/div><\/section><br \/>\n<div class=\"togglecontainer   toggle_close_all\" >\n<section class=\"av_toggle_section\"  itemscope=\"itemscope\" itemtype=\"https:\/\/schema.org\/CreativeWork\"  >    <div class=\"single_toggle\" data-tags=\"{All} \"  >        <p data-fake-id=\"#toggle-id-1\" class=\"toggler\"  itemprop=\"headline\"  >Ekvivalentn\u00ed materi\u00e1ly oceli 309S<span class=\"toggle_icon\" >        <span class=\"vert_icon\"><\/span><span class=\"hor_icon\"><\/span><\/span><\/p>        <div id=\"toggle-id-1-container\" class=\"toggle_wrap\"  >            <div class=\"toggle_content invers-color\"  itemprop=\"text\"   ><table>\n<tbody>\n<tr>\n<td width=\"170\">Plech\/deska\/c\u00edvka<\/td>\n<td width=\"170\">Beze\u0161v\u00e1 trubka\/trubka<\/td>\n<td width=\"170\">Sva\u0159ovan\u00e1 trubka\/trubka<\/td>\n<td width=\"170\">Kulat\u00fd bar<\/td>\n<td width=\"170\">Tv\u00e1\u0159en\u00e1 ocel (tvarovan\u00e1)<\/td>\n<\/tr>\n<tr>\n<td width=\"170\">ASTM A240<\/td>\n<td width=\"170\">ASTM A789;<\/p>\n<p>ASTM A790<\/td>\n<td width=\"170\">ASTM A928<\/td>\n<td width=\"170\">ASTM A276;<\/p>\n<p>ASTM A479<\/td>\n<td width=\"170\">ASTM A276<\/td>\n<\/tr>\n<\/tbody>\n<\/table>\n            <\/div>        <\/div>    <\/div><\/section>\n<section class=\"av_toggle_section\"  itemscope=\"itemscope\" itemtype=\"https:\/\/schema.org\/CreativeWork\"  >    <div class=\"single_toggle\" data-tags=\"{All} \"  >        <p data-fake-id=\"#toggle-id-2\" class=\"toggler\"  itemprop=\"headline\"  >Chemick\u00e9 slo\u017een\u00ed 309S<span class=\"toggle_icon\" >        <span class=\"vert_icon\"><\/span><span class=\"hor_icon\"><\/span><\/span><\/p>        <div id=\"toggle-id-2-container\" class=\"toggle_wrap\"  >            <div class=\"toggle_content invers-color\"  itemprop=\"text\"   ><table>\n<tbody>\n<tr>\n<td width=\"141\">ASTM\/AISI<\/td>\n<td width=\"141\">UNS<\/td>\n<td width=\"141\">SAE<\/td>\n<td width=\"141\">JIS<\/td>\n<td width=\"141\">R\u00c1MUS<\/td>\n<td width=\"142\">GB<\/td>\n<\/tr>\n<tr>\n<td width=\"141\">309S<\/td>\n<td width=\"141\">S30908<\/td>\n<td width=\"141\">30309S<\/td>\n<td width=\"141\">SUS 309<\/td>\n<td width=\"141\">X7CrNi23.14<\/td>\n<td width=\"142\">0Cr23Ni13<\/td>\n<\/tr>\n<\/tbody>\n<\/table>\n            <\/div>        <\/div>    <\/div><\/section>\n<section class=\"av_toggle_section\"  itemscope=\"itemscope\" itemtype=\"https:\/\/schema.org\/CreativeWork\"  >    <div class=\"single_toggle\" data-tags=\"{All} \"  >        <p data-fake-id=\"#toggle-id-3\" class=\"toggler\"  itemprop=\"headline\"  >Mechanick\u00e9 vlastnosti 309S<span class=\"toggle_icon\" >        <span class=\"vert_icon\"><\/span><span class=\"hor_icon\"><\/span><\/span><\/p>        <div id=\"toggle-id-3-container\" class=\"toggle_wrap\"  >            <div class=\"toggle_content invers-color\"  itemprop=\"text\"   ><table>\n<tbody>\n<tr>\n<td width=\"94\">\u0160koln\u00ed zn\u00e1mka<\/td>\n<td width=\"94\">Ni<\/td>\n<td width=\"94\">Cr<\/td>\n<td width=\"94\">C<\/td>\n<td width=\"94\">Mn<\/td>\n<td width=\"94\">Si<\/td>\n<td width=\"94\">S<\/td>\n<td width=\"94\">P<\/td>\n<td width=\"94\">Fe<\/td>\n<\/tr>\n<tr>\n<td width=\"94\">309S<\/td>\n<td width=\"94\">12.0-15.0<\/td>\n<td width=\"94\">22.0-24.0<\/td>\n<td width=\"94\">0.08<\/td>\n<td width=\"94\">2.0<\/td>\n<td width=\"94\">0.75<\/td>\n<td width=\"94\">0.03<\/td>\n<td width=\"94\">0.045<\/td>\n<td width=\"94\">Z\u016fstatek<\/td>\n<\/tr>\n<\/tbody>\n<\/table>\n            <\/div>        <\/div>    <\/div><\/section>\n<\/div><\/p><\/div><\/div><!--close column table wrapper. Autoclose: 1 --><\/p>","protected":false},"excerpt":{"rendered":"","protected":false},"author":1,"featured_media":0,"parent":1323,"menu_order":0,"comment_status":"closed","ping_status":"closed","template":"","meta":{"footnotes":""},"class_list":["post-1427","page","type-page","status-publish","hentry"],"aioseo_notices":[],"_links":{"self":[{"href":"https:\/\/wldstainless.com\/cs\/wp-json\/wp\/v2\/pages\/1427","targetHints":{"allow":["GET"]}}],"collection":[{"href":"https:\/\/wldstainless.com\/cs\/wp-json\/wp\/v2\/pages"}],"about":[{"href":"https:\/\/wldstainless.com\/cs\/wp-json\/wp\/v2\/types\/page"}],"author":[{"embeddable":true,"href":"https:\/\/wldstainless.com\/cs\/wp-json\/wp\/v2\/users\/1"}],"replies":[{"embeddable":true,"href":"https:\/\/wldstainless.com\/cs\/wp-json\/wp\/v2\/comments?post=1427"}],"version-history":[{"count":8,"href":"https:\/\/wldstainless.com\/cs\/wp-json\/wp\/v2\/pages\/1427\/revisions"}],"predecessor-version":[{"id":1899,"href":"https:\/\/wldstainless.com\/cs\/wp-json\/wp\/v2\/pages\/1427\/revisions\/1899"}],"up":[{"embeddable":true,"href":"https:\/\/wldstainless.com\/cs\/wp-json\/wp\/v2\/pages\/1323"}],"wp:attachment":[{"href":"https:\/\/wldstainless.com\/cs\/wp-json\/wp\/v2\/media?parent=1427"}],"curies":[{"name":"wp","href":"https:\/\/api.w.org\/{rel}","templated":true}]}}