{"id":1425,"date":"2020-08-11T01:30:52","date_gmt":"2020-08-11T01:30:52","guid":{"rendered":"http:\/\/wldstainless.com\/?page_id=1425"},"modified":"2020-09-18T09:28:39","modified_gmt":"2020-09-18T09:28:39","slug":"310s-stainless-steel","status":"publish","type":"page","link":"https:\/\/wldstainless.com\/cs\/materials\/austenitic-stainless-steel\/310s-stainless-steel\/","title":{"rendered":"Nerezov\u00e1 ocel 310S"},"content":{"rendered":"<div class='flex_column_table av-equal-height-column-flextable -flextable' ><div class=\"flex_column av_one_fourth  flex_column_table_cell av-equal-height-column av-align-top av-zero-column-padding first\" style='border-radius:0px; '><p><div class='avia-builder-widget-area clearfix'><div id=\"nav_menu-5\" class=\"widget clearfix widget_nav_menu\"><h3 class=\"widgettitle\">Materi\u00e1l<\/h3><div class=\"menu-products-sidebar-menu-container\"><ul id=\"menu-products-sidebar-menu\" class=\"menu\"><li id=\"menu-item-1329\" class=\"menu-item menu-item-type-post_type menu-item-object-page menu-item-1329\"><a href=\"https:\/\/wldstainless.com\/cs\/materials\/ferritic-stainless-steel\/\">Feritick\u00e1 nerezov\u00e1 ocel<\/a><\/li>\n<li id=\"menu-item-1328\" class=\"menu-item menu-item-type-post_type menu-item-object-page menu-item-1328\"><a href=\"https:\/\/wldstainless.com\/cs\/materials\/martensitic-stainless-steel\/\">Martenzitick\u00e1 nerezov\u00e1 ocel<\/a><\/li>\n<li id=\"menu-item-1327\" class=\"menu-item menu-item-type-post_type menu-item-object-page menu-item-1327\"><a href=\"https:\/\/wldstainless.com\/cs\/materials\/austenitic-stainless-steel\/\">Austenitick\u00e1 nerezov\u00e1 ocel<\/a><\/li>\n<li id=\"menu-item-1889\" class=\"menu-item menu-item-type-post_type menu-item-object-page menu-item-1889\"><a href=\"https:\/\/wldstainless.com\/cs\/materials\/duplex-stainless-steel\/\">Duplex z nerezov\u00e9 oceli<\/a><\/li>\n<\/ul><\/div><\/div><\/div><br \/>\n<div  class='hr hr-default'><span class='hr-inner' ><span class='hr-inner-style'><\/span><\/span><\/div><br \/>\n<div class='avia-button-wrap avia-button-left'><a href='http:\/\/wldstainless.com\/contact\/#contact' class='avia-button   avia-icon_select-yes-left-icon avia-color-custom avia-size-large avia-position-left'  target=\"_blank\"  style='background-color:#e82221; border-color:#e82221; color:#ffffff; ' ><span class='avia_button_icon avia_button_icon_left' aria-hidden='true' data-av_icon='\ue84b' data-av_iconfont='entypo-fontello'><\/span><span class='avia_iconbox_title' >Vy\u017e\u00e1dejte si cenovou nab\u00eddku<\/span><\/a><\/div><\/p><\/div><\/div><!--close column table wrapper. Autoclose: 1 --><div class='flex_column_table av-equal-height-column-flextable -flextable' ><div class='av-flex-placeholder'><\/div><div class=\"flex_column av_three_fourth  flex_column_table_cell av-equal-height-column av-align-top av-zero-column-padding\" style='border-radius:0px; '><p><div style='padding-bottom:10px;color:#d3311f;' class='av-special-heading av-special-heading-h3 custom-color-heading'><h3 class='av-special-heading-tag'  itemprop=\"headline\"  >Nerezov\u00e1 ocel 310S<\/h3><div class='special-heading-border'><div class='special-heading-inner-border' style='border-color:#d3311f'><\/div><\/div><\/div><br \/>\n<section class=\"av_textblock_section\"  itemscope=\"itemscope\" itemtype=\"https:\/\/schema.org\/CreativeWork\" ><div class='avia_textblock'   itemprop=\"text\" ><p>WLD Steel je p\u0159edn\u00ed v\u00fdrobce, dodavatel a v\u00fdvozce nerezov\u00e9 oceli 310\/310S dostupn\u00e9 v \u0159ad\u011b r\u016fzn\u00fdch velikost\u00ed a forem, v\u010detn\u011b trubek, trubek, plech\u016f, desek, ty\u010d\u00ed, ty\u010d\u00ed a dal\u0161\u00edch tvar\u016f, jako je and\u011bl, kan\u00e1l, kruh, \u0159ez kus a tak d\u00e1le. Alloy 310 (UNS S31000) je austenitick\u00e1 nerezov\u00e1 ocel s vysok\u00fdm obsahem Cr-Ni zn\u00e1m\u00e1 pro pou\u017eit\u00ed v aplikac\u00edch odoln\u00fdch v\u016f\u010di vysok\u00fdm teplot\u00e1m a korozi. 310S (UNS S31008) je n\u00edzkouhl\u00edkov\u00e1 verze slitiny. M\u00e1 vynikaj\u00edc\u00ed odolnost proti korozi v oxida\u010dn\u00edm m\u00e9diu, stejn\u011b jako dobr\u00e9 mechanick\u00e9 vlastnosti p\u0159i vysok\u00fdch teplot\u00e1ch, lze jej pou\u017e\u00edt pro rafinaci ropy a parn\u00ed kotle, sou\u010d\u00e1sti olejov\u00fdch ho\u0159\u00e1k\u016f, v\u00fdm\u011bn\u00edky tepla, kryty pro \u017e\u00edh\u00e1n\u00ed sou\u010d\u00e1st\u00ed pec\u00ed a za\u0159\u00edzen\u00ed na zpracov\u00e1n\u00ed potravin.<\/p>\n<p>Jak\u00e9 jsou dostupn\u00e9 formy a specifikace 310S u WLD Steel?<\/p>\n<table>\n<tbody>\n<tr>\n<td width=\"170\">Plech\/Plate\/Coil<\/td>\n<td width=\"170\">Beze\u0161v\u00e1 trubka\/trubka<\/td>\n<td width=\"170\">Sva\u0159ovan\u00e1 trubka\/trubka<\/td>\n<td width=\"170\">Kulat\u00fd bar<\/td>\n<td width=\"170\">Tvarovan\u00e1 ocel (tvarovan\u00e1)<\/td>\n<\/tr>\n<tr>\n<td width=\"170\">ASTM A240<\/td>\n<td width=\"170\">ASTM A789;<\/p>\n<p>ASTM A790<\/td>\n<td width=\"170\">ASTM A928<\/td>\n<td width=\"170\">ASTM A276;<\/p>\n<p>ASTM A479<\/td>\n<td width=\"170\">ASTM A276<\/td>\n<\/tr>\n<\/tbody>\n<\/table>\n<h2><\/h2>\n<\/div><\/section><br \/>\n<div class=\"togglecontainer\" >\n<section class=\"av_toggle_section\"  itemscope=\"itemscope\" itemtype=\"https:\/\/schema.org\/CreativeWork\"  >    <div class=\"single_toggle\" data-tags=\"{All} \"  >        <p data-fake-id=\"#toggle-id-1\" class=\"toggler\"  itemprop=\"headline\"  >Ekvivalentn\u00ed materi\u00e1ly oceli 310S<span class=\"toggle_icon\" >        <span class=\"vert_icon\"><\/span><span class=\"hor_icon\"><\/span><\/span><\/p>        <div id=\"toggle-id-1-container\" class=\"toggle_wrap\"  >            <div class=\"toggle_content invers-color\"  itemprop=\"text\"   ><table>\n<tbody>\n<tr>\n<td width=\"120\">Normy<\/td>\n<td width=\"120\">R\u00c1MUS<\/td>\n<td width=\"120\">UNS<\/td>\n<td width=\"120\">JIS<\/td>\n<td width=\"120\">BS<\/td>\n<td width=\"120\">GOST<\/td>\n<td width=\"120\">EN<\/td>\n<td width=\"120\">GB<\/td>\n<\/tr>\n<tr>\n<td width=\"120\">SS 310S<\/td>\n<td width=\"120\">1.4845<\/td>\n<td width=\"120\">S31008<\/td>\n<td width=\"120\">SUS 310S<\/td>\n<td width=\"120\">310S16<\/td>\n<td width=\"120\">20Ch23N18<\/td>\n<td width=\"120\">X8CrNi25-21<\/td>\n<td width=\"120\">0Cr25Ni20<\/td>\n<\/tr>\n<\/tbody>\n<\/table>\n            <\/div>        <\/div>    <\/div><\/section>\n<section class=\"av_toggle_section\"  itemscope=\"itemscope\" itemtype=\"https:\/\/schema.org\/CreativeWork\"  >    <div class=\"single_toggle\" data-tags=\"{All} \"  >        <p data-fake-id=\"#toggle-id-2\" class=\"toggler\"  itemprop=\"headline\"  >Chemick\u00e9 slo\u017een\u00ed 310S <span class=\"toggle_icon\" >        <span class=\"vert_icon\"><\/span><span class=\"hor_icon\"><\/span><\/span><\/p>        <div id=\"toggle-id-2-container\" class=\"toggle_wrap\"  >            <div class=\"toggle_content invers-color\"  itemprop=\"text\"   ><table>\n<tbody>\n<tr>\n<td width=\"94\">Zn\u00e1mky<\/td>\n<td width=\"94\">Ni<\/td>\n<td width=\"94\">Cr<\/td>\n<td width=\"94\">C<\/td>\n<td width=\"94\">Mn<\/td>\n<td width=\"94\">Si<\/td>\n<td width=\"94\">S<\/td>\n<td width=\"94\">P<\/td>\n<td width=\"94\">Fe<\/td>\n<\/tr>\n<tr>\n<td width=\"94\">SS 310S<\/td>\n<td width=\"94\">19\u201322<\/td>\n<td width=\"94\">24\u201326<\/td>\n<td width=\"94\">0.08<\/td>\n<td width=\"94\">2<\/td>\n<td width=\"94\">1<\/td>\n<td width=\"94\">0.03<\/td>\n<td width=\"94\">0.045<\/td>\n<td width=\"94\">Bal<\/td>\n<\/tr>\n<\/tbody>\n<\/table>\n            <\/div>        <\/div>    <\/div><\/section>\n<section class=\"av_toggle_section\"  itemscope=\"itemscope\" itemtype=\"https:\/\/schema.org\/CreativeWork\"  >    <div class=\"single_toggle\" data-tags=\"{All} \"  >        <p data-fake-id=\"#toggle-id-3\" class=\"toggler\"  itemprop=\"headline\"  >Mechanick\u00e9 vlastnosti 310S<span class=\"toggle_icon\" >        <span class=\"vert_icon\"><\/span><span class=\"hor_icon\"><\/span><\/span><\/p>        <div id=\"toggle-id-3-container\" class=\"toggle_wrap\"  >            <div class=\"toggle_content invers-color\"  itemprop=\"text\"   ><table>\n<tbody>\n<tr>\n<td>Zn\u00e1mky<\/td>\n<td width=\"179\">Pevnost v tahu<\/td>\n<td width=\"179\">Mez kluzu (0,2%Offset)<\/td>\n<td width=\"179\">Prodlou\u017een\u00ed, %<\/td>\n<td width=\"179\">Tvrdost<\/td>\n<\/tr>\n<tr>\n<td>310S<\/td>\n<td width=\"179\">550, Mpa<\/td>\n<td width=\"179\">245, Mpa<\/td>\n<td width=\"179\">45<\/td>\n<td width=\"179\">217Brinell<\/td>\n<\/tr>\n<\/tbody>\n<\/table>\n            <\/div>        <\/div>    <\/div><\/section>\n<\/div><\/p><\/div><\/div><!--close column table wrapper. Autoclose: 1 --><\/p>","protected":false},"excerpt":{"rendered":"","protected":false},"author":1,"featured_media":0,"parent":1323,"menu_order":0,"comment_status":"closed","ping_status":"closed","template":"","meta":{"footnotes":""},"class_list":["post-1425","page","type-page","status-publish","hentry"],"aioseo_notices":[],"_links":{"self":[{"href":"https:\/\/wldstainless.com\/cs\/wp-json\/wp\/v2\/pages\/1425","targetHints":{"allow":["GET"]}}],"collection":[{"href":"https:\/\/wldstainless.com\/cs\/wp-json\/wp\/v2\/pages"}],"about":[{"href":"https:\/\/wldstainless.com\/cs\/wp-json\/wp\/v2\/types\/page"}],"author":[{"embeddable":true,"href":"https:\/\/wldstainless.com\/cs\/wp-json\/wp\/v2\/users\/1"}],"replies":[{"embeddable":true,"href":"https:\/\/wldstainless.com\/cs\/wp-json\/wp\/v2\/comments?post=1425"}],"version-history":[{"count":12,"href":"https:\/\/wldstainless.com\/cs\/wp-json\/wp\/v2\/pages\/1425\/revisions"}],"predecessor-version":[{"id":1900,"href":"https:\/\/wldstainless.com\/cs\/wp-json\/wp\/v2\/pages\/1425\/revisions\/1900"}],"up":[{"embeddable":true,"href":"https:\/\/wldstainless.com\/cs\/wp-json\/wp\/v2\/pages\/1323"}],"wp:attachment":[{"href":"https:\/\/wldstainless.com\/cs\/wp-json\/wp\/v2\/media?parent=1425"}],"curies":[{"name":"wp","href":"https:\/\/api.w.org\/{rel}","templated":true}]}}