{"id":1377,"date":"2020-08-10T05:15:05","date_gmt":"2020-08-10T05:15:05","guid":{"rendered":"http:\/\/wldstainless.com\/?page_id=1377"},"modified":"2020-12-11T05:41:57","modified_gmt":"2020-12-11T05:41:57","slug":"stainless-steel-coiled-tube","status":"publish","type":"page","link":"https:\/\/wldstainless.com\/cs\/products\/stainless-steel-coiled-tube\/","title":{"rendered":"Vinut\u00e1 trubka z nerezov\u00e9 oceli"},"content":{"rendered":"<div class=\"flex_column av_one_fourth  flex_column_div av-zero-column-padding first\" style='border-radius:0px; '><p><div class='avia-builder-widget-area clearfix'><div id=\"nav_menu-7\" class=\"widget clearfix widget_nav_menu\"><h3 class=\"widgettitle\">produkty<\/h3><div class=\"menu-accessories-container\"><ul id=\"menu-accessories\" class=\"menu\"><li id=\"menu-item-1924\" class=\"menu-item menu-item-type-post_type menu-item-object-page menu-item-1924\"><a href=\"https:\/\/wldstainless.com\/cs\/products\/stainless-steel-angle\/\">\u00daheln\u00edk z nerezov\u00e9 oceli<\/a><\/li>\n<li id=\"menu-item-1925\" class=\"menu-item menu-item-type-post_type menu-item-object-page menu-item-1925\"><a href=\"https:\/\/wldstainless.com\/cs\/products\/stainless-steel-beam\/\">Nosn\u00edk z nerezov\u00e9 oceli<\/a><\/li>\n<li id=\"menu-item-1926\" class=\"menu-item menu-item-type-post_type menu-item-object-page menu-item-1926\"><a href=\"https:\/\/wldstainless.com\/cs\/products\/stainless-steel-capillary-tubes\/\">Kapil\u00e1rn\u00ed trubice z nerezov\u00e9 oceli<\/a><\/li>\n<li id=\"menu-item-1927\" class=\"menu-item menu-item-type-post_type menu-item-object-page menu-item-1927\"><a href=\"https:\/\/wldstainless.com\/cs\/products\/stainless-steel-channel\/\">Kan\u00e1l z nerezov\u00e9 oceli<\/a><\/li>\n<li id=\"menu-item-1928\" class=\"menu-item menu-item-type-post_type menu-item-object-page menu-item-1928\"><a href=\"https:\/\/wldstainless.com\/cs\/products\/stainless-steel-coiled-tube\/\">Vinut\u00e1 trubka z nerezov\u00e9 oceli<\/a><\/li>\n<li id=\"menu-item-1929\" class=\"menu-item menu-item-type-post_type menu-item-object-page menu-item-1929\"><a href=\"https:\/\/wldstainless.com\/cs\/products\/stainless-steel-cold-rolled-plate-sheet-coil\/\">Za studena v\u00e1lcovan\u00fd plech\/plech\/ svitek z nerezov\u00e9 oceli<\/a><\/li>\n<li id=\"menu-item-1930\" class=\"menu-item menu-item-type-post_type menu-item-object-page menu-item-1930\"><a href=\"https:\/\/wldstainless.com\/cs\/products\/stainless-steel-flats\/\">Plochy z nerezov\u00e9 oceli<\/a><\/li>\n<li id=\"menu-item-1931\" class=\"menu-item menu-item-type-post_type menu-item-object-page menu-item-1931\"><a href=\"https:\/\/wldstainless.com\/cs\/products\/stainless-steel-hexagon-bars\/\">\u0160estihrann\u00e9 ty\u010de z nerezov\u00e9 oceli<\/a><\/li>\n<li id=\"menu-item-1932\" class=\"menu-item menu-item-type-post_type menu-item-object-page menu-item-1932\"><a href=\"https:\/\/wldstainless.com\/cs\/products\/stainless-steel-hot-rolled-plate-sheet-coil\/\">Za tepla v\u00e1lcovan\u00fd plech\/plech\/svitek z nerezov\u00e9 oceli<\/a><\/li>\n<li id=\"menu-item-1933\" class=\"menu-item menu-item-type-post_type menu-item-object-page menu-item-1933\"><a href=\"https:\/\/wldstainless.com\/cs\/products\/stainless-steel-large-diameter-pipe\/\">Nerezov\u00e1 trubka velk\u00e9ho pr\u016fm\u011bru<\/a><\/li>\n<li id=\"menu-item-1934\" class=\"menu-item menu-item-type-post_type menu-item-object-page menu-item-1934\"><a href=\"https:\/\/wldstainless.com\/cs\/products\/stainless-steel-round-bars\/\">Kruhov\u00e9 ty\u010de z nerezov\u00e9 oceli<\/a><\/li>\n<li id=\"menu-item-1935\" class=\"menu-item menu-item-type-post_type menu-item-object-page menu-item-1935\"><a href=\"https:\/\/wldstainless.com\/cs\/products\/stainless-steel-square-tube\/\">Nerezov\u00e1 \u010dtvercov\u00e1 trubka<\/a><\/li>\n<li id=\"menu-item-1936\" class=\"menu-item menu-item-type-post_type menu-item-object-page menu-item-1936\"><a href=\"https:\/\/wldstainless.com\/cs\/products\/stainless-steel-u-bend-tube\/\">Nerezov\u00e1 ocel U-Bend trubka<\/a><\/li>\n<\/ul><\/div><\/div><\/div><br \/>\n<div  class='hr hr-default'><span class='hr-inner' ><span class='hr-inner-style'><\/span><\/span><\/div><br \/>\n<div class='avia-button-wrap avia-button-left'><a href='http:\/\/wldstainless.com\/contact\/#contact' class='avia-button   avia-icon_select-yes-left-icon avia-color-custom avia-size-large avia-position-left'  target=\"_blank\"  style='background-color:#e82221; border-color:#e82221; color:#ffffff; ' ><span class='avia_button_icon avia_button_icon_left' aria-hidden='true' data-av_icon='\ue84b' data-av_iconfont='entypo-fontello'><\/span><span class='avia_iconbox_title' >Vy\u017e\u00e1dejte si cenovou nab\u00eddku<\/span><\/a><\/div><\/p><\/div>\n<div class=\"flex_column av_three_fourth  flex_column_div\" style='padding:0px 0px 50px 0px ; border-radius:0px; '><p><div style='padding-bottom:10px;color:#d3311f;' class='av-special-heading av-special-heading-h3 custom-color-heading'><h3 class='av-special-heading-tag'  itemprop=\"headline\"  >Vinut\u00e1 trubka z nerezov\u00e9 oceli<\/h3><div class='special-heading-border'><div class='special-heading-inner-border' style='border-color:#d3311f'><\/div><\/div><\/div><br \/>\n<section class=\"av_textblock_section\"  itemscope=\"itemscope\" itemtype=\"https:\/\/schema.org\/CreativeWork\" ><div class='avia_textblock'   itemprop=\"text\" ><p>Svinut\u00e1 trubka je obecn\u011b oh\u00fdban\u00e1 kulat\u00e9 spir\u00e1lov\u00e9 trubkov\u00e9 svitky o pr\u016fm\u011bru 0,5 a\u017e 25 mm a tlou\u0161\u0165ce 0,1 a\u017e 2,5 mm. Nab\u00edz\u00ed vynikaj\u00edc\u00ed vlastnost nerezov\u00e9 oceli, kter\u00e1 je odoln\u00e1 v\u016f\u010di vysok\u00fdm teplot\u00e1m a korozi, dlouhou \u017eivotnost a sto\u010den\u00fd tvar tak\u00e9 \u0161et\u0159\u00ed n\u00e1klady na skladov\u00e1n\u00ed a dopravu. Sv\u011btl\u00e1 spir\u00e1lov\u00e1 trubka z nerezov\u00e9 oceli je vyrobena z trubice z nerezov\u00e9 oceli s procesem redukce st\u011bny o\u0161et\u0159en\u00edm jasn\u00fdm \u017e\u00edh\u00e1n\u00edm, obecn\u011b sv\u011btl\u00e9 \u017e\u00edh\u00e1n\u00ed nebo jemn\u00e9 le\u0161t\u011bn\u00ed m\u016f\u017ee zp\u016fsobit drsnost povrchu a\u017e na m\u00e9n\u011b ne\u017e 0,2 um, co\u017e vytv\u00e1\u0159\u00ed p\u0159esn\u00e9 a hlad\u0161\u00ed vnit\u0159n\u00ed a vn\u011bj\u0161\u00ed st\u011bny a se neobjev\u00ed \u010dern\u00fd oxid. Toleranci vn\u011bj\u0161\u00edho pr\u016fm\u011bru lze regulovat na \u00b10,05 mm a vn\u011bj\u0161\u00ed pr\u016fm\u011br na \u00b10,02 mm, co\u017e je lep\u0161\u00ed ne\u017e b\u011b\u017en\u00e1 trubka z nerezov\u00e9 oceli. Nerezov\u00e9 vinut\u00e9 trubky jsou \u0161iroce pou\u017e\u00edv\u00e1ny v ropn\u00e9m vrt\u00e1n\u00ed, kompletn\u00edm vybaven\u00ed (potrub\u00ed a kabel), chemick\u00e9m pr\u016fmyslu, farmaceutick\u00e9m pr\u016fmyslu, potravin\u00e1\u0159sk\u00e9m pr\u016fmyslu, stroj\u00edrenstv\u00ed, koteln\u00edm pr\u016fmyslu, lodn\u00edm pr\u016fmyslu atd.<\/p>\n<p>Ve WLD Steel dod\u00e1v\u00e1me a vyr\u00e1b\u00edme nerezov\u00e9 vinut\u00e9 trubky s vn\u011bj\u0161\u00edm pr\u016fm\u011brem 1,6 mm-25 mm a tlou\u0161\u0165kou st\u011bny 0,4 mm-2,1 mm. Zde obecn\u011b vyr\u00e1b\u00edme a kontrolujeme kvalitu vinut\u00fdch trubek v souladu s ASTM A\/ASME SA 213\/269\/511\/632. M\u016f\u017eeme nab\u00eddnout p\u0159izp\u016fsoben\u00ed slu\u017eby, pokud maj\u00ed z\u00e1kazn\u00edci p\u0159\u00edsn\u011bj\u0161\u00ed po\u017eadavky na kapil\u00e1rn\u00ed rozm\u011brovou p\u0159esnost a povrchovou \u00fapravu, v\u010detn\u011b nerezov\u00e9 jasn\u011b \u017e\u00edhan\u00e9 trubky, elektrolyticky le\u0161t\u011bn\u00e9 trubky, nav\u00edc poskytujeme odlupov\u00e1n\u00ed, uzav\u00edr\u00e1n\u00ed, d\u011brov\u00e1n\u00ed, \u0159ez\u00e1n\u00ed, oh\u00fdb\u00e1n\u00ed a dal\u0161\u00ed zpracovatelsk\u00e9 slu\u017eby<\/p>\n<\/div><\/section><br \/>\n<div class='avia-gallery  avia-gallery-1 avia_lazyload avia_animate_when_visible'  itemprop=\"ImageObject\" itemscope=\"itemscope\" itemtype=\"https:\/\/schema.org\/ImageObject\" ><div class='avia-gallery-thumb'> <a href='https:\/\/wldstainless.com\/wp-content\/uploads\/2020\/09\/316-coild-boiler-tube.jpg' data-rel='gallery-1' data-prev-img='https:\/\/wldstainless.com\/wp-content\/uploads\/2020\/09\/316-coild-boiler-tube.jpg' class='first_thumb lightbox' data-onclick='1' title=''  itemprop=\"thumbnailUrl\" ><img  src='https:\/\/wldstainless.com\/wp-content\/uploads\/2020\/09\/316-coild-boiler-tube.jpg' width='300' height='300'  title='316 trubka spir\u00e1lov\u00e9ho kotle' alt='' \/><\/a> <a href='https:\/\/wldstainless.com\/wp-content\/uploads\/2020\/09\/304-coild-tube.jpg' data-rel='gallery-1' data-prev-img='https:\/\/wldstainless.com\/wp-content\/uploads\/2020\/09\/304-coild-tube.jpg' class='lightbox' data-onclick='2' title=''  itemprop=\"thumbnailUrl\" ><img  src='https:\/\/wldstainless.com\/wp-content\/uploads\/2020\/09\/304-coild-tube.jpg' width='300' height='300'  title='304 spir\u00e1lov\u00e1 trubka' alt='' \/><\/a> <a href='https:\/\/wldstainless.com\/wp-content\/uploads\/2020\/09\/SS-BA-tube-1.jpg' data-rel='gallery-1' data-prev-img='https:\/\/wldstainless.com\/wp-content\/uploads\/2020\/09\/SS-BA-tube-1.jpg' class='lightbox' data-onclick='3' title=''  itemprop=\"thumbnailUrl\" ><img  src='https:\/\/wldstainless.com\/wp-content\/uploads\/2020\/09\/SS-BA-tube-1.jpg' width='300' height='300'  title='Trubice SS BA' alt='' \/><\/a><\/div><\/div><br \/>\n<section class=\"av_textblock_section\"  itemscope=\"itemscope\" itemtype=\"https:\/\/schema.org\/CreativeWork\" ><div class='avia_textblock'   itemprop=\"text\" ><h4><strong>Specifikace pr\u016fmyslov\u00fdch SS spir\u00e1lov\u00fdch hadic<\/strong><\/h4>\n<table>\n<tbody>\n<tr>\n<td width=\"191\">Materi\u00e1l<\/td>\n<td width=\"661\">Nerezov\u00e1 ocel<\/p>\n<p>Duplex z nerezov\u00e9 oceli<\/td>\n<\/tr>\n<tr>\n<td width=\"191\">Specifikace<\/td>\n<td width=\"661\">ASTM A269\/A312\/A213\/A511<\/td>\n<\/tr>\n<tr>\n<td width=\"191\">Velikost<\/td>\n<td width=\"661\">OD: 3,18-19,05 mm, WT: 0,5-2,1 mm<\/td>\n<\/tr>\n<tr>\n<td width=\"191\">Pou\u017eit\u00ed<\/td>\n<td width=\"661\">SS Sto\u010den\u00e1 trubka pro p\u0159\u00edstrojov\u00e9 vybaven\u00ed, v\u00fdparn\u00edk, kotel, v\u00fdm\u011bn\u00edk tepla, kondenz\u00e1tor<\/td>\n<\/tr>\n<\/tbody>\n<\/table>\n<\/div><\/section><br \/>\n<section class=\"av_textblock_section\"  itemscope=\"itemscope\" itemtype=\"https:\/\/schema.org\/CreativeWork\" ><div class='avia_textblock'   itemprop=\"text\" ><h4><strong>Dostupn\u00e9 t\u0159\u00eddy SS vinut\u00fdch trubek u WID Steel<\/strong><\/h4>\n<ul>\n<li>Nerezov\u00e1 ocel <a href=\"https:\/\/wldstainless.com\/materials\/austenitic-stainless-steel\/304-304l-stainless-steel\/\">304\/304L<\/a> Vinut\u00e9 trubky<\/li>\n<li>Nerezov\u00e1 ocel <a href=\"https:\/\/wldstainless.com\/materials\/austenitic-stainless-steel\/316-316l-stainless-steel\/\">316\/316L<\/a>\u00a0Vinut\u00e9 trubky<\/li>\n<li>Nerezov\u00e1 ocel <a href=\"https:\/\/wldstainless.com\/materials\/austenitic-stainless-steel\/309s-stainless-steel\/\">309\/309S<\/a>\u00a0Vinut\u00e9 trubky<\/li>\n<li>Nerezov\u00e1 ocel <a href=\"https:\/\/wldstainless.com\/materials\/austenitic-stainless-steel\/310s-stainless-steel\/\">310\/310S<\/a> Vinut\u00e9 trubky<\/li>\n<li>Nerezov\u00e1 ocel <a href=\"https:\/\/wldstainless.com\/materials\/austenitic-stainless-steel\/321-321h-stainless-steel\/\">321\/321H<\/a> Vinut\u00e9 trubky<\/li>\n<li>Nerezov\u00e1 ocel <a href=\"https:\/\/wldstainless.com\/materials\/austenitic-stainless-steel\/347-347h-stainless-steel\/\">347\/347H<\/a> Vinut\u00e9 trubky<\/li>\n<li>Duplexn\u00ed ocel <a href=\"https:\/\/wldstainless.com\/materials\/duplex-stainless-steel\/alloy-2304-stainless-steel\/\">31803<\/a> Svinut\u00e9 trubky<\/li>\n<li>Duplexn\u00ed ocel <a href=\"https:\/\/wldstainless.com\/materials\/duplex-stainless-steel\/alloy-2205-stainless-steel\/\">32550<\/a> Svinut\u00e9 trubky<\/li>\n<\/ul>\n<p><!--more--><\/p>\n<\/div><\/section><\/p><\/div>","protected":false},"excerpt":{"rendered":"<p>Dostupn\u00e9 druhy spir\u00e1lov\u00fdch trubek SS na WID Ocel Nerezov\u00e1 ocel 304\/304L Svinut\u00e9 trubky Nerezov\u00e1 ocel 316\/316L Svinut\u00e9 trubky Nerezov\u00e1 ocel 309\/309S Svinut\u00e9 trubky Nerezov\u00e1 ocel 310\/310S Svinut\u00e9 trubky Svinut\u00e9 nerezov\u00e9 oceli Trubky 3471\/3 Nerezov\u00e1 ocel 3471\/3 Trubky Duplexn\u00ed ocel 31803 vinut\u00e9 trubky Duplexn\u00ed ocel 32550 vinut\u00e9 trubky<\/p>","protected":false},"author":1,"featured_media":0,"parent":346,"menu_order":0,"comment_status":"closed","ping_status":"closed","template":"","meta":{"footnotes":""},"class_list":["post-1377","page","type-page","status-publish","hentry"],"aioseo_notices":[],"_links":{"self":[{"href":"https:\/\/wldstainless.com\/cs\/wp-json\/wp\/v2\/pages\/1377","targetHints":{"allow":["GET"]}}],"collection":[{"href":"https:\/\/wldstainless.com\/cs\/wp-json\/wp\/v2\/pages"}],"about":[{"href":"https:\/\/wldstainless.com\/cs\/wp-json\/wp\/v2\/types\/page"}],"author":[{"embeddable":true,"href":"https:\/\/wldstainless.com\/cs\/wp-json\/wp\/v2\/users\/1"}],"replies":[{"embeddable":true,"href":"https:\/\/wldstainless.com\/cs\/wp-json\/wp\/v2\/comments?post=1377"}],"version-history":[{"count":15,"href":"https:\/\/wldstainless.com\/cs\/wp-json\/wp\/v2\/pages\/1377\/revisions"}],"predecessor-version":[{"id":2053,"href":"https:\/\/wldstainless.com\/cs\/wp-json\/wp\/v2\/pages\/1377\/revisions\/2053"}],"up":[{"embeddable":true,"href":"https:\/\/wldstainless.com\/cs\/wp-json\/wp\/v2\/pages\/346"}],"wp:attachment":[{"href":"https:\/\/wldstainless.com\/cs\/wp-json\/wp\/v2\/media?parent=1377"}],"curies":[{"name":"wp","href":"https:\/\/api.w.org\/{rel}","templated":true}]}}