{"id":1375,"date":"2020-08-10T05:14:35","date_gmt":"2020-08-10T05:14:35","guid":{"rendered":"http:\/\/wldstainless.com\/?page_id=1375"},"modified":"2020-12-11T05:51:52","modified_gmt":"2020-12-11T05:51:52","slug":"stainless-steel-hot-rolled-plate-sheet-coil","status":"publish","type":"page","link":"https:\/\/wldstainless.com\/cs\/products\/stainless-steel-hot-rolled-plate-sheet-coil\/","title":{"rendered":"Za tepla v\u00e1lcovan\u00fd plech\/plech\/svitek z nerezov\u00e9 oceli"},"content":{"rendered":"<div class=\"flex_column av_one_fourth  flex_column_div av-zero-column-padding first\" style='border-radius:0px; '><p><div class='avia-builder-widget-area clearfix'><div id=\"nav_menu-7\" class=\"widget clearfix widget_nav_menu\"><h3 class=\"widgettitle\">produkty<\/h3><div class=\"menu-accessories-container\"><ul id=\"menu-accessories\" class=\"menu\"><li id=\"menu-item-1924\" class=\"menu-item menu-item-type-post_type menu-item-object-page menu-item-1924\"><a href=\"https:\/\/wldstainless.com\/cs\/products\/stainless-steel-angle\/\">\u00daheln\u00edk z nerezov\u00e9 oceli<\/a><\/li>\n<li id=\"menu-item-1925\" class=\"menu-item menu-item-type-post_type menu-item-object-page menu-item-1925\"><a href=\"https:\/\/wldstainless.com\/cs\/products\/stainless-steel-beam\/\">Nosn\u00edk z nerezov\u00e9 oceli<\/a><\/li>\n<li id=\"menu-item-1926\" class=\"menu-item menu-item-type-post_type menu-item-object-page menu-item-1926\"><a href=\"https:\/\/wldstainless.com\/cs\/products\/stainless-steel-capillary-tubes\/\">Kapil\u00e1rn\u00ed trubice z nerezov\u00e9 oceli<\/a><\/li>\n<li id=\"menu-item-1927\" class=\"menu-item menu-item-type-post_type menu-item-object-page menu-item-1927\"><a href=\"https:\/\/wldstainless.com\/cs\/products\/stainless-steel-channel\/\">Kan\u00e1l z nerezov\u00e9 oceli<\/a><\/li>\n<li id=\"menu-item-1928\" class=\"menu-item menu-item-type-post_type menu-item-object-page menu-item-1928\"><a href=\"https:\/\/wldstainless.com\/cs\/products\/stainless-steel-coiled-tube\/\">Vinut\u00e1 trubka z nerezov\u00e9 oceli<\/a><\/li>\n<li id=\"menu-item-1929\" class=\"menu-item menu-item-type-post_type menu-item-object-page menu-item-1929\"><a href=\"https:\/\/wldstainless.com\/cs\/products\/stainless-steel-cold-rolled-plate-sheet-coil\/\">Za studena v\u00e1lcovan\u00fd plech\/plech\/ svitek z nerezov\u00e9 oceli<\/a><\/li>\n<li id=\"menu-item-1930\" class=\"menu-item menu-item-type-post_type menu-item-object-page menu-item-1930\"><a href=\"https:\/\/wldstainless.com\/cs\/products\/stainless-steel-flats\/\">Plochy z nerezov\u00e9 oceli<\/a><\/li>\n<li id=\"menu-item-1931\" class=\"menu-item menu-item-type-post_type menu-item-object-page menu-item-1931\"><a href=\"https:\/\/wldstainless.com\/cs\/products\/stainless-steel-hexagon-bars\/\">\u0160estihrann\u00e9 ty\u010de z nerezov\u00e9 oceli<\/a><\/li>\n<li id=\"menu-item-1932\" class=\"menu-item menu-item-type-post_type menu-item-object-page menu-item-1932\"><a href=\"https:\/\/wldstainless.com\/cs\/products\/stainless-steel-hot-rolled-plate-sheet-coil\/\">Za tepla v\u00e1lcovan\u00fd plech\/plech\/svitek z nerezov\u00e9 oceli<\/a><\/li>\n<li id=\"menu-item-1933\" class=\"menu-item menu-item-type-post_type menu-item-object-page menu-item-1933\"><a href=\"https:\/\/wldstainless.com\/cs\/products\/stainless-steel-large-diameter-pipe\/\">Nerezov\u00e1 trubka velk\u00e9ho pr\u016fm\u011bru<\/a><\/li>\n<li id=\"menu-item-1934\" class=\"menu-item menu-item-type-post_type menu-item-object-page menu-item-1934\"><a href=\"https:\/\/wldstainless.com\/cs\/products\/stainless-steel-round-bars\/\">Kruhov\u00e9 ty\u010de z nerezov\u00e9 oceli<\/a><\/li>\n<li id=\"menu-item-1935\" class=\"menu-item menu-item-type-post_type menu-item-object-page menu-item-1935\"><a href=\"https:\/\/wldstainless.com\/cs\/products\/stainless-steel-square-tube\/\">Nerezov\u00e1 \u010dtvercov\u00e1 trubka<\/a><\/li>\n<li id=\"menu-item-1936\" class=\"menu-item menu-item-type-post_type menu-item-object-page menu-item-1936\"><a href=\"https:\/\/wldstainless.com\/cs\/products\/stainless-steel-u-bend-tube\/\">Nerezov\u00e1 ocel U-Bend trubka<\/a><\/li>\n<\/ul><\/div><\/div><\/div><br \/>\n<div  class='hr hr-default'><span class='hr-inner' ><span class='hr-inner-style'><\/span><\/span><\/div><br \/>\n<div class='avia-button-wrap avia-button-left'><a href='http:\/\/wldstainless.com\/contact\/#contact' class='avia-button   avia-icon_select-yes-left-icon avia-color-custom avia-size-large avia-position-left'  target=\"_blank\"  style='background-color:#e82221; border-color:#e82221; color:#ffffff; ' ><span class='avia_button_icon avia_button_icon_left' aria-hidden='true' data-av_icon='\ue84b' data-av_iconfont='entypo-fontello'><\/span><span class='avia_iconbox_title' >Vy\u017e\u00e1dejte si cenovou nab\u00eddku<\/span><\/a><\/div><\/p><\/div>\n<div class=\"flex_column av_three_fourth  flex_column_div\" style='padding:0px 0px 50px 0px ; border-radius:0px; '><p><div style='padding-bottom:10px;color:#d3311f;' class='av-special-heading av-special-heading-h3 custom-color-heading'><h3 class='av-special-heading-tag'  itemprop=\"headline\"  >Plech\/plech\/svitek z nerezov\u00e9 oceli v\u00e1lcovan\u00e9 za tepla<\/h3><div class='special-heading-border'><div class='special-heading-inner-border' style='border-color:#d3311f'><\/div><\/div><\/div><br \/>\n<div  class='hr hr-default'><span class='hr-inner' ><span class='hr-inner-style'><\/span><\/span><\/div><br \/>\n<section class=\"av_textblock_section\"  itemscope=\"itemscope\" itemtype=\"https:\/\/schema.org\/CreativeWork\" ><div class='avia_textblock'   itemprop=\"text\" ><p>Deska pro v\u00e1lcov\u00e1n\u00ed za tepla z nerezov\u00e9 oceli je vyrobena z bramy (p\u0159ev\u00e1\u017en\u011b kontinu\u00e1ln\u011b lit\u00e9 bramy) po oh\u0159evu na hrubovac\u00ed stolici a dokon\u010dovac\u00ed stolici. Plech z nerezov\u00e9 oceli v\u00e1lcovan\u00fd za tepla m\u00e1 dobrou hou\u017eevnatost a ta\u017enost, n\u00edzkou tvrdost, snadn\u00e9 zpracov\u00e1n\u00ed, dobrou ta\u017enost, n\u00edzkou cenu, ale mechanick\u00e9 vlastnosti a kvalita povrchu je hor\u0161\u00ed ne\u017e u plechu z nerezov\u00e9 oceli zpracovan\u00e9 za studena, na druh\u00e9m m\u00edst\u011b po plechu z kovan\u00e9 oceli. Ve srovn\u00e1n\u00ed s plechem v\u00e1lcovan\u00fdm za studena m\u00e1 plech v\u00e1lcovan\u00fd za tepla z nerezov\u00e9 oceli oxidov\u00e9 \u0161upiny a \u0161ed\u00fd povrch. Pou\u017e\u00edv\u00e1 se hlavn\u011b v lod\u00edch, rop\u011b a zemn\u00edm plynu, chemick\u00e9m pr\u016fmyslu, potravin\u00e1\u0159stv\u00ed, kuchy\u0148sk\u00e9m n\u00e1dob\u00ed, obecn\u00fdch dom\u00e1c\u00edch spot\u0159ebi\u010d\u00edch a tak d\u00e1le.<\/p>\n<p>Jako dodavatel a v\u00fdrobce nerezov\u00fdch plech\u016f, plech\u016f v souladu s normami ASTM, ASME a EN. Ocel WLD dod\u00e1v\u00e1 v\u00fdrobky z nerezov\u00e9 oceli v\u00e1lcovan\u00e9 za tepla (plechy, desky, svitky, p\u00e1sy) dostupn\u00e9 v typech 201, 304\/304L, 316\/316L, 430, 410S, 409\/409L a duplexn\u00ed t\u0159\u00edd\u011b 2205, v\u0161echny na\u0161e v\u00fdrobky lze znovu proces pro oh\u00fdb\u00e1n\u00ed, o\u0159ez\u00e1v\u00e1n\u00ed, mo\u0159en\u00ed, tepeln\u00e9 zpracov\u00e1n\u00ed, potahov\u00e1n\u00ed nebo jin\u00e9.<\/p>\n<\/div><\/section><br \/>\n<div  class='hr hr-default'><span class='hr-inner' ><span class='hr-inner-style'><\/span><\/span><\/div><br \/>\n<section class=\"av_textblock_section\"  itemscope=\"itemscope\" itemtype=\"https:\/\/schema.org\/CreativeWork\" ><div class='avia_textblock'   itemprop=\"text\" ><p>Specifikace: ASTM A240, ASTM A480<\/p>\n<p>Povrchov\u00e1 \u00faprava: No1<\/p>\n<p>Velikost: 800-2000 * 3-10,0 mm (deska)<\/p>\n<p>Dostupn\u00e9 zn\u00e1mky: 201, <a href=\"https:\/\/wldstainless.com\/materials\/austenitic-stainless-steel\/304-304l-stainless-steel\/\">304\/304L<\/a>, <a href=\"https:\/\/wldstainless.com\/materials\/austenitic-stainless-steel\/316-316l-stainless-steel\/\">316\/316L<\/a>, 317, 309S, 321H, 347, 409L, <a href=\"https:\/\/wldstainless.com\/materials\/austenitic-stainless-steel\/904l-stainless-steel\/\">904L<\/a>, <a href=\"https:\/\/wldstainless.com\/materials\/duplex-stainless-steel\/alloy-2205-stainless-steel\/\">2205<\/a><\/p>\n<h4>Velikost plechu\/plechu\/svitku z nerezov\u00e9 oceli v\u00e1lcovan\u00e9 za tepla<\/h4>\n<table>\n<tbody>\n<tr>\n<td>Typy povrchov\u00fdch \u00faprav<\/td>\n<td colspan=\"2\">Typ produkt\u016f<\/td>\n<td>Nomin\u00e1ln\u00ed tlou\u0161\u0165ka<br \/>\nmm<\/td>\n<td>Nomin\u00e1ln\u00ed \u0161\u00ed\u0159ka<br \/>\nmm<\/td>\n<td>Jmenovit\u00e1 d\u00e9lka plechu nebo vnit\u0159n\u00ed pr\u016fm\u011br svitk\u016f, mm<\/td>\n<\/tr>\n<tr>\n<td>\u010d.1U<br \/>\n\u010d. 1C<\/td>\n<td>Ocelov\u00e1 c\u00edvka<\/td>\n<td>Bez o\u0159ez\u00e1v\u00e1n\u00ed hran<\/td>\n<td>2,0 a\u017e 10,0<\/td>\n<td>750\u20131600<\/td>\n<td>760 (c\u00edvka)<\/td>\n<\/tr>\n<tr>\n<td rowspan=\"4\">\u010c.1<\/td>\n<td rowspan=\"2\">Ocelov\u00e1 deska<\/td>\n<td>O\u0159ez\u00e1v\u00e1n\u00ed hran<\/td>\n<td rowspan=\"2\">2,0 a\u017e 10,0<\/td>\n<td>730\u20131570<\/td>\n<td rowspan=\"2\">1000\u201312000 (deska)<\/td>\n<\/tr>\n<tr>\n<td>Bez o\u0159ez\u00e1v\u00e1n\u00ed hran<\/td>\n<td>750\u20131600<\/td>\n<\/tr>\n<tr>\n<td rowspan=\"2\">Ocelov\u00e1 c\u00edvka<\/td>\n<td>O\u0159ez\u00e1v\u00e1n\u00ed hran<\/td>\n<td rowspan=\"2\">2,0 a\u017e 10,0<\/td>\n<td>730\u20131570<\/td>\n<td rowspan=\"2\">610 (c\u00edvka)<\/td>\n<\/tr>\n<tr>\n<td>Bez o\u0159ez\u00e1v\u00e1n\u00ed hran<\/td>\n<td>750\u20131600<\/td>\n<\/tr>\n<\/tbody>\n<\/table>\n<\/div><\/section><\/p><\/div>","protected":false},"excerpt":{"rendered":"","protected":false},"author":1,"featured_media":0,"parent":346,"menu_order":0,"comment_status":"closed","ping_status":"closed","template":"","meta":{"footnotes":""},"class_list":["post-1375","page","type-page","status-publish","hentry"],"aioseo_notices":[],"_links":{"self":[{"href":"https:\/\/wldstainless.com\/cs\/wp-json\/wp\/v2\/pages\/1375","targetHints":{"allow":["GET"]}}],"collection":[{"href":"https:\/\/wldstainless.com\/cs\/wp-json\/wp\/v2\/pages"}],"about":[{"href":"https:\/\/wldstainless.com\/cs\/wp-json\/wp\/v2\/types\/page"}],"author":[{"embeddable":true,"href":"https:\/\/wldstainless.com\/cs\/wp-json\/wp\/v2\/users\/1"}],"replies":[{"embeddable":true,"href":"https:\/\/wldstainless.com\/cs\/wp-json\/wp\/v2\/comments?post=1375"}],"version-history":[{"count":12,"href":"https:\/\/wldstainless.com\/cs\/wp-json\/wp\/v2\/pages\/1375\/revisions"}],"predecessor-version":[{"id":2057,"href":"https:\/\/wldstainless.com\/cs\/wp-json\/wp\/v2\/pages\/1375\/revisions\/2057"}],"up":[{"embeddable":true,"href":"https:\/\/wldstainless.com\/cs\/wp-json\/wp\/v2\/pages\/346"}],"wp:attachment":[{"href":"https:\/\/wldstainless.com\/cs\/wp-json\/wp\/v2\/media?parent=1375"}],"curies":[{"name":"wp","href":"https:\/\/api.w.org\/{rel}","templated":true}]}}