{"id":122,"date":"2019-04-25T09:10:04","date_gmt":"2019-04-25T09:10:04","guid":{"rendered":"http:\/\/wldstainless.com\/?page_id=122"},"modified":"2020-09-16T15:02:46","modified_gmt":"2020-09-16T15:02:46","slug":"blog","status":"publish","type":"page","link":"https:\/\/wldstainless.com\/cs\/blog\/","title":{"rendered":"BLOG"},"content":{"rendered":"<div class=\"flex_column av_one_fourth  flex_column_div av-zero-column-padding first\" style='border-radius:0px; '><div class='avia-builder-widget-area clearfix'><section id=\"search-3\" class=\"widget clearfix widget_search\"><h3 class=\"widgettitle\">Vyhled\u00e1v\u00e1n\u00ed<\/h3>\n\n<form action=\"https:\/\/wldstainless.com\/cs\/\" id=\"searchform\" method=\"get\" class=\"\" data-trp-original-action=\"https:\/\/wldstainless.com\/cs\/\">\n\t<div>\n\t\t<input type=\"submit\" value=\"\ue803\" id=\"searchsubmit\" class=\"button avia-font-entypo-fontello\" \/>\n\t\t<input type=\"text\" id=\"s\" name=\"s\" value=\"\" placeholder='Hledat' \/>\n\t\t\t<\/div>\n<input type=\"hidden\" name=\"trp-form-language\" value=\"cs\"\/><\/form><span class=\"seperator extralight-border\"><\/span><\/section><section id=\"categories-3\" class=\"widget clearfix widget_categories\"><h3 class=\"widgettitle\">Kategorie<\/h3>\n\t\t\t<ul>\n\t\t\t\t\t<li class=\"cat-item cat-item-23\"><a href=\"https:\/\/wldstainless.com\/cs\/category\/news\/\">Zpr\u00e1vy<\/a>\n<\/li>\n\t<li class=\"cat-item cat-item-1\"><a href=\"https:\/\/wldstainless.com\/cs\/category\/social-activities\/\">Soci\u00e1ln\u00ed aktivity<\/a>\n<\/li>\n\t\t\t<\/ul>\n\n\t\t\t<span class=\"seperator extralight-border\"><\/span><\/section>\n\t\t<section id=\"recent-posts-3\" class=\"widget clearfix widget_recent_entries\">\n\t\t<h3 class=\"widgettitle\">Nejnov\u011bj\u0161\u00ed zpr\u00e1vy<\/h3>\n\t\t<ul>\n\t\t\t\t\t\t\t\t\t\t\t<li>\n\t\t\t\t\t<a href=\"https:\/\/wldstainless.com\/cs\/is-304-stainless-steel-medical-grade\/\">Je nerezov\u00e1 ocel 304 l\u00e9ka\u0159sk\u00e1?<\/a>\n\t\t\t\t\t\t\t\t\t<\/li>\n\t\t\t\t\t\t\t\t\t\t\t<li>\n\t\t\t\t\t<a href=\"https:\/\/wldstainless.com\/cs\/difference-between-2b-and-2d-stainless-steel-sheet\/\">Rozd\u00edl mezi 2B a 2D nerezov\u00fdm plechem<\/a>\n\t\t\t\t\t\t\t\t\t<\/li>\n\t\t\t\t\t\t\t\t\t\t\t<li>\n\t\t\t\t\t<a href=\"https:\/\/wldstainless.com\/cs\/whats-the-8k-mirror-stainless-steel-sheet\/\">Co je to 8K zrcadlov\u00fd plech z nerezov\u00e9 oceli?<\/a>\n\t\t\t\t\t\t\t\t\t<\/li>\n\t\t\t\t\t\t\t\t\t\t\t<li>\n\t\t\t\t\t<a href=\"https:\/\/wldstainless.com\/cs\/stainless-steel-pipe-grades-for-oil-and-gas-field\/\">Typy trubek z nerezov\u00e9 oceli pro ropn\u00e1 a plyn\u00e1rensk\u00e1 pole<\/a>\n\t\t\t\t\t\t\t\t\t<\/li>\n\t\t\t\t\t\t\t\t\t\t\t<li>\n\t\t\t\t\t<a href=\"https:\/\/wldstainless.com\/cs\/how-the-alloying-element-affect-the-stainless-steel\/\">Jak leguj\u00edc\u00ed prvek ovliv\u0148uje nerezovou ocel?<\/a>\n\t\t\t\t\t\t\t\t\t<\/li>\n\t\t\t\t\t<\/ul>\n\n\t\t<span class=\"seperator extralight-border\"><\/span><\/section><\/div><\/div>\n<div class=\"flex_column av_three_fourth  flex_column_div av-zero-column-padding\" style='border-radius:0px; '><div  data-autoplay=''  data-interval='5'  data-animation='fade'  data-show_slide_delay='90'  class='avia-content-slider avia-content-grid-active avia-content-slider1 avia-content-slider-odd'  itemscope=\"itemscope\" itemtype=\"https:\/\/schema.org\/Blog\" ><div class='avia-content-slider-inner'><div class='slide-entry-wrap'><article class='slide-entry flex_column  post-entry post-entry-2262 slide-entry-overview slide-loop-1 slide-parity-odd  av_one_third first real-thumbnail'  itemscope=\"itemscope\" itemtype=\"https:\/\/schema.org\/BlogPosting\" itemprop=\"blogPost\" ><a href='https:\/\/wldstainless.com\/cs\/is-304-stainless-steel-medical-grade\/' data-rel='slide-1' class='slide-image' title=''><img decoding=\"async\" width=\"495\" height=\"350\" src=\"https:\/\/wldstainless.com\/wp-content\/uploads\/2021\/08\/ITZFC-495x350.jpg\" class=\"attachment-portfolio size-portfolio wp-post-image\" alt=\"\" srcset=\"https:\/\/wldstainless.com\/wp-content\/uploads\/2021\/08\/ITZFC-495x350.jpg 495w, https:\/\/wldstainless.com\/wp-content\/uploads\/2021\/08\/ITZFC-260x185.jpg 260w\" sizes=\"(max-width: 495px) 100vw, 495px\" \/><\/a><div class='slide-content'><header class=\"entry-content-header\"><h3 class='slide-entry-title entry-title'  itemprop=\"headline\" ><a href='https:\/\/wldstainless.com\/cs\/is-304-stainless-steel-medical-grade\/' title='Je nerezov\u00e1 ocel 304 l\u00e9ka\u0159sk\u00e1?'>Je nerezov\u00e1 ocel 304 l\u00e9ka\u0159sk\u00e1?<\/a><\/h3><span class=\"av-vertical-delimiter\"><\/span><\/header><div class='slide-meta'><time class='slide-meta-time updated'  itemprop=\"datePublished\" datetime=\"2021-08-12T09:00:38+00:00\" >12. srpna 2021<\/time><\/div><div class='slide-entry-excerpt entry-content'  itemprop=\"text\" >Ve srovn\u00e1n\u00ed s pr\u016fmyslovou nerezovou ocel\u00ed, l\u00e9ka\u0159skou nerezovou ocel\u00ed\u2026<\/div><\/div><footer class=\"entry-footer\"><\/footer><span class='hidden'>\n\t\t\t<span class='av-structured-data'  itemprop=\"ImageObject\" itemscope=\"itemscope\" itemtype=\"https:\/\/schema.org\/ImageObject\">\n\t\t\t\t\t   <span itemprop='url' >https:\/\/wldstainless.com\/wp-content\/uploads\/2021\/08\/ITZFC.jpg<\/span>\n\t\t\t\t\t   <span itemprop='height' >350<\/span>\n\t\t\t\t\t   <span itemprop='width' >500<\/span>\n\t\t\t\t  <\/span><span class='av-structured-data'  itemprop=\"publisher\" itemtype=\"https:\/\/schema.org\/Organization\" itemscope=\"itemscope\" >\n\t\t\t\t<span itemprop='name'>WLD Nerez<\/span>\n\t\t\t\t<span itemprop='logo' itemscope itemtype='http:\/\/schema.org\/ImageObject'>\n\t\t\t\t   <span itemprop='url'>http:\/\/wldstainless.com\/wp-content\/uploads\/2020\/08\/wldstainless-logo.png<\/span>\n\t\t\t\t <\/span>\n\t\t\t  <\/span><span class='av-structured-data'  itemprop=\"author\" itemscope=\"itemscope\" itemtype=\"https:\/\/schema.org\/Person\" ><span itemprop='name'>WLD Nerez<\/span><\/span><span class='av-structured-data'  itemprop=\"datePublished\" datetime=\"2021-08-12T02:25:09+00:00\" >2021-08-12 09:00:38<\/span><span class='av-structured-data'  itemprop=\"dateModified\" itemtype=\"https:\/\/schema.org\/dateModified\" >2021-08-12 09:01:17<\/span><span class='av-structured-data'  itemprop=\"mainEntityOfPage\" itemtype=\"https:\/\/schema.org\/mainEntityOfPage\" ><span itemprop='name'>Je nerezov\u00e1 ocel 304 l\u00e9ka\u0159sk\u00e1?<\/span><\/span><\/span><\/article><article class='slide-entry flex_column  post-entry post-entry-2259 slide-entry-overview slide-loop-2 slide-parity-even  av_one_third  real-thumbnail'  itemscope=\"itemscope\" itemtype=\"https:\/\/schema.org\/BlogPosting\" itemprop=\"blogPost\" ><a href='https:\/\/wldstainless.com\/cs\/difference-between-2b-and-2d-stainless-steel-sheet\/' data-rel='slide-1' class='slide-image' title=''><img decoding=\"async\" width=\"495\" height=\"350\" src=\"https:\/\/wldstainless.com\/wp-content\/uploads\/2021\/08\/src-1-495x350.jpg\" class=\"attachment-portfolio size-portfolio wp-post-image\" alt=\"\" srcset=\"https:\/\/wldstainless.com\/wp-content\/uploads\/2021\/08\/src-1-495x350.jpg 495w, https:\/\/wldstainless.com\/wp-content\/uploads\/2021\/08\/src-1-260x185.jpg 260w\" sizes=\"(max-width: 495px) 100vw, 495px\" \/><\/a><div class='slide-content'><header class=\"entry-content-header\"><h3 class='slide-entry-title entry-title'  itemprop=\"headline\" ><a href='https:\/\/wldstainless.com\/cs\/difference-between-2b-and-2d-stainless-steel-sheet\/' title='Rozd\u00edl mezi 2B a 2D nerezov\u00fdm plechem'>Rozd\u00edl mezi 2B a 2D nerezov\u00fdm plechem<\/a><\/h3><span class=\"av-vertical-delimiter\"><\/span><\/header><div class='slide-meta'><time class='slide-meta-time updated'  itemprop=\"datePublished\" datetime=\"2021-08-12T02:56:21+00:00\" >12. srpna 2021<\/time><\/div><div class='slide-entry-excerpt entry-content'  itemprop=\"text\" >Nerezov\u00e1 ocel se stala \u0161iroce pou\u017e\u00edvan\u00fdm kovov\u00fdm materi\u00e1lem pro sv\u00e9\u2026<\/div><\/div><footer class=\"entry-footer\"><\/footer><span class='hidden'>\n\t\t\t<span class='av-structured-data'  itemprop=\"ImageObject\" itemscope=\"itemscope\" itemtype=\"https:\/\/schema.org\/ImageObject\">\n\t\t\t\t\t   <span itemprop='url' >https:\/\/wldstainless.com\/wp-content\/uploads\/2021\/08\/src-1.jpg<\/span>\n\t\t\t\t\t   <span itemprop='height' >350<\/span>\n\t\t\t\t\t   <span itemprop='width' >500<\/span>\n\t\t\t\t  <\/span><span class='av-structured-data'  itemprop=\"publisher\" itemtype=\"https:\/\/schema.org\/Organization\" itemscope=\"itemscope\" >\n\t\t\t\t<span itemprop='name'>WLD Nerez<\/span>\n\t\t\t\t<span itemprop='logo' itemscope itemtype='http:\/\/schema.org\/ImageObject'>\n\t\t\t\t   <span itemprop='url'>http:\/\/wldstainless.com\/wp-content\/uploads\/2020\/08\/wldstainless-logo.png<\/span>\n\t\t\t\t <\/span>\n\t\t\t  <\/span><span class='av-structured-data'  itemprop=\"author\" itemscope=\"itemscope\" itemtype=\"https:\/\/schema.org\/Person\" ><span itemprop='name'>WLD Nerez<\/span><\/span><span class='av-structured-data'  itemprop=\"datePublished\" datetime=\"2021-08-12T02:25:09+00:00\" >2021-08-12 02:56:21<\/span><span class='av-structured-data'  itemprop=\"dateModified\" itemtype=\"https:\/\/schema.org\/dateModified\" >2021-08-12 02:56:21<\/span><span class='av-structured-data'  itemprop=\"mainEntityOfPage\" itemtype=\"https:\/\/schema.org\/mainEntityOfPage\" ><span itemprop='name'>Rozd\u00edl mezi 2B a 2D nerezov\u00fdm plechem<\/span><\/span><\/span><\/article><article class='slide-entry flex_column  post-entry post-entry-2255 slide-entry-overview slide-loop-3 slide-parity-odd  post-entry-last  av_one_third  real-thumbnail'  itemscope=\"itemscope\" itemtype=\"https:\/\/schema.org\/BlogPosting\" itemprop=\"blogPost\" ><a href='https:\/\/wldstainless.com\/cs\/whats-the-8k-mirror-stainless-steel-sheet\/' data-rel='slide-1' class='slide-image' title=''><img decoding=\"async\" width=\"495\" height=\"350\" src=\"https:\/\/wldstainless.com\/wp-content\/uploads\/2021\/08\/11-495x350.jpg\" class=\"attachment-portfolio size-portfolio wp-post-image\" alt=\"\" srcset=\"https:\/\/wldstainless.com\/wp-content\/uploads\/2021\/08\/11-495x350.jpg 495w, https:\/\/wldstainless.com\/wp-content\/uploads\/2021\/08\/11-260x185.jpg 260w\" sizes=\"(max-width: 495px) 100vw, 495px\" \/><\/a><div class='slide-content'><header class=\"entry-content-header\"><h3 class='slide-entry-title entry-title'  itemprop=\"headline\" ><a href='https:\/\/wldstainless.com\/cs\/whats-the-8k-mirror-stainless-steel-sheet\/' title='Co je to 8K zrcadlov\u00fd plech z nerezov\u00e9 oceli?'>Co je to 8K zrcadlov\u00fd plech z nerezov\u00e9 oceli?<\/a><\/h3><span class=\"av-vertical-delimiter\"><\/span><\/header><div class='slide-meta'><time class='slide-meta-time updated'  itemprop=\"datePublished\" datetime=\"2021-08-12T02:25:09+00:00\" >12. srpna 2021<\/time><\/div><div class='slide-entry-excerpt entry-content'  itemprop=\"text\" >D\u00edky sv\u00e9 jedine\u010dn\u00e9 odolnosti proti korozi, dobr\u00e9mu zpracovatelsk\u00e9mu v\u00fdkonu\u2026<\/div><\/div><footer class=\"entry-footer\"><\/footer><span class='hidden'>\n\t\t\t<span class='av-structured-data'  itemprop=\"ImageObject\" itemscope=\"itemscope\" itemtype=\"https:\/\/schema.org\/ImageObject\">\n\t\t\t\t\t   <span itemprop='url' >https:\/\/wldstainless.com\/wp-content\/uploads\/2021\/08\/11.jpg<\/span>\n\t\t\t\t\t   <span itemprop='height' >350<\/span>\n\t\t\t\t\t   <span itemprop='width' >500<\/span>\n\t\t\t\t  <\/span><span class='av-structured-data'  itemprop=\"publisher\" itemtype=\"https:\/\/schema.org\/Organization\" itemscope=\"itemscope\" >\n\t\t\t\t<span itemprop='name'>WLD Nerez<\/span>\n\t\t\t\t<span itemprop='logo' itemscope itemtype='http:\/\/schema.org\/ImageObject'>\n\t\t\t\t   <span itemprop='url'>http:\/\/wldstainless.com\/wp-content\/uploads\/2020\/08\/wldstainless-logo.png<\/span>\n\t\t\t\t <\/span>\n\t\t\t  <\/span><span class='av-structured-data'  itemprop=\"author\" itemscope=\"itemscope\" itemtype=\"https:\/\/schema.org\/Person\" ><span itemprop='name'>WLD Nerez<\/span><\/span><span class='av-structured-data'  itemprop=\"datePublished\" datetime=\"2021-08-12T02:25:09+00:00\" >2021-08-12 02:25:09<\/span><span class='av-structured-data'  itemprop=\"dateModified\" itemtype=\"https:\/\/schema.org\/dateModified\" >2021-08-12 02:29:24<\/span><span class='av-structured-data'  itemprop=\"mainEntityOfPage\" itemtype=\"https:\/\/schema.org\/mainEntityOfPage\" ><span itemprop='name'>Co je to 8K zrcadlov\u00fd plech z nerezov\u00e9 oceli?<\/span><\/span><\/span><\/article><\/div><\/div><div class='pagination-wrap pagination-slider'><nav class='pagination'><span class='pagination-meta'>Strana 1 z 15<\/span><span class='current'>1<\/span><a href='https:\/\/wldstainless.com\/cs\/wp-json\/wp\/v2\/pages\/122\/page\/2\/' class='inactive' >2<\/a><a href='https:\/\/wldstainless.com\/cs\/wp-json\/wp\/v2\/pages\/122\/page\/3\/' class='inactive' >3<\/a><a href='https:\/\/wldstainless.com\/cs\/wp-json\/wp\/v2\/pages\/122\/page\/2\/'>\u203a<\/a><a href='https:\/\/wldstainless.com\/cs\/wp-json\/wp\/v2\/pages\/122\/page\/15\/'>\u00bb<\/a><\/nav>\n<\/div><\/div><\/div>","protected":false},"excerpt":{"rendered":"","protected":false},"author":1,"featured_media":0,"parent":0,"menu_order":0,"comment_status":"closed","ping_status":"closed","template":"","meta":{"footnotes":""},"class_list":["post-122","page","type-page","status-publish","hentry"],"aioseo_notices":[],"_links":{"self":[{"href":"https:\/\/wldstainless.com\/cs\/wp-json\/wp\/v2\/pages\/122","targetHints":{"allow":["GET"]}}],"collection":[{"href":"https:\/\/wldstainless.com\/cs\/wp-json\/wp\/v2\/pages"}],"about":[{"href":"https:\/\/wldstainless.com\/cs\/wp-json\/wp\/v2\/types\/page"}],"author":[{"embeddable":true,"href":"https:\/\/wldstainless.com\/cs\/wp-json\/wp\/v2\/users\/1"}],"replies":[{"embeddable":true,"href":"https:\/\/wldstainless.com\/cs\/wp-json\/wp\/v2\/comments?post=122"}],"version-history":[{"count":3,"href":"https:\/\/wldstainless.com\/cs\/wp-json\/wp\/v2\/pages\/122\/revisions"}],"predecessor-version":[{"id":1344,"href":"https:\/\/wldstainless.com\/cs\/wp-json\/wp\/v2\/pages\/122\/revisions\/1344"}],"wp:attachment":[{"href":"https:\/\/wldstainless.com\/cs\/wp-json\/wp\/v2\/media?parent=122"}],"curies":[{"name":"wp","href":"https:\/\/api.w.org\/{rel}","templated":true}]}}