{"id":114,"date":"2019-04-25T09:02:31","date_gmt":"2019-04-25T09:02:31","guid":{"rendered":"http:\/\/wldstainless.com\/?page_id=114"},"modified":"2020-12-11T06:24:33","modified_gmt":"2020-12-11T06:24:33","slug":"markets","status":"publish","type":"page","link":"https:\/\/wldstainless.com\/cs\/markets\/","title":{"rendered":"TRHY"},"content":{"rendered":"<div id='fullscreen_slider_1' class='avia-fullscreen-slider main_color   container_wrap sidebar_left'   ><div  data-size='no scaling'  data-lightbox_size='large'  data-animation='slide'  data-ids='2034'  data-video_counter='0'  data-autoplay='false'  data-bg_slider='true'  data-slide_height='100'  data-handle='av_fullscreen'  data-interval='5'  data-class=' '  data-css_id='fullscreen_slider_1'  data-scroll_down=''  data-control_layout='av-control-default'  data-custom_markup=''  data-perma_caption=''  data-autoplay_stopper=''  data-image_attachment=''  data-min_height='0px'  data-stretch=''  class='avia-slideshow avia-slideshow-1  av-control-default av-default-height-applied avia-slideshow-no scaling av_fullscreen   avia-slide-slider'  itemprop=\"ImageObject\" itemscope=\"itemscope\" itemtype=\"https:\/\/schema.org\/ImageObject\" ><ul class='avia-slideshow-inner' style='padding-bottom: 43.9453125%;'><li style='background-position:center center;' data-img-url='https:\/\/wldstainless.com\/wp-content\/uploads\/2020\/10\/WLDSS.jpg' class='av-single-slide slide-1' ><div data-rel='slideshow-1' class='avia-slide-wrap'  ><\/div><\/li><\/ul><\/div><\/div>\n<div class=\"flex_column av_one_full  flex_column_div av-zero-column-padding first\" style='border-radius:0px; '><section class=\"av_textblock_section\"  itemscope=\"itemscope\" itemtype=\"https:\/\/schema.org\/CreativeWork\" ><div class='avia_textblock'   itemprop=\"text\" ><p>Spole\u010dnost WLD steel je po l\u00e9ta zku\u0161enost\u00ed p\u0159edn\u00edm dodavatelem v\u00fdrobk\u016f z nerezov\u00e9 oceli pro extr\u00e9mn\u011b n\u00e1ro\u010dn\u00e9 procesy v potravin\u00e1\u0159sk\u00e9m, petrochemick\u00e9m, automobilov\u00e9m, hnojivov\u00e9m, l\u00e9ka\u0159sk\u00e9m, odsolovac\u00edm jadern\u00e9m pr\u016fmyslu a dal\u0161\u00edch odv\u011btv\u00edch.<\/p>\n<p>Vynikaj\u00edc\u00ed metalurgick\u00e9, stabiln\u00ed standardy zaji\u0161\u0165ov\u00e1n\u00ed kvality a rychle reaguj\u00edc\u00ed servis pomohly oceli WLD st\u00e1t se skute\u010dn\u00fdm partnerem, kter\u00fd vede sv\u00e9 klienty k tomu, aby z\u00edskali specifikace a materi\u00e1l, kter\u00fd je t\u011b\u017ek\u00e9 naj\u00edt. Ocel WLD slou\u017e\u00edc\u00ed \u0161irok\u00e9mu spektru pr\u016fmyslov\u00fdch odv\u011btv\u00ed, kter\u00e1 vy\u017eaduj\u00ed nejlep\u0161\u00ed dostupn\u00e9 slitiny kov\u016f.<\/p>\n<\/div><\/section><\/div>\n<div class=\"flex_column av_one_fourth  flex_column_div av-zero-column-padding first\" style='border-radius:0px; '><div class='avia-image-container  av-styling-    avia-align-center'  itemprop=\"ImageObject\" itemscope=\"itemscope\" itemtype=\"https:\/\/schema.org\/ImageObject\"  ><div class='avia-image-container-inner'><img class='avia_image' src='https:\/\/wldstainless.com\/wp-content\/uploads\/2020\/09\/Food-processing.png' alt='' title='Zpracov\u00e1n\u00ed potravin'   itemprop=\"thumbnailUrl\"  \/><\/div><\/div><\/div>\n<div class=\"flex_column av_three_fourth  flex_column_div av-zero-column-padding\" style='border-radius:0px; '><section class=\"av_textblock_section\"  itemscope=\"itemscope\" itemtype=\"https:\/\/schema.org\/CreativeWork\" ><div class='avia_textblock'   itemprop=\"text\" ><h3>J\u00eddlo &amp; N\u00e1poje<\/h3>\n<p>Nerezov\u00e1 ocel je \u0161iroce pou\u017e\u00edv\u00e1na v potravin\u00e1\u0159sk\u00e9m a n\u00e1pojov\u00e9m pr\u016fmyslu.<br \/>\nPovrchov\u00e9 podm\u00ednky se zdaj\u00ed b\u00fdt d\u016fle\u017eit\u011bj\u0161\u00ed ne\u017e v jin\u00fdch oblastech, jako je t\u011b\u017eba ropy a plynu. Nejen, \u017ee odol\u00e1v\u00e1 korozi, ale jej\u00ed hygienick\u00e9 vlastnosti a vlastnosti bez adheze ur\u010duj\u00ed optim\u00e1ln\u00ed stav povrchu. Mezi hlavn\u00ed pr\u016fmyslov\u00e9 segmenty pat\u0159\u00ed:<\/p>\n<ul>\n<li>Va\u0159en\u00ed piva<\/li>\n<li>Ml\u00e9\u010dn\u00fd pr\u016fmysl<\/li>\n<li>Farmaceutick\u00fd<\/li>\n<li>Kosmetika nebo jin\u00fd obecn\u00fd pr\u016fmysl s <span class=\"tran\" data-group=\"20_16\">fyzick\u00fd<\/span> <span class=\"tran\" data-group=\"21_17\">Kontakt<\/span>.<\/li>\n<\/ul>\n<\/div><\/section><\/div>\n<div class=\"flex_column av_one_fourth  flex_column_div av-zero-column-padding first\" style='border-radius:0px; '><div class='avia-image-container  av-styling-    avia-align-center'  itemprop=\"ImageObject\" itemscope=\"itemscope\" itemtype=\"https:\/\/schema.org\/ImageObject\"  ><div class='avia-image-container-inner'><img class='avia_image' src='https:\/\/wldstainless.com\/wp-content\/uploads\/2020\/09\/Chemical.png' alt='' title='Chemik\u00e1lie'   itemprop=\"thumbnailUrl\"  \/><\/div><\/div><\/div>\n<div class=\"flex_column av_three_fourth  flex_column_div av-zero-column-padding\" style='border-radius:0px; '><section class=\"av_textblock_section\"  itemscope=\"itemscope\" itemtype=\"https:\/\/schema.org\/CreativeWork\" ><div class='avia_textblock'   itemprop=\"text\" ><h3>Chemik\u00e1lie<\/h3>\n<p>Chemick\u00e1 popt\u00e1vka vy\u017eaduje dobrou pevnost a odolnost proti korozi a na\u0161e produkty nab\u00edzej\u00edc\u00ed produkty prim\u00e1rn\u00ed kvality uspokojuj\u00ed pot\u0159eby na\u0161ich z\u00e1kazn\u00edk\u016f z t\u011bchto trh\u016f. Oceli WLD maj\u00ed po\u017eadovan\u00e9 vlastnosti pro vysoce korozivn\u00ed prost\u0159ed\u00ed nebo prost\u0159ed\u00ed s prom\u011bnlivou kyselost\u00ed a chl\u00f3rem, kter\u00e9 se vyskytuje v ropn\u00fdch vrtech a v chemick\u00fdch zpracovatelsk\u00fdch z\u00e1vodech.<\/p>\n<p>Duplexn\u00ed nerezov\u00e1 ocel <a href=\"https:\/\/wldstainless.com\/materials\/duplex-stainless-steel\/alloy-2205-stainless-steel\/\">trubka 2205<\/a> obsahuje relativn\u011b vysok\u00fd obsah chr\u00f3mu, molybdenu, wolframu a dus\u00edku, d\u00edky \u010demu\u017e m\u00e1 silnou odolnost proti korozi a pevnost a m\u016f\u017ee b\u00fdt odoln\u00fd v\u016f\u010di \u0159ad\u011b korozivn\u00edch chemik\u00e1li\u00ed, zvl\u00e1\u0161t\u011b vhodn\u00fd pro r\u016fzn\u00e9 chemick\u00e9 a petrochemick\u00e9 aplikace.<\/p>\n<\/div><\/section><\/div><div class=\"flex_column av_one_fourth  flex_column_div av-zero-column-padding first\" style='border-radius:0px; '><div class='avia-image-container  av-styling-    avia-align-center'  itemprop=\"ImageObject\" itemscope=\"itemscope\" itemtype=\"https:\/\/schema.org\/ImageObject\"  ><div class='avia-image-container-inner'><img class='avia_image' src='https:\/\/wldstainless.com\/wp-content\/uploads\/2020\/09\/medical.jpg' alt='' title='l\u00e9ka\u0159sk\u00fd'   itemprop=\"thumbnailUrl\"  \/><\/div><\/div><\/div><\/p>\n<div class=\"flex_column av_three_fourth  flex_column_div av-zero-column-padding\" style='border-radius:0px; '><section class=\"av_textblock_section\"  itemscope=\"itemscope\" itemtype=\"https:\/\/schema.org\/CreativeWork\" ><div class='avia_textblock'   itemprop=\"text\" ><h3>Biologick\u00fd<\/h3>\n<p>Materi\u00e1l pou\u017e\u00edvan\u00fd p\u0159i v\u00fdrob\u011b n\u00e1dob a potrubn\u00edch syst\u00e9m\u016f pro biotechnologick\u00fd pr\u016fmysl by m\u011bl poskytovat vynikaj\u00edc\u00ed odolnost proti korozi, aby byla zaji\u0161t\u011bna \u010distota a kvalita produktu. Ocelov\u00fd materi\u00e1l by m\u011bl m\u00edt tak\u00e9 dobrou odolnost v\u016f\u010di vysok\u00fdm teplot\u00e1m a tlaku p\u0159i v\u00fdrob\u011b, dezinfekci a \u010di\u0161t\u011bn\u00ed, stejn\u011b jako dobrou sva\u0159itelnost a dobrou povrchovou \u00fapravu.<\/p>\n<p>Austenitick\u00e1 nerezov\u00e1 ocel 316L je hlavn\u00edm materi\u00e1lem a ide\u00e1ln\u00edm alternativn\u00edm materi\u00e1lem pro biotechnologick\u00fd pr\u016fmysl d\u00edky sv\u00e9 dobr\u00e9 odolnosti proti korozi, sva\u0159itelnosti a elektrolytick\u00e9mu le\u0161t\u011bn\u00ed. Z\u00e1kazn\u00edci tak\u00e9 zlep\u0161ili v\u00fdkon <a href=\"https:\/\/wldstainless.com\/materials\/austenitic-stainless-steel\/316-316l-stainless-steel\/\">316L<\/a> nerezovou ocel pe\u010dliv\u00fdm v\u00fdb\u011brem konkr\u00e9tn\u00edho chemick\u00e9ho slo\u017een\u00ed <a href=\"https:\/\/wldstainless.com\/materials\/austenitic-stainless-steel\/316-316l-stainless-steel\/\">316L<\/a> nerezov\u00e9 oceli a zlep\u0161en\u00fdmi v\u00fdrobn\u00edmi procesy ESR. duplexn\u00ed nerezov\u00e1 ocel 2205 je pro tyto trhy v posledn\u00edch letech popul\u00e1rn\u011bj\u0161\u00ed.<\/p>\n<\/div><\/section><\/div><div class=\"flex_column av_one_fourth  flex_column_div av-zero-column-padding first\" style='border-radius:0px; '><div class='avia-image-container  av-styling-    avia-align-center'  itemprop=\"ImageObject\" itemscope=\"itemscope\" itemtype=\"https:\/\/schema.org\/ImageObject\"  ><div class='avia-image-container-inner'><img class='avia_image' src='https:\/\/wldstainless.com\/wp-content\/uploads\/2020\/09\/Power.png' alt='' title='Nap\u00e1jen\u00ed'   itemprop=\"thumbnailUrl\"  \/><\/div><\/div><\/div><\/p>\n<div class=\"flex_column av_three_fourth  flex_column_div av-zero-column-padding\" style='border-radius:0px; '><section class=\"av_textblock_section\"  itemscope=\"itemscope\" itemtype=\"https:\/\/schema.org\/CreativeWork\" ><div class='avia_textblock'   itemprop=\"text\" ><h3>Nap\u00e1jen\u00ed<\/h3>\n<p>Tepeln\u00e1 v\u00fdroba energie je zp\u016fsob vyu\u017eit\u00ed tepla generovan\u00e9ho p\u0159i spalov\u00e1n\u00ed uhl\u00ed k p\u0159em\u011bn\u011b vody na vysokotlakou p\u00e1ru, kter\u00e1 poh\u00e1n\u00ed gener\u00e1tor k v\u00fdrob\u011b elekt\u0159iny. Uheln\u00e9 elektr\u00e1rny se skl\u00e1daj\u00ed hlavn\u011b z kotle, parn\u00ed turb\u00edny a gener\u00e1toru na v\u00fdrobu energie v parn\u00edm a vodn\u00edm potrub\u00ed kotle v\u010detn\u011b trubek doh\u0159\u00edva\u010de, vodn\u00ed st\u011bny, p\u0159eh\u0159\u00edv\u00e1ku, ekonomiz\u00e9ru, trubice pro p\u0159edeh\u0159\u00edv\u00e1n\u00ed vzduchu, tepeln\u00e9 trubice, sp\u00e1dov\u00e9 trubky a v\u0161ech druh\u016f za\u0159\u00edzen\u00ed ovl\u00e1d\u00e1n\u00ed, kter\u00e9 pracovalo p\u0159i vysok\u00e9 teplot\u011b a vysok\u00e9m tlaku v plynu a p\u00e1\u0159e a zp\u016fsobovalo oxidaci a korozi v drsn\u00e9m prost\u0159ed\u00ed, tak\u017ee trubka z nerezov\u00e9 oceli je \u0161iroce pou\u017e\u00edv\u00e1na v kotl\u00edch na tepelnou energii. N\u00e1\u0161 <a href=\"https:\/\/wldstainless.com\/materials\/austenitic-stainless-steel\/309s-stainless-steel\/\">309H<\/a>, <a href=\"https:\/\/wldstainless.com\/materials\/austenitic-stainless-steel\/321-321h-stainless-steel\/\">321H<\/a> a <a href=\"https:\/\/wldstainless.com\/materials\/austenitic-stainless-steel\/347-347h-stainless-steel\/\">347H<\/a> nerezov\u00e9 trubky, ploch\u00e9 ty\u010de a deskov\u00e9 v\u00fdrobky se pou\u017e\u00edvaj\u00ed p\u0159edev\u0161\u00edm k v\u00fdrob\u011b kotl\u016f, lopatek pro parn\u00ed a plynov\u00e9 turb\u00edny.<\/p>\n<\/div><\/section><\/div>","protected":false},"excerpt":{"rendered":"","protected":false},"author":1,"featured_media":0,"parent":0,"menu_order":0,"comment_status":"closed","ping_status":"closed","template":"","meta":{"footnotes":""},"class_list":["post-114","page","type-page","status-publish","hentry"],"aioseo_notices":[],"_links":{"self":[{"href":"https:\/\/wldstainless.com\/cs\/wp-json\/wp\/v2\/pages\/114","targetHints":{"allow":["GET"]}}],"collection":[{"href":"https:\/\/wldstainless.com\/cs\/wp-json\/wp\/v2\/pages"}],"about":[{"href":"https:\/\/wldstainless.com\/cs\/wp-json\/wp\/v2\/types\/page"}],"author":[{"embeddable":true,"href":"https:\/\/wldstainless.com\/cs\/wp-json\/wp\/v2\/users\/1"}],"replies":[{"embeddable":true,"href":"https:\/\/wldstainless.com\/cs\/wp-json\/wp\/v2\/comments?post=114"}],"version-history":[{"count":13,"href":"https:\/\/wldstainless.com\/cs\/wp-json\/wp\/v2\/pages\/114\/revisions"}],"predecessor-version":[{"id":2062,"href":"https:\/\/wldstainless.com\/cs\/wp-json\/wp\/v2\/pages\/114\/revisions\/2062"}],"wp:attachment":[{"href":"https:\/\/wldstainless.com\/cs\/wp-json\/wp\/v2\/media?parent=114"}],"curies":[{"name":"wp","href":"https:\/\/api.w.org\/{rel}","templated":true}]}}