{"id":106,"date":"2019-04-25T08:36:57","date_gmt":"2019-04-25T08:36:57","guid":{"rendered":"http:\/\/wldstainless.com\/?page_id=106"},"modified":"2020-12-15T05:27:34","modified_gmt":"2020-12-15T05:27:34","slug":"materials","status":"publish","type":"page","link":"https:\/\/wldstainless.com\/cs\/materials\/","title":{"rendered":"MATERI\u00c1LY"},"content":{"rendered":"<div id='fullscreen_slider_1' class='avia-fullscreen-slider main_color   container_wrap sidebar_left'   ><div  data-size='no scaling'  data-lightbox_size='large'  data-animation='slide'  data-ids='2063'  data-video_counter='0'  data-autoplay='false'  data-bg_slider='true'  data-slide_height='100'  data-handle='av_fullscreen'  data-interval='5'  data-class=' '  data-css_id='fullscreen_slider_1'  data-scroll_down=''  data-control_layout='av-control-default'  data-custom_markup=''  data-perma_caption=''  data-autoplay_stopper=''  data-image_attachment=''  data-min_height='0px'  data-stretch=''  class='avia-slideshow avia-slideshow-1  av-control-default av-default-height-applied avia-slideshow-no scaling av_fullscreen   avia-slide-slider'  itemprop=\"ImageObject\" itemscope=\"itemscope\" itemtype=\"https:\/\/schema.org\/ImageObject\" ><ul class='avia-slideshow-inner' style='padding-bottom: 22.03125%;'><li style='background-position:center center;' data-img-url='https:\/\/wldstainless.com\/wp-content\/uploads\/2020\/12\/Material.png' class='av-single-slide slide-1' ><div data-rel='slideshow-1' class='avia-slide-wrap'  ><\/div><\/li><\/ul><\/div><\/div>\n<div class=\"flex_column av_one_fourth  flex_column_div av-zero-column-padding first\" style='border-radius:0px; '><p><div class='avia-builder-widget-area clearfix'><div id=\"nav_menu-5\" class=\"widget clearfix widget_nav_menu\"><h3 class=\"widgettitle\">Materi\u00e1l<\/h3><div class=\"menu-products-sidebar-menu-container\"><ul id=\"menu-products-sidebar-menu\" class=\"menu\"><li id=\"menu-item-1329\" class=\"menu-item menu-item-type-post_type menu-item-object-page menu-item-1329\"><a href=\"https:\/\/wldstainless.com\/cs\/materials\/ferritic-stainless-steel\/\">Feritick\u00e1 nerezov\u00e1 ocel<\/a><\/li>\n<li id=\"menu-item-1328\" class=\"menu-item menu-item-type-post_type menu-item-object-page menu-item-1328\"><a href=\"https:\/\/wldstainless.com\/cs\/materials\/martensitic-stainless-steel\/\">Martenzitick\u00e1 nerezov\u00e1 ocel<\/a><\/li>\n<li id=\"menu-item-1327\" class=\"menu-item menu-item-type-post_type menu-item-object-page menu-item-1327\"><a href=\"https:\/\/wldstainless.com\/cs\/materials\/austenitic-stainless-steel\/\">Austenitick\u00e1 nerezov\u00e1 ocel<\/a><\/li>\n<li id=\"menu-item-1889\" class=\"menu-item menu-item-type-post_type menu-item-object-page menu-item-1889\"><a href=\"https:\/\/wldstainless.com\/cs\/materials\/duplex-stainless-steel\/\">Duplex z nerezov\u00e9 oceli<\/a><\/li>\n<\/ul><\/div><\/div><\/div><br \/>\n<div  class='hr hr-default'><span class='hr-inner' ><span class='hr-inner-style'><\/span><\/span><\/div><br \/>\n<div class='avia-button-wrap avia-button-left'><a href='http:\/\/wldstainless.com\/contact\/#contact' class='avia-button   avia-icon_select-yes-left-icon avia-color-custom avia-size-large avia-position-left'  target=\"_blank\"  style='background-color:#e82221; border-color:#e82221; color:#ffffff; ' ><span class='avia_button_icon avia_button_icon_left' aria-hidden='true' data-av_icon='\ue84b' data-av_iconfont='entypo-fontello'><\/span><span class='avia_iconbox_title' >Vy\u017e\u00e1dejte si cenovou nab\u00eddku<\/span><\/a><\/div><\/p><\/div>\n<div class=\"flex_column av_three_fourth  flex_column_div\" style='padding:0px 0px 50px 0px ; border-radius:0px; '><section class=\"av_textblock_section\"  itemscope=\"itemscope\" itemtype=\"https:\/\/schema.org\/CreativeWork\" ><div class='avia_textblock'   itemprop=\"text\" ><p>Na cel\u00e9m sv\u011bt\u011b existuje p\u011bt r\u016fzn\u00fdch t\u0159\u00edd nerezov\u00e9 oceli a t\u0159\u00edda austenitick\u00e9 nerezov\u00e9 oceli zahrnuje spot\u0159ebu 70% aplikac\u00ed z nerezov\u00e9 oceli. V\u0161echny nerezov\u00e9 oceli \u0159ady 200 a 300 pat\u0159\u00ed do t\u00e9to t\u0159\u00eddy nerezov\u00e9 oceli. Feritick\u00e1 nerezov\u00e1 ocel je magnetick\u00e1 a nab\u00edz\u00ed dobrou odolnost proti oxidaci p\u0159i vysok\u00fdch teplot\u00e1ch. Martenzitick\u00e1 nerezov\u00e1 ocel je dal\u0161\u00ed t\u0159\u00eddou nerezov\u00e9 oceli, kter\u00e1 je zn\u00e1m\u00e1 d\u00edky sv\u00e9 schopnosti tepeln\u00e9ho zpracov\u00e1n\u00ed. Duplexn\u00ed a precipita\u010dn\u011b kalen\u00e9 nerezov\u00e9 oceli jsou popul\u00e1rn\u011bj\u0161\u00ed pro n\u011bkter\u00e9 speci\u00e1ln\u00ed aplikace.<\/p>\n<p>Zav\u00e1zali jsme se dod\u00e1vat vysoce kvalitn\u00ed austenitick\u00e9 nerezov\u00e9 oceli, feritick\u00e9 nerezov\u00e9 oceli, martenzitick\u00e9 nerezov\u00e9 oceli, duplexn\u00ed nerezov\u00e9 oceli a trubky z legovan\u00e9 oceli na b\u00e1zi niklu a slu\u017eby zpracov\u00e1n\u00ed. Mezi tyto materi\u00e1ly pat\u0159\u00ed:<\/p>\n<p>Austenitick\u00e1 nerezov\u00e1 ocel: 201, 202, 301, <a href=\"https:\/\/wldstainless.com\/materials\/austenitic-stainless-steel\/304-304l-stainless-steel\/\">304<\/a>, 316, 317, 309, 310, <a href=\"https:\/\/wldstainless.com\/materials\/austenitic-stainless-steel\/321-321h-stainless-steel\/\">321<\/a>, <a href=\"https:\/\/wldstainless.com\/materials\/austenitic-stainless-steel\/347-347h-stainless-steel\/\">347<\/a>, <a href=\"https:\/\/wldstainless.com\/materials\/austenitic-stainless-steel\/904l-stainless-steel\/\">904L<\/a><\/p>\n<p>Feritika:<a href=\"https:\/\/wldstainless.com\/materials\/ferritic-stainless-steel\/409-409l-stainless-steel\/\">409<\/a>, 410S, <a href=\"https:\/\/wldstainless.com\/materials\/ferritic-stainless-steel\/430-430f-stainless-steel\/\">430\/430F<\/a>430Ti (439), 441,444<\/p>\n<p>Martenzitika:<a href=\"https:\/\/wldstainless.com\/materials\/ferritic-stainless-steel\/410-410s-stainless-steel\/\">410<\/a>, 420, 431<\/p>\n<p>Sr\u00e1\u017ekov\u00e9 kalen\u00ed:<a href=\"https:\/\/wldstainless.com\/materials\/martensitic-stainless-steel\/17-4-ph-stainless-steel\/\">17\/4 PH<\/a>, 17\/7 PH<\/p>\n<p>Duplexn\u00ed ocel:31803, <a href=\"https:\/\/wldstainless.com\/materials\/duplex-stainless-steel\/alloy-2205-stainless-steel\/\">S 32205<\/a>, <a href=\"https:\/\/wldstainless.com\/materials\/duplex-stainless-steel\/alloy-2205-stainless-steel\/\">S 32550<\/a>, S 32750, S 32760.<\/p>\n<\/div><\/section><\/div>","protected":false},"excerpt":{"rendered":"","protected":false},"author":1,"featured_media":0,"parent":0,"menu_order":0,"comment_status":"closed","ping_status":"closed","template":"","meta":{"footnotes":""},"class_list":["post-106","page","type-page","status-publish","hentry"],"aioseo_notices":[],"_links":{"self":[{"href":"https:\/\/wldstainless.com\/cs\/wp-json\/wp\/v2\/pages\/106","targetHints":{"allow":["GET"]}}],"collection":[{"href":"https:\/\/wldstainless.com\/cs\/wp-json\/wp\/v2\/pages"}],"about":[{"href":"https:\/\/wldstainless.com\/cs\/wp-json\/wp\/v2\/types\/page"}],"author":[{"embeddable":true,"href":"https:\/\/wldstainless.com\/cs\/wp-json\/wp\/v2\/users\/1"}],"replies":[{"embeddable":true,"href":"https:\/\/wldstainless.com\/cs\/wp-json\/wp\/v2\/comments?post=106"}],"version-history":[{"count":23,"href":"https:\/\/wldstainless.com\/cs\/wp-json\/wp\/v2\/pages\/106\/revisions"}],"predecessor-version":[{"id":1756,"href":"https:\/\/wldstainless.com\/cs\/wp-json\/wp\/v2\/pages\/106\/revisions\/1756"}],"wp:attachment":[{"href":"https:\/\/wldstainless.com\/cs\/wp-json\/wp\/v2\/media?parent=106"}],"curies":[{"name":"wp","href":"https:\/\/api.w.org\/{rel}","templated":true}]}}